{"id":71810,"date":"2024-04-22T11:59:49","date_gmt":"2024-04-22T11:59:49","guid":{"rendered":"https:\/\/mueble4you.com\/productos\/buffet-daru\/"},"modified":"2024-04-23T15:39:51","modified_gmt":"2024-04-23T15:39:51","slug":"buffet-daru","status":"publish","type":"product","link":"https:\/\/mueble4you.com\/fr\/productos\/buffet-daru\/","title":{"rendered":"BUFFET DARU."},"content":{"rendered":"<div>Avec le Buffet Daru, l&rsquo;art et la fonctionnalit\u00e9 convergent. Inspir\u00e9 du design Art D\u00e9co et r\u00e9alis\u00e9 en fer, ce buffet se d\u00e9marque par sa palette tricolore : noir, blanc et or. Les d\u00e9tails en r\u00e9sine et en laiton ajoutent une \u00e9tincelle suppl\u00e9mentaire de sophistication. Le buffet art d\u00e9co Daru n&rsquo;est pas seulement un meuble fonctionnel, mais aussi une \u0153uvre d&rsquo;art qui captive les regards et compl\u00e8te n&rsquo;importe quel environnement avec son design unique. Une pi\u00e8ce magistrale pour des maisons de bon go\u00fbt.<\/div>\n<div><\/div>\n<div>Largeur : 180 cm, Profondeur : 40 cm, Hauteur : 81 cm<\/div>\n","protected":false},"excerpt":{"rendered":"<p>Avec le Buffet Daru, l&rsquo;art et la fonctionnalit\u00e9 convergent. Inspir\u00e9 du design Art D\u00e9co et r\u00e9alis\u00e9 en fer, ce buffet se d\u00e9marque par sa palette tricolore : noir, blanc et or. Les d\u00e9tails en r\u00e9sine et en laiton ajoutent une \u00e9tincelle suppl\u00e9mentaire de sophistication. Le buffet art d\u00e9co Daru n&rsquo;est pas seulement un meuble fonctionnel, [&#8230;]\n","protected":false},"featured_media":71790,"template":"","meta":[],"product_brand":[],"product_cat":[499,204],"product_tag":[],"class_list":{"0":"post-71810","1":"product","2":"type-product","3":"status-publish","4":"has-post-thumbnail","6":"product_cat-buffets","7":"product_cat-salon","9":"first","10":"instock","11":"shipping-taxable","12":"product-type-simple"},"yoast_head":"<!-- This site is optimized with the Yoast SEO plugin v27.2 - https:\/\/yoast.com\/product\/yoast-seo-wordpress\/ -->\n<title>BUFFET DARU. | mueble4you<\/title>\n<meta name=\"robots\" content=\"index, follow, max-snippet:-1, max-image-preview:large, max-video-preview:-1\" \/>\n<link rel=\"canonical\" href=\"https:\/\/mueble4you.com\/fr\/productos\/buffet-daru\/\" \/>\n<meta property=\"og:locale\" content=\"fr_FR\" \/>\n<meta property=\"og:type\" content=\"article\" \/>\n<meta property=\"og:title\" content=\"BUFFET DARU. | mueble4you\" \/>\n<meta property=\"og:description\" content=\"Avec le Buffet Daru, l&rsquo;art et la fonctionnalit\u00e9 convergent. Inspir\u00e9 du design Art D\u00e9co et r\u00e9alis\u00e9 en fer, ce buffet se d\u00e9marque par sa palette tricolore : noir, blanc et or. Les d\u00e9tails en r\u00e9sine et en laiton ajoutent une \u00e9tincelle suppl\u00e9mentaire de sophistication. Le buffet art d\u00e9co Daru n&rsquo;est pas seulement un meuble fonctionnel, [...]\" \/>\n<meta property=\"og:url\" content=\"https:\/\/mueble4you.com\/fr\/productos\/buffet-daru\/\" \/>\n<meta property=\"og:site_name\" content=\"mueble4you\" \/>\n<meta property=\"article:modified_time\" content=\"2024-04-23T15:39:51+00:00\" \/>\n<meta property=\"og:image\" content=\"https:\/\/mueble4you.com\/wp-content\/uploads\/2024\/04\/33379.jpg\" \/>\n\t<meta property=\"og:image:width\" content=\"1920\" \/>\n\t<meta property=\"og:image:height\" content=\"1920\" \/>\n\t<meta property=\"og:image:type\" content=\"image\/jpeg\" \/>\n<meta name=\"twitter:card\" content=\"summary_large_image\" \/>\n<script type=\"application\/ld+json\" class=\"yoast-schema-graph\">{\"@context\":\"https:\/\/schema.org\",\"@graph\":[{\"@type\":\"WebPage\",\"@id\":\"https:\/\/mueble4you.com\/fr\/productos\/buffet-daru\/\",\"url\":\"https:\/\/mueble4you.com\/fr\/productos\/buffet-daru\/\",\"name\":\"BUFFET DARU. | mueble4you\",\"isPartOf\":{\"@id\":\"https:\/\/mueble4you.com\/#website\"},\"primaryImageOfPage\":{\"@id\":\"https:\/\/mueble4you.com\/fr\/productos\/buffet-daru\/#primaryimage\"},\"image\":{\"@id\":\"https:\/\/mueble4you.com\/fr\/productos\/buffet-daru\/#primaryimage\"},\"thumbnailUrl\":\"https:\/\/mueble4you.com\/wp-content\/uploads\/2024\/04\/33379.jpg\",\"datePublished\":\"2024-04-22T11:59:49+00:00\",\"dateModified\":\"2024-04-23T15:39:51+00:00\",\"breadcrumb\":{\"@id\":\"https:\/\/mueble4you.com\/fr\/productos\/buffet-daru\/#breadcrumb\"},\"inLanguage\":\"fr-FR\",\"potentialAction\":[{\"@type\":\"ReadAction\",\"target\":[\"https:\/\/mueble4you.com\/fr\/productos\/buffet-daru\/\"]}]},{\"@type\":\"ImageObject\",\"inLanguage\":\"fr-FR\",\"@id\":\"https:\/\/mueble4you.com\/fr\/productos\/buffet-daru\/#primaryimage\",\"url\":\"https:\/\/mueble4you.com\/wp-content\/uploads\/2024\/04\/33379.jpg\",\"contentUrl\":\"https:\/\/mueble4you.com\/wp-content\/uploads\/2024\/04\/33379.jpg\",\"width\":1920,\"height\":1920},{\"@type\":\"BreadcrumbList\",\"@id\":\"https:\/\/mueble4you.com\/fr\/productos\/buffet-daru\/#breadcrumb\",\"itemListElement\":[{\"@type\":\"ListItem\",\"position\":1,\"name\":\"Portada\",\"item\":\"https:\/\/mueble4you.com\/fr\/\"},{\"@type\":\"ListItem\",\"position\":2,\"name\":\"Productos\",\"item\":\"https:\/\/mueble4you.com\/productos\/\"},{\"@type\":\"ListItem\",\"position\":3,\"name\":\"BUFFET DARU.\"}]},{\"@type\":\"WebSite\",\"@id\":\"https:\/\/mueble4you.com\/#website\",\"url\":\"https:\/\/mueble4you.com\/\",\"name\":\"mueble4you\",\"description\":\"Meubles \u00e0 Tenerife\",\"potentialAction\":[{\"@type\":\"SearchAction\",\"target\":{\"@type\":\"EntryPoint\",\"urlTemplate\":\"https:\/\/mueble4you.com\/?s={search_term_string}\"},\"query-input\":{\"@type\":\"PropertyValueSpecification\",\"valueRequired\":true,\"valueName\":\"search_term_string\"}}],\"inLanguage\":\"fr-FR\"}]}<\/script>\n<!-- \/ Yoast SEO plugin. -->","yoast_head_json":{"title":"BUFFET DARU. | mueble4you","robots":{"index":"index","follow":"follow","max-snippet":"max-snippet:-1","max-image-preview":"max-image-preview:large","max-video-preview":"max-video-preview:-1"},"canonical":"https:\/\/mueble4you.com\/fr\/productos\/buffet-daru\/","og_locale":"fr_FR","og_type":"article","og_title":"BUFFET DARU. | mueble4you","og_description":"Avec le Buffet Daru, l&rsquo;art et la fonctionnalit\u00e9 convergent. Inspir\u00e9 du design Art D\u00e9co et r\u00e9alis\u00e9 en fer, ce buffet se d\u00e9marque par sa palette tricolore : noir, blanc et or. Les d\u00e9tails en r\u00e9sine et en laiton ajoutent une \u00e9tincelle suppl\u00e9mentaire de sophistication. Le buffet art d\u00e9co Daru n&rsquo;est pas seulement un meuble fonctionnel, [...]","og_url":"https:\/\/mueble4you.com\/fr\/productos\/buffet-daru\/","og_site_name":"mueble4you","article_modified_time":"2024-04-23T15:39:51+00:00","og_image":[{"width":1920,"height":1920,"url":"https:\/\/mueble4you.com\/wp-content\/uploads\/2024\/04\/33379.jpg","type":"image\/jpeg"}],"twitter_card":"summary_large_image","schema":{"@context":"https:\/\/schema.org","@graph":[{"@type":"WebPage","@id":"https:\/\/mueble4you.com\/fr\/productos\/buffet-daru\/","url":"https:\/\/mueble4you.com\/fr\/productos\/buffet-daru\/","name":"BUFFET DARU. | mueble4you","isPartOf":{"@id":"https:\/\/mueble4you.com\/#website"},"primaryImageOfPage":{"@id":"https:\/\/mueble4you.com\/fr\/productos\/buffet-daru\/#primaryimage"},"image":{"@id":"https:\/\/mueble4you.com\/fr\/productos\/buffet-daru\/#primaryimage"},"thumbnailUrl":"https:\/\/mueble4you.com\/wp-content\/uploads\/2024\/04\/33379.jpg","datePublished":"2024-04-22T11:59:49+00:00","dateModified":"2024-04-23T15:39:51+00:00","breadcrumb":{"@id":"https:\/\/mueble4you.com\/fr\/productos\/buffet-daru\/#breadcrumb"},"inLanguage":"fr-FR","potentialAction":[{"@type":"ReadAction","target":["https:\/\/mueble4you.com\/fr\/productos\/buffet-daru\/"]}]},{"@type":"ImageObject","inLanguage":"fr-FR","@id":"https:\/\/mueble4you.com\/fr\/productos\/buffet-daru\/#primaryimage","url":"https:\/\/mueble4you.com\/wp-content\/uploads\/2024\/04\/33379.jpg","contentUrl":"https:\/\/mueble4you.com\/wp-content\/uploads\/2024\/04\/33379.jpg","width":1920,"height":1920},{"@type":"BreadcrumbList","@id":"https:\/\/mueble4you.com\/fr\/productos\/buffet-daru\/#breadcrumb","itemListElement":[{"@type":"ListItem","position":1,"name":"Portada","item":"https:\/\/mueble4you.com\/fr\/"},{"@type":"ListItem","position":2,"name":"Productos","item":"https:\/\/mueble4you.com\/productos\/"},{"@type":"ListItem","position":3,"name":"BUFFET DARU."}]},{"@type":"WebSite","@id":"https:\/\/mueble4you.com\/#website","url":"https:\/\/mueble4you.com\/","name":"mueble4you","description":"Meubles \u00e0 Tenerife","potentialAction":[{"@type":"SearchAction","target":{"@type":"EntryPoint","urlTemplate":"https:\/\/mueble4you.com\/?s={search_term_string}"},"query-input":{"@type":"PropertyValueSpecification","valueRequired":true,"valueName":"search_term_string"}}],"inLanguage":"fr-FR"}]}},"_links":{"self":[{"href":"https:\/\/mueble4you.com\/fr\/wp-json\/wp\/v2\/product\/71810","targetHints":{"allow":["GET"]}}],"collection":[{"href":"https:\/\/mueble4you.com\/fr\/wp-json\/wp\/v2\/product"}],"about":[{"href":"https:\/\/mueble4you.com\/fr\/wp-json\/wp\/v2\/types\/product"}],"wp:featuredmedia":[{"embeddable":true,"href":"https:\/\/mueble4you.com\/fr\/wp-json\/wp\/v2\/media\/71790"}],"wp:attachment":[{"href":"https:\/\/mueble4you.com\/fr\/wp-json\/wp\/v2\/media?parent=71810"}],"wp:term":[{"taxonomy":"product_brand","embeddable":true,"href":"https:\/\/mueble4you.com\/fr\/wp-json\/wp\/v2\/product_brand?post=71810"},{"taxonomy":"product_cat","embeddable":true,"href":"https:\/\/mueble4you.com\/fr\/wp-json\/wp\/v2\/product_cat?post=71810"},{"taxonomy":"product_tag","embeddable":true,"href":"https:\/\/mueble4you.com\/fr\/wp-json\/wp\/v2\/product_tag?post=71810"}],"curies":[{"name":"wp","href":"https:\/\/api.w.org\/{rel}","templated":true}]}}