{"id":70887,"date":"2024-03-20T14:48:41","date_gmt":"2024-03-20T14:48:41","guid":{"rendered":"https:\/\/mueble4you.com\/productos\/mesa-de-centro-samsun\/"},"modified":"2024-04-03T10:37:46","modified_gmt":"2024-04-03T10:37:46","slug":"mesa-de-centro-samsun","status":"publish","type":"product","link":"https:\/\/mueble4you.com\/fr\/productos\/mesa-de-centro-samsun\/","title":{"rendered":"TABLE BASSE SAMSUN."},"content":{"rendered":"<ul>\n<li>Mesures : Largeur : 180 cm, Profondeur : 70 cm, Hauteur : 40 cm.<\/li>\n<li>Couleur naturelle.<\/li>\n<li>Finition antique.<\/li>\n<li>Mat\u00e9riau en bois de pin r\u00e9cup\u00e9r\u00e9.<\/li>\n<li>s\u00e9rie Samsung.<\/li>\n<li>Style maison.<\/li>\n<li>Fait main. Nous comprenons les variations de ton, de taille et de forme ou certaines imperfections (fissures, n\u0153uds, marques) comme une valeur ajout\u00e9e qui en fait une pi\u00e8ce unique.<\/li>\n<\/ul>\n","protected":false},"excerpt":{"rendered":"<p>Mesures : Largeur : 180 cm, Profondeur : 70 cm, Hauteur : 40 cm. Couleur naturelle. Finition antique. Mat\u00e9riau en bois de pin r\u00e9cup\u00e9r\u00e9. s\u00e9rie Samsung. Style maison. Fait main. Nous comprenons les variations de ton, de taille et de forme ou certaines imperfections (fissures, n\u0153uds, marques) comme une valeur ajout\u00e9e qui en fait une [&#8230;]\n","protected":false},"featured_media":70878,"template":"","meta":[],"product_brand":[],"product_cat":[204,356],"product_tag":[],"class_list":{"0":"post-70887","1":"product","2":"type-product","3":"status-publish","4":"has-post-thumbnail","6":"product_cat-salon","7":"product_cat-table-basse","9":"first","10":"instock","11":"shipping-taxable","12":"product-type-simple"},"yoast_head":"<!-- This site is optimized with the Yoast SEO plugin v27.3 - https:\/\/yoast.com\/product\/yoast-seo-wordpress\/ -->\n<title>TABLE BASSE SAMSUN. | mueble4you<\/title>\n<meta name=\"robots\" content=\"index, follow, max-snippet:-1, max-image-preview:large, max-video-preview:-1\" \/>\n<link rel=\"canonical\" href=\"https:\/\/mueble4you.com\/fr\/productos\/mesa-de-centro-samsun\/\" \/>\n<meta property=\"og:locale\" content=\"fr_FR\" \/>\n<meta property=\"og:type\" content=\"article\" \/>\n<meta property=\"og:title\" content=\"TABLE BASSE SAMSUN. | mueble4you\" \/>\n<meta property=\"og:description\" content=\"Mesures : Largeur : 180 cm, Profondeur : 70 cm, Hauteur : 40 cm. Couleur naturelle. Finition antique. Mat\u00e9riau en bois de pin r\u00e9cup\u00e9r\u00e9. s\u00e9rie Samsung. Style maison. Fait main. Nous comprenons les variations de ton, de taille et de forme ou certaines imperfections (fissures, n\u0153uds, marques) comme une valeur ajout\u00e9e qui en fait une [...]\" \/>\n<meta property=\"og:url\" content=\"https:\/\/mueble4you.com\/fr\/productos\/mesa-de-centro-samsun\/\" \/>\n<meta property=\"og:site_name\" content=\"mueble4you\" \/>\n<meta property=\"article:modified_time\" content=\"2024-04-03T10:37:46+00:00\" \/>\n<meta property=\"og:image\" content=\"https:\/\/mueble4you.com\/wp-content\/uploads\/2024\/03\/32705.jpg\" \/>\n\t<meta property=\"og:image:width\" content=\"1920\" \/>\n\t<meta property=\"og:image:height\" content=\"1920\" \/>\n\t<meta property=\"og:image:type\" content=\"image\/jpeg\" \/>\n<meta name=\"twitter:card\" content=\"summary_large_image\" \/>\n<script type=\"application\/ld+json\" class=\"yoast-schema-graph\">{\"@context\":\"https:\\\/\\\/schema.org\",\"@graph\":[{\"@type\":\"WebPage\",\"@id\":\"https:\\\/\\\/mueble4you.com\\\/fr\\\/productos\\\/mesa-de-centro-samsun\\\/\",\"url\":\"https:\\\/\\\/mueble4you.com\\\/fr\\\/productos\\\/mesa-de-centro-samsun\\\/\",\"name\":\"TABLE BASSE SAMSUN. | mueble4you\",\"isPartOf\":{\"@id\":\"https:\\\/\\\/mueble4you.com\\\/#website\"},\"primaryImageOfPage\":{\"@id\":\"https:\\\/\\\/mueble4you.com\\\/fr\\\/productos\\\/mesa-de-centro-samsun\\\/#primaryimage\"},\"image\":{\"@id\":\"https:\\\/\\\/mueble4you.com\\\/fr\\\/productos\\\/mesa-de-centro-samsun\\\/#primaryimage\"},\"thumbnailUrl\":\"https:\\\/\\\/mueble4you.com\\\/wp-content\\\/uploads\\\/2024\\\/03\\\/32705.jpg\",\"datePublished\":\"2024-03-20T14:48:41+00:00\",\"dateModified\":\"2024-04-03T10:37:46+00:00\",\"breadcrumb\":{\"@id\":\"https:\\\/\\\/mueble4you.com\\\/fr\\\/productos\\\/mesa-de-centro-samsun\\\/#breadcrumb\"},\"inLanguage\":\"fr-FR\",\"potentialAction\":[{\"@type\":\"ReadAction\",\"target\":[\"https:\\\/\\\/mueble4you.com\\\/fr\\\/productos\\\/mesa-de-centro-samsun\\\/\"]}]},{\"@type\":\"ImageObject\",\"inLanguage\":\"fr-FR\",\"@id\":\"https:\\\/\\\/mueble4you.com\\\/fr\\\/productos\\\/mesa-de-centro-samsun\\\/#primaryimage\",\"url\":\"https:\\\/\\\/mueble4you.com\\\/wp-content\\\/uploads\\\/2024\\\/03\\\/32705.jpg\",\"contentUrl\":\"https:\\\/\\\/mueble4you.com\\\/wp-content\\\/uploads\\\/2024\\\/03\\\/32705.jpg\",\"width\":1920,\"height\":1920},{\"@type\":\"BreadcrumbList\",\"@id\":\"https:\\\/\\\/mueble4you.com\\\/fr\\\/productos\\\/mesa-de-centro-samsun\\\/#breadcrumb\",\"itemListElement\":[{\"@type\":\"ListItem\",\"position\":1,\"name\":\"Portada\",\"item\":\"https:\\\/\\\/mueble4you.com\\\/fr\\\/\"},{\"@type\":\"ListItem\",\"position\":2,\"name\":\"Productos\",\"item\":\"https:\\\/\\\/mueble4you.com\\\/productos\\\/\"},{\"@type\":\"ListItem\",\"position\":3,\"name\":\"TABLE BASSE SAMSUN.\"}]},{\"@type\":\"WebSite\",\"@id\":\"https:\\\/\\\/mueble4you.com\\\/#website\",\"url\":\"https:\\\/\\\/mueble4you.com\\\/\",\"name\":\"mueble4you\",\"description\":\"Meubles \u00e0 Tenerife\",\"potentialAction\":[{\"@type\":\"SearchAction\",\"target\":{\"@type\":\"EntryPoint\",\"urlTemplate\":\"https:\\\/\\\/mueble4you.com\\\/?s={search_term_string}\"},\"query-input\":{\"@type\":\"PropertyValueSpecification\",\"valueRequired\":true,\"valueName\":\"search_term_string\"}}],\"inLanguage\":\"fr-FR\"}]}<\/script>\n<!-- \/ Yoast SEO plugin. -->","yoast_head_json":{"title":"TABLE BASSE SAMSUN. | mueble4you","robots":{"index":"index","follow":"follow","max-snippet":"max-snippet:-1","max-image-preview":"max-image-preview:large","max-video-preview":"max-video-preview:-1"},"canonical":"https:\/\/mueble4you.com\/fr\/productos\/mesa-de-centro-samsun\/","og_locale":"fr_FR","og_type":"article","og_title":"TABLE BASSE SAMSUN. | mueble4you","og_description":"Mesures : Largeur : 180 cm, Profondeur : 70 cm, Hauteur : 40 cm. Couleur naturelle. Finition antique. Mat\u00e9riau en bois de pin r\u00e9cup\u00e9r\u00e9. s\u00e9rie Samsung. Style maison. Fait main. Nous comprenons les variations de ton, de taille et de forme ou certaines imperfections (fissures, n\u0153uds, marques) comme une valeur ajout\u00e9e qui en fait une [...]","og_url":"https:\/\/mueble4you.com\/fr\/productos\/mesa-de-centro-samsun\/","og_site_name":"mueble4you","article_modified_time":"2024-04-03T10:37:46+00:00","og_image":[{"width":1920,"height":1920,"url":"https:\/\/mueble4you.com\/wp-content\/uploads\/2024\/03\/32705.jpg","type":"image\/jpeg"}],"twitter_card":"summary_large_image","schema":{"@context":"https:\/\/schema.org","@graph":[{"@type":"WebPage","@id":"https:\/\/mueble4you.com\/fr\/productos\/mesa-de-centro-samsun\/","url":"https:\/\/mueble4you.com\/fr\/productos\/mesa-de-centro-samsun\/","name":"TABLE BASSE SAMSUN. | mueble4you","isPartOf":{"@id":"https:\/\/mueble4you.com\/#website"},"primaryImageOfPage":{"@id":"https:\/\/mueble4you.com\/fr\/productos\/mesa-de-centro-samsun\/#primaryimage"},"image":{"@id":"https:\/\/mueble4you.com\/fr\/productos\/mesa-de-centro-samsun\/#primaryimage"},"thumbnailUrl":"https:\/\/mueble4you.com\/wp-content\/uploads\/2024\/03\/32705.jpg","datePublished":"2024-03-20T14:48:41+00:00","dateModified":"2024-04-03T10:37:46+00:00","breadcrumb":{"@id":"https:\/\/mueble4you.com\/fr\/productos\/mesa-de-centro-samsun\/#breadcrumb"},"inLanguage":"fr-FR","potentialAction":[{"@type":"ReadAction","target":["https:\/\/mueble4you.com\/fr\/productos\/mesa-de-centro-samsun\/"]}]},{"@type":"ImageObject","inLanguage":"fr-FR","@id":"https:\/\/mueble4you.com\/fr\/productos\/mesa-de-centro-samsun\/#primaryimage","url":"https:\/\/mueble4you.com\/wp-content\/uploads\/2024\/03\/32705.jpg","contentUrl":"https:\/\/mueble4you.com\/wp-content\/uploads\/2024\/03\/32705.jpg","width":1920,"height":1920},{"@type":"BreadcrumbList","@id":"https:\/\/mueble4you.com\/fr\/productos\/mesa-de-centro-samsun\/#breadcrumb","itemListElement":[{"@type":"ListItem","position":1,"name":"Portada","item":"https:\/\/mueble4you.com\/fr\/"},{"@type":"ListItem","position":2,"name":"Productos","item":"https:\/\/mueble4you.com\/productos\/"},{"@type":"ListItem","position":3,"name":"TABLE BASSE SAMSUN."}]},{"@type":"WebSite","@id":"https:\/\/mueble4you.com\/#website","url":"https:\/\/mueble4you.com\/","name":"mueble4you","description":"Meubles \u00e0 Tenerife","potentialAction":[{"@type":"SearchAction","target":{"@type":"EntryPoint","urlTemplate":"https:\/\/mueble4you.com\/?s={search_term_string}"},"query-input":{"@type":"PropertyValueSpecification","valueRequired":true,"valueName":"search_term_string"}}],"inLanguage":"fr-FR"}]}},"_links":{"self":[{"href":"https:\/\/mueble4you.com\/fr\/wp-json\/wp\/v2\/product\/70887","targetHints":{"allow":["GET"]}}],"collection":[{"href":"https:\/\/mueble4you.com\/fr\/wp-json\/wp\/v2\/product"}],"about":[{"href":"https:\/\/mueble4you.com\/fr\/wp-json\/wp\/v2\/types\/product"}],"wp:featuredmedia":[{"embeddable":true,"href":"https:\/\/mueble4you.com\/fr\/wp-json\/wp\/v2\/media\/70878"}],"wp:attachment":[{"href":"https:\/\/mueble4you.com\/fr\/wp-json\/wp\/v2\/media?parent=70887"}],"wp:term":[{"taxonomy":"product_brand","embeddable":true,"href":"https:\/\/mueble4you.com\/fr\/wp-json\/wp\/v2\/product_brand?post=70887"},{"taxonomy":"product_cat","embeddable":true,"href":"https:\/\/mueble4you.com\/fr\/wp-json\/wp\/v2\/product_cat?post=70887"},{"taxonomy":"product_tag","embeddable":true,"href":"https:\/\/mueble4you.com\/fr\/wp-json\/wp\/v2\/product_tag?post=70887"}],"curies":[{"name":"wp","href":"https:\/\/api.w.org\/{rel}","templated":true}]}}