{"id":7049,"date":"2018-02-20T19:34:56","date_gmt":"2018-02-20T19:34:56","guid":{"rendered":"http:\/\/mueble4you.com\/productos\/fuerteventura-set\/"},"modified":"2020-04-29T15:43:15","modified_gmt":"2020-04-29T15:43:15","slug":"fuerteventura-ensemble-exterieur","status":"publish","type":"product","link":"https:\/\/mueble4you.com\/fr\/productos\/fuerteventura-ensemble-exterieur\/","title":{"rendered":"Fuerteventura, Ensemble ext\u00e9rieur"},"content":{"rendered":"<p>Canap\u00e9 d\u2019angle, disponible en ivoire, gris et brun, avec structure en aluminium et rotin rond, compos\u00e9 d\u2019un canap\u00e9 bras droit et d\u2019un canap\u00e9 \u00e0 bras gauche, de trois bouff\u00e9es assorties et d\u2019une table basse haute.<\/p>\n","protected":false},"excerpt":{"rendered":"<p>Canap\u00e9 d\u2019angle, disponible en ivoire, gris et brun, avec structure en aluminium et rotin rond, compos\u00e9 d\u2019un canap\u00e9 bras droit et d\u2019un canap\u00e9 \u00e0 bras gauche, de trois bouff\u00e9es assorties et d\u2019une table basse haute.<\/p>\n","protected":false},"featured_media":7045,"template":"","meta":[],"product_brand":[],"product_cat":[312,304],"product_tag":[],"class_list":{"0":"post-7049","1":"product","2":"type-product","3":"status-publish","4":"has-post-thumbnail","6":"product_cat-ensemble-de-sofas-et-de-tables","7":"product_cat-jardin-et-exterieur","9":"first","10":"instock","11":"shipping-taxable","12":"product-type-simple"},"yoast_head":"<!-- This site is optimized with the Yoast SEO plugin v27.2 - https:\/\/yoast.com\/product\/yoast-seo-wordpress\/ -->\n<title>Fuerteventura, Ensemble ext\u00e9rieur | mueble4you<\/title>\n<meta name=\"robots\" content=\"index, follow, max-snippet:-1, max-image-preview:large, max-video-preview:-1\" \/>\n<link rel=\"canonical\" href=\"https:\/\/mueble4you.com\/fr\/productos\/fuerteventura-ensemble-exterieur\/\" \/>\n<meta property=\"og:locale\" content=\"fr_FR\" \/>\n<meta property=\"og:type\" content=\"article\" \/>\n<meta property=\"og:title\" content=\"Fuerteventura, Ensemble ext\u00e9rieur | mueble4you\" \/>\n<meta property=\"og:description\" content=\"Canap\u00e9 d\u2019angle, disponible en ivoire, gris et brun, avec structure en aluminium et rotin rond, compos\u00e9 d\u2019un canap\u00e9 bras droit et d\u2019un canap\u00e9 \u00e0 bras gauche, de trois bouff\u00e9es assorties et d\u2019une table basse haute.\" \/>\n<meta property=\"og:url\" content=\"https:\/\/mueble4you.com\/fr\/productos\/fuerteventura-ensemble-exterieur\/\" \/>\n<meta property=\"og:site_name\" content=\"mueble4you\" \/>\n<meta property=\"article:modified_time\" content=\"2020-04-29T15:43:15+00:00\" \/>\n<meta property=\"og:image\" content=\"https:\/\/mueble4you.com\/wp-content\/uploads\/2018\/02\/GCV1308V-6C-Copy.jpg\" \/>\n\t<meta property=\"og:image:width\" content=\"994\" \/>\n\t<meta property=\"og:image:height\" content=\"732\" \/>\n\t<meta property=\"og:image:type\" content=\"image\/jpeg\" \/>\n<meta name=\"twitter:card\" content=\"summary_large_image\" \/>\n<script type=\"application\/ld+json\" class=\"yoast-schema-graph\">{\"@context\":\"https:\/\/schema.org\",\"@graph\":[{\"@type\":\"WebPage\",\"@id\":\"https:\/\/mueble4you.com\/fr\/productos\/fuerteventura-ensemble-exterieur\/\",\"url\":\"https:\/\/mueble4you.com\/fr\/productos\/fuerteventura-ensemble-exterieur\/\",\"name\":\"Fuerteventura, Ensemble ext\u00e9rieur | mueble4you\",\"isPartOf\":{\"@id\":\"https:\/\/mueble4you.com\/#website\"},\"primaryImageOfPage\":{\"@id\":\"https:\/\/mueble4you.com\/fr\/productos\/fuerteventura-ensemble-exterieur\/#primaryimage\"},\"image\":{\"@id\":\"https:\/\/mueble4you.com\/fr\/productos\/fuerteventura-ensemble-exterieur\/#primaryimage\"},\"thumbnailUrl\":\"https:\/\/mueble4you.com\/wp-content\/uploads\/2018\/02\/GCV1308V-6C-Copy.jpg\",\"datePublished\":\"2018-02-20T19:34:56+00:00\",\"dateModified\":\"2020-04-29T15:43:15+00:00\",\"breadcrumb\":{\"@id\":\"https:\/\/mueble4you.com\/fr\/productos\/fuerteventura-ensemble-exterieur\/#breadcrumb\"},\"inLanguage\":\"fr-FR\",\"potentialAction\":[{\"@type\":\"ReadAction\",\"target\":[\"https:\/\/mueble4you.com\/fr\/productos\/fuerteventura-ensemble-exterieur\/\"]}]},{\"@type\":\"ImageObject\",\"inLanguage\":\"fr-FR\",\"@id\":\"https:\/\/mueble4you.com\/fr\/productos\/fuerteventura-ensemble-exterieur\/#primaryimage\",\"url\":\"https:\/\/mueble4you.com\/wp-content\/uploads\/2018\/02\/GCV1308V-6C-Copy.jpg\",\"contentUrl\":\"https:\/\/mueble4you.com\/wp-content\/uploads\/2018\/02\/GCV1308V-6C-Copy.jpg\",\"width\":994,\"height\":732},{\"@type\":\"BreadcrumbList\",\"@id\":\"https:\/\/mueble4you.com\/fr\/productos\/fuerteventura-ensemble-exterieur\/#breadcrumb\",\"itemListElement\":[{\"@type\":\"ListItem\",\"position\":1,\"name\":\"Portada\",\"item\":\"https:\/\/mueble4you.com\/fr\/\"},{\"@type\":\"ListItem\",\"position\":2,\"name\":\"Productos\",\"item\":\"https:\/\/mueble4you.com\/productos\/\"},{\"@type\":\"ListItem\",\"position\":3,\"name\":\"Fuerteventura, Ensemble ext\u00e9rieur\"}]},{\"@type\":\"WebSite\",\"@id\":\"https:\/\/mueble4you.com\/#website\",\"url\":\"https:\/\/mueble4you.com\/\",\"name\":\"mueble4you\",\"description\":\"Meubles \u00e0 Tenerife\",\"potentialAction\":[{\"@type\":\"SearchAction\",\"target\":{\"@type\":\"EntryPoint\",\"urlTemplate\":\"https:\/\/mueble4you.com\/?s={search_term_string}\"},\"query-input\":{\"@type\":\"PropertyValueSpecification\",\"valueRequired\":true,\"valueName\":\"search_term_string\"}}],\"inLanguage\":\"fr-FR\"}]}<\/script>\n<!-- \/ Yoast SEO plugin. -->","yoast_head_json":{"title":"Fuerteventura, Ensemble ext\u00e9rieur | mueble4you","robots":{"index":"index","follow":"follow","max-snippet":"max-snippet:-1","max-image-preview":"max-image-preview:large","max-video-preview":"max-video-preview:-1"},"canonical":"https:\/\/mueble4you.com\/fr\/productos\/fuerteventura-ensemble-exterieur\/","og_locale":"fr_FR","og_type":"article","og_title":"Fuerteventura, Ensemble ext\u00e9rieur | mueble4you","og_description":"Canap\u00e9 d\u2019angle, disponible en ivoire, gris et brun, avec structure en aluminium et rotin rond, compos\u00e9 d\u2019un canap\u00e9 bras droit et d\u2019un canap\u00e9 \u00e0 bras gauche, de trois bouff\u00e9es assorties et d\u2019une table basse haute.","og_url":"https:\/\/mueble4you.com\/fr\/productos\/fuerteventura-ensemble-exterieur\/","og_site_name":"mueble4you","article_modified_time":"2020-04-29T15:43:15+00:00","og_image":[{"width":994,"height":732,"url":"https:\/\/mueble4you.com\/wp-content\/uploads\/2018\/02\/GCV1308V-6C-Copy.jpg","type":"image\/jpeg"}],"twitter_card":"summary_large_image","schema":{"@context":"https:\/\/schema.org","@graph":[{"@type":"WebPage","@id":"https:\/\/mueble4you.com\/fr\/productos\/fuerteventura-ensemble-exterieur\/","url":"https:\/\/mueble4you.com\/fr\/productos\/fuerteventura-ensemble-exterieur\/","name":"Fuerteventura, Ensemble ext\u00e9rieur | mueble4you","isPartOf":{"@id":"https:\/\/mueble4you.com\/#website"},"primaryImageOfPage":{"@id":"https:\/\/mueble4you.com\/fr\/productos\/fuerteventura-ensemble-exterieur\/#primaryimage"},"image":{"@id":"https:\/\/mueble4you.com\/fr\/productos\/fuerteventura-ensemble-exterieur\/#primaryimage"},"thumbnailUrl":"https:\/\/mueble4you.com\/wp-content\/uploads\/2018\/02\/GCV1308V-6C-Copy.jpg","datePublished":"2018-02-20T19:34:56+00:00","dateModified":"2020-04-29T15:43:15+00:00","breadcrumb":{"@id":"https:\/\/mueble4you.com\/fr\/productos\/fuerteventura-ensemble-exterieur\/#breadcrumb"},"inLanguage":"fr-FR","potentialAction":[{"@type":"ReadAction","target":["https:\/\/mueble4you.com\/fr\/productos\/fuerteventura-ensemble-exterieur\/"]}]},{"@type":"ImageObject","inLanguage":"fr-FR","@id":"https:\/\/mueble4you.com\/fr\/productos\/fuerteventura-ensemble-exterieur\/#primaryimage","url":"https:\/\/mueble4you.com\/wp-content\/uploads\/2018\/02\/GCV1308V-6C-Copy.jpg","contentUrl":"https:\/\/mueble4you.com\/wp-content\/uploads\/2018\/02\/GCV1308V-6C-Copy.jpg","width":994,"height":732},{"@type":"BreadcrumbList","@id":"https:\/\/mueble4you.com\/fr\/productos\/fuerteventura-ensemble-exterieur\/#breadcrumb","itemListElement":[{"@type":"ListItem","position":1,"name":"Portada","item":"https:\/\/mueble4you.com\/fr\/"},{"@type":"ListItem","position":2,"name":"Productos","item":"https:\/\/mueble4you.com\/productos\/"},{"@type":"ListItem","position":3,"name":"Fuerteventura, Ensemble ext\u00e9rieur"}]},{"@type":"WebSite","@id":"https:\/\/mueble4you.com\/#website","url":"https:\/\/mueble4you.com\/","name":"mueble4you","description":"Meubles \u00e0 Tenerife","potentialAction":[{"@type":"SearchAction","target":{"@type":"EntryPoint","urlTemplate":"https:\/\/mueble4you.com\/?s={search_term_string}"},"query-input":{"@type":"PropertyValueSpecification","valueRequired":true,"valueName":"search_term_string"}}],"inLanguage":"fr-FR"}]}},"_links":{"self":[{"href":"https:\/\/mueble4you.com\/fr\/wp-json\/wp\/v2\/product\/7049","targetHints":{"allow":["GET"]}}],"collection":[{"href":"https:\/\/mueble4you.com\/fr\/wp-json\/wp\/v2\/product"}],"about":[{"href":"https:\/\/mueble4you.com\/fr\/wp-json\/wp\/v2\/types\/product"}],"wp:featuredmedia":[{"embeddable":true,"href":"https:\/\/mueble4you.com\/fr\/wp-json\/wp\/v2\/media\/7045"}],"wp:attachment":[{"href":"https:\/\/mueble4you.com\/fr\/wp-json\/wp\/v2\/media?parent=7049"}],"wp:term":[{"taxonomy":"product_brand","embeddable":true,"href":"https:\/\/mueble4you.com\/fr\/wp-json\/wp\/v2\/product_brand?post=7049"},{"taxonomy":"product_cat","embeddable":true,"href":"https:\/\/mueble4you.com\/fr\/wp-json\/wp\/v2\/product_cat?post=7049"},{"taxonomy":"product_tag","embeddable":true,"href":"https:\/\/mueble4you.com\/fr\/wp-json\/wp\/v2\/product_tag?post=7049"}],"curies":[{"name":"wp","href":"https:\/\/api.w.org\/{rel}","templated":true}]}}