{"id":7029,"date":"2018-02-20T19:29:25","date_gmt":"2018-02-20T19:29:25","guid":{"rendered":"http:\/\/mueble4you.com\/productos\/leo-set\/"},"modified":"2023-03-31T07:28:14","modified_gmt":"2023-03-31T07:28:14","slug":"leo-ensemble-exterieur","status":"publish","type":"product","link":"https:\/\/mueble4you.com\/fr\/productos\/leo-ensemble-exterieur\/","title":{"rendered":"Leo, Ensemble ext\u00e9rieur"},"content":{"rendered":"<p>Ensemble d&rsquo;ext\u00e9rieur, avec structure en aluminium et ext\u00e9rieur en rotin synth\u00e9tique, compos\u00e9 de deux fauteuils, d&rsquo;une table basse et d&rsquo;un canap\u00e9 deux places.<\/p>\n<p>Disponible en diff\u00e9rentes couleurs :<\/p>\n<ul>\n<li>Marron (en rupture de stock).<\/li>\n<li>Gris.<\/li>\n<li>Ivoire.<\/li>\n<\/ul>\n<p>Coussins rembourr\u00e9s en tissu.<\/p>\n<p>Mesures:<\/p>\n<ul>\n<li>Tableau : 120 X 60 X 45 cm.<\/li>\n<li>Sof\u00e1 deux places : 130 X 85 X 85 cm.<\/li>\n<li>Fauteuil : 64 X 85 X 85 cm.<\/li>\n<\/ul>\n","protected":false},"excerpt":{"rendered":"<p>Ensemble d&rsquo;ext\u00e9rieur, avec structure en aluminium et ext\u00e9rieur en rotin synth\u00e9tique, compos\u00e9 de deux fauteuils, d&rsquo;une table basse et d&rsquo;un canap\u00e9 deux places. Disponible en diff\u00e9rentes couleurs : Marron (en rupture de stock). Gris. Ivoire. Coussins rembourr\u00e9s en tissu. Mesures: Tableau : 120 X 60 X 45 cm. Sof\u00e1 deux places : 130 X 85 [&#8230;]\n","protected":false},"featured_media":7025,"template":"","meta":[],"product_brand":[],"product_cat":[312,304],"product_tag":[],"class_list":{"0":"post-7029","1":"product","2":"type-product","3":"status-publish","4":"has-post-thumbnail","6":"product_cat-ensemble-de-sofas-et-de-tables","7":"product_cat-jardin-et-exterieur","9":"first","10":"instock","11":"shipping-taxable","12":"product-type-simple"},"yoast_head":"<!-- This site is optimized with the Yoast SEO plugin v27.2 - https:\/\/yoast.com\/product\/yoast-seo-wordpress\/ -->\n<title>Leo, Ensemble ext\u00e9rieur | mueble4you<\/title>\n<meta name=\"robots\" content=\"index, follow, max-snippet:-1, max-image-preview:large, max-video-preview:-1\" \/>\n<link rel=\"canonical\" href=\"https:\/\/mueble4you.com\/fr\/productos\/leo-ensemble-exterieur\/\" \/>\n<meta property=\"og:locale\" content=\"fr_FR\" \/>\n<meta property=\"og:type\" content=\"article\" \/>\n<meta property=\"og:title\" content=\"Leo, Ensemble ext\u00e9rieur | mueble4you\" \/>\n<meta property=\"og:description\" content=\"Ensemble d&rsquo;ext\u00e9rieur, avec structure en aluminium et ext\u00e9rieur en rotin synth\u00e9tique, compos\u00e9 de deux fauteuils, d&rsquo;une table basse et d&rsquo;un canap\u00e9 deux places. Disponible en diff\u00e9rentes couleurs : Marron (en rupture de stock). Gris. Ivoire. Coussins rembourr\u00e9s en tissu. Mesures: Tableau : 120 X 60 X 45 cm. Sof\u00e1 deux places : 130 X 85 [...]\" \/>\n<meta property=\"og:url\" content=\"https:\/\/mueble4you.com\/fr\/productos\/leo-ensemble-exterieur\/\" \/>\n<meta property=\"og:site_name\" content=\"mueble4you\" \/>\n<meta property=\"article:modified_time\" content=\"2023-03-31T07:28:14+00:00\" \/>\n<meta property=\"og:image\" content=\"https:\/\/mueble4you.com\/wp-content\/uploads\/2018\/02\/GCV961V-4C-LEO-SET-Copy.jpg\" \/>\n\t<meta property=\"og:image:width\" content=\"977\" \/>\n\t<meta property=\"og:image:height\" content=\"636\" \/>\n\t<meta property=\"og:image:type\" content=\"image\/jpeg\" \/>\n<meta name=\"twitter:card\" content=\"summary_large_image\" \/>\n<script type=\"application\/ld+json\" class=\"yoast-schema-graph\">{\"@context\":\"https:\/\/schema.org\",\"@graph\":[{\"@type\":\"WebPage\",\"@id\":\"https:\/\/mueble4you.com\/fr\/productos\/leo-ensemble-exterieur\/\",\"url\":\"https:\/\/mueble4you.com\/fr\/productos\/leo-ensemble-exterieur\/\",\"name\":\"Leo, Ensemble ext\u00e9rieur | mueble4you\",\"isPartOf\":{\"@id\":\"https:\/\/mueble4you.com\/#website\"},\"primaryImageOfPage\":{\"@id\":\"https:\/\/mueble4you.com\/fr\/productos\/leo-ensemble-exterieur\/#primaryimage\"},\"image\":{\"@id\":\"https:\/\/mueble4you.com\/fr\/productos\/leo-ensemble-exterieur\/#primaryimage\"},\"thumbnailUrl\":\"https:\/\/mueble4you.com\/wp-content\/uploads\/2018\/02\/GCV961V-4C-LEO-SET-Copy.jpg\",\"datePublished\":\"2018-02-20T19:29:25+00:00\",\"dateModified\":\"2023-03-31T07:28:14+00:00\",\"breadcrumb\":{\"@id\":\"https:\/\/mueble4you.com\/fr\/productos\/leo-ensemble-exterieur\/#breadcrumb\"},\"inLanguage\":\"fr-FR\",\"potentialAction\":[{\"@type\":\"ReadAction\",\"target\":[\"https:\/\/mueble4you.com\/fr\/productos\/leo-ensemble-exterieur\/\"]}]},{\"@type\":\"ImageObject\",\"inLanguage\":\"fr-FR\",\"@id\":\"https:\/\/mueble4you.com\/fr\/productos\/leo-ensemble-exterieur\/#primaryimage\",\"url\":\"https:\/\/mueble4you.com\/wp-content\/uploads\/2018\/02\/GCV961V-4C-LEO-SET-Copy.jpg\",\"contentUrl\":\"https:\/\/mueble4you.com\/wp-content\/uploads\/2018\/02\/GCV961V-4C-LEO-SET-Copy.jpg\",\"width\":977,\"height\":636},{\"@type\":\"BreadcrumbList\",\"@id\":\"https:\/\/mueble4you.com\/fr\/productos\/leo-ensemble-exterieur\/#breadcrumb\",\"itemListElement\":[{\"@type\":\"ListItem\",\"position\":1,\"name\":\"Portada\",\"item\":\"https:\/\/mueble4you.com\/fr\/\"},{\"@type\":\"ListItem\",\"position\":2,\"name\":\"Productos\",\"item\":\"https:\/\/mueble4you.com\/productos\/\"},{\"@type\":\"ListItem\",\"position\":3,\"name\":\"Leo, Ensemble ext\u00e9rieur\"}]},{\"@type\":\"WebSite\",\"@id\":\"https:\/\/mueble4you.com\/#website\",\"url\":\"https:\/\/mueble4you.com\/\",\"name\":\"mueble4you\",\"description\":\"Meubles \u00e0 Tenerife\",\"potentialAction\":[{\"@type\":\"SearchAction\",\"target\":{\"@type\":\"EntryPoint\",\"urlTemplate\":\"https:\/\/mueble4you.com\/?s={search_term_string}\"},\"query-input\":{\"@type\":\"PropertyValueSpecification\",\"valueRequired\":true,\"valueName\":\"search_term_string\"}}],\"inLanguage\":\"fr-FR\"}]}<\/script>\n<!-- \/ Yoast SEO plugin. -->","yoast_head_json":{"title":"Leo, Ensemble ext\u00e9rieur | mueble4you","robots":{"index":"index","follow":"follow","max-snippet":"max-snippet:-1","max-image-preview":"max-image-preview:large","max-video-preview":"max-video-preview:-1"},"canonical":"https:\/\/mueble4you.com\/fr\/productos\/leo-ensemble-exterieur\/","og_locale":"fr_FR","og_type":"article","og_title":"Leo, Ensemble ext\u00e9rieur | mueble4you","og_description":"Ensemble d&rsquo;ext\u00e9rieur, avec structure en aluminium et ext\u00e9rieur en rotin synth\u00e9tique, compos\u00e9 de deux fauteuils, d&rsquo;une table basse et d&rsquo;un canap\u00e9 deux places. Disponible en diff\u00e9rentes couleurs : Marron (en rupture de stock). Gris. Ivoire. Coussins rembourr\u00e9s en tissu. Mesures: Tableau : 120 X 60 X 45 cm. Sof\u00e1 deux places : 130 X 85 [...]","og_url":"https:\/\/mueble4you.com\/fr\/productos\/leo-ensemble-exterieur\/","og_site_name":"mueble4you","article_modified_time":"2023-03-31T07:28:14+00:00","og_image":[{"width":977,"height":636,"url":"https:\/\/mueble4you.com\/wp-content\/uploads\/2018\/02\/GCV961V-4C-LEO-SET-Copy.jpg","type":"image\/jpeg"}],"twitter_card":"summary_large_image","schema":{"@context":"https:\/\/schema.org","@graph":[{"@type":"WebPage","@id":"https:\/\/mueble4you.com\/fr\/productos\/leo-ensemble-exterieur\/","url":"https:\/\/mueble4you.com\/fr\/productos\/leo-ensemble-exterieur\/","name":"Leo, Ensemble ext\u00e9rieur | mueble4you","isPartOf":{"@id":"https:\/\/mueble4you.com\/#website"},"primaryImageOfPage":{"@id":"https:\/\/mueble4you.com\/fr\/productos\/leo-ensemble-exterieur\/#primaryimage"},"image":{"@id":"https:\/\/mueble4you.com\/fr\/productos\/leo-ensemble-exterieur\/#primaryimage"},"thumbnailUrl":"https:\/\/mueble4you.com\/wp-content\/uploads\/2018\/02\/GCV961V-4C-LEO-SET-Copy.jpg","datePublished":"2018-02-20T19:29:25+00:00","dateModified":"2023-03-31T07:28:14+00:00","breadcrumb":{"@id":"https:\/\/mueble4you.com\/fr\/productos\/leo-ensemble-exterieur\/#breadcrumb"},"inLanguage":"fr-FR","potentialAction":[{"@type":"ReadAction","target":["https:\/\/mueble4you.com\/fr\/productos\/leo-ensemble-exterieur\/"]}]},{"@type":"ImageObject","inLanguage":"fr-FR","@id":"https:\/\/mueble4you.com\/fr\/productos\/leo-ensemble-exterieur\/#primaryimage","url":"https:\/\/mueble4you.com\/wp-content\/uploads\/2018\/02\/GCV961V-4C-LEO-SET-Copy.jpg","contentUrl":"https:\/\/mueble4you.com\/wp-content\/uploads\/2018\/02\/GCV961V-4C-LEO-SET-Copy.jpg","width":977,"height":636},{"@type":"BreadcrumbList","@id":"https:\/\/mueble4you.com\/fr\/productos\/leo-ensemble-exterieur\/#breadcrumb","itemListElement":[{"@type":"ListItem","position":1,"name":"Portada","item":"https:\/\/mueble4you.com\/fr\/"},{"@type":"ListItem","position":2,"name":"Productos","item":"https:\/\/mueble4you.com\/productos\/"},{"@type":"ListItem","position":3,"name":"Leo, Ensemble ext\u00e9rieur"}]},{"@type":"WebSite","@id":"https:\/\/mueble4you.com\/#website","url":"https:\/\/mueble4you.com\/","name":"mueble4you","description":"Meubles \u00e0 Tenerife","potentialAction":[{"@type":"SearchAction","target":{"@type":"EntryPoint","urlTemplate":"https:\/\/mueble4you.com\/?s={search_term_string}"},"query-input":{"@type":"PropertyValueSpecification","valueRequired":true,"valueName":"search_term_string"}}],"inLanguage":"fr-FR"}]}},"_links":{"self":[{"href":"https:\/\/mueble4you.com\/fr\/wp-json\/wp\/v2\/product\/7029","targetHints":{"allow":["GET"]}}],"collection":[{"href":"https:\/\/mueble4you.com\/fr\/wp-json\/wp\/v2\/product"}],"about":[{"href":"https:\/\/mueble4you.com\/fr\/wp-json\/wp\/v2\/types\/product"}],"wp:featuredmedia":[{"embeddable":true,"href":"https:\/\/mueble4you.com\/fr\/wp-json\/wp\/v2\/media\/7025"}],"wp:attachment":[{"href":"https:\/\/mueble4you.com\/fr\/wp-json\/wp\/v2\/media?parent=7029"}],"wp:term":[{"taxonomy":"product_brand","embeddable":true,"href":"https:\/\/mueble4you.com\/fr\/wp-json\/wp\/v2\/product_brand?post=7029"},{"taxonomy":"product_cat","embeddable":true,"href":"https:\/\/mueble4you.com\/fr\/wp-json\/wp\/v2\/product_cat?post=7029"},{"taxonomy":"product_tag","embeddable":true,"href":"https:\/\/mueble4you.com\/fr\/wp-json\/wp\/v2\/product_tag?post=7029"}],"curies":[{"name":"wp","href":"https:\/\/api.w.org\/{rel}","templated":true}]}}