{"id":69623,"date":"2024-01-29T16:17:08","date_gmt":"2024-01-29T16:17:08","guid":{"rendered":"https:\/\/mueble4you.com\/productos\/mesa4-sillones-adelma-rattan-nat\/"},"modified":"2024-02-07T11:57:12","modified_gmt":"2024-02-07T11:57:12","slug":"mesa4-sillones-adelma-rattan-nat","status":"publish","type":"product","link":"https:\/\/mueble4you.com\/fr\/productos\/mesa4-sillones-adelma-rattan-nat\/","title":{"rendered":"TABLE NAT EN ROTIN ADELMA+4 FAUTEUILS."},"content":{"rendered":"<ul>\n<li id=\"tw-target-text\" class=\"tw-data-text tw-text-large tw-ta\" dir=\"ltr\" data-placeholder=\"Traducci\u00f3n\" data-ved=\"2ahUKEwjZvpLm_piEAxUY_7sIHW1_B88Q3ewLegQIBRAU\"><span class=\"Y2IQFc\" lang=\"fr\">Structure en aluminium thermolaqu\u00e9 (polyester) effet rotin, structure en fibres synth\u00e9tiques (rond 10 mm). <\/span><\/li>\n<li class=\"tw-data-text tw-text-large tw-ta\" dir=\"ltr\" data-placeholder=\"Traducci\u00f3n\" data-ved=\"2ahUKEwjZvpLm_piEAxUY_7sIHW1_B88Q3ewLegQIBRAU\"><span class=\"Y2IQFc\" lang=\"fr\">Coussins amovibles en tissu ol\u00e9fine r\u00e9sistant au soleil (100% polypropyl\u00e8ne). <\/span><\/li>\n<li class=\"tw-data-text tw-text-large tw-ta\" dir=\"ltr\" data-placeholder=\"Traducci\u00f3n\" data-ved=\"2ahUKEwjZvpLm_piEAxUY_7sIHW1_B88Q3ewLegQIBRAU\"><span class=\"Y2IQFc\" lang=\"fr\">Planche en bois de teck &#8211; svlk (bois certifi\u00e9 issu de for\u00eats durables) avec finition naturelle. <\/span><\/li>\n<li class=\"tw-data-text tw-text-large tw-ta\" dir=\"ltr\" data-placeholder=\"Traducci\u00f3n\" data-ved=\"2ahUKEwjZvpLm_piEAxUY_7sIHW1_B88Q3ewLegQIBRAU\"><span class=\"Y2IQFc\" lang=\"fr\">\u00d8110a &#8211; 75h.<\/span><\/li>\n<\/ul>\n","protected":false},"excerpt":{"rendered":"<p>Structure en aluminium thermolaqu\u00e9 (polyester) effet rotin, structure en fibres synth\u00e9tiques (rond 10 mm). Coussins amovibles en tissu ol\u00e9fine r\u00e9sistant au soleil (100% polypropyl\u00e8ne). Planche en bois de teck &#8211; svlk (bois certifi\u00e9 issu de for\u00eats durables) avec finition naturelle. \u00d8110a &#8211; 75h.<\/p>\n","protected":false},"featured_media":69609,"template":"","meta":[],"product_brand":[],"product_cat":[308,304],"product_tag":[],"class_list":{"0":"post-69623","1":"product","2":"type-product","3":"status-publish","4":"has-post-thumbnail","6":"product_cat-ensemble-de-tables-et-de-chaises","7":"product_cat-jardin-et-exterieur","9":"first","10":"instock","11":"shipping-taxable","12":"product-type-simple"},"yoast_head":"<!-- This site is optimized with the Yoast SEO plugin v27.3 - https:\/\/yoast.com\/product\/yoast-seo-wordpress\/ -->\n<title>TABLE NAT EN ROTIN ADELMA+4 FAUTEUILS. | mueble4you<\/title>\n<meta name=\"robots\" content=\"index, follow, max-snippet:-1, max-image-preview:large, max-video-preview:-1\" \/>\n<link rel=\"canonical\" href=\"https:\/\/mueble4you.com\/fr\/productos\/mesa4-sillones-adelma-rattan-nat\/\" \/>\n<meta property=\"og:locale\" content=\"fr_FR\" \/>\n<meta property=\"og:type\" content=\"article\" \/>\n<meta property=\"og:title\" content=\"TABLE NAT EN ROTIN ADELMA+4 FAUTEUILS. | mueble4you\" \/>\n<meta property=\"og:description\" content=\"Structure en aluminium thermolaqu\u00e9 (polyester) effet rotin, structure en fibres synth\u00e9tiques (rond 10 mm). Coussins amovibles en tissu ol\u00e9fine r\u00e9sistant au soleil (100% polypropyl\u00e8ne). Planche en bois de teck &#8211; svlk (bois certifi\u00e9 issu de for\u00eats durables) avec finition naturelle. \u00d8110a &#8211; 75h.\" \/>\n<meta property=\"og:url\" content=\"https:\/\/mueble4you.com\/fr\/productos\/mesa4-sillones-adelma-rattan-nat\/\" \/>\n<meta property=\"og:site_name\" content=\"mueble4you\" \/>\n<meta property=\"article:modified_time\" content=\"2024-02-07T11:57:12+00:00\" \/>\n<meta property=\"og:image\" content=\"https:\/\/mueble4you.com\/wp-content\/uploads\/2024\/01\/0660428.jpg\" \/>\n\t<meta property=\"og:image:width\" content=\"1091\" \/>\n\t<meta property=\"og:image:height\" content=\"1080\" \/>\n\t<meta property=\"og:image:type\" content=\"image\/jpeg\" \/>\n<meta name=\"twitter:card\" content=\"summary_large_image\" \/>\n<script type=\"application\/ld+json\" class=\"yoast-schema-graph\">{\"@context\":\"https:\\\/\\\/schema.org\",\"@graph\":[{\"@type\":\"WebPage\",\"@id\":\"https:\\\/\\\/mueble4you.com\\\/fr\\\/productos\\\/mesa4-sillones-adelma-rattan-nat\\\/\",\"url\":\"https:\\\/\\\/mueble4you.com\\\/fr\\\/productos\\\/mesa4-sillones-adelma-rattan-nat\\\/\",\"name\":\"TABLE NAT EN ROTIN ADELMA+4 FAUTEUILS. | mueble4you\",\"isPartOf\":{\"@id\":\"https:\\\/\\\/mueble4you.com\\\/#website\"},\"primaryImageOfPage\":{\"@id\":\"https:\\\/\\\/mueble4you.com\\\/fr\\\/productos\\\/mesa4-sillones-adelma-rattan-nat\\\/#primaryimage\"},\"image\":{\"@id\":\"https:\\\/\\\/mueble4you.com\\\/fr\\\/productos\\\/mesa4-sillones-adelma-rattan-nat\\\/#primaryimage\"},\"thumbnailUrl\":\"https:\\\/\\\/mueble4you.com\\\/wp-content\\\/uploads\\\/2024\\\/01\\\/0660428.jpg\",\"datePublished\":\"2024-01-29T16:17:08+00:00\",\"dateModified\":\"2024-02-07T11:57:12+00:00\",\"breadcrumb\":{\"@id\":\"https:\\\/\\\/mueble4you.com\\\/fr\\\/productos\\\/mesa4-sillones-adelma-rattan-nat\\\/#breadcrumb\"},\"inLanguage\":\"fr-FR\",\"potentialAction\":[{\"@type\":\"ReadAction\",\"target\":[\"https:\\\/\\\/mueble4you.com\\\/fr\\\/productos\\\/mesa4-sillones-adelma-rattan-nat\\\/\"]}]},{\"@type\":\"ImageObject\",\"inLanguage\":\"fr-FR\",\"@id\":\"https:\\\/\\\/mueble4you.com\\\/fr\\\/productos\\\/mesa4-sillones-adelma-rattan-nat\\\/#primaryimage\",\"url\":\"https:\\\/\\\/mueble4you.com\\\/wp-content\\\/uploads\\\/2024\\\/01\\\/0660428.jpg\",\"contentUrl\":\"https:\\\/\\\/mueble4you.com\\\/wp-content\\\/uploads\\\/2024\\\/01\\\/0660428.jpg\",\"width\":1091,\"height\":1080},{\"@type\":\"BreadcrumbList\",\"@id\":\"https:\\\/\\\/mueble4you.com\\\/fr\\\/productos\\\/mesa4-sillones-adelma-rattan-nat\\\/#breadcrumb\",\"itemListElement\":[{\"@type\":\"ListItem\",\"position\":1,\"name\":\"Portada\",\"item\":\"https:\\\/\\\/mueble4you.com\\\/fr\\\/\"},{\"@type\":\"ListItem\",\"position\":2,\"name\":\"Productos\",\"item\":\"https:\\\/\\\/mueble4you.com\\\/productos\\\/\"},{\"@type\":\"ListItem\",\"position\":3,\"name\":\"TABLE NAT EN ROTIN ADELMA+4 FAUTEUILS.\"}]},{\"@type\":\"WebSite\",\"@id\":\"https:\\\/\\\/mueble4you.com\\\/#website\",\"url\":\"https:\\\/\\\/mueble4you.com\\\/\",\"name\":\"mueble4you\",\"description\":\"Meubles \u00e0 Tenerife\",\"potentialAction\":[{\"@type\":\"SearchAction\",\"target\":{\"@type\":\"EntryPoint\",\"urlTemplate\":\"https:\\\/\\\/mueble4you.com\\\/?s={search_term_string}\"},\"query-input\":{\"@type\":\"PropertyValueSpecification\",\"valueRequired\":true,\"valueName\":\"search_term_string\"}}],\"inLanguage\":\"fr-FR\"}]}<\/script>\n<!-- \/ Yoast SEO plugin. -->","yoast_head_json":{"title":"TABLE NAT EN ROTIN ADELMA+4 FAUTEUILS. | mueble4you","robots":{"index":"index","follow":"follow","max-snippet":"max-snippet:-1","max-image-preview":"max-image-preview:large","max-video-preview":"max-video-preview:-1"},"canonical":"https:\/\/mueble4you.com\/fr\/productos\/mesa4-sillones-adelma-rattan-nat\/","og_locale":"fr_FR","og_type":"article","og_title":"TABLE NAT EN ROTIN ADELMA+4 FAUTEUILS. | mueble4you","og_description":"Structure en aluminium thermolaqu\u00e9 (polyester) effet rotin, structure en fibres synth\u00e9tiques (rond 10 mm). Coussins amovibles en tissu ol\u00e9fine r\u00e9sistant au soleil (100% polypropyl\u00e8ne). Planche en bois de teck &#8211; svlk (bois certifi\u00e9 issu de for\u00eats durables) avec finition naturelle. \u00d8110a &#8211; 75h.","og_url":"https:\/\/mueble4you.com\/fr\/productos\/mesa4-sillones-adelma-rattan-nat\/","og_site_name":"mueble4you","article_modified_time":"2024-02-07T11:57:12+00:00","og_image":[{"width":1091,"height":1080,"url":"https:\/\/mueble4you.com\/wp-content\/uploads\/2024\/01\/0660428.jpg","type":"image\/jpeg"}],"twitter_card":"summary_large_image","schema":{"@context":"https:\/\/schema.org","@graph":[{"@type":"WebPage","@id":"https:\/\/mueble4you.com\/fr\/productos\/mesa4-sillones-adelma-rattan-nat\/","url":"https:\/\/mueble4you.com\/fr\/productos\/mesa4-sillones-adelma-rattan-nat\/","name":"TABLE NAT EN ROTIN ADELMA+4 FAUTEUILS. | mueble4you","isPartOf":{"@id":"https:\/\/mueble4you.com\/#website"},"primaryImageOfPage":{"@id":"https:\/\/mueble4you.com\/fr\/productos\/mesa4-sillones-adelma-rattan-nat\/#primaryimage"},"image":{"@id":"https:\/\/mueble4you.com\/fr\/productos\/mesa4-sillones-adelma-rattan-nat\/#primaryimage"},"thumbnailUrl":"https:\/\/mueble4you.com\/wp-content\/uploads\/2024\/01\/0660428.jpg","datePublished":"2024-01-29T16:17:08+00:00","dateModified":"2024-02-07T11:57:12+00:00","breadcrumb":{"@id":"https:\/\/mueble4you.com\/fr\/productos\/mesa4-sillones-adelma-rattan-nat\/#breadcrumb"},"inLanguage":"fr-FR","potentialAction":[{"@type":"ReadAction","target":["https:\/\/mueble4you.com\/fr\/productos\/mesa4-sillones-adelma-rattan-nat\/"]}]},{"@type":"ImageObject","inLanguage":"fr-FR","@id":"https:\/\/mueble4you.com\/fr\/productos\/mesa4-sillones-adelma-rattan-nat\/#primaryimage","url":"https:\/\/mueble4you.com\/wp-content\/uploads\/2024\/01\/0660428.jpg","contentUrl":"https:\/\/mueble4you.com\/wp-content\/uploads\/2024\/01\/0660428.jpg","width":1091,"height":1080},{"@type":"BreadcrumbList","@id":"https:\/\/mueble4you.com\/fr\/productos\/mesa4-sillones-adelma-rattan-nat\/#breadcrumb","itemListElement":[{"@type":"ListItem","position":1,"name":"Portada","item":"https:\/\/mueble4you.com\/fr\/"},{"@type":"ListItem","position":2,"name":"Productos","item":"https:\/\/mueble4you.com\/productos\/"},{"@type":"ListItem","position":3,"name":"TABLE NAT EN ROTIN ADELMA+4 FAUTEUILS."}]},{"@type":"WebSite","@id":"https:\/\/mueble4you.com\/#website","url":"https:\/\/mueble4you.com\/","name":"mueble4you","description":"Meubles \u00e0 Tenerife","potentialAction":[{"@type":"SearchAction","target":{"@type":"EntryPoint","urlTemplate":"https:\/\/mueble4you.com\/?s={search_term_string}"},"query-input":{"@type":"PropertyValueSpecification","valueRequired":true,"valueName":"search_term_string"}}],"inLanguage":"fr-FR"}]}},"_links":{"self":[{"href":"https:\/\/mueble4you.com\/fr\/wp-json\/wp\/v2\/product\/69623","targetHints":{"allow":["GET"]}}],"collection":[{"href":"https:\/\/mueble4you.com\/fr\/wp-json\/wp\/v2\/product"}],"about":[{"href":"https:\/\/mueble4you.com\/fr\/wp-json\/wp\/v2\/types\/product"}],"wp:featuredmedia":[{"embeddable":true,"href":"https:\/\/mueble4you.com\/fr\/wp-json\/wp\/v2\/media\/69609"}],"wp:attachment":[{"href":"https:\/\/mueble4you.com\/fr\/wp-json\/wp\/v2\/media?parent=69623"}],"wp:term":[{"taxonomy":"product_brand","embeddable":true,"href":"https:\/\/mueble4you.com\/fr\/wp-json\/wp\/v2\/product_brand?post=69623"},{"taxonomy":"product_cat","embeddable":true,"href":"https:\/\/mueble4you.com\/fr\/wp-json\/wp\/v2\/product_cat?post=69623"},{"taxonomy":"product_tag","embeddable":true,"href":"https:\/\/mueble4you.com\/fr\/wp-json\/wp\/v2\/product_tag?post=69623"}],"curies":[{"name":"wp","href":"https:\/\/api.w.org\/{rel}","templated":true}]}}