{"id":69449,"date":"2024-01-26T12:44:40","date_gmt":"2024-01-26T12:44:40","guid":{"rendered":"https:\/\/mueble4you.com\/productos\/set4-mesita-aux-jaidev\/"},"modified":"2024-02-09T11:04:14","modified_gmt":"2024-02-09T11:04:14","slug":"set4-mesita-aux-jaidev","status":"publish","type":"product","link":"https:\/\/mueble4you.com\/fr\/productos\/set4-mesita-aux-jaidev\/","title":{"rendered":"SET4 JAIDEV AUX TABLE."},"content":{"rendered":"<ul>\n<li id=\"tw-target-text\" class=\"tw-data-text tw-text-large tw-ta\" dir=\"ltr\" data-placeholder=\"Traducci\u00f3n\" data-ved=\"2ahUKEwj_1-nVhJ6EAxVO_bsIHcCNDfQQ3ewLegQICBAU\"><span class=\"Y2IQFc\" lang=\"fr\">Structure en acier verni poudre \u00e9poxy, planche et c\u00f4t\u00e9s en manguier.<\/span><\/li>\n<li class=\"tw-data-text tw-text-large tw-ta\" dir=\"ltr\" data-placeholder=\"Traducci\u00f3n\" data-ved=\"2ahUKEwj_1-nVhJ6EAxVO_bsIHcCNDfQQ3ewLegQICBAU\"><span class=\"Y2IQFc\" lang=\"fr\">finition protectrice acrylique.<\/span><\/li>\n<li class=\"tw-data-text tw-text-large tw-ta\" dir=\"ltr\" data-placeholder=\"Traducci\u00f3n\" data-ved=\"2ahUKEwj_1-nVhJ6EAxVO_bsIHcCNDfQQ3ewLegQICBAU\"><span class=\"Y2IQFc\" lang=\"fr\">MESURES: 38a &#8211; 38b &#8211; 36h ; 42a &#8211; 42b &#8211; 39h ; 46a &#8211; 46b-42h ; 50a &#8211; 50b &#8211; 45h.<\/span><\/li>\n<\/ul>\n","protected":false},"excerpt":{"rendered":"<p>Structure en acier verni poudre \u00e9poxy, planche et c\u00f4t\u00e9s en manguier. finition protectrice acrylique. MESURES: 38a &#8211; 38b &#8211; 36h ; 42a &#8211; 42b &#8211; 39h ; 46a &#8211; 46b-42h ; 50a &#8211; 50b &#8211; 45h.<\/p>\n","protected":false},"featured_media":69435,"template":"","meta":[],"product_brand":[],"product_cat":[204,356,459],"product_tag":[],"class_list":{"0":"post-69449","1":"product","2":"type-product","3":"status-publish","4":"has-post-thumbnail","6":"product_cat-salon","7":"product_cat-table-basse","8":"product_cat-table-dangle-ou-dappoint","10":"first","11":"instock","12":"shipping-taxable","13":"product-type-simple"},"yoast_head":"<!-- This site is optimized with the Yoast SEO plugin v27.2 - https:\/\/yoast.com\/product\/yoast-seo-wordpress\/ -->\n<title>SET4 JAIDEV AUX TABLE. | mueble4you<\/title>\n<meta name=\"robots\" content=\"index, follow, max-snippet:-1, max-image-preview:large, max-video-preview:-1\" \/>\n<link rel=\"canonical\" href=\"https:\/\/mueble4you.com\/fr\/productos\/set4-mesita-aux-jaidev\/\" \/>\n<meta property=\"og:locale\" content=\"fr_FR\" \/>\n<meta property=\"og:type\" content=\"article\" \/>\n<meta property=\"og:title\" content=\"SET4 JAIDEV AUX TABLE. | mueble4you\" \/>\n<meta property=\"og:description\" content=\"Structure en acier verni poudre \u00e9poxy, planche et c\u00f4t\u00e9s en manguier. finition protectrice acrylique. MESURES: 38a &#8211; 38b &#8211; 36h ; 42a &#8211; 42b &#8211; 39h ; 46a &#8211; 46b-42h ; 50a &#8211; 50b &#8211; 45h.\" \/>\n<meta property=\"og:url\" content=\"https:\/\/mueble4you.com\/fr\/productos\/set4-mesita-aux-jaidev\/\" \/>\n<meta property=\"og:site_name\" content=\"mueble4you\" \/>\n<meta property=\"article:modified_time\" content=\"2024-02-09T11:04:14+00:00\" \/>\n<meta property=\"og:image\" content=\"https:\/\/mueble4you.com\/wp-content\/uploads\/2024\/01\/0746932.2.jpg\" \/>\n\t<meta property=\"og:image:width\" content=\"1620\" \/>\n\t<meta property=\"og:image:height\" content=\"1080\" \/>\n\t<meta property=\"og:image:type\" content=\"image\/jpeg\" \/>\n<meta name=\"twitter:card\" content=\"summary_large_image\" \/>\n<script type=\"application\/ld+json\" class=\"yoast-schema-graph\">{\"@context\":\"https:\/\/schema.org\",\"@graph\":[{\"@type\":\"WebPage\",\"@id\":\"https:\/\/mueble4you.com\/fr\/productos\/set4-mesita-aux-jaidev\/\",\"url\":\"https:\/\/mueble4you.com\/fr\/productos\/set4-mesita-aux-jaidev\/\",\"name\":\"SET4 JAIDEV AUX TABLE. | mueble4you\",\"isPartOf\":{\"@id\":\"https:\/\/mueble4you.com\/#website\"},\"primaryImageOfPage\":{\"@id\":\"https:\/\/mueble4you.com\/fr\/productos\/set4-mesita-aux-jaidev\/#primaryimage\"},\"image\":{\"@id\":\"https:\/\/mueble4you.com\/fr\/productos\/set4-mesita-aux-jaidev\/#primaryimage\"},\"thumbnailUrl\":\"https:\/\/mueble4you.com\/wp-content\/uploads\/2024\/01\/0746932.2.jpg\",\"datePublished\":\"2024-01-26T12:44:40+00:00\",\"dateModified\":\"2024-02-09T11:04:14+00:00\",\"breadcrumb\":{\"@id\":\"https:\/\/mueble4you.com\/fr\/productos\/set4-mesita-aux-jaidev\/#breadcrumb\"},\"inLanguage\":\"fr-FR\",\"potentialAction\":[{\"@type\":\"ReadAction\",\"target\":[\"https:\/\/mueble4you.com\/fr\/productos\/set4-mesita-aux-jaidev\/\"]}]},{\"@type\":\"ImageObject\",\"inLanguage\":\"fr-FR\",\"@id\":\"https:\/\/mueble4you.com\/fr\/productos\/set4-mesita-aux-jaidev\/#primaryimage\",\"url\":\"https:\/\/mueble4you.com\/wp-content\/uploads\/2024\/01\/0746932.2.jpg\",\"contentUrl\":\"https:\/\/mueble4you.com\/wp-content\/uploads\/2024\/01\/0746932.2.jpg\",\"width\":1620,\"height\":1080},{\"@type\":\"BreadcrumbList\",\"@id\":\"https:\/\/mueble4you.com\/fr\/productos\/set4-mesita-aux-jaidev\/#breadcrumb\",\"itemListElement\":[{\"@type\":\"ListItem\",\"position\":1,\"name\":\"Portada\",\"item\":\"https:\/\/mueble4you.com\/fr\/\"},{\"@type\":\"ListItem\",\"position\":2,\"name\":\"Productos\",\"item\":\"https:\/\/mueble4you.com\/productos\/\"},{\"@type\":\"ListItem\",\"position\":3,\"name\":\"SET4 JAIDEV AUX TABLE.\"}]},{\"@type\":\"WebSite\",\"@id\":\"https:\/\/mueble4you.com\/#website\",\"url\":\"https:\/\/mueble4you.com\/\",\"name\":\"mueble4you\",\"description\":\"Meubles \u00e0 Tenerife\",\"potentialAction\":[{\"@type\":\"SearchAction\",\"target\":{\"@type\":\"EntryPoint\",\"urlTemplate\":\"https:\/\/mueble4you.com\/?s={search_term_string}\"},\"query-input\":{\"@type\":\"PropertyValueSpecification\",\"valueRequired\":true,\"valueName\":\"search_term_string\"}}],\"inLanguage\":\"fr-FR\"}]}<\/script>\n<!-- \/ Yoast SEO plugin. -->","yoast_head_json":{"title":"SET4 JAIDEV AUX TABLE. | mueble4you","robots":{"index":"index","follow":"follow","max-snippet":"max-snippet:-1","max-image-preview":"max-image-preview:large","max-video-preview":"max-video-preview:-1"},"canonical":"https:\/\/mueble4you.com\/fr\/productos\/set4-mesita-aux-jaidev\/","og_locale":"fr_FR","og_type":"article","og_title":"SET4 JAIDEV AUX TABLE. | mueble4you","og_description":"Structure en acier verni poudre \u00e9poxy, planche et c\u00f4t\u00e9s en manguier. finition protectrice acrylique. MESURES: 38a &#8211; 38b &#8211; 36h ; 42a &#8211; 42b &#8211; 39h ; 46a &#8211; 46b-42h ; 50a &#8211; 50b &#8211; 45h.","og_url":"https:\/\/mueble4you.com\/fr\/productos\/set4-mesita-aux-jaidev\/","og_site_name":"mueble4you","article_modified_time":"2024-02-09T11:04:14+00:00","og_image":[{"width":1620,"height":1080,"url":"https:\/\/mueble4you.com\/wp-content\/uploads\/2024\/01\/0746932.2.jpg","type":"image\/jpeg"}],"twitter_card":"summary_large_image","schema":{"@context":"https:\/\/schema.org","@graph":[{"@type":"WebPage","@id":"https:\/\/mueble4you.com\/fr\/productos\/set4-mesita-aux-jaidev\/","url":"https:\/\/mueble4you.com\/fr\/productos\/set4-mesita-aux-jaidev\/","name":"SET4 JAIDEV AUX TABLE. | mueble4you","isPartOf":{"@id":"https:\/\/mueble4you.com\/#website"},"primaryImageOfPage":{"@id":"https:\/\/mueble4you.com\/fr\/productos\/set4-mesita-aux-jaidev\/#primaryimage"},"image":{"@id":"https:\/\/mueble4you.com\/fr\/productos\/set4-mesita-aux-jaidev\/#primaryimage"},"thumbnailUrl":"https:\/\/mueble4you.com\/wp-content\/uploads\/2024\/01\/0746932.2.jpg","datePublished":"2024-01-26T12:44:40+00:00","dateModified":"2024-02-09T11:04:14+00:00","breadcrumb":{"@id":"https:\/\/mueble4you.com\/fr\/productos\/set4-mesita-aux-jaidev\/#breadcrumb"},"inLanguage":"fr-FR","potentialAction":[{"@type":"ReadAction","target":["https:\/\/mueble4you.com\/fr\/productos\/set4-mesita-aux-jaidev\/"]}]},{"@type":"ImageObject","inLanguage":"fr-FR","@id":"https:\/\/mueble4you.com\/fr\/productos\/set4-mesita-aux-jaidev\/#primaryimage","url":"https:\/\/mueble4you.com\/wp-content\/uploads\/2024\/01\/0746932.2.jpg","contentUrl":"https:\/\/mueble4you.com\/wp-content\/uploads\/2024\/01\/0746932.2.jpg","width":1620,"height":1080},{"@type":"BreadcrumbList","@id":"https:\/\/mueble4you.com\/fr\/productos\/set4-mesita-aux-jaidev\/#breadcrumb","itemListElement":[{"@type":"ListItem","position":1,"name":"Portada","item":"https:\/\/mueble4you.com\/fr\/"},{"@type":"ListItem","position":2,"name":"Productos","item":"https:\/\/mueble4you.com\/productos\/"},{"@type":"ListItem","position":3,"name":"SET4 JAIDEV AUX TABLE."}]},{"@type":"WebSite","@id":"https:\/\/mueble4you.com\/#website","url":"https:\/\/mueble4you.com\/","name":"mueble4you","description":"Meubles \u00e0 Tenerife","potentialAction":[{"@type":"SearchAction","target":{"@type":"EntryPoint","urlTemplate":"https:\/\/mueble4you.com\/?s={search_term_string}"},"query-input":{"@type":"PropertyValueSpecification","valueRequired":true,"valueName":"search_term_string"}}],"inLanguage":"fr-FR"}]}},"_links":{"self":[{"href":"https:\/\/mueble4you.com\/fr\/wp-json\/wp\/v2\/product\/69449","targetHints":{"allow":["GET"]}}],"collection":[{"href":"https:\/\/mueble4you.com\/fr\/wp-json\/wp\/v2\/product"}],"about":[{"href":"https:\/\/mueble4you.com\/fr\/wp-json\/wp\/v2\/types\/product"}],"wp:featuredmedia":[{"embeddable":true,"href":"https:\/\/mueble4you.com\/fr\/wp-json\/wp\/v2\/media\/69435"}],"wp:attachment":[{"href":"https:\/\/mueble4you.com\/fr\/wp-json\/wp\/v2\/media?parent=69449"}],"wp:term":[{"taxonomy":"product_brand","embeddable":true,"href":"https:\/\/mueble4you.com\/fr\/wp-json\/wp\/v2\/product_brand?post=69449"},{"taxonomy":"product_cat","embeddable":true,"href":"https:\/\/mueble4you.com\/fr\/wp-json\/wp\/v2\/product_cat?post=69449"},{"taxonomy":"product_tag","embeddable":true,"href":"https:\/\/mueble4you.com\/fr\/wp-json\/wp\/v2\/product_tag?post=69449"}],"curies":[{"name":"wp","href":"https:\/\/api.w.org\/{rel}","templated":true}]}}