{"id":69372,"date":"2024-01-26T10:52:44","date_gmt":"2024-01-26T10:52:44","guid":{"rendered":"https:\/\/mueble4you.com\/productos\/mesa-bounty-teca-reciclada-240x100-8-silla-madison-negra\/"},"modified":"2024-02-08T10:13:16","modified_gmt":"2024-02-08T10:13:16","slug":"mesa-bounty-teca-reciclada-240x100-8-silla-madison-negra","status":"publish","type":"product","link":"https:\/\/mueble4you.com\/fr\/productos\/mesa-bounty-teca-reciclada-240x100-8-silla-madison-negra\/","title":{"rendered":"TABLE BOUNTY EN TECK RECYCL\u00c9 240X100+ 8 CHAISE MADISON NOIRE."},"content":{"rendered":"<ul>\n<li id=\"tw-target-text\" class=\"tw-data-text tw-text-large tw-ta\" dir=\"ltr\" data-placeholder=\"Traducci\u00f3n\" data-ved=\"2ahUKEwi6z5eiwJuEAxX6g_0HHQTiCgYQ3ewLegQIBRAU\"><span class=\"Y2IQFc\" lang=\"fr\">Teck svlk recycl\u00e9 (bois certifi\u00e9 issu de for\u00eats durables), finition rustique, \u00e9paisseur de planche 4,5 cm, pieds 11&#215;11 cm. <\/span><\/li>\n<li class=\"tw-data-text tw-text-large tw-ta\" dir=\"ltr\" data-placeholder=\"Traducci\u00f3n\" data-ved=\"2ahUKEwi6z5eiwJuEAxX6g_0HHQTiCgYQ3ewLegQIBRAU\"><span class=\"Y2IQFc\" lang=\"fr\">Vis en acier inoxydable. <\/span><\/li>\n<li class=\"tw-data-text tw-text-large tw-ta\" dir=\"ltr\" data-placeholder=\"Traducci\u00f3n\" data-ved=\"2ahUKEwi6z5eiwJuEAxX6g_0HHQTiCgYQ3ewLegQIBRAU\"><span class=\"Y2IQFc\" lang=\"fr\">Le produit en bois recycl\u00e9 se caract\u00e9rise par la pr\u00e9sence de blocs de bois de diff\u00e9rentes formes et couleurs. <\/span><\/li>\n<li class=\"tw-data-text tw-text-large tw-ta\" dir=\"ltr\" data-placeholder=\"Traducci\u00f3n\" data-ved=\"2ahUKEwi6z5eiwJuEAxX6g_0HHQTiCgYQ3ewLegQIBRAU\"><span class=\"Y2IQFc\" lang=\"fr\">Les fissures, fissures ou imperfections, qui peuvent \u00e9galement appara\u00eetre avec le temps, sont des caract\u00e9ristiques de ce mat\u00e9riau et rendent chaque pi\u00e8ce unique et originale.<\/span><\/li>\n<li class=\"tw-data-text tw-text-large tw-ta\" dir=\"ltr\" data-placeholder=\"Traducci\u00f3n\" data-ved=\"2ahUKEwi6z5eiwJuEAxX6g_0HHQTiCgYQ3ewLegQIBRAU\"><span class=\"Y2IQFc\" lang=\"fr\">MESURES : 240a &#8211; 100b &#8211; 77h. <\/span><\/li>\n<li class=\"tw-data-text tw-text-large tw-ta\" dir=\"ltr\" data-placeholder=\"Traducci\u00f3n\" data-ved=\"2ahUKEwi6z5eiwJuEAxX6g_0HHQTiCgYQ3ewLegQIBRAU\"><span class=\"Y2IQFc\" lang=\"fr\">MAT\u00c9RIAUX : Teck recycl\u00e9.<\/span><\/li>\n<\/ul>\n","protected":false},"excerpt":{"rendered":"<p>Teck svlk recycl\u00e9 (bois certifi\u00e9 issu de for\u00eats durables), finition rustique, \u00e9paisseur de planche 4,5 cm, pieds 11&#215;11 cm. Vis en acier inoxydable. Le produit en bois recycl\u00e9 se caract\u00e9rise par la pr\u00e9sence de blocs de bois de diff\u00e9rentes formes et couleurs. Les fissures, fissures ou imperfections, qui peuvent \u00e9galement appara\u00eetre avec le temps, sont [&#8230;]\n","protected":false},"featured_media":69348,"template":"","meta":[],"product_brand":[],"product_cat":[308,304],"product_tag":[],"class_list":{"0":"post-69372","1":"product","2":"type-product","3":"status-publish","4":"has-post-thumbnail","6":"product_cat-ensemble-de-tables-et-de-chaises","7":"product_cat-jardin-et-exterieur","9":"first","10":"outofstock","11":"shipping-taxable","12":"product-type-simple"},"yoast_head":"<!-- This site is optimized with the Yoast SEO plugin v27.2 - https:\/\/yoast.com\/product\/yoast-seo-wordpress\/ -->\n<title>TABLE BOUNTY EN TECK RECYCL\u00c9 240X100+ 8 CHAISE MADISON NOIRE. | mueble4you<\/title>\n<meta name=\"robots\" content=\"index, follow, max-snippet:-1, max-image-preview:large, max-video-preview:-1\" \/>\n<link rel=\"canonical\" href=\"https:\/\/mueble4you.com\/fr\/productos\/mesa-bounty-teca-reciclada-240x100-8-silla-madison-negra\/\" \/>\n<meta property=\"og:locale\" content=\"fr_FR\" \/>\n<meta property=\"og:type\" content=\"article\" \/>\n<meta property=\"og:title\" content=\"TABLE BOUNTY EN TECK RECYCL\u00c9 240X100+ 8 CHAISE MADISON NOIRE. | mueble4you\" \/>\n<meta property=\"og:description\" content=\"Teck svlk recycl\u00e9 (bois certifi\u00e9 issu de for\u00eats durables), finition rustique, \u00e9paisseur de planche 4,5 cm, pieds 11&#215;11 cm. Vis en acier inoxydable. Le produit en bois recycl\u00e9 se caract\u00e9rise par la pr\u00e9sence de blocs de bois de diff\u00e9rentes formes et couleurs. Les fissures, fissures ou imperfections, qui peuvent \u00e9galement appara\u00eetre avec le temps, sont [...]\" \/>\n<meta property=\"og:url\" content=\"https:\/\/mueble4you.com\/fr\/productos\/mesa-bounty-teca-reciclada-240x100-8-silla-madison-negra\/\" \/>\n<meta property=\"og:site_name\" content=\"mueble4you\" \/>\n<meta property=\"article:modified_time\" content=\"2024-02-08T10:13:16+00:00\" \/>\n<meta property=\"og:image\" content=\"https:\/\/mueble4you.com\/wp-content\/uploads\/2024\/01\/0804358.2.jpg\" \/>\n\t<meta property=\"og:image:width\" content=\"1356\" \/>\n\t<meta property=\"og:image:height\" content=\"1080\" \/>\n\t<meta property=\"og:image:type\" content=\"image\/jpeg\" \/>\n<meta name=\"twitter:card\" content=\"summary_large_image\" \/>\n<script type=\"application\/ld+json\" class=\"yoast-schema-graph\">{\"@context\":\"https:\/\/schema.org\",\"@graph\":[{\"@type\":\"WebPage\",\"@id\":\"https:\/\/mueble4you.com\/fr\/productos\/mesa-bounty-teca-reciclada-240x100-8-silla-madison-negra\/\",\"url\":\"https:\/\/mueble4you.com\/fr\/productos\/mesa-bounty-teca-reciclada-240x100-8-silla-madison-negra\/\",\"name\":\"TABLE BOUNTY EN TECK RECYCL\u00c9 240X100+ 8 CHAISE MADISON NOIRE. | mueble4you\",\"isPartOf\":{\"@id\":\"https:\/\/mueble4you.com\/#website\"},\"primaryImageOfPage\":{\"@id\":\"https:\/\/mueble4you.com\/fr\/productos\/mesa-bounty-teca-reciclada-240x100-8-silla-madison-negra\/#primaryimage\"},\"image\":{\"@id\":\"https:\/\/mueble4you.com\/fr\/productos\/mesa-bounty-teca-reciclada-240x100-8-silla-madison-negra\/#primaryimage\"},\"thumbnailUrl\":\"https:\/\/mueble4you.com\/wp-content\/uploads\/2024\/01\/0804358.2.jpg\",\"datePublished\":\"2024-01-26T10:52:44+00:00\",\"dateModified\":\"2024-02-08T10:13:16+00:00\",\"breadcrumb\":{\"@id\":\"https:\/\/mueble4you.com\/fr\/productos\/mesa-bounty-teca-reciclada-240x100-8-silla-madison-negra\/#breadcrumb\"},\"inLanguage\":\"fr-FR\",\"potentialAction\":[{\"@type\":\"ReadAction\",\"target\":[\"https:\/\/mueble4you.com\/fr\/productos\/mesa-bounty-teca-reciclada-240x100-8-silla-madison-negra\/\"]}]},{\"@type\":\"ImageObject\",\"inLanguage\":\"fr-FR\",\"@id\":\"https:\/\/mueble4you.com\/fr\/productos\/mesa-bounty-teca-reciclada-240x100-8-silla-madison-negra\/#primaryimage\",\"url\":\"https:\/\/mueble4you.com\/wp-content\/uploads\/2024\/01\/0804358.2.jpg\",\"contentUrl\":\"https:\/\/mueble4you.com\/wp-content\/uploads\/2024\/01\/0804358.2.jpg\",\"width\":1356,\"height\":1080},{\"@type\":\"BreadcrumbList\",\"@id\":\"https:\/\/mueble4you.com\/fr\/productos\/mesa-bounty-teca-reciclada-240x100-8-silla-madison-negra\/#breadcrumb\",\"itemListElement\":[{\"@type\":\"ListItem\",\"position\":1,\"name\":\"Portada\",\"item\":\"https:\/\/mueble4you.com\/fr\/\"},{\"@type\":\"ListItem\",\"position\":2,\"name\":\"Productos\",\"item\":\"https:\/\/mueble4you.com\/productos\/\"},{\"@type\":\"ListItem\",\"position\":3,\"name\":\"TABLE BOUNTY EN TECK RECYCL\u00c9 240X100+ 8 CHAISE MADISON NOIRE.\"}]},{\"@type\":\"WebSite\",\"@id\":\"https:\/\/mueble4you.com\/#website\",\"url\":\"https:\/\/mueble4you.com\/\",\"name\":\"mueble4you\",\"description\":\"Meubles \u00e0 Tenerife\",\"potentialAction\":[{\"@type\":\"SearchAction\",\"target\":{\"@type\":\"EntryPoint\",\"urlTemplate\":\"https:\/\/mueble4you.com\/?s={search_term_string}\"},\"query-input\":{\"@type\":\"PropertyValueSpecification\",\"valueRequired\":true,\"valueName\":\"search_term_string\"}}],\"inLanguage\":\"fr-FR\"}]}<\/script>\n<!-- \/ Yoast SEO plugin. -->","yoast_head_json":{"title":"TABLE BOUNTY EN TECK RECYCL\u00c9 240X100+ 8 CHAISE MADISON NOIRE. | mueble4you","robots":{"index":"index","follow":"follow","max-snippet":"max-snippet:-1","max-image-preview":"max-image-preview:large","max-video-preview":"max-video-preview:-1"},"canonical":"https:\/\/mueble4you.com\/fr\/productos\/mesa-bounty-teca-reciclada-240x100-8-silla-madison-negra\/","og_locale":"fr_FR","og_type":"article","og_title":"TABLE BOUNTY EN TECK RECYCL\u00c9 240X100+ 8 CHAISE MADISON NOIRE. | mueble4you","og_description":"Teck svlk recycl\u00e9 (bois certifi\u00e9 issu de for\u00eats durables), finition rustique, \u00e9paisseur de planche 4,5 cm, pieds 11&#215;11 cm. Vis en acier inoxydable. Le produit en bois recycl\u00e9 se caract\u00e9rise par la pr\u00e9sence de blocs de bois de diff\u00e9rentes formes et couleurs. Les fissures, fissures ou imperfections, qui peuvent \u00e9galement appara\u00eetre avec le temps, sont [...]","og_url":"https:\/\/mueble4you.com\/fr\/productos\/mesa-bounty-teca-reciclada-240x100-8-silla-madison-negra\/","og_site_name":"mueble4you","article_modified_time":"2024-02-08T10:13:16+00:00","og_image":[{"width":1356,"height":1080,"url":"https:\/\/mueble4you.com\/wp-content\/uploads\/2024\/01\/0804358.2.jpg","type":"image\/jpeg"}],"twitter_card":"summary_large_image","schema":{"@context":"https:\/\/schema.org","@graph":[{"@type":"WebPage","@id":"https:\/\/mueble4you.com\/fr\/productos\/mesa-bounty-teca-reciclada-240x100-8-silla-madison-negra\/","url":"https:\/\/mueble4you.com\/fr\/productos\/mesa-bounty-teca-reciclada-240x100-8-silla-madison-negra\/","name":"TABLE BOUNTY EN TECK RECYCL\u00c9 240X100+ 8 CHAISE MADISON NOIRE. | mueble4you","isPartOf":{"@id":"https:\/\/mueble4you.com\/#website"},"primaryImageOfPage":{"@id":"https:\/\/mueble4you.com\/fr\/productos\/mesa-bounty-teca-reciclada-240x100-8-silla-madison-negra\/#primaryimage"},"image":{"@id":"https:\/\/mueble4you.com\/fr\/productos\/mesa-bounty-teca-reciclada-240x100-8-silla-madison-negra\/#primaryimage"},"thumbnailUrl":"https:\/\/mueble4you.com\/wp-content\/uploads\/2024\/01\/0804358.2.jpg","datePublished":"2024-01-26T10:52:44+00:00","dateModified":"2024-02-08T10:13:16+00:00","breadcrumb":{"@id":"https:\/\/mueble4you.com\/fr\/productos\/mesa-bounty-teca-reciclada-240x100-8-silla-madison-negra\/#breadcrumb"},"inLanguage":"fr-FR","potentialAction":[{"@type":"ReadAction","target":["https:\/\/mueble4you.com\/fr\/productos\/mesa-bounty-teca-reciclada-240x100-8-silla-madison-negra\/"]}]},{"@type":"ImageObject","inLanguage":"fr-FR","@id":"https:\/\/mueble4you.com\/fr\/productos\/mesa-bounty-teca-reciclada-240x100-8-silla-madison-negra\/#primaryimage","url":"https:\/\/mueble4you.com\/wp-content\/uploads\/2024\/01\/0804358.2.jpg","contentUrl":"https:\/\/mueble4you.com\/wp-content\/uploads\/2024\/01\/0804358.2.jpg","width":1356,"height":1080},{"@type":"BreadcrumbList","@id":"https:\/\/mueble4you.com\/fr\/productos\/mesa-bounty-teca-reciclada-240x100-8-silla-madison-negra\/#breadcrumb","itemListElement":[{"@type":"ListItem","position":1,"name":"Portada","item":"https:\/\/mueble4you.com\/fr\/"},{"@type":"ListItem","position":2,"name":"Productos","item":"https:\/\/mueble4you.com\/productos\/"},{"@type":"ListItem","position":3,"name":"TABLE BOUNTY EN TECK RECYCL\u00c9 240X100+ 8 CHAISE MADISON NOIRE."}]},{"@type":"WebSite","@id":"https:\/\/mueble4you.com\/#website","url":"https:\/\/mueble4you.com\/","name":"mueble4you","description":"Meubles \u00e0 Tenerife","potentialAction":[{"@type":"SearchAction","target":{"@type":"EntryPoint","urlTemplate":"https:\/\/mueble4you.com\/?s={search_term_string}"},"query-input":{"@type":"PropertyValueSpecification","valueRequired":true,"valueName":"search_term_string"}}],"inLanguage":"fr-FR"}]}},"_links":{"self":[{"href":"https:\/\/mueble4you.com\/fr\/wp-json\/wp\/v2\/product\/69372","targetHints":{"allow":["GET"]}}],"collection":[{"href":"https:\/\/mueble4you.com\/fr\/wp-json\/wp\/v2\/product"}],"about":[{"href":"https:\/\/mueble4you.com\/fr\/wp-json\/wp\/v2\/types\/product"}],"wp:featuredmedia":[{"embeddable":true,"href":"https:\/\/mueble4you.com\/fr\/wp-json\/wp\/v2\/media\/69348"}],"wp:attachment":[{"href":"https:\/\/mueble4you.com\/fr\/wp-json\/wp\/v2\/media?parent=69372"}],"wp:term":[{"taxonomy":"product_brand","embeddable":true,"href":"https:\/\/mueble4you.com\/fr\/wp-json\/wp\/v2\/product_brand?post=69372"},{"taxonomy":"product_cat","embeddable":true,"href":"https:\/\/mueble4you.com\/fr\/wp-json\/wp\/v2\/product_cat?post=69372"},{"taxonomy":"product_tag","embeddable":true,"href":"https:\/\/mueble4you.com\/fr\/wp-json\/wp\/v2\/product_tag?post=69372"}],"curies":[{"name":"wp","href":"https:\/\/api.w.org\/{rel}","templated":true}]}}