{"id":69285,"date":"2024-01-24T16:34:55","date_gmt":"2024-01-24T16:34:55","guid":{"rendered":"https:\/\/mueble4you.com\/productos\/sombrilla-excent-capua-crudo-3x4\/"},"modified":"2024-02-07T16:39:17","modified_gmt":"2024-02-07T16:39:17","slug":"sombrilla-excent-capua-crudo-3x4","status":"publish","type":"product","link":"https:\/\/mueble4you.com\/fr\/productos\/sombrilla-excent-capua-crudo-3x4\/","title":{"rendered":"EXC\u00c9NT PARAPLUIE CAPUCHE 3X4 \u00c9cru."},"content":{"rendered":"<ul>\n<li id=\"tw-target-text\" class=\"tw-data-text tw-text-large tw-ta\" dir=\"ltr\" data-placeholder=\"Traducci\u00f3n\" data-ved=\"2ahUKEwjZvpLm_piEAxUY_7sIHW1_B88Q3ewLegQIBRAU\"><span class=\"Y2IQFc\" lang=\"fr\">Structure en bois avec rev\u00eatement \u00e0 base de nitrocellulose couleur teck. b\u00e2ton 93x93mm, 8 tiges 20x35mm, avec embouts en aluminium et inserts en cuir. cube en bois avec tiges en bois accroch\u00e9es. pi\u00e8tement lat\u00e9ral en acier. B\u00e2ton rotatif manuellement \u00e0 180\u00b0. Toile polyester \u00e9crue 270gr\/m2 avec enduction pa (polyamide) avec chemin\u00e9e coupe-vent. <\/span><\/li>\n<li class=\"tw-data-text tw-text-large tw-ta\" dir=\"ltr\" data-placeholder=\"Traducci\u00f3n\" data-ved=\"2ahUKEwjZvpLm_piEAxUY_7sIHW1_B88Q3ewLegQIBRAU\"><span class=\"Y2IQFc\" lang=\"fr\">carrelage inclus. <\/span><\/li>\n<li class=\"tw-data-text tw-text-large tw-ta\" dir=\"ltr\" data-placeholder=\"Traducci\u00f3n\" data-ved=\"2ahUKEwjZvpLm_piEAxUY_7sIHW1_B88Q3ewLegQIBRAU\"><span class=\"Y2IQFc\" lang=\"fr\">400a &#8211; 300b &#8211; 320h.<\/span><\/li>\n<\/ul>\n","protected":false},"excerpt":{"rendered":"<p>Structure en bois avec rev\u00eatement \u00e0 base de nitrocellulose couleur teck. b\u00e2ton 93x93mm, 8 tiges 20x35mm, avec embouts en aluminium et inserts en cuir. cube en bois avec tiges en bois accroch\u00e9es. pi\u00e8tement lat\u00e9ral en acier. B\u00e2ton rotatif manuellement \u00e0 180\u00b0. Toile polyester \u00e9crue 270gr\/m2 avec enduction pa (polyamide) avec chemin\u00e9e coupe-vent. carrelage inclus. 400a [&#8230;]\n","protected":false},"featured_media":69276,"template":"","meta":[],"product_brand":[],"product_cat":[316,304],"product_tag":[],"class_list":{"0":"post-69285","1":"product","2":"type-product","3":"status-publish","4":"has-post-thumbnail","6":"product_cat-gazibo-parasol","7":"product_cat-jardin-et-exterieur","9":"first","10":"instock","11":"shipping-taxable","12":"product-type-simple"},"yoast_head":"<!-- This site is optimized with the Yoast SEO plugin v27.3 - https:\/\/yoast.com\/product\/yoast-seo-wordpress\/ -->\n<title>EXC\u00c9NT PARAPLUIE CAPUCHE 3X4 \u00c9cru. | mueble4you<\/title>\n<meta name=\"robots\" content=\"index, follow, max-snippet:-1, max-image-preview:large, max-video-preview:-1\" \/>\n<link rel=\"canonical\" href=\"https:\/\/mueble4you.com\/fr\/productos\/sombrilla-excent-capua-crudo-3x4\/\" \/>\n<meta property=\"og:locale\" content=\"fr_FR\" \/>\n<meta property=\"og:type\" content=\"article\" \/>\n<meta property=\"og:title\" content=\"EXC\u00c9NT PARAPLUIE CAPUCHE 3X4 \u00c9cru. | mueble4you\" \/>\n<meta property=\"og:description\" content=\"Structure en bois avec rev\u00eatement \u00e0 base de nitrocellulose couleur teck. b\u00e2ton 93x93mm, 8 tiges 20x35mm, avec embouts en aluminium et inserts en cuir. cube en bois avec tiges en bois accroch\u00e9es. pi\u00e8tement lat\u00e9ral en acier. B\u00e2ton rotatif manuellement \u00e0 180\u00b0. Toile polyester \u00e9crue 270gr\/m2 avec enduction pa (polyamide) avec chemin\u00e9e coupe-vent. carrelage inclus. 400a [...]\" \/>\n<meta property=\"og:url\" content=\"https:\/\/mueble4you.com\/fr\/productos\/sombrilla-excent-capua-crudo-3x4\/\" \/>\n<meta property=\"og:site_name\" content=\"mueble4you\" \/>\n<meta property=\"article:modified_time\" content=\"2024-02-07T16:39:17+00:00\" \/>\n<meta property=\"og:image\" content=\"https:\/\/mueble4you.com\/wp-content\/uploads\/2024\/01\/0795478.jpg\" \/>\n\t<meta property=\"og:image:width\" content=\"1153\" \/>\n\t<meta property=\"og:image:height\" content=\"1080\" \/>\n\t<meta property=\"og:image:type\" content=\"image\/jpeg\" \/>\n<meta name=\"twitter:card\" content=\"summary_large_image\" \/>\n<script type=\"application\/ld+json\" class=\"yoast-schema-graph\">{\"@context\":\"https:\\\/\\\/schema.org\",\"@graph\":[{\"@type\":\"WebPage\",\"@id\":\"https:\\\/\\\/mueble4you.com\\\/fr\\\/productos\\\/sombrilla-excent-capua-crudo-3x4\\\/\",\"url\":\"https:\\\/\\\/mueble4you.com\\\/fr\\\/productos\\\/sombrilla-excent-capua-crudo-3x4\\\/\",\"name\":\"EXC\u00c9NT PARAPLUIE CAPUCHE 3X4 \u00c9cru. | mueble4you\",\"isPartOf\":{\"@id\":\"https:\\\/\\\/mueble4you.com\\\/#website\"},\"primaryImageOfPage\":{\"@id\":\"https:\\\/\\\/mueble4you.com\\\/fr\\\/productos\\\/sombrilla-excent-capua-crudo-3x4\\\/#primaryimage\"},\"image\":{\"@id\":\"https:\\\/\\\/mueble4you.com\\\/fr\\\/productos\\\/sombrilla-excent-capua-crudo-3x4\\\/#primaryimage\"},\"thumbnailUrl\":\"https:\\\/\\\/mueble4you.com\\\/wp-content\\\/uploads\\\/2024\\\/01\\\/0795478.jpg\",\"datePublished\":\"2024-01-24T16:34:55+00:00\",\"dateModified\":\"2024-02-07T16:39:17+00:00\",\"breadcrumb\":{\"@id\":\"https:\\\/\\\/mueble4you.com\\\/fr\\\/productos\\\/sombrilla-excent-capua-crudo-3x4\\\/#breadcrumb\"},\"inLanguage\":\"fr-FR\",\"potentialAction\":[{\"@type\":\"ReadAction\",\"target\":[\"https:\\\/\\\/mueble4you.com\\\/fr\\\/productos\\\/sombrilla-excent-capua-crudo-3x4\\\/\"]}]},{\"@type\":\"ImageObject\",\"inLanguage\":\"fr-FR\",\"@id\":\"https:\\\/\\\/mueble4you.com\\\/fr\\\/productos\\\/sombrilla-excent-capua-crudo-3x4\\\/#primaryimage\",\"url\":\"https:\\\/\\\/mueble4you.com\\\/wp-content\\\/uploads\\\/2024\\\/01\\\/0795478.jpg\",\"contentUrl\":\"https:\\\/\\\/mueble4you.com\\\/wp-content\\\/uploads\\\/2024\\\/01\\\/0795478.jpg\",\"width\":1153,\"height\":1080},{\"@type\":\"BreadcrumbList\",\"@id\":\"https:\\\/\\\/mueble4you.com\\\/fr\\\/productos\\\/sombrilla-excent-capua-crudo-3x4\\\/#breadcrumb\",\"itemListElement\":[{\"@type\":\"ListItem\",\"position\":1,\"name\":\"Portada\",\"item\":\"https:\\\/\\\/mueble4you.com\\\/fr\\\/\"},{\"@type\":\"ListItem\",\"position\":2,\"name\":\"Productos\",\"item\":\"https:\\\/\\\/mueble4you.com\\\/productos\\\/\"},{\"@type\":\"ListItem\",\"position\":3,\"name\":\"EXC\u00c9NT PARAPLUIE CAPUCHE 3X4 \u00c9cru.\"}]},{\"@type\":\"WebSite\",\"@id\":\"https:\\\/\\\/mueble4you.com\\\/#website\",\"url\":\"https:\\\/\\\/mueble4you.com\\\/\",\"name\":\"mueble4you\",\"description\":\"Meubles \u00e0 Tenerife\",\"potentialAction\":[{\"@type\":\"SearchAction\",\"target\":{\"@type\":\"EntryPoint\",\"urlTemplate\":\"https:\\\/\\\/mueble4you.com\\\/?s={search_term_string}\"},\"query-input\":{\"@type\":\"PropertyValueSpecification\",\"valueRequired\":true,\"valueName\":\"search_term_string\"}}],\"inLanguage\":\"fr-FR\"}]}<\/script>\n<!-- \/ Yoast SEO plugin. -->","yoast_head_json":{"title":"EXC\u00c9NT PARAPLUIE CAPUCHE 3X4 \u00c9cru. | mueble4you","robots":{"index":"index","follow":"follow","max-snippet":"max-snippet:-1","max-image-preview":"max-image-preview:large","max-video-preview":"max-video-preview:-1"},"canonical":"https:\/\/mueble4you.com\/fr\/productos\/sombrilla-excent-capua-crudo-3x4\/","og_locale":"fr_FR","og_type":"article","og_title":"EXC\u00c9NT PARAPLUIE CAPUCHE 3X4 \u00c9cru. | mueble4you","og_description":"Structure en bois avec rev\u00eatement \u00e0 base de nitrocellulose couleur teck. b\u00e2ton 93x93mm, 8 tiges 20x35mm, avec embouts en aluminium et inserts en cuir. cube en bois avec tiges en bois accroch\u00e9es. pi\u00e8tement lat\u00e9ral en acier. B\u00e2ton rotatif manuellement \u00e0 180\u00b0. Toile polyester \u00e9crue 270gr\/m2 avec enduction pa (polyamide) avec chemin\u00e9e coupe-vent. carrelage inclus. 400a [...]","og_url":"https:\/\/mueble4you.com\/fr\/productos\/sombrilla-excent-capua-crudo-3x4\/","og_site_name":"mueble4you","article_modified_time":"2024-02-07T16:39:17+00:00","og_image":[{"width":1153,"height":1080,"url":"https:\/\/mueble4you.com\/wp-content\/uploads\/2024\/01\/0795478.jpg","type":"image\/jpeg"}],"twitter_card":"summary_large_image","schema":{"@context":"https:\/\/schema.org","@graph":[{"@type":"WebPage","@id":"https:\/\/mueble4you.com\/fr\/productos\/sombrilla-excent-capua-crudo-3x4\/","url":"https:\/\/mueble4you.com\/fr\/productos\/sombrilla-excent-capua-crudo-3x4\/","name":"EXC\u00c9NT PARAPLUIE CAPUCHE 3X4 \u00c9cru. | mueble4you","isPartOf":{"@id":"https:\/\/mueble4you.com\/#website"},"primaryImageOfPage":{"@id":"https:\/\/mueble4you.com\/fr\/productos\/sombrilla-excent-capua-crudo-3x4\/#primaryimage"},"image":{"@id":"https:\/\/mueble4you.com\/fr\/productos\/sombrilla-excent-capua-crudo-3x4\/#primaryimage"},"thumbnailUrl":"https:\/\/mueble4you.com\/wp-content\/uploads\/2024\/01\/0795478.jpg","datePublished":"2024-01-24T16:34:55+00:00","dateModified":"2024-02-07T16:39:17+00:00","breadcrumb":{"@id":"https:\/\/mueble4you.com\/fr\/productos\/sombrilla-excent-capua-crudo-3x4\/#breadcrumb"},"inLanguage":"fr-FR","potentialAction":[{"@type":"ReadAction","target":["https:\/\/mueble4you.com\/fr\/productos\/sombrilla-excent-capua-crudo-3x4\/"]}]},{"@type":"ImageObject","inLanguage":"fr-FR","@id":"https:\/\/mueble4you.com\/fr\/productos\/sombrilla-excent-capua-crudo-3x4\/#primaryimage","url":"https:\/\/mueble4you.com\/wp-content\/uploads\/2024\/01\/0795478.jpg","contentUrl":"https:\/\/mueble4you.com\/wp-content\/uploads\/2024\/01\/0795478.jpg","width":1153,"height":1080},{"@type":"BreadcrumbList","@id":"https:\/\/mueble4you.com\/fr\/productos\/sombrilla-excent-capua-crudo-3x4\/#breadcrumb","itemListElement":[{"@type":"ListItem","position":1,"name":"Portada","item":"https:\/\/mueble4you.com\/fr\/"},{"@type":"ListItem","position":2,"name":"Productos","item":"https:\/\/mueble4you.com\/productos\/"},{"@type":"ListItem","position":3,"name":"EXC\u00c9NT PARAPLUIE CAPUCHE 3X4 \u00c9cru."}]},{"@type":"WebSite","@id":"https:\/\/mueble4you.com\/#website","url":"https:\/\/mueble4you.com\/","name":"mueble4you","description":"Meubles \u00e0 Tenerife","potentialAction":[{"@type":"SearchAction","target":{"@type":"EntryPoint","urlTemplate":"https:\/\/mueble4you.com\/?s={search_term_string}"},"query-input":{"@type":"PropertyValueSpecification","valueRequired":true,"valueName":"search_term_string"}}],"inLanguage":"fr-FR"}]}},"_links":{"self":[{"href":"https:\/\/mueble4you.com\/fr\/wp-json\/wp\/v2\/product\/69285","targetHints":{"allow":["GET"]}}],"collection":[{"href":"https:\/\/mueble4you.com\/fr\/wp-json\/wp\/v2\/product"}],"about":[{"href":"https:\/\/mueble4you.com\/fr\/wp-json\/wp\/v2\/types\/product"}],"wp:featuredmedia":[{"embeddable":true,"href":"https:\/\/mueble4you.com\/fr\/wp-json\/wp\/v2\/media\/69276"}],"wp:attachment":[{"href":"https:\/\/mueble4you.com\/fr\/wp-json\/wp\/v2\/media?parent=69285"}],"wp:term":[{"taxonomy":"product_brand","embeddable":true,"href":"https:\/\/mueble4you.com\/fr\/wp-json\/wp\/v2\/product_brand?post=69285"},{"taxonomy":"product_cat","embeddable":true,"href":"https:\/\/mueble4you.com\/fr\/wp-json\/wp\/v2\/product_cat?post=69285"},{"taxonomy":"product_tag","embeddable":true,"href":"https:\/\/mueble4you.com\/fr\/wp-json\/wp\/v2\/product_tag?post=69285"}],"curies":[{"name":"wp","href":"https:\/\/api.w.org\/{rel}","templated":true}]}}