{"id":69239,"date":"2024-01-24T15:40:05","date_gmt":"2024-01-24T15:40:05","guid":{"rendered":"https:\/\/mueble4you.com\/productos\/sillon-colgante-cc-amirantes-blanco\/"},"modified":"2024-01-24T15:41:35","modified_gmt":"2024-01-24T15:41:35","slug":"sillon-colgante-cc-amirantes-blanco","status":"publish","type":"product","link":"https:\/\/mueble4you.com\/fr\/productos\/sillon-colgante-cc-amirantes-blanco\/","title":{"rendered":"SILL\u00d3N COLGANTE CC AMIRANTES BLANCO"},"content":{"rendered":"<ul>\n<li id=\"detailProductForm:artDettPnl\" class=\"ui-outputpanel ui-widget artDettPnl\"><span class=\"detailProductDescr\">Estructura de acero, barnizada con polvo (poli\u00e9ster), trenzado de fibra sint\u00e9tica (4.2mm).\u00a0<\/span><\/li>\n<li class=\"ui-outputpanel ui-widget artDettPnl\"><span class=\"detailProductDescr\">cojines no desenfundables con tejido poli\u00e9ster. capacidad m\u00e1xima: 100kg.<\/span><\/li>\n<li><span class=\"detailprodCaratPnlTitle\">MEDIDAS:<\/span><span class=\"detailProductDescr\"> base: \u00f8105a &#8211; 198h medida sentada: 80a &#8211; 72b &#8211; 125h.<\/span><\/li>\n<\/ul>\n<div id=\"detailProductForm:artFeaturesPnl\" class=\"ui-outputpanel ui-widget artFeaturesPnl\"><\/div>\n","protected":false},"excerpt":{"rendered":"<p>Estructura de acero, barnizada con polvo (poli\u00e9ster), trenzado de fibra sint\u00e9tica (4.2mm).\u00a0 cojines no desenfundables con tejido poli\u00e9ster. capacidad m\u00e1xima: 100kg. MEDIDAS: base: \u00f8105a &#8211; 198h medida sentada: 80a &#8211; 72b &#8211; 125h.<\/p>\n","protected":false},"featured_media":69244,"template":"","meta":[],"product_brand":[],"product_cat":[316,304],"product_tag":[],"class_list":{"0":"post-69239","1":"product","2":"type-product","3":"status-publish","4":"has-post-thumbnail","6":"product_cat-gazibo-parasol","7":"product_cat-jardin-et-exterieur","9":"first","10":"instock","11":"shipping-taxable","12":"product-type-simple"},"yoast_head":"<!-- This site is optimized with the Yoast SEO plugin v27.3 - https:\/\/yoast.com\/product\/yoast-seo-wordpress\/ -->\n<title>SILL\u00d3N COLGANTE CC AMIRANTES BLANCO | mueble4you<\/title>\n<meta name=\"robots\" content=\"index, follow, max-snippet:-1, max-image-preview:large, max-video-preview:-1\" \/>\n<link rel=\"canonical\" href=\"https:\/\/mueble4you.com\/fr\/productos\/sillon-colgante-cc-amirantes-blanco\/\" \/>\n<meta property=\"og:locale\" content=\"fr_FR\" \/>\n<meta property=\"og:type\" content=\"article\" \/>\n<meta property=\"og:title\" content=\"SILL\u00d3N COLGANTE CC AMIRANTES BLANCO | mueble4you\" \/>\n<meta property=\"og:description\" content=\"Estructura de acero, barnizada con polvo (poli\u00e9ster), trenzado de fibra sint\u00e9tica (4.2mm).\u00a0 cojines no desenfundables con tejido poli\u00e9ster. capacidad m\u00e1xima: 100kg. MEDIDAS: base: \u00f8105a &#8211; 198h medida sentada: 80a &#8211; 72b &#8211; 125h.\" \/>\n<meta property=\"og:url\" content=\"https:\/\/mueble4you.com\/fr\/productos\/sillon-colgante-cc-amirantes-blanco\/\" \/>\n<meta property=\"og:site_name\" content=\"mueble4you\" \/>\n<meta property=\"article:modified_time\" content=\"2024-01-24T15:41:35+00:00\" \/>\n<meta property=\"og:image\" content=\"https:\/\/mueble4you.com\/wp-content\/uploads\/2024\/01\/0661779.jpg\" \/>\n\t<meta property=\"og:image:width\" content=\"706\" \/>\n\t<meta property=\"og:image:height\" content=\"1080\" \/>\n\t<meta property=\"og:image:type\" content=\"image\/jpeg\" \/>\n<meta name=\"twitter:card\" content=\"summary_large_image\" \/>\n<script type=\"application\/ld+json\" class=\"yoast-schema-graph\">{\"@context\":\"https:\\\/\\\/schema.org\",\"@graph\":[{\"@type\":\"WebPage\",\"@id\":\"https:\\\/\\\/mueble4you.com\\\/fr\\\/productos\\\/sillon-colgante-cc-amirantes-blanco\\\/\",\"url\":\"https:\\\/\\\/mueble4you.com\\\/fr\\\/productos\\\/sillon-colgante-cc-amirantes-blanco\\\/\",\"name\":\"SILL\u00d3N COLGANTE CC AMIRANTES BLANCO | mueble4you\",\"isPartOf\":{\"@id\":\"https:\\\/\\\/mueble4you.com\\\/#website\"},\"primaryImageOfPage\":{\"@id\":\"https:\\\/\\\/mueble4you.com\\\/fr\\\/productos\\\/sillon-colgante-cc-amirantes-blanco\\\/#primaryimage\"},\"image\":{\"@id\":\"https:\\\/\\\/mueble4you.com\\\/fr\\\/productos\\\/sillon-colgante-cc-amirantes-blanco\\\/#primaryimage\"},\"thumbnailUrl\":\"https:\\\/\\\/mueble4you.com\\\/wp-content\\\/uploads\\\/2024\\\/01\\\/0661779.jpg\",\"datePublished\":\"2024-01-24T15:40:05+00:00\",\"dateModified\":\"2024-01-24T15:41:35+00:00\",\"breadcrumb\":{\"@id\":\"https:\\\/\\\/mueble4you.com\\\/fr\\\/productos\\\/sillon-colgante-cc-amirantes-blanco\\\/#breadcrumb\"},\"inLanguage\":\"fr-FR\",\"potentialAction\":[{\"@type\":\"ReadAction\",\"target\":[\"https:\\\/\\\/mueble4you.com\\\/fr\\\/productos\\\/sillon-colgante-cc-amirantes-blanco\\\/\"]}]},{\"@type\":\"ImageObject\",\"inLanguage\":\"fr-FR\",\"@id\":\"https:\\\/\\\/mueble4you.com\\\/fr\\\/productos\\\/sillon-colgante-cc-amirantes-blanco\\\/#primaryimage\",\"url\":\"https:\\\/\\\/mueble4you.com\\\/wp-content\\\/uploads\\\/2024\\\/01\\\/0661779.jpg\",\"contentUrl\":\"https:\\\/\\\/mueble4you.com\\\/wp-content\\\/uploads\\\/2024\\\/01\\\/0661779.jpg\",\"width\":706,\"height\":1080},{\"@type\":\"BreadcrumbList\",\"@id\":\"https:\\\/\\\/mueble4you.com\\\/fr\\\/productos\\\/sillon-colgante-cc-amirantes-blanco\\\/#breadcrumb\",\"itemListElement\":[{\"@type\":\"ListItem\",\"position\":1,\"name\":\"Portada\",\"item\":\"https:\\\/\\\/mueble4you.com\\\/fr\\\/\"},{\"@type\":\"ListItem\",\"position\":2,\"name\":\"Productos\",\"item\":\"https:\\\/\\\/mueble4you.com\\\/productos\\\/\"},{\"@type\":\"ListItem\",\"position\":3,\"name\":\"SILL\u00d3N COLGANTE CC AMIRANTES BLANCO\"}]},{\"@type\":\"WebSite\",\"@id\":\"https:\\\/\\\/mueble4you.com\\\/#website\",\"url\":\"https:\\\/\\\/mueble4you.com\\\/\",\"name\":\"mueble4you\",\"description\":\"Meubles \u00e0 Tenerife\",\"potentialAction\":[{\"@type\":\"SearchAction\",\"target\":{\"@type\":\"EntryPoint\",\"urlTemplate\":\"https:\\\/\\\/mueble4you.com\\\/?s={search_term_string}\"},\"query-input\":{\"@type\":\"PropertyValueSpecification\",\"valueRequired\":true,\"valueName\":\"search_term_string\"}}],\"inLanguage\":\"fr-FR\"}]}<\/script>\n<!-- \/ Yoast SEO plugin. -->","yoast_head_json":{"title":"SILL\u00d3N COLGANTE CC AMIRANTES BLANCO | mueble4you","robots":{"index":"index","follow":"follow","max-snippet":"max-snippet:-1","max-image-preview":"max-image-preview:large","max-video-preview":"max-video-preview:-1"},"canonical":"https:\/\/mueble4you.com\/fr\/productos\/sillon-colgante-cc-amirantes-blanco\/","og_locale":"fr_FR","og_type":"article","og_title":"SILL\u00d3N COLGANTE CC AMIRANTES BLANCO | mueble4you","og_description":"Estructura de acero, barnizada con polvo (poli\u00e9ster), trenzado de fibra sint\u00e9tica (4.2mm).\u00a0 cojines no desenfundables con tejido poli\u00e9ster. capacidad m\u00e1xima: 100kg. MEDIDAS: base: \u00f8105a &#8211; 198h medida sentada: 80a &#8211; 72b &#8211; 125h.","og_url":"https:\/\/mueble4you.com\/fr\/productos\/sillon-colgante-cc-amirantes-blanco\/","og_site_name":"mueble4you","article_modified_time":"2024-01-24T15:41:35+00:00","og_image":[{"width":706,"height":1080,"url":"https:\/\/mueble4you.com\/wp-content\/uploads\/2024\/01\/0661779.jpg","type":"image\/jpeg"}],"twitter_card":"summary_large_image","schema":{"@context":"https:\/\/schema.org","@graph":[{"@type":"WebPage","@id":"https:\/\/mueble4you.com\/fr\/productos\/sillon-colgante-cc-amirantes-blanco\/","url":"https:\/\/mueble4you.com\/fr\/productos\/sillon-colgante-cc-amirantes-blanco\/","name":"SILL\u00d3N COLGANTE CC AMIRANTES BLANCO | mueble4you","isPartOf":{"@id":"https:\/\/mueble4you.com\/#website"},"primaryImageOfPage":{"@id":"https:\/\/mueble4you.com\/fr\/productos\/sillon-colgante-cc-amirantes-blanco\/#primaryimage"},"image":{"@id":"https:\/\/mueble4you.com\/fr\/productos\/sillon-colgante-cc-amirantes-blanco\/#primaryimage"},"thumbnailUrl":"https:\/\/mueble4you.com\/wp-content\/uploads\/2024\/01\/0661779.jpg","datePublished":"2024-01-24T15:40:05+00:00","dateModified":"2024-01-24T15:41:35+00:00","breadcrumb":{"@id":"https:\/\/mueble4you.com\/fr\/productos\/sillon-colgante-cc-amirantes-blanco\/#breadcrumb"},"inLanguage":"fr-FR","potentialAction":[{"@type":"ReadAction","target":["https:\/\/mueble4you.com\/fr\/productos\/sillon-colgante-cc-amirantes-blanco\/"]}]},{"@type":"ImageObject","inLanguage":"fr-FR","@id":"https:\/\/mueble4you.com\/fr\/productos\/sillon-colgante-cc-amirantes-blanco\/#primaryimage","url":"https:\/\/mueble4you.com\/wp-content\/uploads\/2024\/01\/0661779.jpg","contentUrl":"https:\/\/mueble4you.com\/wp-content\/uploads\/2024\/01\/0661779.jpg","width":706,"height":1080},{"@type":"BreadcrumbList","@id":"https:\/\/mueble4you.com\/fr\/productos\/sillon-colgante-cc-amirantes-blanco\/#breadcrumb","itemListElement":[{"@type":"ListItem","position":1,"name":"Portada","item":"https:\/\/mueble4you.com\/fr\/"},{"@type":"ListItem","position":2,"name":"Productos","item":"https:\/\/mueble4you.com\/productos\/"},{"@type":"ListItem","position":3,"name":"SILL\u00d3N COLGANTE CC AMIRANTES BLANCO"}]},{"@type":"WebSite","@id":"https:\/\/mueble4you.com\/#website","url":"https:\/\/mueble4you.com\/","name":"mueble4you","description":"Meubles \u00e0 Tenerife","potentialAction":[{"@type":"SearchAction","target":{"@type":"EntryPoint","urlTemplate":"https:\/\/mueble4you.com\/?s={search_term_string}"},"query-input":{"@type":"PropertyValueSpecification","valueRequired":true,"valueName":"search_term_string"}}],"inLanguage":"fr-FR"}]}},"_links":{"self":[{"href":"https:\/\/mueble4you.com\/fr\/wp-json\/wp\/v2\/product\/69239","targetHints":{"allow":["GET"]}}],"collection":[{"href":"https:\/\/mueble4you.com\/fr\/wp-json\/wp\/v2\/product"}],"about":[{"href":"https:\/\/mueble4you.com\/fr\/wp-json\/wp\/v2\/types\/product"}],"wp:featuredmedia":[{"embeddable":true,"href":"https:\/\/mueble4you.com\/fr\/wp-json\/wp\/v2\/media\/69244"}],"wp:attachment":[{"href":"https:\/\/mueble4you.com\/fr\/wp-json\/wp\/v2\/media?parent=69239"}],"wp:term":[{"taxonomy":"product_brand","embeddable":true,"href":"https:\/\/mueble4you.com\/fr\/wp-json\/wp\/v2\/product_brand?post=69239"},{"taxonomy":"product_cat","embeddable":true,"href":"https:\/\/mueble4you.com\/fr\/wp-json\/wp\/v2\/product_cat?post=69239"},{"taxonomy":"product_tag","embeddable":true,"href":"https:\/\/mueble4you.com\/fr\/wp-json\/wp\/v2\/product_tag?post=69239"}],"curies":[{"name":"wp","href":"https:\/\/api.w.org\/{rel}","templated":true}]}}