{"id":68253,"date":"2023-12-26T10:44:00","date_gmt":"2023-12-26T10:44:00","guid":{"rendered":"https:\/\/mueble4you.com\/productos\/mesa-de-centro-madera-metal-mumbai-125x65x45-cm\/"},"modified":"2023-12-27T10:53:06","modified_gmt":"2023-12-27T10:53:06","slug":"mesa-de-centro-madera-metal-mumbai-125x65x45-cm","status":"publish","type":"product","link":"https:\/\/mueble4you.com\/fr\/productos\/mesa-de-centro-madera-metal-mumbai-125x65x45-cm\/","title":{"rendered":"TABLE BASSE MUMBAI EN BOIS ET M\u00c9TAL 125x65x45 CM."},"content":{"rendered":"<ul>\n<li id=\"tw-target-text\" class=\"tw-data-text tw-text-large tw-ta\" dir=\"ltr\" data-placeholder=\"Traducci\u00f3n\" data-ved=\"2ahUKEwi756CmtK-DAxWWQEEAHbFPArsQ3ewLegQICBAQ\"><span class=\"Y2IQFc\" lang=\"fr\">MAT\u00c9RIEL : BOIS DE MANGUIER \/ M\u00c9TAL \/ VERRE.<\/span><\/li>\n<li class=\"tw-data-text tw-text-large tw-ta\" dir=\"ltr\" data-placeholder=\"Traducci\u00f3n\" data-ved=\"2ahUKEwi756CmtK-DAxWWQEEAHbFPArsQ3ewLegQICBAQ\"><span class=\"Y2IQFc\" lang=\"fr\">\u00a0COULEUR : NATUREL \/ DOR\u00c9.<\/span><\/li>\n<li class=\"tw-data-text tw-text-large tw-ta\" dir=\"ltr\" data-placeholder=\"Traducci\u00f3n\" data-ved=\"2ahUKEwi756CmtK-DAxWWQEEAHbFPArsQ3ewLegQICBAQ\"><span class=\"Y2IQFc\" lang=\"fr\">\u00a0REMARQUES : VERRE : 8 MM ; DU SOL \u00c0 LA PARTIE INF\u00c9RIEURE : 40 CM ; SANS PIEDS : 5 CM ; 2 PIEDS : 41X26X43 CM ; S\u00c9PARATION ENTRE LES JAMBES : HAUT : 34 CM ; FOND : 73 CM ; C\u00d4T\u00c9 : 30 CM.<\/span><\/li>\n<li class=\"tw-data-text tw-text-large tw-ta\" dir=\"ltr\" data-placeholder=\"Traducci\u00f3n\" data-ved=\"2ahUKEwi756CmtK-DAxWWQEEAHbFPArsQ3ewLegQICBAQ\"><span class=\"Y2IQFc\" lang=\"fr\"> Cette table basse en bois de manguier marron et dot\u00e9e d&rsquo;une surface en verre sera id\u00e9ale pour compl\u00e9ter la d\u00e9coration de votre salon avec un style naturel et design. De plus, la valeur est ajout\u00e9e gr\u00e2ce \u00e0 sa surface combin\u00e9e au m\u00e9tal dor\u00e9.<\/span><\/li>\n<\/ul>\n","protected":false},"excerpt":{"rendered":"<p>MAT\u00c9RIEL : BOIS DE MANGUIER \/ M\u00c9TAL \/ VERRE. \u00a0COULEUR : NATUREL \/ DOR\u00c9. \u00a0REMARQUES : VERRE : 8 MM ; DU SOL \u00c0 LA PARTIE INF\u00c9RIEURE : 40 CM ; SANS PIEDS : 5 CM ; 2 PIEDS : 41X26X43 CM ; S\u00c9PARATION ENTRE LES JAMBES : HAUT : 34 CM ; FOND : [&#8230;]\n","protected":false},"featured_media":68239,"template":"","meta":[],"product_brand":[],"product_cat":[204,356],"product_tag":[],"class_list":{"0":"post-68253","1":"product","2":"type-product","3":"status-publish","4":"has-post-thumbnail","6":"product_cat-salon","7":"product_cat-table-basse","9":"first","10":"instock","11":"shipping-taxable","12":"product-type-simple"},"yoast_head":"<!-- This site is optimized with the Yoast SEO plugin v27.2 - https:\/\/yoast.com\/product\/yoast-seo-wordpress\/ -->\n<title>TABLE BASSE MUMBAI EN BOIS ET M\u00c9TAL 125x65x45 CM. | mueble4you<\/title>\n<meta name=\"robots\" content=\"index, follow, max-snippet:-1, max-image-preview:large, max-video-preview:-1\" \/>\n<link rel=\"canonical\" href=\"https:\/\/mueble4you.com\/fr\/productos\/mesa-de-centro-madera-metal-mumbai-125x65x45-cm\/\" \/>\n<meta property=\"og:locale\" content=\"fr_FR\" \/>\n<meta property=\"og:type\" content=\"article\" \/>\n<meta property=\"og:title\" content=\"TABLE BASSE MUMBAI EN BOIS ET M\u00c9TAL 125x65x45 CM. | mueble4you\" \/>\n<meta property=\"og:description\" content=\"MAT\u00c9RIEL : BOIS DE MANGUIER \/ M\u00c9TAL \/ VERRE. \u00a0COULEUR : NATUREL \/ DOR\u00c9. \u00a0REMARQUES : VERRE : 8 MM ; DU SOL \u00c0 LA PARTIE INF\u00c9RIEURE : 40 CM ; SANS PIEDS : 5 CM ; 2 PIEDS : 41X26X43 CM ; S\u00c9PARATION ENTRE LES JAMBES : HAUT : 34 CM ; FOND : [...]\" \/>\n<meta property=\"og:url\" content=\"https:\/\/mueble4you.com\/fr\/productos\/mesa-de-centro-madera-metal-mumbai-125x65x45-cm\/\" \/>\n<meta property=\"og:site_name\" content=\"mueble4you\" \/>\n<meta property=\"article:modified_time\" content=\"2023-12-27T10:53:06+00:00\" \/>\n<meta property=\"og:image\" content=\"https:\/\/mueble4you.com\/wp-content\/uploads\/2023\/12\/288070.jpg\" \/>\n\t<meta property=\"og:image:width\" content=\"1920\" \/>\n\t<meta property=\"og:image:height\" content=\"1280\" \/>\n\t<meta property=\"og:image:type\" content=\"image\/jpeg\" \/>\n<meta name=\"twitter:card\" content=\"summary_large_image\" \/>\n<script type=\"application\/ld+json\" class=\"yoast-schema-graph\">{\"@context\":\"https:\/\/schema.org\",\"@graph\":[{\"@type\":\"WebPage\",\"@id\":\"https:\/\/mueble4you.com\/fr\/productos\/mesa-de-centro-madera-metal-mumbai-125x65x45-cm\/\",\"url\":\"https:\/\/mueble4you.com\/fr\/productos\/mesa-de-centro-madera-metal-mumbai-125x65x45-cm\/\",\"name\":\"TABLE BASSE MUMBAI EN BOIS ET M\u00c9TAL 125x65x45 CM. | mueble4you\",\"isPartOf\":{\"@id\":\"https:\/\/mueble4you.com\/#website\"},\"primaryImageOfPage\":{\"@id\":\"https:\/\/mueble4you.com\/fr\/productos\/mesa-de-centro-madera-metal-mumbai-125x65x45-cm\/#primaryimage\"},\"image\":{\"@id\":\"https:\/\/mueble4you.com\/fr\/productos\/mesa-de-centro-madera-metal-mumbai-125x65x45-cm\/#primaryimage\"},\"thumbnailUrl\":\"https:\/\/mueble4you.com\/wp-content\/uploads\/2023\/12\/288070.jpg\",\"datePublished\":\"2023-12-26T10:44:00+00:00\",\"dateModified\":\"2023-12-27T10:53:06+00:00\",\"breadcrumb\":{\"@id\":\"https:\/\/mueble4you.com\/fr\/productos\/mesa-de-centro-madera-metal-mumbai-125x65x45-cm\/#breadcrumb\"},\"inLanguage\":\"fr-FR\",\"potentialAction\":[{\"@type\":\"ReadAction\",\"target\":[\"https:\/\/mueble4you.com\/fr\/productos\/mesa-de-centro-madera-metal-mumbai-125x65x45-cm\/\"]}]},{\"@type\":\"ImageObject\",\"inLanguage\":\"fr-FR\",\"@id\":\"https:\/\/mueble4you.com\/fr\/productos\/mesa-de-centro-madera-metal-mumbai-125x65x45-cm\/#primaryimage\",\"url\":\"https:\/\/mueble4you.com\/wp-content\/uploads\/2023\/12\/288070.jpg\",\"contentUrl\":\"https:\/\/mueble4you.com\/wp-content\/uploads\/2023\/12\/288070.jpg\",\"width\":1920,\"height\":1280},{\"@type\":\"BreadcrumbList\",\"@id\":\"https:\/\/mueble4you.com\/fr\/productos\/mesa-de-centro-madera-metal-mumbai-125x65x45-cm\/#breadcrumb\",\"itemListElement\":[{\"@type\":\"ListItem\",\"position\":1,\"name\":\"Portada\",\"item\":\"https:\/\/mueble4you.com\/fr\/\"},{\"@type\":\"ListItem\",\"position\":2,\"name\":\"Productos\",\"item\":\"https:\/\/mueble4you.com\/productos\/\"},{\"@type\":\"ListItem\",\"position\":3,\"name\":\"TABLE BASSE MUMBAI EN BOIS ET M\u00c9TAL 125x65x45 CM.\"}]},{\"@type\":\"WebSite\",\"@id\":\"https:\/\/mueble4you.com\/#website\",\"url\":\"https:\/\/mueble4you.com\/\",\"name\":\"mueble4you\",\"description\":\"Meubles \u00e0 Tenerife\",\"potentialAction\":[{\"@type\":\"SearchAction\",\"target\":{\"@type\":\"EntryPoint\",\"urlTemplate\":\"https:\/\/mueble4you.com\/?s={search_term_string}\"},\"query-input\":{\"@type\":\"PropertyValueSpecification\",\"valueRequired\":true,\"valueName\":\"search_term_string\"}}],\"inLanguage\":\"fr-FR\"}]}<\/script>\n<!-- \/ Yoast SEO plugin. -->","yoast_head_json":{"title":"TABLE BASSE MUMBAI EN BOIS ET M\u00c9TAL 125x65x45 CM. | mueble4you","robots":{"index":"index","follow":"follow","max-snippet":"max-snippet:-1","max-image-preview":"max-image-preview:large","max-video-preview":"max-video-preview:-1"},"canonical":"https:\/\/mueble4you.com\/fr\/productos\/mesa-de-centro-madera-metal-mumbai-125x65x45-cm\/","og_locale":"fr_FR","og_type":"article","og_title":"TABLE BASSE MUMBAI EN BOIS ET M\u00c9TAL 125x65x45 CM. | mueble4you","og_description":"MAT\u00c9RIEL : BOIS DE MANGUIER \/ M\u00c9TAL \/ VERRE. \u00a0COULEUR : NATUREL \/ DOR\u00c9. \u00a0REMARQUES : VERRE : 8 MM ; DU SOL \u00c0 LA PARTIE INF\u00c9RIEURE : 40 CM ; SANS PIEDS : 5 CM ; 2 PIEDS : 41X26X43 CM ; S\u00c9PARATION ENTRE LES JAMBES : HAUT : 34 CM ; FOND : [...]","og_url":"https:\/\/mueble4you.com\/fr\/productos\/mesa-de-centro-madera-metal-mumbai-125x65x45-cm\/","og_site_name":"mueble4you","article_modified_time":"2023-12-27T10:53:06+00:00","og_image":[{"width":1920,"height":1280,"url":"https:\/\/mueble4you.com\/wp-content\/uploads\/2023\/12\/288070.jpg","type":"image\/jpeg"}],"twitter_card":"summary_large_image","schema":{"@context":"https:\/\/schema.org","@graph":[{"@type":"WebPage","@id":"https:\/\/mueble4you.com\/fr\/productos\/mesa-de-centro-madera-metal-mumbai-125x65x45-cm\/","url":"https:\/\/mueble4you.com\/fr\/productos\/mesa-de-centro-madera-metal-mumbai-125x65x45-cm\/","name":"TABLE BASSE MUMBAI EN BOIS ET M\u00c9TAL 125x65x45 CM. | mueble4you","isPartOf":{"@id":"https:\/\/mueble4you.com\/#website"},"primaryImageOfPage":{"@id":"https:\/\/mueble4you.com\/fr\/productos\/mesa-de-centro-madera-metal-mumbai-125x65x45-cm\/#primaryimage"},"image":{"@id":"https:\/\/mueble4you.com\/fr\/productos\/mesa-de-centro-madera-metal-mumbai-125x65x45-cm\/#primaryimage"},"thumbnailUrl":"https:\/\/mueble4you.com\/wp-content\/uploads\/2023\/12\/288070.jpg","datePublished":"2023-12-26T10:44:00+00:00","dateModified":"2023-12-27T10:53:06+00:00","breadcrumb":{"@id":"https:\/\/mueble4you.com\/fr\/productos\/mesa-de-centro-madera-metal-mumbai-125x65x45-cm\/#breadcrumb"},"inLanguage":"fr-FR","potentialAction":[{"@type":"ReadAction","target":["https:\/\/mueble4you.com\/fr\/productos\/mesa-de-centro-madera-metal-mumbai-125x65x45-cm\/"]}]},{"@type":"ImageObject","inLanguage":"fr-FR","@id":"https:\/\/mueble4you.com\/fr\/productos\/mesa-de-centro-madera-metal-mumbai-125x65x45-cm\/#primaryimage","url":"https:\/\/mueble4you.com\/wp-content\/uploads\/2023\/12\/288070.jpg","contentUrl":"https:\/\/mueble4you.com\/wp-content\/uploads\/2023\/12\/288070.jpg","width":1920,"height":1280},{"@type":"BreadcrumbList","@id":"https:\/\/mueble4you.com\/fr\/productos\/mesa-de-centro-madera-metal-mumbai-125x65x45-cm\/#breadcrumb","itemListElement":[{"@type":"ListItem","position":1,"name":"Portada","item":"https:\/\/mueble4you.com\/fr\/"},{"@type":"ListItem","position":2,"name":"Productos","item":"https:\/\/mueble4you.com\/productos\/"},{"@type":"ListItem","position":3,"name":"TABLE BASSE MUMBAI EN BOIS ET M\u00c9TAL 125x65x45 CM."}]},{"@type":"WebSite","@id":"https:\/\/mueble4you.com\/#website","url":"https:\/\/mueble4you.com\/","name":"mueble4you","description":"Meubles \u00e0 Tenerife","potentialAction":[{"@type":"SearchAction","target":{"@type":"EntryPoint","urlTemplate":"https:\/\/mueble4you.com\/?s={search_term_string}"},"query-input":{"@type":"PropertyValueSpecification","valueRequired":true,"valueName":"search_term_string"}}],"inLanguage":"fr-FR"}]}},"_links":{"self":[{"href":"https:\/\/mueble4you.com\/fr\/wp-json\/wp\/v2\/product\/68253","targetHints":{"allow":["GET"]}}],"collection":[{"href":"https:\/\/mueble4you.com\/fr\/wp-json\/wp\/v2\/product"}],"about":[{"href":"https:\/\/mueble4you.com\/fr\/wp-json\/wp\/v2\/types\/product"}],"wp:featuredmedia":[{"embeddable":true,"href":"https:\/\/mueble4you.com\/fr\/wp-json\/wp\/v2\/media\/68239"}],"wp:attachment":[{"href":"https:\/\/mueble4you.com\/fr\/wp-json\/wp\/v2\/media?parent=68253"}],"wp:term":[{"taxonomy":"product_brand","embeddable":true,"href":"https:\/\/mueble4you.com\/fr\/wp-json\/wp\/v2\/product_brand?post=68253"},{"taxonomy":"product_cat","embeddable":true,"href":"https:\/\/mueble4you.com\/fr\/wp-json\/wp\/v2\/product_cat?post=68253"},{"taxonomy":"product_tag","embeddable":true,"href":"https:\/\/mueble4you.com\/fr\/wp-json\/wp\/v2\/product_tag?post=68253"}],"curies":[{"name":"wp","href":"https:\/\/api.w.org\/{rel}","templated":true}]}}