{"id":68005,"date":"2023-11-22T13:10:21","date_gmt":"2023-11-22T13:10:21","guid":{"rendered":"https:\/\/mueble4you.com\/productos\/paraban-kalady\/"},"modified":"2023-11-22T18:37:16","modified_gmt":"2023-11-22T18:37:16","slug":"paraban-kalady","status":"publish","type":"product","link":"https:\/\/mueble4you.com\/fr\/productos\/paraban-kalady\/","title":{"rendered":"PARAB\u00c1N KALADY"},"content":{"rendered":"<ul>\n<li id=\"tw-target-text\" class=\"tw-data-text tw-text-large tw-ta\" dir=\"ltr\" data-placeholder=\"Traducci\u00f3n\" data-ved=\"2ahUKEwjkkIeR8teCAxX2QvEDHY7SAzoQ3ewLegQICxAQ\"><span class=\"Y2IQFc\" lang=\"fr\">Kalady parab\u00e1n, de couleur naturelle vieillie, style ethnique.<\/span><\/li>\n<li class=\"tw-data-text tw-text-large tw-ta\" dir=\"ltr\" data-placeholder=\"Traducci\u00f3n\" data-ved=\"2ahUKEwjkkIeR8teCAxX2QvEDHY7SAzoQ3ewLegQICxAQ\"><span class=\"Y2IQFc\" lang=\"fr\">Fabriqu\u00e9 en bois de teck, combin\u00e9 \u00e0 des fibres naturelles. <\/span><\/li>\n<li class=\"tw-data-text tw-text-large tw-ta\" dir=\"ltr\" data-placeholder=\"Traducci\u00f3n\" data-ved=\"2ahUKEwjkkIeR8teCAxX2QvEDHY7SAzoQ3ewLegQICxAQ\"><span class=\"Y2IQFc\" lang=\"fr\">Largeur : 200 cm, Profondeur : 13 cm, Hauteur : 208 cm.<\/span><\/li>\n<\/ul>\n","protected":false},"excerpt":{"rendered":"<p>Kalady parab\u00e1n, de couleur naturelle vieillie, style ethnique. Fabriqu\u00e9 en bois de teck, combin\u00e9 \u00e0 des fibres naturelles. Largeur : 200 cm, Profondeur : 13 cm, Hauteur : 208 cm.<\/p>\n","protected":false},"featured_media":68001,"template":"","meta":[],"product_brand":[],"product_cat":[389,173],"product_tag":[],"class_list":{"0":"post-68005","1":"product","2":"type-product","3":"status-publish","4":"has-post-thumbnail","6":"product_cat-autres","7":"product_cat-decoration-fr","9":"first","10":"instock","11":"shipping-taxable","12":"product-type-simple"},"yoast_head":"<!-- This site is optimized with the Yoast SEO plugin v27.3 - https:\/\/yoast.com\/product\/yoast-seo-wordpress\/ -->\n<title>PARAB\u00c1N KALADY | mueble4you<\/title>\n<meta name=\"robots\" content=\"index, follow, max-snippet:-1, max-image-preview:large, max-video-preview:-1\" \/>\n<link rel=\"canonical\" href=\"https:\/\/mueble4you.com\/fr\/productos\/paraban-kalady\/\" \/>\n<meta property=\"og:locale\" content=\"fr_FR\" \/>\n<meta property=\"og:type\" content=\"article\" \/>\n<meta property=\"og:title\" content=\"PARAB\u00c1N KALADY | mueble4you\" \/>\n<meta property=\"og:description\" content=\"Kalady parab\u00e1n, de couleur naturelle vieillie, style ethnique. Fabriqu\u00e9 en bois de teck, combin\u00e9 \u00e0 des fibres naturelles. Largeur : 200 cm, Profondeur : 13 cm, Hauteur : 208 cm.\" \/>\n<meta property=\"og:url\" content=\"https:\/\/mueble4you.com\/fr\/productos\/paraban-kalady\/\" \/>\n<meta property=\"og:site_name\" content=\"mueble4you\" \/>\n<meta property=\"article:modified_time\" content=\"2023-11-22T18:37:16+00:00\" \/>\n<meta property=\"og:image\" content=\"https:\/\/mueble4you.com\/wp-content\/uploads\/2023\/11\/28519.jpg\" \/>\n\t<meta property=\"og:image:width\" content=\"1200\" \/>\n\t<meta property=\"og:image:height\" content=\"1200\" \/>\n\t<meta property=\"og:image:type\" content=\"image\/jpeg\" \/>\n<meta name=\"twitter:card\" content=\"summary_large_image\" \/>\n<script type=\"application\/ld+json\" class=\"yoast-schema-graph\">{\"@context\":\"https:\\\/\\\/schema.org\",\"@graph\":[{\"@type\":\"WebPage\",\"@id\":\"https:\\\/\\\/mueble4you.com\\\/fr\\\/productos\\\/paraban-kalady\\\/\",\"url\":\"https:\\\/\\\/mueble4you.com\\\/fr\\\/productos\\\/paraban-kalady\\\/\",\"name\":\"PARAB\u00c1N KALADY | mueble4you\",\"isPartOf\":{\"@id\":\"https:\\\/\\\/mueble4you.com\\\/#website\"},\"primaryImageOfPage\":{\"@id\":\"https:\\\/\\\/mueble4you.com\\\/fr\\\/productos\\\/paraban-kalady\\\/#primaryimage\"},\"image\":{\"@id\":\"https:\\\/\\\/mueble4you.com\\\/fr\\\/productos\\\/paraban-kalady\\\/#primaryimage\"},\"thumbnailUrl\":\"https:\\\/\\\/mueble4you.com\\\/wp-content\\\/uploads\\\/2023\\\/11\\\/28519.jpg\",\"datePublished\":\"2023-11-22T13:10:21+00:00\",\"dateModified\":\"2023-11-22T18:37:16+00:00\",\"breadcrumb\":{\"@id\":\"https:\\\/\\\/mueble4you.com\\\/fr\\\/productos\\\/paraban-kalady\\\/#breadcrumb\"},\"inLanguage\":\"fr-FR\",\"potentialAction\":[{\"@type\":\"ReadAction\",\"target\":[\"https:\\\/\\\/mueble4you.com\\\/fr\\\/productos\\\/paraban-kalady\\\/\"]}]},{\"@type\":\"ImageObject\",\"inLanguage\":\"fr-FR\",\"@id\":\"https:\\\/\\\/mueble4you.com\\\/fr\\\/productos\\\/paraban-kalady\\\/#primaryimage\",\"url\":\"https:\\\/\\\/mueble4you.com\\\/wp-content\\\/uploads\\\/2023\\\/11\\\/28519.jpg\",\"contentUrl\":\"https:\\\/\\\/mueble4you.com\\\/wp-content\\\/uploads\\\/2023\\\/11\\\/28519.jpg\",\"width\":1200,\"height\":1200},{\"@type\":\"BreadcrumbList\",\"@id\":\"https:\\\/\\\/mueble4you.com\\\/fr\\\/productos\\\/paraban-kalady\\\/#breadcrumb\",\"itemListElement\":[{\"@type\":\"ListItem\",\"position\":1,\"name\":\"Portada\",\"item\":\"https:\\\/\\\/mueble4you.com\\\/fr\\\/\"},{\"@type\":\"ListItem\",\"position\":2,\"name\":\"Productos\",\"item\":\"https:\\\/\\\/mueble4you.com\\\/productos\\\/\"},{\"@type\":\"ListItem\",\"position\":3,\"name\":\"PARAB\u00c1N KALADY\"}]},{\"@type\":\"WebSite\",\"@id\":\"https:\\\/\\\/mueble4you.com\\\/#website\",\"url\":\"https:\\\/\\\/mueble4you.com\\\/\",\"name\":\"mueble4you\",\"description\":\"Meubles \u00e0 Tenerife\",\"potentialAction\":[{\"@type\":\"SearchAction\",\"target\":{\"@type\":\"EntryPoint\",\"urlTemplate\":\"https:\\\/\\\/mueble4you.com\\\/?s={search_term_string}\"},\"query-input\":{\"@type\":\"PropertyValueSpecification\",\"valueRequired\":true,\"valueName\":\"search_term_string\"}}],\"inLanguage\":\"fr-FR\"}]}<\/script>\n<!-- \/ Yoast SEO plugin. -->","yoast_head_json":{"title":"PARAB\u00c1N KALADY | mueble4you","robots":{"index":"index","follow":"follow","max-snippet":"max-snippet:-1","max-image-preview":"max-image-preview:large","max-video-preview":"max-video-preview:-1"},"canonical":"https:\/\/mueble4you.com\/fr\/productos\/paraban-kalady\/","og_locale":"fr_FR","og_type":"article","og_title":"PARAB\u00c1N KALADY | mueble4you","og_description":"Kalady parab\u00e1n, de couleur naturelle vieillie, style ethnique. Fabriqu\u00e9 en bois de teck, combin\u00e9 \u00e0 des fibres naturelles. Largeur : 200 cm, Profondeur : 13 cm, Hauteur : 208 cm.","og_url":"https:\/\/mueble4you.com\/fr\/productos\/paraban-kalady\/","og_site_name":"mueble4you","article_modified_time":"2023-11-22T18:37:16+00:00","og_image":[{"width":1200,"height":1200,"url":"https:\/\/mueble4you.com\/wp-content\/uploads\/2023\/11\/28519.jpg","type":"image\/jpeg"}],"twitter_card":"summary_large_image","schema":{"@context":"https:\/\/schema.org","@graph":[{"@type":"WebPage","@id":"https:\/\/mueble4you.com\/fr\/productos\/paraban-kalady\/","url":"https:\/\/mueble4you.com\/fr\/productos\/paraban-kalady\/","name":"PARAB\u00c1N KALADY | mueble4you","isPartOf":{"@id":"https:\/\/mueble4you.com\/#website"},"primaryImageOfPage":{"@id":"https:\/\/mueble4you.com\/fr\/productos\/paraban-kalady\/#primaryimage"},"image":{"@id":"https:\/\/mueble4you.com\/fr\/productos\/paraban-kalady\/#primaryimage"},"thumbnailUrl":"https:\/\/mueble4you.com\/wp-content\/uploads\/2023\/11\/28519.jpg","datePublished":"2023-11-22T13:10:21+00:00","dateModified":"2023-11-22T18:37:16+00:00","breadcrumb":{"@id":"https:\/\/mueble4you.com\/fr\/productos\/paraban-kalady\/#breadcrumb"},"inLanguage":"fr-FR","potentialAction":[{"@type":"ReadAction","target":["https:\/\/mueble4you.com\/fr\/productos\/paraban-kalady\/"]}]},{"@type":"ImageObject","inLanguage":"fr-FR","@id":"https:\/\/mueble4you.com\/fr\/productos\/paraban-kalady\/#primaryimage","url":"https:\/\/mueble4you.com\/wp-content\/uploads\/2023\/11\/28519.jpg","contentUrl":"https:\/\/mueble4you.com\/wp-content\/uploads\/2023\/11\/28519.jpg","width":1200,"height":1200},{"@type":"BreadcrumbList","@id":"https:\/\/mueble4you.com\/fr\/productos\/paraban-kalady\/#breadcrumb","itemListElement":[{"@type":"ListItem","position":1,"name":"Portada","item":"https:\/\/mueble4you.com\/fr\/"},{"@type":"ListItem","position":2,"name":"Productos","item":"https:\/\/mueble4you.com\/productos\/"},{"@type":"ListItem","position":3,"name":"PARAB\u00c1N KALADY"}]},{"@type":"WebSite","@id":"https:\/\/mueble4you.com\/#website","url":"https:\/\/mueble4you.com\/","name":"mueble4you","description":"Meubles \u00e0 Tenerife","potentialAction":[{"@type":"SearchAction","target":{"@type":"EntryPoint","urlTemplate":"https:\/\/mueble4you.com\/?s={search_term_string}"},"query-input":{"@type":"PropertyValueSpecification","valueRequired":true,"valueName":"search_term_string"}}],"inLanguage":"fr-FR"}]}},"_links":{"self":[{"href":"https:\/\/mueble4you.com\/fr\/wp-json\/wp\/v2\/product\/68005","targetHints":{"allow":["GET"]}}],"collection":[{"href":"https:\/\/mueble4you.com\/fr\/wp-json\/wp\/v2\/product"}],"about":[{"href":"https:\/\/mueble4you.com\/fr\/wp-json\/wp\/v2\/types\/product"}],"wp:featuredmedia":[{"embeddable":true,"href":"https:\/\/mueble4you.com\/fr\/wp-json\/wp\/v2\/media\/68001"}],"wp:attachment":[{"href":"https:\/\/mueble4you.com\/fr\/wp-json\/wp\/v2\/media?parent=68005"}],"wp:term":[{"taxonomy":"product_brand","embeddable":true,"href":"https:\/\/mueble4you.com\/fr\/wp-json\/wp\/v2\/product_brand?post=68005"},{"taxonomy":"product_cat","embeddable":true,"href":"https:\/\/mueble4you.com\/fr\/wp-json\/wp\/v2\/product_cat?post=68005"},{"taxonomy":"product_tag","embeddable":true,"href":"https:\/\/mueble4you.com\/fr\/wp-json\/wp\/v2\/product_tag?post=68005"}],"curies":[{"name":"wp","href":"https:\/\/api.w.org\/{rel}","templated":true}]}}