{"id":67420,"date":"2023-10-25T14:13:50","date_gmt":"2023-10-25T14:13:50","guid":{"rendered":"https:\/\/mueble4you.com\/productos\/sofa-cama-zeus\/"},"modified":"2023-10-26T11:39:46","modified_gmt":"2023-10-26T11:39:46","slug":"canape-lit-zeus","status":"publish","type":"product","link":"https:\/\/mueble4you.com\/fr\/productos\/canape-lit-zeus\/","title":{"rendered":"Canap\u00e9-lit ZEUS."},"content":{"rendered":"<ul>\n<li id=\"tw-target-text\" class=\"tw-data-text tw-text-large tw-ta\" dir=\"ltr\" data-placeholder=\"Traducci\u00f3n\" data-ved=\"2ahUKEwja98_ez5OCAxVOVaQEHfySAoEQ3ewLegQIDRAQ\"><span class=\"Y2IQFc\" lang=\"fr\">Dimensions : +-215&#215;104. <\/span><\/li>\n<li class=\"tw-data-text tw-text-large tw-ta\" dir=\"ltr\" data-placeholder=\"Traducci\u00f3n\" data-ved=\"2ahUKEwja98_ez5OCAxVOVaQEHfySAoEQ3ewLegQIDRAQ\"><span class=\"Y2IQFc\" lang=\"fr\">Canap\u00e9 lit 3 places. <\/span><\/li>\n<li class=\"tw-data-text tw-text-large tw-ta\" dir=\"ltr\" data-placeholder=\"Traducci\u00f3n\" data-ved=\"2ahUKEwja98_ez5OCAxVOVaQEHfySAoEQ3ewLegQIDRAQ\"><span class=\"Y2IQFc\" lang=\"fr\">Disponible dans d&rsquo;autres couleurs et mat\u00e9riaux, sur demande.<\/span><\/li>\n<li class=\"tw-data-text tw-text-large tw-ta\" dir=\"ltr\" data-placeholder=\"Traducci\u00f3n\" data-ved=\"2ahUKEwja98_ez5OCAxVOVaQEHfySAoEQ3ewLegQIDRAQ\"><span class=\"Y2IQFc\" lang=\"fr\">Syst\u00e8me italien.<\/span><\/li>\n<li class=\"tw-data-text tw-text-large tw-ta\" dir=\"ltr\" data-placeholder=\"Traducci\u00f3n\" data-ved=\"2ahUKEwja98_ez5OCAxVOVaQEHfySAoEQ3ewLegQIDRAQ\"><span class=\"Y2IQFc\" lang=\"fr\">Pour matelas 140x195cm.<\/span><\/li>\n<\/ul>\n","protected":false},"excerpt":{"rendered":"<p>Dimensions : +-215&#215;104. Canap\u00e9 lit 3 places. Disponible dans d&rsquo;autres couleurs et mat\u00e9riaux, sur demande. Syst\u00e8me italien. Pour matelas 140x195cm.<\/p>\n","protected":false},"featured_media":67416,"template":"","meta":[],"product_brand":[],"product_cat":[548,205,204],"product_tag":[],"class_list":{"0":"post-67420","1":"product","2":"type-product","3":"status-publish","4":"has-post-thumbnail","6":"product_cat-canape-lit","7":"product_cat-canapes","8":"product_cat-salon","10":"first","11":"instock","12":"shipping-taxable","13":"product-type-simple"},"yoast_head":"<!-- This site is optimized with the Yoast SEO plugin v27.2 - https:\/\/yoast.com\/product\/yoast-seo-wordpress\/ -->\n<title>Canap\u00e9-lit ZEUS. | mueble4you<\/title>\n<meta name=\"robots\" content=\"index, follow, max-snippet:-1, max-image-preview:large, max-video-preview:-1\" \/>\n<link rel=\"canonical\" href=\"https:\/\/mueble4you.com\/fr\/productos\/canape-lit-zeus\/\" \/>\n<meta property=\"og:locale\" content=\"fr_FR\" \/>\n<meta property=\"og:type\" content=\"article\" \/>\n<meta property=\"og:title\" content=\"Canap\u00e9-lit ZEUS. | mueble4you\" \/>\n<meta property=\"og:description\" content=\"Dimensions : +-215&#215;104. Canap\u00e9 lit 3 places. Disponible dans d&rsquo;autres couleurs et mat\u00e9riaux, sur demande. Syst\u00e8me italien. Pour matelas 140x195cm.\" \/>\n<meta property=\"og:url\" content=\"https:\/\/mueble4you.com\/fr\/productos\/canape-lit-zeus\/\" \/>\n<meta property=\"og:site_name\" content=\"mueble4you\" \/>\n<meta property=\"article:modified_time\" content=\"2023-10-26T11:39:46+00:00\" \/>\n<meta property=\"og:image\" content=\"https:\/\/mueble4you.com\/wp-content\/uploads\/2023\/10\/SOFA-CAMA-scaled.jpg\" \/>\n\t<meta property=\"og:image:width\" content=\"1920\" \/>\n\t<meta property=\"og:image:height\" content=\"2560\" \/>\n\t<meta property=\"og:image:type\" content=\"image\/jpeg\" \/>\n<meta name=\"twitter:card\" content=\"summary_large_image\" \/>\n<script type=\"application\/ld+json\" class=\"yoast-schema-graph\">{\"@context\":\"https:\/\/schema.org\",\"@graph\":[{\"@type\":\"WebPage\",\"@id\":\"https:\/\/mueble4you.com\/fr\/productos\/canape-lit-zeus\/\",\"url\":\"https:\/\/mueble4you.com\/fr\/productos\/canape-lit-zeus\/\",\"name\":\"Canap\u00e9-lit ZEUS. | mueble4you\",\"isPartOf\":{\"@id\":\"https:\/\/mueble4you.com\/#website\"},\"primaryImageOfPage\":{\"@id\":\"https:\/\/mueble4you.com\/fr\/productos\/canape-lit-zeus\/#primaryimage\"},\"image\":{\"@id\":\"https:\/\/mueble4you.com\/fr\/productos\/canape-lit-zeus\/#primaryimage\"},\"thumbnailUrl\":\"https:\/\/mueble4you.com\/wp-content\/uploads\/2023\/10\/SOFA-CAMA-scaled.jpg\",\"datePublished\":\"2023-10-25T14:13:50+00:00\",\"dateModified\":\"2023-10-26T11:39:46+00:00\",\"breadcrumb\":{\"@id\":\"https:\/\/mueble4you.com\/fr\/productos\/canape-lit-zeus\/#breadcrumb\"},\"inLanguage\":\"fr-FR\",\"potentialAction\":[{\"@type\":\"ReadAction\",\"target\":[\"https:\/\/mueble4you.com\/fr\/productos\/canape-lit-zeus\/\"]}]},{\"@type\":\"ImageObject\",\"inLanguage\":\"fr-FR\",\"@id\":\"https:\/\/mueble4you.com\/fr\/productos\/canape-lit-zeus\/#primaryimage\",\"url\":\"https:\/\/mueble4you.com\/wp-content\/uploads\/2023\/10\/SOFA-CAMA-scaled.jpg\",\"contentUrl\":\"https:\/\/mueble4you.com\/wp-content\/uploads\/2023\/10\/SOFA-CAMA-scaled.jpg\",\"width\":1920,\"height\":2560},{\"@type\":\"BreadcrumbList\",\"@id\":\"https:\/\/mueble4you.com\/fr\/productos\/canape-lit-zeus\/#breadcrumb\",\"itemListElement\":[{\"@type\":\"ListItem\",\"position\":1,\"name\":\"Portada\",\"item\":\"https:\/\/mueble4you.com\/fr\/\"},{\"@type\":\"ListItem\",\"position\":2,\"name\":\"Productos\",\"item\":\"https:\/\/mueble4you.com\/productos\/\"},{\"@type\":\"ListItem\",\"position\":3,\"name\":\"Canap\u00e9-lit ZEUS.\"}]},{\"@type\":\"WebSite\",\"@id\":\"https:\/\/mueble4you.com\/#website\",\"url\":\"https:\/\/mueble4you.com\/\",\"name\":\"mueble4you\",\"description\":\"Meubles \u00e0 Tenerife\",\"potentialAction\":[{\"@type\":\"SearchAction\",\"target\":{\"@type\":\"EntryPoint\",\"urlTemplate\":\"https:\/\/mueble4you.com\/?s={search_term_string}\"},\"query-input\":{\"@type\":\"PropertyValueSpecification\",\"valueRequired\":true,\"valueName\":\"search_term_string\"}}],\"inLanguage\":\"fr-FR\"}]}<\/script>\n<!-- \/ Yoast SEO plugin. -->","yoast_head_json":{"title":"Canap\u00e9-lit ZEUS. | mueble4you","robots":{"index":"index","follow":"follow","max-snippet":"max-snippet:-1","max-image-preview":"max-image-preview:large","max-video-preview":"max-video-preview:-1"},"canonical":"https:\/\/mueble4you.com\/fr\/productos\/canape-lit-zeus\/","og_locale":"fr_FR","og_type":"article","og_title":"Canap\u00e9-lit ZEUS. | mueble4you","og_description":"Dimensions : +-215&#215;104. Canap\u00e9 lit 3 places. Disponible dans d&rsquo;autres couleurs et mat\u00e9riaux, sur demande. Syst\u00e8me italien. Pour matelas 140x195cm.","og_url":"https:\/\/mueble4you.com\/fr\/productos\/canape-lit-zeus\/","og_site_name":"mueble4you","article_modified_time":"2023-10-26T11:39:46+00:00","og_image":[{"width":1920,"height":2560,"url":"https:\/\/mueble4you.com\/wp-content\/uploads\/2023\/10\/SOFA-CAMA-scaled.jpg","type":"image\/jpeg"}],"twitter_card":"summary_large_image","schema":{"@context":"https:\/\/schema.org","@graph":[{"@type":"WebPage","@id":"https:\/\/mueble4you.com\/fr\/productos\/canape-lit-zeus\/","url":"https:\/\/mueble4you.com\/fr\/productos\/canape-lit-zeus\/","name":"Canap\u00e9-lit ZEUS. | mueble4you","isPartOf":{"@id":"https:\/\/mueble4you.com\/#website"},"primaryImageOfPage":{"@id":"https:\/\/mueble4you.com\/fr\/productos\/canape-lit-zeus\/#primaryimage"},"image":{"@id":"https:\/\/mueble4you.com\/fr\/productos\/canape-lit-zeus\/#primaryimage"},"thumbnailUrl":"https:\/\/mueble4you.com\/wp-content\/uploads\/2023\/10\/SOFA-CAMA-scaled.jpg","datePublished":"2023-10-25T14:13:50+00:00","dateModified":"2023-10-26T11:39:46+00:00","breadcrumb":{"@id":"https:\/\/mueble4you.com\/fr\/productos\/canape-lit-zeus\/#breadcrumb"},"inLanguage":"fr-FR","potentialAction":[{"@type":"ReadAction","target":["https:\/\/mueble4you.com\/fr\/productos\/canape-lit-zeus\/"]}]},{"@type":"ImageObject","inLanguage":"fr-FR","@id":"https:\/\/mueble4you.com\/fr\/productos\/canape-lit-zeus\/#primaryimage","url":"https:\/\/mueble4you.com\/wp-content\/uploads\/2023\/10\/SOFA-CAMA-scaled.jpg","contentUrl":"https:\/\/mueble4you.com\/wp-content\/uploads\/2023\/10\/SOFA-CAMA-scaled.jpg","width":1920,"height":2560},{"@type":"BreadcrumbList","@id":"https:\/\/mueble4you.com\/fr\/productos\/canape-lit-zeus\/#breadcrumb","itemListElement":[{"@type":"ListItem","position":1,"name":"Portada","item":"https:\/\/mueble4you.com\/fr\/"},{"@type":"ListItem","position":2,"name":"Productos","item":"https:\/\/mueble4you.com\/productos\/"},{"@type":"ListItem","position":3,"name":"Canap\u00e9-lit ZEUS."}]},{"@type":"WebSite","@id":"https:\/\/mueble4you.com\/#website","url":"https:\/\/mueble4you.com\/","name":"mueble4you","description":"Meubles \u00e0 Tenerife","potentialAction":[{"@type":"SearchAction","target":{"@type":"EntryPoint","urlTemplate":"https:\/\/mueble4you.com\/?s={search_term_string}"},"query-input":{"@type":"PropertyValueSpecification","valueRequired":true,"valueName":"search_term_string"}}],"inLanguage":"fr-FR"}]}},"_links":{"self":[{"href":"https:\/\/mueble4you.com\/fr\/wp-json\/wp\/v2\/product\/67420","targetHints":{"allow":["GET"]}}],"collection":[{"href":"https:\/\/mueble4you.com\/fr\/wp-json\/wp\/v2\/product"}],"about":[{"href":"https:\/\/mueble4you.com\/fr\/wp-json\/wp\/v2\/types\/product"}],"wp:featuredmedia":[{"embeddable":true,"href":"https:\/\/mueble4you.com\/fr\/wp-json\/wp\/v2\/media\/67416"}],"wp:attachment":[{"href":"https:\/\/mueble4you.com\/fr\/wp-json\/wp\/v2\/media?parent=67420"}],"wp:term":[{"taxonomy":"product_brand","embeddable":true,"href":"https:\/\/mueble4you.com\/fr\/wp-json\/wp\/v2\/product_brand?post=67420"},{"taxonomy":"product_cat","embeddable":true,"href":"https:\/\/mueble4you.com\/fr\/wp-json\/wp\/v2\/product_cat?post=67420"},{"taxonomy":"product_tag","embeddable":true,"href":"https:\/\/mueble4you.com\/fr\/wp-json\/wp\/v2\/product_tag?post=67420"}],"curies":[{"name":"wp","href":"https:\/\/api.w.org\/{rel}","templated":true}]}}