{"id":66845,"date":"2023-09-21T09:02:59","date_gmt":"2023-09-21T09:02:59","guid":{"rendered":"https:\/\/mueble4you.com\/productos\/mesa-negra-ceramica-extens-160-210x90-cm-pie-metal-color-cobre\/"},"modified":"2023-09-21T09:17:59","modified_gmt":"2023-09-21T09:17:59","slug":"vaste-table-noire-en-ceramique-pied-en-metal-couleur-cuivre-160-210x90-cm","status":"publish","type":"product","link":"https:\/\/mueble4you.com\/fr\/productos\/vaste-table-noire-en-ceramique-pied-en-metal-couleur-cuivre-160-210x90-cm\/","title":{"rendered":"VASTE TABLE NOIRE EN C\u00c9RAMIQUE. PIED EN M\u00c9TAL COULEUR CUIVRE 160\/210X90 CM."},"content":{"rendered":"<ul>\n<li id=\"tw-target-text\" class=\"tw-data-text tw-text-large tw-ta\" dir=\"ltr\" data-placeholder=\"Traducci\u00f3n\"><span class=\"Y2IQFc\" lang=\"fr\">MAT\u00c9RIEL: PLANCHE EN C\u00c9RAMIQUE, PIED EN FER.<\/span><\/li>\n<li class=\"tw-data-text tw-text-large tw-ta\" dir=\"ltr\" data-placeholder=\"Traducci\u00f3n\"><span class=\"Y2IQFc\" lang=\"fr\">MESURES (longueur x largeur x hauteur) : 160X90X76.<\/span><\/li>\n<li class=\"tw-data-text tw-text-large tw-ta\" dir=\"ltr\" data-placeholder=\"Traducci\u00f3n\"><span class=\"Y2IQFc\" lang=\"fr\">CARACT\u00c9RISTIQUES: &#8211; TABLE EXTENSIBLE JUSQU&rsquo;\u00c0 210 CM &#8211; PLAQUE C\u00c9RAMIQUE IMITATION MARBRE NOIR 10 CM D&rsquo;\u00c9PAISSEUR &#8211; CAPACIT\u00c9 POUR 8-10 DIERS &#8211; OUVERTURE ET FERMETURE AUTOMATIQUES &#8211; PIED M\u00c9TALLIQUE COULEUR CUIVRE<\/span><\/li>\n<\/ul>\n","protected":false},"excerpt":{"rendered":"<p>MAT\u00c9RIEL: PLANCHE EN C\u00c9RAMIQUE, PIED EN FER. MESURES (longueur x largeur x hauteur) : 160X90X76. CARACT\u00c9RISTIQUES: &#8211; TABLE EXTENSIBLE JUSQU&rsquo;\u00c0 210 CM &#8211; PLAQUE C\u00c9RAMIQUE IMITATION MARBRE NOIR 10 CM D&rsquo;\u00c9PAISSEUR &#8211; CAPACIT\u00c9 POUR 8-10 DIERS &#8211; OUVERTURE ET FERMETURE AUTOMATIQUES &#8211; PIED M\u00c9TALLIQUE COULEUR CUIVRE<\/p>\n","protected":false},"featured_media":66836,"template":"","meta":[],"product_brand":[],"product_cat":[199,348],"product_tag":[],"class_list":{"0":"post-66845","1":"product","2":"type-product","3":"status-publish","4":"has-post-thumbnail","6":"product_cat-eaters","7":"product_cat-tables","9":"first","10":"instock","11":"shipping-taxable","12":"product-type-simple"},"yoast_head":"<!-- This site is optimized with the Yoast SEO plugin v27.3 - https:\/\/yoast.com\/product\/yoast-seo-wordpress\/ -->\n<title>VASTE TABLE NOIRE EN C\u00c9RAMIQUE. PIED EN M\u00c9TAL COULEUR CUIVRE 160\/210X90 CM. | mueble4you<\/title>\n<meta name=\"robots\" content=\"index, follow, max-snippet:-1, max-image-preview:large, max-video-preview:-1\" \/>\n<link rel=\"canonical\" href=\"https:\/\/mueble4you.com\/fr\/productos\/vaste-table-noire-en-ceramique-pied-en-metal-couleur-cuivre-160-210x90-cm\/\" \/>\n<meta property=\"og:locale\" content=\"fr_FR\" \/>\n<meta property=\"og:type\" content=\"article\" \/>\n<meta property=\"og:title\" content=\"VASTE TABLE NOIRE EN C\u00c9RAMIQUE. PIED EN M\u00c9TAL COULEUR CUIVRE 160\/210X90 CM. | mueble4you\" \/>\n<meta property=\"og:description\" content=\"MAT\u00c9RIEL: PLANCHE EN C\u00c9RAMIQUE, PIED EN FER. MESURES (longueur x largeur x hauteur) : 160X90X76. CARACT\u00c9RISTIQUES: &#8211; TABLE EXTENSIBLE JUSQU&rsquo;\u00c0 210 CM &#8211; PLAQUE C\u00c9RAMIQUE IMITATION MARBRE NOIR 10 CM D&rsquo;\u00c9PAISSEUR &#8211; CAPACIT\u00c9 POUR 8-10 DIERS &#8211; OUVERTURE ET FERMETURE AUTOMATIQUES &#8211; PIED M\u00c9TALLIQUE COULEUR CUIVRE\" \/>\n<meta property=\"og:url\" content=\"https:\/\/mueble4you.com\/fr\/productos\/vaste-table-noire-en-ceramique-pied-en-metal-couleur-cuivre-160-210x90-cm\/\" \/>\n<meta property=\"og:site_name\" content=\"mueble4you\" \/>\n<meta property=\"article:modified_time\" content=\"2023-09-21T09:17:59+00:00\" \/>\n<meta property=\"og:image\" content=\"https:\/\/mueble4you.com\/wp-content\/uploads\/2023\/09\/10564.png\" \/>\n\t<meta property=\"og:image:width\" content=\"766\" \/>\n\t<meta property=\"og:image:height\" content=\"589\" \/>\n\t<meta property=\"og:image:type\" content=\"image\/png\" \/>\n<meta name=\"twitter:card\" content=\"summary_large_image\" \/>\n<script type=\"application\/ld+json\" class=\"yoast-schema-graph\">{\"@context\":\"https:\\\/\\\/schema.org\",\"@graph\":[{\"@type\":\"WebPage\",\"@id\":\"https:\\\/\\\/mueble4you.com\\\/fr\\\/productos\\\/vaste-table-noire-en-ceramique-pied-en-metal-couleur-cuivre-160-210x90-cm\\\/\",\"url\":\"https:\\\/\\\/mueble4you.com\\\/fr\\\/productos\\\/vaste-table-noire-en-ceramique-pied-en-metal-couleur-cuivre-160-210x90-cm\\\/\",\"name\":\"VASTE TABLE NOIRE EN C\u00c9RAMIQUE. PIED EN M\u00c9TAL COULEUR CUIVRE 160\\\/210X90 CM. | mueble4you\",\"isPartOf\":{\"@id\":\"https:\\\/\\\/mueble4you.com\\\/#website\"},\"primaryImageOfPage\":{\"@id\":\"https:\\\/\\\/mueble4you.com\\\/fr\\\/productos\\\/vaste-table-noire-en-ceramique-pied-en-metal-couleur-cuivre-160-210x90-cm\\\/#primaryimage\"},\"image\":{\"@id\":\"https:\\\/\\\/mueble4you.com\\\/fr\\\/productos\\\/vaste-table-noire-en-ceramique-pied-en-metal-couleur-cuivre-160-210x90-cm\\\/#primaryimage\"},\"thumbnailUrl\":\"https:\\\/\\\/mueble4you.com\\\/wp-content\\\/uploads\\\/2023\\\/09\\\/10564.png\",\"datePublished\":\"2023-09-21T09:02:59+00:00\",\"dateModified\":\"2023-09-21T09:17:59+00:00\",\"breadcrumb\":{\"@id\":\"https:\\\/\\\/mueble4you.com\\\/fr\\\/productos\\\/vaste-table-noire-en-ceramique-pied-en-metal-couleur-cuivre-160-210x90-cm\\\/#breadcrumb\"},\"inLanguage\":\"fr-FR\",\"potentialAction\":[{\"@type\":\"ReadAction\",\"target\":[\"https:\\\/\\\/mueble4you.com\\\/fr\\\/productos\\\/vaste-table-noire-en-ceramique-pied-en-metal-couleur-cuivre-160-210x90-cm\\\/\"]}]},{\"@type\":\"ImageObject\",\"inLanguage\":\"fr-FR\",\"@id\":\"https:\\\/\\\/mueble4you.com\\\/fr\\\/productos\\\/vaste-table-noire-en-ceramique-pied-en-metal-couleur-cuivre-160-210x90-cm\\\/#primaryimage\",\"url\":\"https:\\\/\\\/mueble4you.com\\\/wp-content\\\/uploads\\\/2023\\\/09\\\/10564.png\",\"contentUrl\":\"https:\\\/\\\/mueble4you.com\\\/wp-content\\\/uploads\\\/2023\\\/09\\\/10564.png\",\"width\":766,\"height\":589},{\"@type\":\"BreadcrumbList\",\"@id\":\"https:\\\/\\\/mueble4you.com\\\/fr\\\/productos\\\/vaste-table-noire-en-ceramique-pied-en-metal-couleur-cuivre-160-210x90-cm\\\/#breadcrumb\",\"itemListElement\":[{\"@type\":\"ListItem\",\"position\":1,\"name\":\"Portada\",\"item\":\"https:\\\/\\\/mueble4you.com\\\/fr\\\/\"},{\"@type\":\"ListItem\",\"position\":2,\"name\":\"Productos\",\"item\":\"https:\\\/\\\/mueble4you.com\\\/productos\\\/\"},{\"@type\":\"ListItem\",\"position\":3,\"name\":\"VASTE TABLE NOIRE EN C\u00c9RAMIQUE. PIED EN M\u00c9TAL COULEUR CUIVRE 160\\\/210X90 CM.\"}]},{\"@type\":\"WebSite\",\"@id\":\"https:\\\/\\\/mueble4you.com\\\/#website\",\"url\":\"https:\\\/\\\/mueble4you.com\\\/\",\"name\":\"mueble4you\",\"description\":\"Meubles \u00e0 Tenerife\",\"potentialAction\":[{\"@type\":\"SearchAction\",\"target\":{\"@type\":\"EntryPoint\",\"urlTemplate\":\"https:\\\/\\\/mueble4you.com\\\/?s={search_term_string}\"},\"query-input\":{\"@type\":\"PropertyValueSpecification\",\"valueRequired\":true,\"valueName\":\"search_term_string\"}}],\"inLanguage\":\"fr-FR\"}]}<\/script>\n<!-- \/ Yoast SEO plugin. -->","yoast_head_json":{"title":"VASTE TABLE NOIRE EN C\u00c9RAMIQUE. PIED EN M\u00c9TAL COULEUR CUIVRE 160\/210X90 CM. | mueble4you","robots":{"index":"index","follow":"follow","max-snippet":"max-snippet:-1","max-image-preview":"max-image-preview:large","max-video-preview":"max-video-preview:-1"},"canonical":"https:\/\/mueble4you.com\/fr\/productos\/vaste-table-noire-en-ceramique-pied-en-metal-couleur-cuivre-160-210x90-cm\/","og_locale":"fr_FR","og_type":"article","og_title":"VASTE TABLE NOIRE EN C\u00c9RAMIQUE. PIED EN M\u00c9TAL COULEUR CUIVRE 160\/210X90 CM. | mueble4you","og_description":"MAT\u00c9RIEL: PLANCHE EN C\u00c9RAMIQUE, PIED EN FER. MESURES (longueur x largeur x hauteur) : 160X90X76. CARACT\u00c9RISTIQUES: &#8211; TABLE EXTENSIBLE JUSQU&rsquo;\u00c0 210 CM &#8211; PLAQUE C\u00c9RAMIQUE IMITATION MARBRE NOIR 10 CM D&rsquo;\u00c9PAISSEUR &#8211; CAPACIT\u00c9 POUR 8-10 DIERS &#8211; OUVERTURE ET FERMETURE AUTOMATIQUES &#8211; PIED M\u00c9TALLIQUE COULEUR CUIVRE","og_url":"https:\/\/mueble4you.com\/fr\/productos\/vaste-table-noire-en-ceramique-pied-en-metal-couleur-cuivre-160-210x90-cm\/","og_site_name":"mueble4you","article_modified_time":"2023-09-21T09:17:59+00:00","og_image":[{"width":766,"height":589,"url":"https:\/\/mueble4you.com\/wp-content\/uploads\/2023\/09\/10564.png","type":"image\/png"}],"twitter_card":"summary_large_image","schema":{"@context":"https:\/\/schema.org","@graph":[{"@type":"WebPage","@id":"https:\/\/mueble4you.com\/fr\/productos\/vaste-table-noire-en-ceramique-pied-en-metal-couleur-cuivre-160-210x90-cm\/","url":"https:\/\/mueble4you.com\/fr\/productos\/vaste-table-noire-en-ceramique-pied-en-metal-couleur-cuivre-160-210x90-cm\/","name":"VASTE TABLE NOIRE EN C\u00c9RAMIQUE. PIED EN M\u00c9TAL COULEUR CUIVRE 160\/210X90 CM. | mueble4you","isPartOf":{"@id":"https:\/\/mueble4you.com\/#website"},"primaryImageOfPage":{"@id":"https:\/\/mueble4you.com\/fr\/productos\/vaste-table-noire-en-ceramique-pied-en-metal-couleur-cuivre-160-210x90-cm\/#primaryimage"},"image":{"@id":"https:\/\/mueble4you.com\/fr\/productos\/vaste-table-noire-en-ceramique-pied-en-metal-couleur-cuivre-160-210x90-cm\/#primaryimage"},"thumbnailUrl":"https:\/\/mueble4you.com\/wp-content\/uploads\/2023\/09\/10564.png","datePublished":"2023-09-21T09:02:59+00:00","dateModified":"2023-09-21T09:17:59+00:00","breadcrumb":{"@id":"https:\/\/mueble4you.com\/fr\/productos\/vaste-table-noire-en-ceramique-pied-en-metal-couleur-cuivre-160-210x90-cm\/#breadcrumb"},"inLanguage":"fr-FR","potentialAction":[{"@type":"ReadAction","target":["https:\/\/mueble4you.com\/fr\/productos\/vaste-table-noire-en-ceramique-pied-en-metal-couleur-cuivre-160-210x90-cm\/"]}]},{"@type":"ImageObject","inLanguage":"fr-FR","@id":"https:\/\/mueble4you.com\/fr\/productos\/vaste-table-noire-en-ceramique-pied-en-metal-couleur-cuivre-160-210x90-cm\/#primaryimage","url":"https:\/\/mueble4you.com\/wp-content\/uploads\/2023\/09\/10564.png","contentUrl":"https:\/\/mueble4you.com\/wp-content\/uploads\/2023\/09\/10564.png","width":766,"height":589},{"@type":"BreadcrumbList","@id":"https:\/\/mueble4you.com\/fr\/productos\/vaste-table-noire-en-ceramique-pied-en-metal-couleur-cuivre-160-210x90-cm\/#breadcrumb","itemListElement":[{"@type":"ListItem","position":1,"name":"Portada","item":"https:\/\/mueble4you.com\/fr\/"},{"@type":"ListItem","position":2,"name":"Productos","item":"https:\/\/mueble4you.com\/productos\/"},{"@type":"ListItem","position":3,"name":"VASTE TABLE NOIRE EN C\u00c9RAMIQUE. PIED EN M\u00c9TAL COULEUR CUIVRE 160\/210X90 CM."}]},{"@type":"WebSite","@id":"https:\/\/mueble4you.com\/#website","url":"https:\/\/mueble4you.com\/","name":"mueble4you","description":"Meubles \u00e0 Tenerife","potentialAction":[{"@type":"SearchAction","target":{"@type":"EntryPoint","urlTemplate":"https:\/\/mueble4you.com\/?s={search_term_string}"},"query-input":{"@type":"PropertyValueSpecification","valueRequired":true,"valueName":"search_term_string"}}],"inLanguage":"fr-FR"}]}},"_links":{"self":[{"href":"https:\/\/mueble4you.com\/fr\/wp-json\/wp\/v2\/product\/66845","targetHints":{"allow":["GET"]}}],"collection":[{"href":"https:\/\/mueble4you.com\/fr\/wp-json\/wp\/v2\/product"}],"about":[{"href":"https:\/\/mueble4you.com\/fr\/wp-json\/wp\/v2\/types\/product"}],"wp:featuredmedia":[{"embeddable":true,"href":"https:\/\/mueble4you.com\/fr\/wp-json\/wp\/v2\/media\/66836"}],"wp:attachment":[{"href":"https:\/\/mueble4you.com\/fr\/wp-json\/wp\/v2\/media?parent=66845"}],"wp:term":[{"taxonomy":"product_brand","embeddable":true,"href":"https:\/\/mueble4you.com\/fr\/wp-json\/wp\/v2\/product_brand?post=66845"},{"taxonomy":"product_cat","embeddable":true,"href":"https:\/\/mueble4you.com\/fr\/wp-json\/wp\/v2\/product_cat?post=66845"},{"taxonomy":"product_tag","embeddable":true,"href":"https:\/\/mueble4you.com\/fr\/wp-json\/wp\/v2\/product_tag?post=66845"}],"curies":[{"name":"wp","href":"https:\/\/api.w.org\/{rel}","templated":true}]}}