{"id":66814,"date":"2023-09-20T14:56:55","date_gmt":"2023-09-20T14:56:55","guid":{"rendered":"https:\/\/mueble4you.com\/productos\/aparador-madera-mango-blanco-con-4-puertas-y-patas-de-madera\/"},"modified":"2023-09-20T15:11:01","modified_gmt":"2023-09-20T15:11:01","slug":"buffet-en-bois-de-manguier-blanc-avec-4-portes-et-pieds-en-bois","status":"publish","type":"product","link":"https:\/\/mueble4you.com\/fr\/productos\/buffet-en-bois-de-manguier-blanc-avec-4-portes-et-pieds-en-bois\/","title":{"rendered":"BUFFET EN BOIS DE MANGUIER BLANC AVEC 4 PORTES ET PIEDS EN BOIS."},"content":{"rendered":"<ul>\n<li id=\"tw-target-text\" class=\"tw-data-text tw-text-large tw-ta\" dir=\"ltr\" data-placeholder=\"Traducci\u00f3n\"><span class=\"Y2IQFc\" lang=\"fr\">COULEUR : BLANC LAV\u00c9.<\/span><\/li>\n<li class=\"tw-data-text tw-text-large tw-ta\" dir=\"ltr\" data-placeholder=\"Traducci\u00f3n\"><span class=\"Y2IQFc\" lang=\"fr\">MESURES (longueur x largeur x hauteur) : 177X38X75.<\/span><\/li>\n<li class=\"tw-data-text tw-text-large tw-ta\" dir=\"ltr\" data-placeholder=\"Traducci\u00f3n\"><span class=\"Y2IQFc\" lang=\"fr\">MAT\u00c9RIEL : BOIS DE MANGUIER SOLIDE.<\/span><\/li>\n<li class=\"tw-data-text tw-text-large tw-ta\" dir=\"ltr\" data-placeholder=\"Traducci\u00f3n\"><span class=\"Y2IQFc\" lang=\"fr\">CARACT\u00c9RISTIQUES : &#8211; PIEDS EN BOIS &#8211; \u00c9TAG\u00c8RE INT\u00c9RIEURE FIXE \u00c0 HAUTEUR MOYENNE &#8211; CHARNI\u00c8RES \u00c0 FERMETURE DOUCE &#8211; HAUTEUR DES PIEDS 17 CM<\/span><\/li>\n<\/ul>\n","protected":false},"excerpt":{"rendered":"<p>COULEUR : BLANC LAV\u00c9. MESURES (longueur x largeur x hauteur) : 177X38X75. MAT\u00c9RIEL : BOIS DE MANGUIER SOLIDE. CARACT\u00c9RISTIQUES : &#8211; PIEDS EN BOIS &#8211; \u00c9TAG\u00c8RE INT\u00c9RIEURE FIXE \u00c0 HAUTEUR MOYENNE &#8211; CHARNI\u00c8RES \u00c0 FERMETURE DOUCE &#8211; HAUTEUR DES PIEDS 17 CM<\/p>\n","protected":false},"featured_media":66805,"template":"","meta":[],"product_brand":[],"product_cat":[499,204],"product_tag":[],"class_list":{"0":"post-66814","1":"product","2":"type-product","3":"status-publish","4":"has-post-thumbnail","6":"product_cat-buffets","7":"product_cat-salon","9":"first","10":"instock","11":"shipping-taxable","12":"product-type-simple"},"yoast_head":"<!-- This site is optimized with the Yoast SEO plugin v27.2 - https:\/\/yoast.com\/product\/yoast-seo-wordpress\/ -->\n<title>BUFFET EN BOIS DE MANGUIER BLANC AVEC 4 PORTES ET PIEDS EN BOIS. | mueble4you<\/title>\n<meta name=\"robots\" content=\"index, follow, max-snippet:-1, max-image-preview:large, max-video-preview:-1\" \/>\n<link rel=\"canonical\" href=\"https:\/\/mueble4you.com\/fr\/productos\/buffet-en-bois-de-manguier-blanc-avec-4-portes-et-pieds-en-bois\/\" \/>\n<meta property=\"og:locale\" content=\"fr_FR\" \/>\n<meta property=\"og:type\" content=\"article\" \/>\n<meta property=\"og:title\" content=\"BUFFET EN BOIS DE MANGUIER BLANC AVEC 4 PORTES ET PIEDS EN BOIS. | mueble4you\" \/>\n<meta property=\"og:description\" content=\"COULEUR : BLANC LAV\u00c9. MESURES (longueur x largeur x hauteur) : 177X38X75. MAT\u00c9RIEL : BOIS DE MANGUIER SOLIDE. CARACT\u00c9RISTIQUES : &#8211; PIEDS EN BOIS &#8211; \u00c9TAG\u00c8RE INT\u00c9RIEURE FIXE \u00c0 HAUTEUR MOYENNE &#8211; CHARNI\u00c8RES \u00c0 FERMETURE DOUCE &#8211; HAUTEUR DES PIEDS 17 CM\" \/>\n<meta property=\"og:url\" content=\"https:\/\/mueble4you.com\/fr\/productos\/buffet-en-bois-de-manguier-blanc-avec-4-portes-et-pieds-en-bois\/\" \/>\n<meta property=\"og:site_name\" content=\"mueble4you\" \/>\n<meta property=\"article:modified_time\" content=\"2023-09-20T15:11:01+00:00\" \/>\n<meta property=\"og:image\" content=\"https:\/\/mueble4you.com\/wp-content\/uploads\/2023\/09\/10690.png\" \/>\n\t<meta property=\"og:image:width\" content=\"770\" \/>\n\t<meta property=\"og:image:height\" content=\"631\" \/>\n\t<meta property=\"og:image:type\" content=\"image\/png\" \/>\n<meta name=\"twitter:card\" content=\"summary_large_image\" \/>\n<script type=\"application\/ld+json\" class=\"yoast-schema-graph\">{\"@context\":\"https:\/\/schema.org\",\"@graph\":[{\"@type\":\"WebPage\",\"@id\":\"https:\/\/mueble4you.com\/fr\/productos\/buffet-en-bois-de-manguier-blanc-avec-4-portes-et-pieds-en-bois\/\",\"url\":\"https:\/\/mueble4you.com\/fr\/productos\/buffet-en-bois-de-manguier-blanc-avec-4-portes-et-pieds-en-bois\/\",\"name\":\"BUFFET EN BOIS DE MANGUIER BLANC AVEC 4 PORTES ET PIEDS EN BOIS. | mueble4you\",\"isPartOf\":{\"@id\":\"https:\/\/mueble4you.com\/#website\"},\"primaryImageOfPage\":{\"@id\":\"https:\/\/mueble4you.com\/fr\/productos\/buffet-en-bois-de-manguier-blanc-avec-4-portes-et-pieds-en-bois\/#primaryimage\"},\"image\":{\"@id\":\"https:\/\/mueble4you.com\/fr\/productos\/buffet-en-bois-de-manguier-blanc-avec-4-portes-et-pieds-en-bois\/#primaryimage\"},\"thumbnailUrl\":\"https:\/\/mueble4you.com\/wp-content\/uploads\/2023\/09\/10690.png\",\"datePublished\":\"2023-09-20T14:56:55+00:00\",\"dateModified\":\"2023-09-20T15:11:01+00:00\",\"breadcrumb\":{\"@id\":\"https:\/\/mueble4you.com\/fr\/productos\/buffet-en-bois-de-manguier-blanc-avec-4-portes-et-pieds-en-bois\/#breadcrumb\"},\"inLanguage\":\"fr-FR\",\"potentialAction\":[{\"@type\":\"ReadAction\",\"target\":[\"https:\/\/mueble4you.com\/fr\/productos\/buffet-en-bois-de-manguier-blanc-avec-4-portes-et-pieds-en-bois\/\"]}]},{\"@type\":\"ImageObject\",\"inLanguage\":\"fr-FR\",\"@id\":\"https:\/\/mueble4you.com\/fr\/productos\/buffet-en-bois-de-manguier-blanc-avec-4-portes-et-pieds-en-bois\/#primaryimage\",\"url\":\"https:\/\/mueble4you.com\/wp-content\/uploads\/2023\/09\/10690.png\",\"contentUrl\":\"https:\/\/mueble4you.com\/wp-content\/uploads\/2023\/09\/10690.png\",\"width\":770,\"height\":631},{\"@type\":\"BreadcrumbList\",\"@id\":\"https:\/\/mueble4you.com\/fr\/productos\/buffet-en-bois-de-manguier-blanc-avec-4-portes-et-pieds-en-bois\/#breadcrumb\",\"itemListElement\":[{\"@type\":\"ListItem\",\"position\":1,\"name\":\"Portada\",\"item\":\"https:\/\/mueble4you.com\/fr\/\"},{\"@type\":\"ListItem\",\"position\":2,\"name\":\"Productos\",\"item\":\"https:\/\/mueble4you.com\/productos\/\"},{\"@type\":\"ListItem\",\"position\":3,\"name\":\"BUFFET EN BOIS DE MANGUIER BLANC AVEC 4 PORTES ET PIEDS EN BOIS.\"}]},{\"@type\":\"WebSite\",\"@id\":\"https:\/\/mueble4you.com\/#website\",\"url\":\"https:\/\/mueble4you.com\/\",\"name\":\"mueble4you\",\"description\":\"Meubles \u00e0 Tenerife\",\"potentialAction\":[{\"@type\":\"SearchAction\",\"target\":{\"@type\":\"EntryPoint\",\"urlTemplate\":\"https:\/\/mueble4you.com\/?s={search_term_string}\"},\"query-input\":{\"@type\":\"PropertyValueSpecification\",\"valueRequired\":true,\"valueName\":\"search_term_string\"}}],\"inLanguage\":\"fr-FR\"}]}<\/script>\n<!-- \/ Yoast SEO plugin. -->","yoast_head_json":{"title":"BUFFET EN BOIS DE MANGUIER BLANC AVEC 4 PORTES ET PIEDS EN BOIS. | mueble4you","robots":{"index":"index","follow":"follow","max-snippet":"max-snippet:-1","max-image-preview":"max-image-preview:large","max-video-preview":"max-video-preview:-1"},"canonical":"https:\/\/mueble4you.com\/fr\/productos\/buffet-en-bois-de-manguier-blanc-avec-4-portes-et-pieds-en-bois\/","og_locale":"fr_FR","og_type":"article","og_title":"BUFFET EN BOIS DE MANGUIER BLANC AVEC 4 PORTES ET PIEDS EN BOIS. | mueble4you","og_description":"COULEUR : BLANC LAV\u00c9. MESURES (longueur x largeur x hauteur) : 177X38X75. MAT\u00c9RIEL : BOIS DE MANGUIER SOLIDE. CARACT\u00c9RISTIQUES : &#8211; PIEDS EN BOIS &#8211; \u00c9TAG\u00c8RE INT\u00c9RIEURE FIXE \u00c0 HAUTEUR MOYENNE &#8211; CHARNI\u00c8RES \u00c0 FERMETURE DOUCE &#8211; HAUTEUR DES PIEDS 17 CM","og_url":"https:\/\/mueble4you.com\/fr\/productos\/buffet-en-bois-de-manguier-blanc-avec-4-portes-et-pieds-en-bois\/","og_site_name":"mueble4you","article_modified_time":"2023-09-20T15:11:01+00:00","og_image":[{"width":770,"height":631,"url":"https:\/\/mueble4you.com\/wp-content\/uploads\/2023\/09\/10690.png","type":"image\/png"}],"twitter_card":"summary_large_image","schema":{"@context":"https:\/\/schema.org","@graph":[{"@type":"WebPage","@id":"https:\/\/mueble4you.com\/fr\/productos\/buffet-en-bois-de-manguier-blanc-avec-4-portes-et-pieds-en-bois\/","url":"https:\/\/mueble4you.com\/fr\/productos\/buffet-en-bois-de-manguier-blanc-avec-4-portes-et-pieds-en-bois\/","name":"BUFFET EN BOIS DE MANGUIER BLANC AVEC 4 PORTES ET PIEDS EN BOIS. | mueble4you","isPartOf":{"@id":"https:\/\/mueble4you.com\/#website"},"primaryImageOfPage":{"@id":"https:\/\/mueble4you.com\/fr\/productos\/buffet-en-bois-de-manguier-blanc-avec-4-portes-et-pieds-en-bois\/#primaryimage"},"image":{"@id":"https:\/\/mueble4you.com\/fr\/productos\/buffet-en-bois-de-manguier-blanc-avec-4-portes-et-pieds-en-bois\/#primaryimage"},"thumbnailUrl":"https:\/\/mueble4you.com\/wp-content\/uploads\/2023\/09\/10690.png","datePublished":"2023-09-20T14:56:55+00:00","dateModified":"2023-09-20T15:11:01+00:00","breadcrumb":{"@id":"https:\/\/mueble4you.com\/fr\/productos\/buffet-en-bois-de-manguier-blanc-avec-4-portes-et-pieds-en-bois\/#breadcrumb"},"inLanguage":"fr-FR","potentialAction":[{"@type":"ReadAction","target":["https:\/\/mueble4you.com\/fr\/productos\/buffet-en-bois-de-manguier-blanc-avec-4-portes-et-pieds-en-bois\/"]}]},{"@type":"ImageObject","inLanguage":"fr-FR","@id":"https:\/\/mueble4you.com\/fr\/productos\/buffet-en-bois-de-manguier-blanc-avec-4-portes-et-pieds-en-bois\/#primaryimage","url":"https:\/\/mueble4you.com\/wp-content\/uploads\/2023\/09\/10690.png","contentUrl":"https:\/\/mueble4you.com\/wp-content\/uploads\/2023\/09\/10690.png","width":770,"height":631},{"@type":"BreadcrumbList","@id":"https:\/\/mueble4you.com\/fr\/productos\/buffet-en-bois-de-manguier-blanc-avec-4-portes-et-pieds-en-bois\/#breadcrumb","itemListElement":[{"@type":"ListItem","position":1,"name":"Portada","item":"https:\/\/mueble4you.com\/fr\/"},{"@type":"ListItem","position":2,"name":"Productos","item":"https:\/\/mueble4you.com\/productos\/"},{"@type":"ListItem","position":3,"name":"BUFFET EN BOIS DE MANGUIER BLANC AVEC 4 PORTES ET PIEDS EN BOIS."}]},{"@type":"WebSite","@id":"https:\/\/mueble4you.com\/#website","url":"https:\/\/mueble4you.com\/","name":"mueble4you","description":"Meubles \u00e0 Tenerife","potentialAction":[{"@type":"SearchAction","target":{"@type":"EntryPoint","urlTemplate":"https:\/\/mueble4you.com\/?s={search_term_string}"},"query-input":{"@type":"PropertyValueSpecification","valueRequired":true,"valueName":"search_term_string"}}],"inLanguage":"fr-FR"}]}},"_links":{"self":[{"href":"https:\/\/mueble4you.com\/fr\/wp-json\/wp\/v2\/product\/66814","targetHints":{"allow":["GET"]}}],"collection":[{"href":"https:\/\/mueble4you.com\/fr\/wp-json\/wp\/v2\/product"}],"about":[{"href":"https:\/\/mueble4you.com\/fr\/wp-json\/wp\/v2\/types\/product"}],"wp:featuredmedia":[{"embeddable":true,"href":"https:\/\/mueble4you.com\/fr\/wp-json\/wp\/v2\/media\/66805"}],"wp:attachment":[{"href":"https:\/\/mueble4you.com\/fr\/wp-json\/wp\/v2\/media?parent=66814"}],"wp:term":[{"taxonomy":"product_brand","embeddable":true,"href":"https:\/\/mueble4you.com\/fr\/wp-json\/wp\/v2\/product_brand?post=66814"},{"taxonomy":"product_cat","embeddable":true,"href":"https:\/\/mueble4you.com\/fr\/wp-json\/wp\/v2\/product_cat?post=66814"},{"taxonomy":"product_tag","embeddable":true,"href":"https:\/\/mueble4you.com\/fr\/wp-json\/wp\/v2\/product_tag?post=66814"}],"curies":[{"name":"wp","href":"https:\/\/api.w.org\/{rel}","templated":true}]}}