{"id":66738,"date":"2023-09-20T10:51:34","date_gmt":"2023-09-20T10:51:34","guid":{"rendered":"https:\/\/mueble4you.com\/productos\/mesita-auxiliar-madera-de-olmo-viejo-pata-en-l-metalica\/"},"modified":"2023-09-20T11:11:45","modified_gmt":"2023-09-20T11:11:45","slug":"table-dappoint-en-bois-dorme-vieux-pied-en-l-metallique","status":"publish","type":"product","link":"https:\/\/mueble4you.com\/fr\/productos\/table-dappoint-en-bois-dorme-vieux-pied-en-l-metallique\/","title":{"rendered":"TABLE D&rsquo;APPOINT EN BOIS D&rsquo;ORME VIEUX PIED EN L M\u00c9TALLIQUE."},"content":{"rendered":"<ul>\n<li id=\"tw-target-text\" class=\"tw-data-text tw-text-large tw-ta\" dir=\"ltr\" data-placeholder=\"Traducci\u00f3n\"><span class=\"Y2IQFc\" lang=\"fr\">COULEUR NATURELLE.<\/span><\/li>\n<li class=\"tw-data-text tw-text-large tw-ta\" dir=\"ltr\" data-placeholder=\"Traducci\u00f3n\"><span class=\"Y2IQFc\" lang=\"fr\">MAT\u00c9RIEL : VIEUX BOIS D&rsquo;ORME AVEC PIEDS EN M\u00c9TAL.<\/span><\/li>\n<li class=\"tw-data-text tw-text-large tw-ta\" dir=\"ltr\" data-placeholder=\"Traducci\u00f3n\"><span class=\"Y2IQFc\" lang=\"fr\">CARACT\u00c9RISTIQUES : &#8211; \u00c9PAISSEUR DE LA PLANCHE : 4 CM &#8211; PIEDS NOIR.<\/span><\/li>\n<li class=\"tw-data-text tw-text-large tw-ta\" dir=\"ltr\" data-placeholder=\"Traducci\u00f3n\"><span class=\"Y2IQFc\" lang=\"fr\"> MESURES (longueur x largeur x hauteur) : 46X35X60.<\/span><\/li>\n<\/ul>\n","protected":false},"excerpt":{"rendered":"<p>COULEUR NATURELLE. MAT\u00c9RIEL : VIEUX BOIS D&rsquo;ORME AVEC PIEDS EN M\u00c9TAL. CARACT\u00c9RISTIQUES : &#8211; \u00c9PAISSEUR DE LA PLANCHE : 4 CM &#8211; PIEDS NOIR. MESURES (longueur x largeur x hauteur) : 46X35X60.<\/p>\n","protected":false},"featured_media":66734,"template":"","meta":[],"product_brand":[],"product_cat":[204,459],"product_tag":[],"class_list":{"0":"post-66738","1":"product","2":"type-product","3":"status-publish","4":"has-post-thumbnail","6":"product_cat-salon","7":"product_cat-table-dangle-ou-dappoint","9":"first","10":"instock","11":"shipping-taxable","12":"product-type-simple"},"yoast_head":"<!-- This site is optimized with the Yoast SEO plugin v27.2 - https:\/\/yoast.com\/product\/yoast-seo-wordpress\/ -->\n<title>TABLE D&#039;APPOINT EN BOIS D&#039;ORME VIEUX PIED EN L M\u00c9TALLIQUE. | mueble4you<\/title>\n<meta name=\"robots\" content=\"index, follow, max-snippet:-1, max-image-preview:large, max-video-preview:-1\" \/>\n<link rel=\"canonical\" href=\"https:\/\/mueble4you.com\/fr\/productos\/table-dappoint-en-bois-dorme-vieux-pied-en-l-metallique\/\" \/>\n<meta property=\"og:locale\" content=\"fr_FR\" \/>\n<meta property=\"og:type\" content=\"article\" \/>\n<meta property=\"og:title\" content=\"TABLE D&#039;APPOINT EN BOIS D&#039;ORME VIEUX PIED EN L M\u00c9TALLIQUE. | mueble4you\" \/>\n<meta property=\"og:description\" content=\"COULEUR NATURELLE. MAT\u00c9RIEL : VIEUX BOIS D&rsquo;ORME AVEC PIEDS EN M\u00c9TAL. CARACT\u00c9RISTIQUES : &#8211; \u00c9PAISSEUR DE LA PLANCHE : 4 CM &#8211; PIEDS NOIR. MESURES (longueur x largeur x hauteur) : 46X35X60.\" \/>\n<meta property=\"og:url\" content=\"https:\/\/mueble4you.com\/fr\/productos\/table-dappoint-en-bois-dorme-vieux-pied-en-l-metallique\/\" \/>\n<meta property=\"og:site_name\" content=\"mueble4you\" \/>\n<meta property=\"article:modified_time\" content=\"2023-09-20T11:11:45+00:00\" \/>\n<meta property=\"og:image\" content=\"https:\/\/mueble4you.com\/wp-content\/uploads\/2023\/09\/8408.png\" \/>\n\t<meta property=\"og:image:width\" content=\"658\" \/>\n\t<meta property=\"og:image:height\" content=\"764\" \/>\n\t<meta property=\"og:image:type\" content=\"image\/png\" \/>\n<meta name=\"twitter:card\" content=\"summary_large_image\" \/>\n<script type=\"application\/ld+json\" class=\"yoast-schema-graph\">{\"@context\":\"https:\/\/schema.org\",\"@graph\":[{\"@type\":\"WebPage\",\"@id\":\"https:\/\/mueble4you.com\/fr\/productos\/table-dappoint-en-bois-dorme-vieux-pied-en-l-metallique\/\",\"url\":\"https:\/\/mueble4you.com\/fr\/productos\/table-dappoint-en-bois-dorme-vieux-pied-en-l-metallique\/\",\"name\":\"TABLE D'APPOINT EN BOIS D'ORME VIEUX PIED EN L M\u00c9TALLIQUE. | mueble4you\",\"isPartOf\":{\"@id\":\"https:\/\/mueble4you.com\/#website\"},\"primaryImageOfPage\":{\"@id\":\"https:\/\/mueble4you.com\/fr\/productos\/table-dappoint-en-bois-dorme-vieux-pied-en-l-metallique\/#primaryimage\"},\"image\":{\"@id\":\"https:\/\/mueble4you.com\/fr\/productos\/table-dappoint-en-bois-dorme-vieux-pied-en-l-metallique\/#primaryimage\"},\"thumbnailUrl\":\"https:\/\/mueble4you.com\/wp-content\/uploads\/2023\/09\/8408.png\",\"datePublished\":\"2023-09-20T10:51:34+00:00\",\"dateModified\":\"2023-09-20T11:11:45+00:00\",\"breadcrumb\":{\"@id\":\"https:\/\/mueble4you.com\/fr\/productos\/table-dappoint-en-bois-dorme-vieux-pied-en-l-metallique\/#breadcrumb\"},\"inLanguage\":\"fr-FR\",\"potentialAction\":[{\"@type\":\"ReadAction\",\"target\":[\"https:\/\/mueble4you.com\/fr\/productos\/table-dappoint-en-bois-dorme-vieux-pied-en-l-metallique\/\"]}]},{\"@type\":\"ImageObject\",\"inLanguage\":\"fr-FR\",\"@id\":\"https:\/\/mueble4you.com\/fr\/productos\/table-dappoint-en-bois-dorme-vieux-pied-en-l-metallique\/#primaryimage\",\"url\":\"https:\/\/mueble4you.com\/wp-content\/uploads\/2023\/09\/8408.png\",\"contentUrl\":\"https:\/\/mueble4you.com\/wp-content\/uploads\/2023\/09\/8408.png\",\"width\":658,\"height\":764},{\"@type\":\"BreadcrumbList\",\"@id\":\"https:\/\/mueble4you.com\/fr\/productos\/table-dappoint-en-bois-dorme-vieux-pied-en-l-metallique\/#breadcrumb\",\"itemListElement\":[{\"@type\":\"ListItem\",\"position\":1,\"name\":\"Portada\",\"item\":\"https:\/\/mueble4you.com\/fr\/\"},{\"@type\":\"ListItem\",\"position\":2,\"name\":\"Productos\",\"item\":\"https:\/\/mueble4you.com\/productos\/\"},{\"@type\":\"ListItem\",\"position\":3,\"name\":\"TABLE D&rsquo;APPOINT EN BOIS D&rsquo;ORME VIEUX PIED EN L M\u00c9TALLIQUE.\"}]},{\"@type\":\"WebSite\",\"@id\":\"https:\/\/mueble4you.com\/#website\",\"url\":\"https:\/\/mueble4you.com\/\",\"name\":\"mueble4you\",\"description\":\"Meubles \u00e0 Tenerife\",\"potentialAction\":[{\"@type\":\"SearchAction\",\"target\":{\"@type\":\"EntryPoint\",\"urlTemplate\":\"https:\/\/mueble4you.com\/?s={search_term_string}\"},\"query-input\":{\"@type\":\"PropertyValueSpecification\",\"valueRequired\":true,\"valueName\":\"search_term_string\"}}],\"inLanguage\":\"fr-FR\"}]}<\/script>\n<!-- \/ Yoast SEO plugin. -->","yoast_head_json":{"title":"TABLE D'APPOINT EN BOIS D'ORME VIEUX PIED EN L M\u00c9TALLIQUE. | mueble4you","robots":{"index":"index","follow":"follow","max-snippet":"max-snippet:-1","max-image-preview":"max-image-preview:large","max-video-preview":"max-video-preview:-1"},"canonical":"https:\/\/mueble4you.com\/fr\/productos\/table-dappoint-en-bois-dorme-vieux-pied-en-l-metallique\/","og_locale":"fr_FR","og_type":"article","og_title":"TABLE D'APPOINT EN BOIS D'ORME VIEUX PIED EN L M\u00c9TALLIQUE. | mueble4you","og_description":"COULEUR NATURELLE. MAT\u00c9RIEL : VIEUX BOIS D&rsquo;ORME AVEC PIEDS EN M\u00c9TAL. CARACT\u00c9RISTIQUES : &#8211; \u00c9PAISSEUR DE LA PLANCHE : 4 CM &#8211; PIEDS NOIR. MESURES (longueur x largeur x hauteur) : 46X35X60.","og_url":"https:\/\/mueble4you.com\/fr\/productos\/table-dappoint-en-bois-dorme-vieux-pied-en-l-metallique\/","og_site_name":"mueble4you","article_modified_time":"2023-09-20T11:11:45+00:00","og_image":[{"width":658,"height":764,"url":"https:\/\/mueble4you.com\/wp-content\/uploads\/2023\/09\/8408.png","type":"image\/png"}],"twitter_card":"summary_large_image","schema":{"@context":"https:\/\/schema.org","@graph":[{"@type":"WebPage","@id":"https:\/\/mueble4you.com\/fr\/productos\/table-dappoint-en-bois-dorme-vieux-pied-en-l-metallique\/","url":"https:\/\/mueble4you.com\/fr\/productos\/table-dappoint-en-bois-dorme-vieux-pied-en-l-metallique\/","name":"TABLE D'APPOINT EN BOIS D'ORME VIEUX PIED EN L M\u00c9TALLIQUE. | mueble4you","isPartOf":{"@id":"https:\/\/mueble4you.com\/#website"},"primaryImageOfPage":{"@id":"https:\/\/mueble4you.com\/fr\/productos\/table-dappoint-en-bois-dorme-vieux-pied-en-l-metallique\/#primaryimage"},"image":{"@id":"https:\/\/mueble4you.com\/fr\/productos\/table-dappoint-en-bois-dorme-vieux-pied-en-l-metallique\/#primaryimage"},"thumbnailUrl":"https:\/\/mueble4you.com\/wp-content\/uploads\/2023\/09\/8408.png","datePublished":"2023-09-20T10:51:34+00:00","dateModified":"2023-09-20T11:11:45+00:00","breadcrumb":{"@id":"https:\/\/mueble4you.com\/fr\/productos\/table-dappoint-en-bois-dorme-vieux-pied-en-l-metallique\/#breadcrumb"},"inLanguage":"fr-FR","potentialAction":[{"@type":"ReadAction","target":["https:\/\/mueble4you.com\/fr\/productos\/table-dappoint-en-bois-dorme-vieux-pied-en-l-metallique\/"]}]},{"@type":"ImageObject","inLanguage":"fr-FR","@id":"https:\/\/mueble4you.com\/fr\/productos\/table-dappoint-en-bois-dorme-vieux-pied-en-l-metallique\/#primaryimage","url":"https:\/\/mueble4you.com\/wp-content\/uploads\/2023\/09\/8408.png","contentUrl":"https:\/\/mueble4you.com\/wp-content\/uploads\/2023\/09\/8408.png","width":658,"height":764},{"@type":"BreadcrumbList","@id":"https:\/\/mueble4you.com\/fr\/productos\/table-dappoint-en-bois-dorme-vieux-pied-en-l-metallique\/#breadcrumb","itemListElement":[{"@type":"ListItem","position":1,"name":"Portada","item":"https:\/\/mueble4you.com\/fr\/"},{"@type":"ListItem","position":2,"name":"Productos","item":"https:\/\/mueble4you.com\/productos\/"},{"@type":"ListItem","position":3,"name":"TABLE D&rsquo;APPOINT EN BOIS D&rsquo;ORME VIEUX PIED EN L M\u00c9TALLIQUE."}]},{"@type":"WebSite","@id":"https:\/\/mueble4you.com\/#website","url":"https:\/\/mueble4you.com\/","name":"mueble4you","description":"Meubles \u00e0 Tenerife","potentialAction":[{"@type":"SearchAction","target":{"@type":"EntryPoint","urlTemplate":"https:\/\/mueble4you.com\/?s={search_term_string}"},"query-input":{"@type":"PropertyValueSpecification","valueRequired":true,"valueName":"search_term_string"}}],"inLanguage":"fr-FR"}]}},"_links":{"self":[{"href":"https:\/\/mueble4you.com\/fr\/wp-json\/wp\/v2\/product\/66738","targetHints":{"allow":["GET"]}}],"collection":[{"href":"https:\/\/mueble4you.com\/fr\/wp-json\/wp\/v2\/product"}],"about":[{"href":"https:\/\/mueble4you.com\/fr\/wp-json\/wp\/v2\/types\/product"}],"wp:featuredmedia":[{"embeddable":true,"href":"https:\/\/mueble4you.com\/fr\/wp-json\/wp\/v2\/media\/66734"}],"wp:attachment":[{"href":"https:\/\/mueble4you.com\/fr\/wp-json\/wp\/v2\/media?parent=66738"}],"wp:term":[{"taxonomy":"product_brand","embeddable":true,"href":"https:\/\/mueble4you.com\/fr\/wp-json\/wp\/v2\/product_brand?post=66738"},{"taxonomy":"product_cat","embeddable":true,"href":"https:\/\/mueble4you.com\/fr\/wp-json\/wp\/v2\/product_cat?post=66738"},{"taxonomy":"product_tag","embeddable":true,"href":"https:\/\/mueble4you.com\/fr\/wp-json\/wp\/v2\/product_tag?post=66738"}],"curies":[{"name":"wp","href":"https:\/\/api.w.org\/{rel}","templated":true}]}}