{"id":66672,"date":"2023-09-19T12:08:09","date_gmt":"2023-09-19T12:08:09","guid":{"rendered":"https:\/\/mueble4you.com\/productos\/mesita-madera-3-cajones-bicolor-con-patas-metalicas\/"},"modified":"2023-09-19T12:34:00","modified_gmt":"2023-09-19T12:34:00","slug":"table-en-bois-avec-3-tiroirs-bicolnes-avec-pieds-en-metal","status":"publish","type":"product","link":"https:\/\/mueble4you.com\/fr\/productos\/table-en-bois-avec-3-tiroirs-bicolnes-avec-pieds-en-metal\/","title":{"rendered":"TABLE EN BOIS AVEC 3 TIROIRS BICOLNES AVEC PIEDS EN M\u00c9TAL."},"content":{"rendered":"<ul>\n<li id=\"tw-target-text\" class=\"tw-data-text tw-text-large tw-ta\" dir=\"ltr\" data-placeholder=\"Traducci\u00f3n\"><span class=\"Y2IQFc\" lang=\"fr\">MESURES (longueur x largeur x hauteur) : 40X35X67.<\/span><\/li>\n<li class=\"tw-data-text tw-text-large tw-ta\" dir=\"ltr\" data-placeholder=\"Traducci\u00f3n\"><span class=\"Y2IQFc\" lang=\"fr\">COULEUR : GRIS FONC\u00c9. <\/span><\/li>\n<li class=\"tw-data-text tw-text-large tw-ta\" dir=\"ltr\" data-placeholder=\"Traducci\u00f3n\"><span class=\"Y2IQFc\" lang=\"fr\">MAT\u00c9RIEL : DMF AVEC FA\u00c7ADE EN BOIS DE SAPIN ET PIEDS EN M\u00c9TAL.<\/span><\/li>\n<li class=\"tw-data-text tw-text-large tw-ta\" dir=\"ltr\" data-placeholder=\"Traducci\u00f3n\"><span class=\"Y2IQFc\" lang=\"fr\">CARACT\u00c9RISTIQUES : &#8211; FA\u00c7ADE DE TIROIR DE COULEUR NATURELLE &#8211; POIGN\u00c9ES EN M\u00c9TAL &#8211; <\/span><\/li>\n<li class=\"tw-data-text tw-text-large tw-ta\" dir=\"ltr\" data-placeholder=\"Traducci\u00f3n\"><span class=\"Y2IQFc\" lang=\"fr\">FINITION RUSTIQUE<\/span><\/li>\n<\/ul>\n","protected":false},"excerpt":{"rendered":"<p>MESURES (longueur x largeur x hauteur) : 40X35X67. COULEUR : GRIS FONC\u00c9. MAT\u00c9RIEL : DMF AVEC FA\u00c7ADE EN BOIS DE SAPIN ET PIEDS EN M\u00c9TAL. CARACT\u00c9RISTIQUES : &#8211; FA\u00c7ADE DE TIROIR DE COULEUR NATURELLE &#8211; POIGN\u00c9ES EN M\u00c9TAL &#8211; FINITION RUSTIQUE<\/p>\n","protected":false},"featured_media":66668,"template":"","meta":[],"product_brand":[],"product_cat":[201,282],"product_tag":[],"class_list":{"0":"post-66672","1":"product","2":"type-product","3":"status-publish","4":"has-post-thumbnail","6":"product_cat-dortoirs","7":"product_cat-meubles-de-chambre-a-coucher","9":"first","10":"instock","11":"shipping-taxable","12":"product-type-simple"},"yoast_head":"<!-- This site is optimized with the Yoast SEO plugin v27.3 - https:\/\/yoast.com\/product\/yoast-seo-wordpress\/ -->\n<title>TABLE EN BOIS AVEC 3 TIROIRS BICOLNES AVEC PIEDS EN M\u00c9TAL. | mueble4you<\/title>\n<meta name=\"robots\" content=\"index, follow, max-snippet:-1, max-image-preview:large, max-video-preview:-1\" \/>\n<link rel=\"canonical\" href=\"https:\/\/mueble4you.com\/fr\/productos\/table-en-bois-avec-3-tiroirs-bicolnes-avec-pieds-en-metal\/\" \/>\n<meta property=\"og:locale\" content=\"fr_FR\" \/>\n<meta property=\"og:type\" content=\"article\" \/>\n<meta property=\"og:title\" content=\"TABLE EN BOIS AVEC 3 TIROIRS BICOLNES AVEC PIEDS EN M\u00c9TAL. | mueble4you\" \/>\n<meta property=\"og:description\" content=\"MESURES (longueur x largeur x hauteur) : 40X35X67. COULEUR : GRIS FONC\u00c9. MAT\u00c9RIEL : DMF AVEC FA\u00c7ADE EN BOIS DE SAPIN ET PIEDS EN M\u00c9TAL. CARACT\u00c9RISTIQUES : &#8211; FA\u00c7ADE DE TIROIR DE COULEUR NATURELLE &#8211; POIGN\u00c9ES EN M\u00c9TAL &#8211; FINITION RUSTIQUE\" \/>\n<meta property=\"og:url\" content=\"https:\/\/mueble4you.com\/fr\/productos\/table-en-bois-avec-3-tiroirs-bicolnes-avec-pieds-en-metal\/\" \/>\n<meta property=\"og:site_name\" content=\"mueble4you\" \/>\n<meta property=\"article:modified_time\" content=\"2023-09-19T12:34:00+00:00\" \/>\n<meta property=\"og:image\" content=\"https:\/\/mueble4you.com\/wp-content\/uploads\/2023\/09\/6483.png\" \/>\n\t<meta property=\"og:image:width\" content=\"546\" \/>\n\t<meta property=\"og:image:height\" content=\"690\" \/>\n\t<meta property=\"og:image:type\" content=\"image\/png\" \/>\n<meta name=\"twitter:card\" content=\"summary_large_image\" \/>\n<script type=\"application\/ld+json\" class=\"yoast-schema-graph\">{\"@context\":\"https:\\\/\\\/schema.org\",\"@graph\":[{\"@type\":\"WebPage\",\"@id\":\"https:\\\/\\\/mueble4you.com\\\/fr\\\/productos\\\/table-en-bois-avec-3-tiroirs-bicolnes-avec-pieds-en-metal\\\/\",\"url\":\"https:\\\/\\\/mueble4you.com\\\/fr\\\/productos\\\/table-en-bois-avec-3-tiroirs-bicolnes-avec-pieds-en-metal\\\/\",\"name\":\"TABLE EN BOIS AVEC 3 TIROIRS BICOLNES AVEC PIEDS EN M\u00c9TAL. | mueble4you\",\"isPartOf\":{\"@id\":\"https:\\\/\\\/mueble4you.com\\\/#website\"},\"primaryImageOfPage\":{\"@id\":\"https:\\\/\\\/mueble4you.com\\\/fr\\\/productos\\\/table-en-bois-avec-3-tiroirs-bicolnes-avec-pieds-en-metal\\\/#primaryimage\"},\"image\":{\"@id\":\"https:\\\/\\\/mueble4you.com\\\/fr\\\/productos\\\/table-en-bois-avec-3-tiroirs-bicolnes-avec-pieds-en-metal\\\/#primaryimage\"},\"thumbnailUrl\":\"https:\\\/\\\/mueble4you.com\\\/wp-content\\\/uploads\\\/2023\\\/09\\\/6483.png\",\"datePublished\":\"2023-09-19T12:08:09+00:00\",\"dateModified\":\"2023-09-19T12:34:00+00:00\",\"breadcrumb\":{\"@id\":\"https:\\\/\\\/mueble4you.com\\\/fr\\\/productos\\\/table-en-bois-avec-3-tiroirs-bicolnes-avec-pieds-en-metal\\\/#breadcrumb\"},\"inLanguage\":\"fr-FR\",\"potentialAction\":[{\"@type\":\"ReadAction\",\"target\":[\"https:\\\/\\\/mueble4you.com\\\/fr\\\/productos\\\/table-en-bois-avec-3-tiroirs-bicolnes-avec-pieds-en-metal\\\/\"]}]},{\"@type\":\"ImageObject\",\"inLanguage\":\"fr-FR\",\"@id\":\"https:\\\/\\\/mueble4you.com\\\/fr\\\/productos\\\/table-en-bois-avec-3-tiroirs-bicolnes-avec-pieds-en-metal\\\/#primaryimage\",\"url\":\"https:\\\/\\\/mueble4you.com\\\/wp-content\\\/uploads\\\/2023\\\/09\\\/6483.png\",\"contentUrl\":\"https:\\\/\\\/mueble4you.com\\\/wp-content\\\/uploads\\\/2023\\\/09\\\/6483.png\",\"width\":546,\"height\":690},{\"@type\":\"BreadcrumbList\",\"@id\":\"https:\\\/\\\/mueble4you.com\\\/fr\\\/productos\\\/table-en-bois-avec-3-tiroirs-bicolnes-avec-pieds-en-metal\\\/#breadcrumb\",\"itemListElement\":[{\"@type\":\"ListItem\",\"position\":1,\"name\":\"Portada\",\"item\":\"https:\\\/\\\/mueble4you.com\\\/fr\\\/\"},{\"@type\":\"ListItem\",\"position\":2,\"name\":\"Productos\",\"item\":\"https:\\\/\\\/mueble4you.com\\\/productos\\\/\"},{\"@type\":\"ListItem\",\"position\":3,\"name\":\"TABLE EN BOIS AVEC 3 TIROIRS BICOLNES AVEC PIEDS EN M\u00c9TAL.\"}]},{\"@type\":\"WebSite\",\"@id\":\"https:\\\/\\\/mueble4you.com\\\/#website\",\"url\":\"https:\\\/\\\/mueble4you.com\\\/\",\"name\":\"mueble4you\",\"description\":\"Meubles \u00e0 Tenerife\",\"potentialAction\":[{\"@type\":\"SearchAction\",\"target\":{\"@type\":\"EntryPoint\",\"urlTemplate\":\"https:\\\/\\\/mueble4you.com\\\/?s={search_term_string}\"},\"query-input\":{\"@type\":\"PropertyValueSpecification\",\"valueRequired\":true,\"valueName\":\"search_term_string\"}}],\"inLanguage\":\"fr-FR\"}]}<\/script>\n<!-- \/ Yoast SEO plugin. -->","yoast_head_json":{"title":"TABLE EN BOIS AVEC 3 TIROIRS BICOLNES AVEC PIEDS EN M\u00c9TAL. | mueble4you","robots":{"index":"index","follow":"follow","max-snippet":"max-snippet:-1","max-image-preview":"max-image-preview:large","max-video-preview":"max-video-preview:-1"},"canonical":"https:\/\/mueble4you.com\/fr\/productos\/table-en-bois-avec-3-tiroirs-bicolnes-avec-pieds-en-metal\/","og_locale":"fr_FR","og_type":"article","og_title":"TABLE EN BOIS AVEC 3 TIROIRS BICOLNES AVEC PIEDS EN M\u00c9TAL. | mueble4you","og_description":"MESURES (longueur x largeur x hauteur) : 40X35X67. COULEUR : GRIS FONC\u00c9. MAT\u00c9RIEL : DMF AVEC FA\u00c7ADE EN BOIS DE SAPIN ET PIEDS EN M\u00c9TAL. CARACT\u00c9RISTIQUES : &#8211; FA\u00c7ADE DE TIROIR DE COULEUR NATURELLE &#8211; POIGN\u00c9ES EN M\u00c9TAL &#8211; FINITION RUSTIQUE","og_url":"https:\/\/mueble4you.com\/fr\/productos\/table-en-bois-avec-3-tiroirs-bicolnes-avec-pieds-en-metal\/","og_site_name":"mueble4you","article_modified_time":"2023-09-19T12:34:00+00:00","og_image":[{"width":546,"height":690,"url":"https:\/\/mueble4you.com\/wp-content\/uploads\/2023\/09\/6483.png","type":"image\/png"}],"twitter_card":"summary_large_image","schema":{"@context":"https:\/\/schema.org","@graph":[{"@type":"WebPage","@id":"https:\/\/mueble4you.com\/fr\/productos\/table-en-bois-avec-3-tiroirs-bicolnes-avec-pieds-en-metal\/","url":"https:\/\/mueble4you.com\/fr\/productos\/table-en-bois-avec-3-tiroirs-bicolnes-avec-pieds-en-metal\/","name":"TABLE EN BOIS AVEC 3 TIROIRS BICOLNES AVEC PIEDS EN M\u00c9TAL. | mueble4you","isPartOf":{"@id":"https:\/\/mueble4you.com\/#website"},"primaryImageOfPage":{"@id":"https:\/\/mueble4you.com\/fr\/productos\/table-en-bois-avec-3-tiroirs-bicolnes-avec-pieds-en-metal\/#primaryimage"},"image":{"@id":"https:\/\/mueble4you.com\/fr\/productos\/table-en-bois-avec-3-tiroirs-bicolnes-avec-pieds-en-metal\/#primaryimage"},"thumbnailUrl":"https:\/\/mueble4you.com\/wp-content\/uploads\/2023\/09\/6483.png","datePublished":"2023-09-19T12:08:09+00:00","dateModified":"2023-09-19T12:34:00+00:00","breadcrumb":{"@id":"https:\/\/mueble4you.com\/fr\/productos\/table-en-bois-avec-3-tiroirs-bicolnes-avec-pieds-en-metal\/#breadcrumb"},"inLanguage":"fr-FR","potentialAction":[{"@type":"ReadAction","target":["https:\/\/mueble4you.com\/fr\/productos\/table-en-bois-avec-3-tiroirs-bicolnes-avec-pieds-en-metal\/"]}]},{"@type":"ImageObject","inLanguage":"fr-FR","@id":"https:\/\/mueble4you.com\/fr\/productos\/table-en-bois-avec-3-tiroirs-bicolnes-avec-pieds-en-metal\/#primaryimage","url":"https:\/\/mueble4you.com\/wp-content\/uploads\/2023\/09\/6483.png","contentUrl":"https:\/\/mueble4you.com\/wp-content\/uploads\/2023\/09\/6483.png","width":546,"height":690},{"@type":"BreadcrumbList","@id":"https:\/\/mueble4you.com\/fr\/productos\/table-en-bois-avec-3-tiroirs-bicolnes-avec-pieds-en-metal\/#breadcrumb","itemListElement":[{"@type":"ListItem","position":1,"name":"Portada","item":"https:\/\/mueble4you.com\/fr\/"},{"@type":"ListItem","position":2,"name":"Productos","item":"https:\/\/mueble4you.com\/productos\/"},{"@type":"ListItem","position":3,"name":"TABLE EN BOIS AVEC 3 TIROIRS BICOLNES AVEC PIEDS EN M\u00c9TAL."}]},{"@type":"WebSite","@id":"https:\/\/mueble4you.com\/#website","url":"https:\/\/mueble4you.com\/","name":"mueble4you","description":"Meubles \u00e0 Tenerife","potentialAction":[{"@type":"SearchAction","target":{"@type":"EntryPoint","urlTemplate":"https:\/\/mueble4you.com\/?s={search_term_string}"},"query-input":{"@type":"PropertyValueSpecification","valueRequired":true,"valueName":"search_term_string"}}],"inLanguage":"fr-FR"}]}},"_links":{"self":[{"href":"https:\/\/mueble4you.com\/fr\/wp-json\/wp\/v2\/product\/66672","targetHints":{"allow":["GET"]}}],"collection":[{"href":"https:\/\/mueble4you.com\/fr\/wp-json\/wp\/v2\/product"}],"about":[{"href":"https:\/\/mueble4you.com\/fr\/wp-json\/wp\/v2\/types\/product"}],"wp:featuredmedia":[{"embeddable":true,"href":"https:\/\/mueble4you.com\/fr\/wp-json\/wp\/v2\/media\/66668"}],"wp:attachment":[{"href":"https:\/\/mueble4you.com\/fr\/wp-json\/wp\/v2\/media?parent=66672"}],"wp:term":[{"taxonomy":"product_brand","embeddable":true,"href":"https:\/\/mueble4you.com\/fr\/wp-json\/wp\/v2\/product_brand?post=66672"},{"taxonomy":"product_cat","embeddable":true,"href":"https:\/\/mueble4you.com\/fr\/wp-json\/wp\/v2\/product_cat?post=66672"},{"taxonomy":"product_tag","embeddable":true,"href":"https:\/\/mueble4you.com\/fr\/wp-json\/wp\/v2\/product_tag?post=66672"}],"curies":[{"name":"wp","href":"https:\/\/api.w.org\/{rel}","templated":true}]}}