{"id":66632,"date":"2023-09-19T10:30:25","date_gmt":"2023-09-19T10:30:25","guid":{"rendered":"https:\/\/mueble4you.com\/productos\/sillon-pp-blanco-c-cojin-con-patas-metalicas\/"},"modified":"2023-09-19T10:40:44","modified_gmt":"2023-09-19T10:40:44","slug":"fauteuil-en-pp-blanc-avec-coussin-avec-pieds-en-metal","status":"publish","type":"product","link":"https:\/\/mueble4you.com\/fr\/productos\/fauteuil-en-pp-blanc-avec-coussin-avec-pieds-en-metal\/","title":{"rendered":"FAUTEUIL EN PP BLANC AVEC COUSSIN AVEC PIEDS EN M\u00c9TAL."},"content":{"rendered":"<ul>\n<li id=\"tw-target-text\" class=\"tw-data-text tw-text-large tw-ta\" dir=\"ltr\" data-placeholder=\"Traducci\u00f3n\"><span class=\"Y2IQFc\" lang=\"fr\">MAT\u00c9RIEL : FAUTEUIL EN POLYPROPYL\u00c8NE AVEC PIEDS EN M\u00c9TAL<\/span><\/li>\n<li class=\"tw-data-text tw-text-large tw-ta\" dir=\"ltr\" data-placeholder=\"Traducci\u00f3n\"><span class=\"Y2IQFc\" lang=\"fr\">CARACT\u00c9RISTIQUES : &#8211; SI\u00c8GE REMBOURR\u00c9 AVEC COUSSIN POLYESTER\/COTON DE COULEUR NATURELLE &#8211; PIEDS PEINTS DE COULEUR NATURELLE SIMULANT LE BOIS.<\/span><\/li>\n<li class=\"tw-data-text tw-text-large tw-ta\" dir=\"ltr\" data-placeholder=\"Traducci\u00f3n\"><span class=\"Y2IQFc\" lang=\"fr\">MESURES (longueur x largeur x hauteur) : 57X50X83.<\/span><\/li>\n<\/ul>\n","protected":false},"excerpt":{"rendered":"<p>MAT\u00c9RIEL : FAUTEUIL EN POLYPROPYL\u00c8NE AVEC PIEDS EN M\u00c9TAL CARACT\u00c9RISTIQUES : &#8211; SI\u00c8GE REMBOURR\u00c9 AVEC COUSSIN POLYESTER\/COTON DE COULEUR NATURELLE &#8211; PIEDS PEINTS DE COULEUR NATURELLE SIMULANT LE BOIS. MESURES (longueur x largeur x hauteur) : 57X50X83.<\/p>\n","protected":false},"featured_media":66618,"template":"","meta":[],"product_brand":[],"product_cat":[352,199],"product_tag":[],"class_list":{"0":"post-66632","1":"product","2":"type-product","3":"status-publish","4":"has-post-thumbnail","6":"product_cat-chaises-de-salle-aa-manger","7":"product_cat-eaters","9":"first","10":"instock","11":"shipping-taxable","12":"product-type-simple"},"yoast_head":"<!-- This site is optimized with the Yoast SEO plugin v27.2 - https:\/\/yoast.com\/product\/yoast-seo-wordpress\/ -->\n<title>FAUTEUIL EN PP BLANC AVEC COUSSIN AVEC PIEDS EN M\u00c9TAL. | mueble4you<\/title>\n<meta name=\"robots\" content=\"index, follow, max-snippet:-1, max-image-preview:large, max-video-preview:-1\" \/>\n<link rel=\"canonical\" href=\"https:\/\/mueble4you.com\/fr\/productos\/fauteuil-en-pp-blanc-avec-coussin-avec-pieds-en-metal\/\" \/>\n<meta property=\"og:locale\" content=\"fr_FR\" \/>\n<meta property=\"og:type\" content=\"article\" \/>\n<meta property=\"og:title\" content=\"FAUTEUIL EN PP BLANC AVEC COUSSIN AVEC PIEDS EN M\u00c9TAL. | mueble4you\" \/>\n<meta property=\"og:description\" content=\"MAT\u00c9RIEL : FAUTEUIL EN POLYPROPYL\u00c8NE AVEC PIEDS EN M\u00c9TAL CARACT\u00c9RISTIQUES : &#8211; SI\u00c8GE REMBOURR\u00c9 AVEC COUSSIN POLYESTER\/COTON DE COULEUR NATURELLE &#8211; PIEDS PEINTS DE COULEUR NATURELLE SIMULANT LE BOIS. MESURES (longueur x largeur x hauteur) : 57X50X83.\" \/>\n<meta property=\"og:url\" content=\"https:\/\/mueble4you.com\/fr\/productos\/fauteuil-en-pp-blanc-avec-coussin-avec-pieds-en-metal\/\" \/>\n<meta property=\"og:site_name\" content=\"mueble4you\" \/>\n<meta property=\"article:modified_time\" content=\"2023-09-19T10:40:44+00:00\" \/>\n<meta property=\"og:image\" content=\"https:\/\/mueble4you.com\/wp-content\/uploads\/2023\/09\/8201.png\" \/>\n\t<meta property=\"og:image:width\" content=\"565\" \/>\n\t<meta property=\"og:image:height\" content=\"761\" \/>\n\t<meta property=\"og:image:type\" content=\"image\/png\" \/>\n<meta name=\"twitter:card\" content=\"summary_large_image\" \/>\n<script type=\"application\/ld+json\" class=\"yoast-schema-graph\">{\"@context\":\"https:\/\/schema.org\",\"@graph\":[{\"@type\":\"WebPage\",\"@id\":\"https:\/\/mueble4you.com\/fr\/productos\/fauteuil-en-pp-blanc-avec-coussin-avec-pieds-en-metal\/\",\"url\":\"https:\/\/mueble4you.com\/fr\/productos\/fauteuil-en-pp-blanc-avec-coussin-avec-pieds-en-metal\/\",\"name\":\"FAUTEUIL EN PP BLANC AVEC COUSSIN AVEC PIEDS EN M\u00c9TAL. | mueble4you\",\"isPartOf\":{\"@id\":\"https:\/\/mueble4you.com\/#website\"},\"primaryImageOfPage\":{\"@id\":\"https:\/\/mueble4you.com\/fr\/productos\/fauteuil-en-pp-blanc-avec-coussin-avec-pieds-en-metal\/#primaryimage\"},\"image\":{\"@id\":\"https:\/\/mueble4you.com\/fr\/productos\/fauteuil-en-pp-blanc-avec-coussin-avec-pieds-en-metal\/#primaryimage\"},\"thumbnailUrl\":\"https:\/\/mueble4you.com\/wp-content\/uploads\/2023\/09\/8201.png\",\"datePublished\":\"2023-09-19T10:30:25+00:00\",\"dateModified\":\"2023-09-19T10:40:44+00:00\",\"breadcrumb\":{\"@id\":\"https:\/\/mueble4you.com\/fr\/productos\/fauteuil-en-pp-blanc-avec-coussin-avec-pieds-en-metal\/#breadcrumb\"},\"inLanguage\":\"fr-FR\",\"potentialAction\":[{\"@type\":\"ReadAction\",\"target\":[\"https:\/\/mueble4you.com\/fr\/productos\/fauteuil-en-pp-blanc-avec-coussin-avec-pieds-en-metal\/\"]}]},{\"@type\":\"ImageObject\",\"inLanguage\":\"fr-FR\",\"@id\":\"https:\/\/mueble4you.com\/fr\/productos\/fauteuil-en-pp-blanc-avec-coussin-avec-pieds-en-metal\/#primaryimage\",\"url\":\"https:\/\/mueble4you.com\/wp-content\/uploads\/2023\/09\/8201.png\",\"contentUrl\":\"https:\/\/mueble4you.com\/wp-content\/uploads\/2023\/09\/8201.png\",\"width\":565,\"height\":761},{\"@type\":\"BreadcrumbList\",\"@id\":\"https:\/\/mueble4you.com\/fr\/productos\/fauteuil-en-pp-blanc-avec-coussin-avec-pieds-en-metal\/#breadcrumb\",\"itemListElement\":[{\"@type\":\"ListItem\",\"position\":1,\"name\":\"Portada\",\"item\":\"https:\/\/mueble4you.com\/fr\/\"},{\"@type\":\"ListItem\",\"position\":2,\"name\":\"Productos\",\"item\":\"https:\/\/mueble4you.com\/productos\/\"},{\"@type\":\"ListItem\",\"position\":3,\"name\":\"FAUTEUIL EN PP BLANC AVEC COUSSIN AVEC PIEDS EN M\u00c9TAL.\"}]},{\"@type\":\"WebSite\",\"@id\":\"https:\/\/mueble4you.com\/#website\",\"url\":\"https:\/\/mueble4you.com\/\",\"name\":\"mueble4you\",\"description\":\"Meubles \u00e0 Tenerife\",\"potentialAction\":[{\"@type\":\"SearchAction\",\"target\":{\"@type\":\"EntryPoint\",\"urlTemplate\":\"https:\/\/mueble4you.com\/?s={search_term_string}\"},\"query-input\":{\"@type\":\"PropertyValueSpecification\",\"valueRequired\":true,\"valueName\":\"search_term_string\"}}],\"inLanguage\":\"fr-FR\"}]}<\/script>\n<!-- \/ Yoast SEO plugin. -->","yoast_head_json":{"title":"FAUTEUIL EN PP BLANC AVEC COUSSIN AVEC PIEDS EN M\u00c9TAL. | mueble4you","robots":{"index":"index","follow":"follow","max-snippet":"max-snippet:-1","max-image-preview":"max-image-preview:large","max-video-preview":"max-video-preview:-1"},"canonical":"https:\/\/mueble4you.com\/fr\/productos\/fauteuil-en-pp-blanc-avec-coussin-avec-pieds-en-metal\/","og_locale":"fr_FR","og_type":"article","og_title":"FAUTEUIL EN PP BLANC AVEC COUSSIN AVEC PIEDS EN M\u00c9TAL. | mueble4you","og_description":"MAT\u00c9RIEL : FAUTEUIL EN POLYPROPYL\u00c8NE AVEC PIEDS EN M\u00c9TAL CARACT\u00c9RISTIQUES : &#8211; SI\u00c8GE REMBOURR\u00c9 AVEC COUSSIN POLYESTER\/COTON DE COULEUR NATURELLE &#8211; PIEDS PEINTS DE COULEUR NATURELLE SIMULANT LE BOIS. MESURES (longueur x largeur x hauteur) : 57X50X83.","og_url":"https:\/\/mueble4you.com\/fr\/productos\/fauteuil-en-pp-blanc-avec-coussin-avec-pieds-en-metal\/","og_site_name":"mueble4you","article_modified_time":"2023-09-19T10:40:44+00:00","og_image":[{"width":565,"height":761,"url":"https:\/\/mueble4you.com\/wp-content\/uploads\/2023\/09\/8201.png","type":"image\/png"}],"twitter_card":"summary_large_image","schema":{"@context":"https:\/\/schema.org","@graph":[{"@type":"WebPage","@id":"https:\/\/mueble4you.com\/fr\/productos\/fauteuil-en-pp-blanc-avec-coussin-avec-pieds-en-metal\/","url":"https:\/\/mueble4you.com\/fr\/productos\/fauteuil-en-pp-blanc-avec-coussin-avec-pieds-en-metal\/","name":"FAUTEUIL EN PP BLANC AVEC COUSSIN AVEC PIEDS EN M\u00c9TAL. | mueble4you","isPartOf":{"@id":"https:\/\/mueble4you.com\/#website"},"primaryImageOfPage":{"@id":"https:\/\/mueble4you.com\/fr\/productos\/fauteuil-en-pp-blanc-avec-coussin-avec-pieds-en-metal\/#primaryimage"},"image":{"@id":"https:\/\/mueble4you.com\/fr\/productos\/fauteuil-en-pp-blanc-avec-coussin-avec-pieds-en-metal\/#primaryimage"},"thumbnailUrl":"https:\/\/mueble4you.com\/wp-content\/uploads\/2023\/09\/8201.png","datePublished":"2023-09-19T10:30:25+00:00","dateModified":"2023-09-19T10:40:44+00:00","breadcrumb":{"@id":"https:\/\/mueble4you.com\/fr\/productos\/fauteuil-en-pp-blanc-avec-coussin-avec-pieds-en-metal\/#breadcrumb"},"inLanguage":"fr-FR","potentialAction":[{"@type":"ReadAction","target":["https:\/\/mueble4you.com\/fr\/productos\/fauteuil-en-pp-blanc-avec-coussin-avec-pieds-en-metal\/"]}]},{"@type":"ImageObject","inLanguage":"fr-FR","@id":"https:\/\/mueble4you.com\/fr\/productos\/fauteuil-en-pp-blanc-avec-coussin-avec-pieds-en-metal\/#primaryimage","url":"https:\/\/mueble4you.com\/wp-content\/uploads\/2023\/09\/8201.png","contentUrl":"https:\/\/mueble4you.com\/wp-content\/uploads\/2023\/09\/8201.png","width":565,"height":761},{"@type":"BreadcrumbList","@id":"https:\/\/mueble4you.com\/fr\/productos\/fauteuil-en-pp-blanc-avec-coussin-avec-pieds-en-metal\/#breadcrumb","itemListElement":[{"@type":"ListItem","position":1,"name":"Portada","item":"https:\/\/mueble4you.com\/fr\/"},{"@type":"ListItem","position":2,"name":"Productos","item":"https:\/\/mueble4you.com\/productos\/"},{"@type":"ListItem","position":3,"name":"FAUTEUIL EN PP BLANC AVEC COUSSIN AVEC PIEDS EN M\u00c9TAL."}]},{"@type":"WebSite","@id":"https:\/\/mueble4you.com\/#website","url":"https:\/\/mueble4you.com\/","name":"mueble4you","description":"Meubles \u00e0 Tenerife","potentialAction":[{"@type":"SearchAction","target":{"@type":"EntryPoint","urlTemplate":"https:\/\/mueble4you.com\/?s={search_term_string}"},"query-input":{"@type":"PropertyValueSpecification","valueRequired":true,"valueName":"search_term_string"}}],"inLanguage":"fr-FR"}]}},"_links":{"self":[{"href":"https:\/\/mueble4you.com\/fr\/wp-json\/wp\/v2\/product\/66632","targetHints":{"allow":["GET"]}}],"collection":[{"href":"https:\/\/mueble4you.com\/fr\/wp-json\/wp\/v2\/product"}],"about":[{"href":"https:\/\/mueble4you.com\/fr\/wp-json\/wp\/v2\/types\/product"}],"wp:featuredmedia":[{"embeddable":true,"href":"https:\/\/mueble4you.com\/fr\/wp-json\/wp\/v2\/media\/66618"}],"wp:attachment":[{"href":"https:\/\/mueble4you.com\/fr\/wp-json\/wp\/v2\/media?parent=66632"}],"wp:term":[{"taxonomy":"product_brand","embeddable":true,"href":"https:\/\/mueble4you.com\/fr\/wp-json\/wp\/v2\/product_brand?post=66632"},{"taxonomy":"product_cat","embeddable":true,"href":"https:\/\/mueble4you.com\/fr\/wp-json\/wp\/v2\/product_cat?post=66632"},{"taxonomy":"product_tag","embeddable":true,"href":"https:\/\/mueble4you.com\/fr\/wp-json\/wp\/v2\/product_tag?post=66632"}],"curies":[{"name":"wp","href":"https:\/\/api.w.org\/{rel}","templated":true}]}}