{"id":66491,"date":"2023-09-18T09:33:40","date_gmt":"2023-09-18T09:33:40","guid":{"rendered":"https:\/\/mueble4you.com\/productos\/mesa-comedor-marmol-blanco-oro-100-x-100-x-73-cm\/"},"modified":"2023-09-18T11:21:55","modified_gmt":"2023-09-18T11:21:55","slug":"table-a-manger-en-marbre-blanc-or-100-x-100-x-73-cm","status":"publish","type":"product","link":"https:\/\/mueble4you.com\/fr\/productos\/table-a-manger-en-marbre-blanc-or-100-x-100-x-73-cm\/","title":{"rendered":"TABLE \u00c0 MANGER EN MARBRE BLANC-OR 100 X 100 X 73 CM."},"content":{"rendered":"<ul>\n<li id=\"tw-target-text\" class=\"tw-data-text tw-text-large tw-ta\" dir=\"ltr\" data-placeholder=\"Traducci\u00f3n\"><span class=\"Y2IQFc\" lang=\"fr\">\u00a0Mat\u00e9riau : verre tremp\u00e9 de 10 mm, acier inoxydable. <\/span><\/li>\n<li class=\"tw-data-text tw-text-large tw-ta\" dir=\"ltr\" data-placeholder=\"Traducci\u00f3n\"><span class=\"Y2IQFc\" lang=\"fr\">Verre vinyle imitation marbre. Diam\u00e8tre du socle : 60 cm.<\/span><\/li>\n<\/ul>\n","protected":false},"excerpt":{"rendered":"<p>\u00a0Mat\u00e9riau : verre tremp\u00e9 de 10 mm, acier inoxydable. Verre vinyle imitation marbre. Diam\u00e8tre du socle : 60 cm.<\/p>\n","protected":false},"featured_media":66482,"template":"","meta":[],"product_brand":[],"product_cat":[199,348],"product_tag":[],"class_list":{"0":"post-66491","1":"product","2":"type-product","3":"status-publish","4":"has-post-thumbnail","6":"product_cat-eaters","7":"product_cat-tables","9":"first","10":"instock","11":"shipping-taxable","12":"product-type-simple"},"yoast_head":"<!-- This site is optimized with the Yoast SEO plugin v27.2 - https:\/\/yoast.com\/product\/yoast-seo-wordpress\/ -->\n<title>TABLE \u00c0 MANGER EN MARBRE BLANC-OR 100 X 100 X 73 CM. | mueble4you<\/title>\n<meta name=\"robots\" content=\"index, follow, max-snippet:-1, max-image-preview:large, max-video-preview:-1\" \/>\n<link rel=\"canonical\" href=\"https:\/\/mueble4you.com\/fr\/productos\/table-a-manger-en-marbre-blanc-or-100-x-100-x-73-cm\/\" \/>\n<meta property=\"og:locale\" content=\"fr_FR\" \/>\n<meta property=\"og:type\" content=\"article\" \/>\n<meta property=\"og:title\" content=\"TABLE \u00c0 MANGER EN MARBRE BLANC-OR 100 X 100 X 73 CM. | mueble4you\" \/>\n<meta property=\"og:description\" content=\"\u00a0Mat\u00e9riau : verre tremp\u00e9 de 10 mm, acier inoxydable. Verre vinyle imitation marbre. Diam\u00e8tre du socle : 60 cm.\" \/>\n<meta property=\"og:url\" content=\"https:\/\/mueble4you.com\/fr\/productos\/table-a-manger-en-marbre-blanc-or-100-x-100-x-73-cm\/\" \/>\n<meta property=\"og:site_name\" content=\"mueble4you\" \/>\n<meta property=\"article:modified_time\" content=\"2023-09-18T11:21:55+00:00\" \/>\n<meta property=\"og:image\" content=\"https:\/\/mueble4you.com\/wp-content\/uploads\/2023\/09\/604891-001.webp\" \/>\n\t<meta property=\"og:image:width\" content=\"1000\" \/>\n\t<meta property=\"og:image:height\" content=\"1000\" \/>\n\t<meta property=\"og:image:type\" content=\"image\/webp\" \/>\n<meta name=\"twitter:card\" content=\"summary_large_image\" \/>\n<script type=\"application\/ld+json\" class=\"yoast-schema-graph\">{\"@context\":\"https:\/\/schema.org\",\"@graph\":[{\"@type\":\"WebPage\",\"@id\":\"https:\/\/mueble4you.com\/fr\/productos\/table-a-manger-en-marbre-blanc-or-100-x-100-x-73-cm\/\",\"url\":\"https:\/\/mueble4you.com\/fr\/productos\/table-a-manger-en-marbre-blanc-or-100-x-100-x-73-cm\/\",\"name\":\"TABLE \u00c0 MANGER EN MARBRE BLANC-OR 100 X 100 X 73 CM. | mueble4you\",\"isPartOf\":{\"@id\":\"https:\/\/mueble4you.com\/#website\"},\"primaryImageOfPage\":{\"@id\":\"https:\/\/mueble4you.com\/fr\/productos\/table-a-manger-en-marbre-blanc-or-100-x-100-x-73-cm\/#primaryimage\"},\"image\":{\"@id\":\"https:\/\/mueble4you.com\/fr\/productos\/table-a-manger-en-marbre-blanc-or-100-x-100-x-73-cm\/#primaryimage\"},\"thumbnailUrl\":\"https:\/\/mueble4you.com\/wp-content\/uploads\/2023\/09\/604891-001.webp\",\"datePublished\":\"2023-09-18T09:33:40+00:00\",\"dateModified\":\"2023-09-18T11:21:55+00:00\",\"breadcrumb\":{\"@id\":\"https:\/\/mueble4you.com\/fr\/productos\/table-a-manger-en-marbre-blanc-or-100-x-100-x-73-cm\/#breadcrumb\"},\"inLanguage\":\"fr-FR\",\"potentialAction\":[{\"@type\":\"ReadAction\",\"target\":[\"https:\/\/mueble4you.com\/fr\/productos\/table-a-manger-en-marbre-blanc-or-100-x-100-x-73-cm\/\"]}]},{\"@type\":\"ImageObject\",\"inLanguage\":\"fr-FR\",\"@id\":\"https:\/\/mueble4you.com\/fr\/productos\/table-a-manger-en-marbre-blanc-or-100-x-100-x-73-cm\/#primaryimage\",\"url\":\"https:\/\/mueble4you.com\/wp-content\/uploads\/2023\/09\/604891-001.webp\",\"contentUrl\":\"https:\/\/mueble4you.com\/wp-content\/uploads\/2023\/09\/604891-001.webp\",\"width\":1000,\"height\":1000},{\"@type\":\"BreadcrumbList\",\"@id\":\"https:\/\/mueble4you.com\/fr\/productos\/table-a-manger-en-marbre-blanc-or-100-x-100-x-73-cm\/#breadcrumb\",\"itemListElement\":[{\"@type\":\"ListItem\",\"position\":1,\"name\":\"Portada\",\"item\":\"https:\/\/mueble4you.com\/fr\/\"},{\"@type\":\"ListItem\",\"position\":2,\"name\":\"Productos\",\"item\":\"https:\/\/mueble4you.com\/productos\/\"},{\"@type\":\"ListItem\",\"position\":3,\"name\":\"TABLE \u00c0 MANGER EN MARBRE BLANC-OR 100 X 100 X 73 CM.\"}]},{\"@type\":\"WebSite\",\"@id\":\"https:\/\/mueble4you.com\/#website\",\"url\":\"https:\/\/mueble4you.com\/\",\"name\":\"mueble4you\",\"description\":\"Meubles \u00e0 Tenerife\",\"potentialAction\":[{\"@type\":\"SearchAction\",\"target\":{\"@type\":\"EntryPoint\",\"urlTemplate\":\"https:\/\/mueble4you.com\/?s={search_term_string}\"},\"query-input\":{\"@type\":\"PropertyValueSpecification\",\"valueRequired\":true,\"valueName\":\"search_term_string\"}}],\"inLanguage\":\"fr-FR\"}]}<\/script>\n<!-- \/ Yoast SEO plugin. -->","yoast_head_json":{"title":"TABLE \u00c0 MANGER EN MARBRE BLANC-OR 100 X 100 X 73 CM. | mueble4you","robots":{"index":"index","follow":"follow","max-snippet":"max-snippet:-1","max-image-preview":"max-image-preview:large","max-video-preview":"max-video-preview:-1"},"canonical":"https:\/\/mueble4you.com\/fr\/productos\/table-a-manger-en-marbre-blanc-or-100-x-100-x-73-cm\/","og_locale":"fr_FR","og_type":"article","og_title":"TABLE \u00c0 MANGER EN MARBRE BLANC-OR 100 X 100 X 73 CM. | mueble4you","og_description":"\u00a0Mat\u00e9riau : verre tremp\u00e9 de 10 mm, acier inoxydable. Verre vinyle imitation marbre. Diam\u00e8tre du socle : 60 cm.","og_url":"https:\/\/mueble4you.com\/fr\/productos\/table-a-manger-en-marbre-blanc-or-100-x-100-x-73-cm\/","og_site_name":"mueble4you","article_modified_time":"2023-09-18T11:21:55+00:00","og_image":[{"width":1000,"height":1000,"url":"https:\/\/mueble4you.com\/wp-content\/uploads\/2023\/09\/604891-001.webp","type":"image\/webp"}],"twitter_card":"summary_large_image","schema":{"@context":"https:\/\/schema.org","@graph":[{"@type":"WebPage","@id":"https:\/\/mueble4you.com\/fr\/productos\/table-a-manger-en-marbre-blanc-or-100-x-100-x-73-cm\/","url":"https:\/\/mueble4you.com\/fr\/productos\/table-a-manger-en-marbre-blanc-or-100-x-100-x-73-cm\/","name":"TABLE \u00c0 MANGER EN MARBRE BLANC-OR 100 X 100 X 73 CM. | mueble4you","isPartOf":{"@id":"https:\/\/mueble4you.com\/#website"},"primaryImageOfPage":{"@id":"https:\/\/mueble4you.com\/fr\/productos\/table-a-manger-en-marbre-blanc-or-100-x-100-x-73-cm\/#primaryimage"},"image":{"@id":"https:\/\/mueble4you.com\/fr\/productos\/table-a-manger-en-marbre-blanc-or-100-x-100-x-73-cm\/#primaryimage"},"thumbnailUrl":"https:\/\/mueble4you.com\/wp-content\/uploads\/2023\/09\/604891-001.webp","datePublished":"2023-09-18T09:33:40+00:00","dateModified":"2023-09-18T11:21:55+00:00","breadcrumb":{"@id":"https:\/\/mueble4you.com\/fr\/productos\/table-a-manger-en-marbre-blanc-or-100-x-100-x-73-cm\/#breadcrumb"},"inLanguage":"fr-FR","potentialAction":[{"@type":"ReadAction","target":["https:\/\/mueble4you.com\/fr\/productos\/table-a-manger-en-marbre-blanc-or-100-x-100-x-73-cm\/"]}]},{"@type":"ImageObject","inLanguage":"fr-FR","@id":"https:\/\/mueble4you.com\/fr\/productos\/table-a-manger-en-marbre-blanc-or-100-x-100-x-73-cm\/#primaryimage","url":"https:\/\/mueble4you.com\/wp-content\/uploads\/2023\/09\/604891-001.webp","contentUrl":"https:\/\/mueble4you.com\/wp-content\/uploads\/2023\/09\/604891-001.webp","width":1000,"height":1000},{"@type":"BreadcrumbList","@id":"https:\/\/mueble4you.com\/fr\/productos\/table-a-manger-en-marbre-blanc-or-100-x-100-x-73-cm\/#breadcrumb","itemListElement":[{"@type":"ListItem","position":1,"name":"Portada","item":"https:\/\/mueble4you.com\/fr\/"},{"@type":"ListItem","position":2,"name":"Productos","item":"https:\/\/mueble4you.com\/productos\/"},{"@type":"ListItem","position":3,"name":"TABLE \u00c0 MANGER EN MARBRE BLANC-OR 100 X 100 X 73 CM."}]},{"@type":"WebSite","@id":"https:\/\/mueble4you.com\/#website","url":"https:\/\/mueble4you.com\/","name":"mueble4you","description":"Meubles \u00e0 Tenerife","potentialAction":[{"@type":"SearchAction","target":{"@type":"EntryPoint","urlTemplate":"https:\/\/mueble4you.com\/?s={search_term_string}"},"query-input":{"@type":"PropertyValueSpecification","valueRequired":true,"valueName":"search_term_string"}}],"inLanguage":"fr-FR"}]}},"_links":{"self":[{"href":"https:\/\/mueble4you.com\/fr\/wp-json\/wp\/v2\/product\/66491","targetHints":{"allow":["GET"]}}],"collection":[{"href":"https:\/\/mueble4you.com\/fr\/wp-json\/wp\/v2\/product"}],"about":[{"href":"https:\/\/mueble4you.com\/fr\/wp-json\/wp\/v2\/types\/product"}],"wp:featuredmedia":[{"embeddable":true,"href":"https:\/\/mueble4you.com\/fr\/wp-json\/wp\/v2\/media\/66482"}],"wp:attachment":[{"href":"https:\/\/mueble4you.com\/fr\/wp-json\/wp\/v2\/media?parent=66491"}],"wp:term":[{"taxonomy":"product_brand","embeddable":true,"href":"https:\/\/mueble4you.com\/fr\/wp-json\/wp\/v2\/product_brand?post=66491"},{"taxonomy":"product_cat","embeddable":true,"href":"https:\/\/mueble4you.com\/fr\/wp-json\/wp\/v2\/product_cat?post=66491"},{"taxonomy":"product_tag","embeddable":true,"href":"https:\/\/mueble4you.com\/fr\/wp-json\/wp\/v2\/product_tag?post=66491"}],"curies":[{"name":"wp","href":"https:\/\/api.w.org\/{rel}","templated":true}]}}