{"id":65791,"date":"2023-08-23T12:07:27","date_gmt":"2023-08-23T12:07:27","guid":{"rendered":"https:\/\/mueble4you.com\/productos\/bahia-sofa-35-pl-t-eden-motas-240cm\/"},"modified":"2023-08-23T12:33:39","modified_gmt":"2023-08-23T12:33:39","slug":"canape-bahia-35-pl-t-eden-motas-240cm","status":"publish","type":"product","link":"https:\/\/mueble4you.com\/fr\/productos\/canape-bahia-35-pl-t-eden-motas-240cm\/","title":{"rendered":"CANAP\u00c9 BAHIA 3,5 PL T.EDEN MOTAS 240CM."},"content":{"rendered":"<ul>\n<li id=\"tw-target-text\" class=\"tw-data-text tw-text-large tw-ta\" dir=\"ltr\" data-placeholder=\"Traducci\u00f3n\"><span class=\"Y2IQFc\" lang=\"fr\">Un confort modulaire avec des milliers de possibilit\u00e9s <\/span><\/li>\n<li class=\"tw-data-text tw-text-large tw-ta\" dir=\"ltr\" data-placeholder=\"Traducci\u00f3n\"><span class=\"Y2IQFc\" lang=\"fr\">Housse amovible : Assise et dossier <\/span><\/li>\n<li class=\"tw-data-text tw-text-large tw-ta\" dir=\"ltr\" data-placeholder=\"Traducci\u00f3n\"><span class=\"Y2IQFc\" lang=\"fr\">Structure : Bois de pin de Galice <\/span><\/li>\n<li class=\"tw-data-text tw-text-large tw-ta\" dir=\"ltr\" data-placeholder=\"Traducci\u00f3n\"><span class=\"Y2IQFc\" lang=\"fr\">Pieds : bois weng\u00e9 <\/span><\/li>\n<li class=\"tw-data-text tw-text-large tw-ta\" dir=\"ltr\" data-placeholder=\"Traducci\u00f3n\"><span class=\"Y2IQFc\" lang=\"fr\">Rembourrage du dossier : fibre creuse silicon\u00e9e<\/span><\/li>\n<li class=\"tw-data-text tw-text-large tw-ta\" dir=\"ltr\" data-placeholder=\"Traducci\u00f3n\"><span class=\"Y2IQFc\" lang=\"fr\">Rembourrage du si\u00e8ge : Caoutchouc combin\u00e9 35 kg et fibre compact\u00e9e 400 gr<\/span><\/li>\n<li class=\"tw-data-text tw-text-large tw-ta\" dir=\"ltr\" data-placeholder=\"Traducci\u00f3n\"><span class=\"Y2IQFc\" lang=\"fr\">Variantes : Module avec|sans Bras, Chaiselongue et Pouf <\/span><\/li>\n<li class=\"tw-data-text tw-text-large tw-ta\" dir=\"ltr\" data-placeholder=\"Traducci\u00f3n\"><span class=\"Y2IQFc\" lang=\"fr\">Mesure : 240cmX98cm.<\/span><\/li>\n<li class=\"tw-data-text tw-text-large tw-ta\" dir=\"ltr\" data-placeholder=\"Traducci\u00f3n\"><span class=\"Y2IQFc\" lang=\"fr\">Disponible dans d&rsquo;autres tailles et mat\u00e9riaux, sur demande.<\/span><\/li>\n<\/ul>\n","protected":false},"excerpt":{"rendered":"<p>Un confort modulaire avec des milliers de possibilit\u00e9s Housse amovible : Assise et dossier Structure : Bois de pin de Galice Pieds : bois weng\u00e9 Rembourrage du dossier : fibre creuse silicon\u00e9e Rembourrage du si\u00e8ge : Caoutchouc combin\u00e9 35 kg et fibre compact\u00e9e 400 gr Variantes : Module avec|sans Bras, Chaiselongue et Pouf Mesure : [&#8230;]\n","protected":false},"featured_media":65782,"template":"","meta":[],"product_brand":[],"product_cat":[205,204],"product_tag":[],"class_list":{"0":"post-65791","1":"product","2":"type-product","3":"status-publish","4":"has-post-thumbnail","6":"product_cat-canapes","7":"product_cat-salon","9":"first","10":"instock","11":"shipping-taxable","12":"product-type-simple"},"yoast_head":"<!-- This site is optimized with the Yoast SEO plugin v27.2 - https:\/\/yoast.com\/product\/yoast-seo-wordpress\/ -->\n<title>CANAP\u00c9 BAHIA 3,5 PL T.EDEN MOTAS 240CM. | mueble4you<\/title>\n<meta name=\"robots\" content=\"index, follow, max-snippet:-1, max-image-preview:large, max-video-preview:-1\" \/>\n<link rel=\"canonical\" href=\"https:\/\/mueble4you.com\/fr\/productos\/canape-bahia-35-pl-t-eden-motas-240cm\/\" \/>\n<meta property=\"og:locale\" content=\"fr_FR\" \/>\n<meta property=\"og:type\" content=\"article\" \/>\n<meta property=\"og:title\" content=\"CANAP\u00c9 BAHIA 3,5 PL T.EDEN MOTAS 240CM. | mueble4you\" \/>\n<meta property=\"og:description\" content=\"Un confort modulaire avec des milliers de possibilit\u00e9s Housse amovible : Assise et dossier Structure : Bois de pin de Galice Pieds : bois weng\u00e9 Rembourrage du dossier : fibre creuse silicon\u00e9e Rembourrage du si\u00e8ge : Caoutchouc combin\u00e9 35 kg et fibre compact\u00e9e 400 gr Variantes : Module avec|sans Bras, Chaiselongue et Pouf Mesure : [...]\" \/>\n<meta property=\"og:url\" content=\"https:\/\/mueble4you.com\/fr\/productos\/canape-bahia-35-pl-t-eden-motas-240cm\/\" \/>\n<meta property=\"og:site_name\" content=\"mueble4you\" \/>\n<meta property=\"article:modified_time\" content=\"2023-08-23T12:33:39+00:00\" \/>\n<meta property=\"og:image\" content=\"https:\/\/mueble4you.com\/wp-content\/uploads\/2023\/08\/bahia-2-scaled.jpg\" \/>\n\t<meta property=\"og:image:width\" content=\"2560\" \/>\n\t<meta property=\"og:image:height\" content=\"1920\" \/>\n\t<meta property=\"og:image:type\" content=\"image\/jpeg\" \/>\n<meta name=\"twitter:card\" content=\"summary_large_image\" \/>\n<script type=\"application\/ld+json\" class=\"yoast-schema-graph\">{\"@context\":\"https:\/\/schema.org\",\"@graph\":[{\"@type\":\"WebPage\",\"@id\":\"https:\/\/mueble4you.com\/fr\/productos\/canape-bahia-35-pl-t-eden-motas-240cm\/\",\"url\":\"https:\/\/mueble4you.com\/fr\/productos\/canape-bahia-35-pl-t-eden-motas-240cm\/\",\"name\":\"CANAP\u00c9 BAHIA 3,5 PL T.EDEN MOTAS 240CM. | mueble4you\",\"isPartOf\":{\"@id\":\"https:\/\/mueble4you.com\/#website\"},\"primaryImageOfPage\":{\"@id\":\"https:\/\/mueble4you.com\/fr\/productos\/canape-bahia-35-pl-t-eden-motas-240cm\/#primaryimage\"},\"image\":{\"@id\":\"https:\/\/mueble4you.com\/fr\/productos\/canape-bahia-35-pl-t-eden-motas-240cm\/#primaryimage\"},\"thumbnailUrl\":\"https:\/\/mueble4you.com\/wp-content\/uploads\/2023\/08\/bahia-2-scaled.jpg\",\"datePublished\":\"2023-08-23T12:07:27+00:00\",\"dateModified\":\"2023-08-23T12:33:39+00:00\",\"breadcrumb\":{\"@id\":\"https:\/\/mueble4you.com\/fr\/productos\/canape-bahia-35-pl-t-eden-motas-240cm\/#breadcrumb\"},\"inLanguage\":\"fr-FR\",\"potentialAction\":[{\"@type\":\"ReadAction\",\"target\":[\"https:\/\/mueble4you.com\/fr\/productos\/canape-bahia-35-pl-t-eden-motas-240cm\/\"]}]},{\"@type\":\"ImageObject\",\"inLanguage\":\"fr-FR\",\"@id\":\"https:\/\/mueble4you.com\/fr\/productos\/canape-bahia-35-pl-t-eden-motas-240cm\/#primaryimage\",\"url\":\"https:\/\/mueble4you.com\/wp-content\/uploads\/2023\/08\/bahia-2-scaled.jpg\",\"contentUrl\":\"https:\/\/mueble4you.com\/wp-content\/uploads\/2023\/08\/bahia-2-scaled.jpg\",\"width\":2560,\"height\":1920},{\"@type\":\"BreadcrumbList\",\"@id\":\"https:\/\/mueble4you.com\/fr\/productos\/canape-bahia-35-pl-t-eden-motas-240cm\/#breadcrumb\",\"itemListElement\":[{\"@type\":\"ListItem\",\"position\":1,\"name\":\"Portada\",\"item\":\"https:\/\/mueble4you.com\/fr\/\"},{\"@type\":\"ListItem\",\"position\":2,\"name\":\"Productos\",\"item\":\"https:\/\/mueble4you.com\/productos\/\"},{\"@type\":\"ListItem\",\"position\":3,\"name\":\"CANAP\u00c9 BAHIA 3,5 PL T.EDEN MOTAS 240CM.\"}]},{\"@type\":\"WebSite\",\"@id\":\"https:\/\/mueble4you.com\/#website\",\"url\":\"https:\/\/mueble4you.com\/\",\"name\":\"mueble4you\",\"description\":\"Meubles \u00e0 Tenerife\",\"potentialAction\":[{\"@type\":\"SearchAction\",\"target\":{\"@type\":\"EntryPoint\",\"urlTemplate\":\"https:\/\/mueble4you.com\/?s={search_term_string}\"},\"query-input\":{\"@type\":\"PropertyValueSpecification\",\"valueRequired\":true,\"valueName\":\"search_term_string\"}}],\"inLanguage\":\"fr-FR\"}]}<\/script>\n<!-- \/ Yoast SEO plugin. -->","yoast_head_json":{"title":"CANAP\u00c9 BAHIA 3,5 PL T.EDEN MOTAS 240CM. | mueble4you","robots":{"index":"index","follow":"follow","max-snippet":"max-snippet:-1","max-image-preview":"max-image-preview:large","max-video-preview":"max-video-preview:-1"},"canonical":"https:\/\/mueble4you.com\/fr\/productos\/canape-bahia-35-pl-t-eden-motas-240cm\/","og_locale":"fr_FR","og_type":"article","og_title":"CANAP\u00c9 BAHIA 3,5 PL T.EDEN MOTAS 240CM. | mueble4you","og_description":"Un confort modulaire avec des milliers de possibilit\u00e9s Housse amovible : Assise et dossier Structure : Bois de pin de Galice Pieds : bois weng\u00e9 Rembourrage du dossier : fibre creuse silicon\u00e9e Rembourrage du si\u00e8ge : Caoutchouc combin\u00e9 35 kg et fibre compact\u00e9e 400 gr Variantes : Module avec|sans Bras, Chaiselongue et Pouf Mesure : [...]","og_url":"https:\/\/mueble4you.com\/fr\/productos\/canape-bahia-35-pl-t-eden-motas-240cm\/","og_site_name":"mueble4you","article_modified_time":"2023-08-23T12:33:39+00:00","og_image":[{"width":2560,"height":1920,"url":"https:\/\/mueble4you.com\/wp-content\/uploads\/2023\/08\/bahia-2-scaled.jpg","type":"image\/jpeg"}],"twitter_card":"summary_large_image","schema":{"@context":"https:\/\/schema.org","@graph":[{"@type":"WebPage","@id":"https:\/\/mueble4you.com\/fr\/productos\/canape-bahia-35-pl-t-eden-motas-240cm\/","url":"https:\/\/mueble4you.com\/fr\/productos\/canape-bahia-35-pl-t-eden-motas-240cm\/","name":"CANAP\u00c9 BAHIA 3,5 PL T.EDEN MOTAS 240CM. | mueble4you","isPartOf":{"@id":"https:\/\/mueble4you.com\/#website"},"primaryImageOfPage":{"@id":"https:\/\/mueble4you.com\/fr\/productos\/canape-bahia-35-pl-t-eden-motas-240cm\/#primaryimage"},"image":{"@id":"https:\/\/mueble4you.com\/fr\/productos\/canape-bahia-35-pl-t-eden-motas-240cm\/#primaryimage"},"thumbnailUrl":"https:\/\/mueble4you.com\/wp-content\/uploads\/2023\/08\/bahia-2-scaled.jpg","datePublished":"2023-08-23T12:07:27+00:00","dateModified":"2023-08-23T12:33:39+00:00","breadcrumb":{"@id":"https:\/\/mueble4you.com\/fr\/productos\/canape-bahia-35-pl-t-eden-motas-240cm\/#breadcrumb"},"inLanguage":"fr-FR","potentialAction":[{"@type":"ReadAction","target":["https:\/\/mueble4you.com\/fr\/productos\/canape-bahia-35-pl-t-eden-motas-240cm\/"]}]},{"@type":"ImageObject","inLanguage":"fr-FR","@id":"https:\/\/mueble4you.com\/fr\/productos\/canape-bahia-35-pl-t-eden-motas-240cm\/#primaryimage","url":"https:\/\/mueble4you.com\/wp-content\/uploads\/2023\/08\/bahia-2-scaled.jpg","contentUrl":"https:\/\/mueble4you.com\/wp-content\/uploads\/2023\/08\/bahia-2-scaled.jpg","width":2560,"height":1920},{"@type":"BreadcrumbList","@id":"https:\/\/mueble4you.com\/fr\/productos\/canape-bahia-35-pl-t-eden-motas-240cm\/#breadcrumb","itemListElement":[{"@type":"ListItem","position":1,"name":"Portada","item":"https:\/\/mueble4you.com\/fr\/"},{"@type":"ListItem","position":2,"name":"Productos","item":"https:\/\/mueble4you.com\/productos\/"},{"@type":"ListItem","position":3,"name":"CANAP\u00c9 BAHIA 3,5 PL T.EDEN MOTAS 240CM."}]},{"@type":"WebSite","@id":"https:\/\/mueble4you.com\/#website","url":"https:\/\/mueble4you.com\/","name":"mueble4you","description":"Meubles \u00e0 Tenerife","potentialAction":[{"@type":"SearchAction","target":{"@type":"EntryPoint","urlTemplate":"https:\/\/mueble4you.com\/?s={search_term_string}"},"query-input":{"@type":"PropertyValueSpecification","valueRequired":true,"valueName":"search_term_string"}}],"inLanguage":"fr-FR"}]}},"_links":{"self":[{"href":"https:\/\/mueble4you.com\/fr\/wp-json\/wp\/v2\/product\/65791","targetHints":{"allow":["GET"]}}],"collection":[{"href":"https:\/\/mueble4you.com\/fr\/wp-json\/wp\/v2\/product"}],"about":[{"href":"https:\/\/mueble4you.com\/fr\/wp-json\/wp\/v2\/types\/product"}],"wp:featuredmedia":[{"embeddable":true,"href":"https:\/\/mueble4you.com\/fr\/wp-json\/wp\/v2\/media\/65782"}],"wp:attachment":[{"href":"https:\/\/mueble4you.com\/fr\/wp-json\/wp\/v2\/media?parent=65791"}],"wp:term":[{"taxonomy":"product_brand","embeddable":true,"href":"https:\/\/mueble4you.com\/fr\/wp-json\/wp\/v2\/product_brand?post=65791"},{"taxonomy":"product_cat","embeddable":true,"href":"https:\/\/mueble4you.com\/fr\/wp-json\/wp\/v2\/product_cat?post=65791"},{"taxonomy":"product_tag","embeddable":true,"href":"https:\/\/mueble4you.com\/fr\/wp-json\/wp\/v2\/product_tag?post=65791"}],"curies":[{"name":"wp","href":"https:\/\/api.w.org\/{rel}","templated":true}]}}