{"id":65708,"date":"2023-08-17T15:48:17","date_gmt":"2023-08-17T15:48:17","guid":{"rendered":"https:\/\/mueble4you.com\/productos\/cuadro-oleo-1502003-5\/"},"modified":"2023-08-21T15:30:49","modified_gmt":"2023-08-21T15:30:49","slug":"peinture-a-lhuile-1502003-5","status":"publish","type":"product","link":"https:\/\/mueble4you.com\/fr\/productos\/peinture-a-lhuile-1502003-5\/","title":{"rendered":"PEINTURE A L&rsquo;HUILE 150*200*3.5."},"content":{"rendered":"<ul>\n<li id=\"tw-target-text\" class=\"tw-data-text tw-text-large tw-ta\" dir=\"ltr\" data-placeholder=\"Traducci\u00f3n\"><span class=\"Y2IQFc\" lang=\"fr\">MESURES : LONGUEUR : 150,0 CM ; HAUTEUR : 200,0 CM ; PROFONDEUR : 4,0 CM.<\/span><\/li>\n<li class=\"tw-data-text tw-text-large tw-ta\" dir=\"ltr\" data-placeholder=\"Traducci\u00f3n\"><span class=\"Y2IQFc\" lang=\"fr\">MATI\u00c8RE : TOILE, M\u00c9TAL.<\/span><\/li>\n<li class=\"tw-data-text tw-text-large tw-ta\" dir=\"ltr\" data-placeholder=\"Traducci\u00f3n\"><span class=\"Y2IQFc\" lang=\"fr\">COULEUR : DIVERS. <\/span><\/li>\n<li class=\"tw-data-text tw-text-large tw-ta\" dir=\"ltr\" data-placeholder=\"Traducci\u00f3n\"><span class=\"Y2IQFc\" lang=\"fr\">INFORMATIONS COMPL\u00c9MENTAIRES : IL PEUT \u00caTRE SUSPENDU VERTICALEMENT ET HORIZONTALEMENT<\/span><\/li>\n<\/ul>\n","protected":false},"excerpt":{"rendered":"<p>MESURES : LONGUEUR : 150,0 CM ; HAUTEUR : 200,0 CM ; PROFONDEUR : 4,0 CM. MATI\u00c8RE : TOILE, M\u00c9TAL. COULEUR : DIVERS. INFORMATIONS COMPL\u00c9MENTAIRES : IL PEUT \u00caTRE SUSPENDU VERTICALEMENT ET HORIZONTALEMENT<\/p>\n","protected":false},"featured_media":65699,"template":"","meta":[],"product_brand":[],"product_cat":[321,173],"product_tag":[],"class_list":{"0":"post-65708","1":"product","2":"type-product","3":"status-publish","4":"has-post-thumbnail","6":"product_cat-cadres","7":"product_cat-decoration-fr","9":"first","10":"instock","11":"shipping-taxable","12":"product-type-simple"},"yoast_head":"<!-- This site is optimized with the Yoast SEO plugin v27.2 - https:\/\/yoast.com\/product\/yoast-seo-wordpress\/ -->\n<title>PEINTURE A L&#039;HUILE 150*200*3.5. | mueble4you<\/title>\n<meta name=\"robots\" content=\"index, follow, max-snippet:-1, max-image-preview:large, max-video-preview:-1\" \/>\n<link rel=\"canonical\" href=\"https:\/\/mueble4you.com\/fr\/productos\/peinture-a-lhuile-1502003-5\/\" \/>\n<meta property=\"og:locale\" content=\"fr_FR\" \/>\n<meta property=\"og:type\" content=\"article\" \/>\n<meta property=\"og:title\" content=\"PEINTURE A L&#039;HUILE 150*200*3.5. | mueble4you\" \/>\n<meta property=\"og:description\" content=\"MESURES : LONGUEUR : 150,0 CM ; HAUTEUR : 200,0 CM ; PROFONDEUR : 4,0 CM. MATI\u00c8RE : TOILE, M\u00c9TAL. COULEUR : DIVERS. INFORMATIONS COMPL\u00c9MENTAIRES : IL PEUT \u00caTRE SUSPENDU VERTICALEMENT ET HORIZONTALEMENT\" \/>\n<meta property=\"og:url\" content=\"https:\/\/mueble4you.com\/fr\/productos\/peinture-a-lhuile-1502003-5\/\" \/>\n<meta property=\"og:site_name\" content=\"mueble4you\" \/>\n<meta property=\"article:modified_time\" content=\"2023-08-21T15:30:49+00:00\" \/>\n<meta property=\"og:image\" content=\"https:\/\/mueble4you.com\/wp-content\/uploads\/2023\/08\/9980-2.jpg\" \/>\n\t<meta property=\"og:image:width\" content=\"992\" \/>\n\t<meta property=\"og:image:height\" content=\"1567\" \/>\n\t<meta property=\"og:image:type\" content=\"image\/jpeg\" \/>\n<meta name=\"twitter:card\" content=\"summary_large_image\" \/>\n<script type=\"application\/ld+json\" class=\"yoast-schema-graph\">{\"@context\":\"https:\/\/schema.org\",\"@graph\":[{\"@type\":\"WebPage\",\"@id\":\"https:\/\/mueble4you.com\/fr\/productos\/peinture-a-lhuile-1502003-5\/\",\"url\":\"https:\/\/mueble4you.com\/fr\/productos\/peinture-a-lhuile-1502003-5\/\",\"name\":\"PEINTURE A L'HUILE 150*200*3.5. | mueble4you\",\"isPartOf\":{\"@id\":\"https:\/\/mueble4you.com\/#website\"},\"primaryImageOfPage\":{\"@id\":\"https:\/\/mueble4you.com\/fr\/productos\/peinture-a-lhuile-1502003-5\/#primaryimage\"},\"image\":{\"@id\":\"https:\/\/mueble4you.com\/fr\/productos\/peinture-a-lhuile-1502003-5\/#primaryimage\"},\"thumbnailUrl\":\"https:\/\/mueble4you.com\/wp-content\/uploads\/2023\/08\/9980-2.jpg\",\"datePublished\":\"2023-08-17T15:48:17+00:00\",\"dateModified\":\"2023-08-21T15:30:49+00:00\",\"breadcrumb\":{\"@id\":\"https:\/\/mueble4you.com\/fr\/productos\/peinture-a-lhuile-1502003-5\/#breadcrumb\"},\"inLanguage\":\"fr-FR\",\"potentialAction\":[{\"@type\":\"ReadAction\",\"target\":[\"https:\/\/mueble4you.com\/fr\/productos\/peinture-a-lhuile-1502003-5\/\"]}]},{\"@type\":\"ImageObject\",\"inLanguage\":\"fr-FR\",\"@id\":\"https:\/\/mueble4you.com\/fr\/productos\/peinture-a-lhuile-1502003-5\/#primaryimage\",\"url\":\"https:\/\/mueble4you.com\/wp-content\/uploads\/2023\/08\/9980-2.jpg\",\"contentUrl\":\"https:\/\/mueble4you.com\/wp-content\/uploads\/2023\/08\/9980-2.jpg\",\"width\":992,\"height\":1567},{\"@type\":\"BreadcrumbList\",\"@id\":\"https:\/\/mueble4you.com\/fr\/productos\/peinture-a-lhuile-1502003-5\/#breadcrumb\",\"itemListElement\":[{\"@type\":\"ListItem\",\"position\":1,\"name\":\"Portada\",\"item\":\"https:\/\/mueble4you.com\/fr\/\"},{\"@type\":\"ListItem\",\"position\":2,\"name\":\"Productos\",\"item\":\"https:\/\/mueble4you.com\/productos\/\"},{\"@type\":\"ListItem\",\"position\":3,\"name\":\"PEINTURE A L&#8217;HUILE 150*200*3.5.\"}]},{\"@type\":\"WebSite\",\"@id\":\"https:\/\/mueble4you.com\/#website\",\"url\":\"https:\/\/mueble4you.com\/\",\"name\":\"mueble4you\",\"description\":\"Meubles \u00e0 Tenerife\",\"potentialAction\":[{\"@type\":\"SearchAction\",\"target\":{\"@type\":\"EntryPoint\",\"urlTemplate\":\"https:\/\/mueble4you.com\/?s={search_term_string}\"},\"query-input\":{\"@type\":\"PropertyValueSpecification\",\"valueRequired\":true,\"valueName\":\"search_term_string\"}}],\"inLanguage\":\"fr-FR\"}]}<\/script>\n<!-- \/ Yoast SEO plugin. -->","yoast_head_json":{"title":"PEINTURE A L'HUILE 150*200*3.5. | mueble4you","robots":{"index":"index","follow":"follow","max-snippet":"max-snippet:-1","max-image-preview":"max-image-preview:large","max-video-preview":"max-video-preview:-1"},"canonical":"https:\/\/mueble4you.com\/fr\/productos\/peinture-a-lhuile-1502003-5\/","og_locale":"fr_FR","og_type":"article","og_title":"PEINTURE A L'HUILE 150*200*3.5. | mueble4you","og_description":"MESURES : LONGUEUR : 150,0 CM ; HAUTEUR : 200,0 CM ; PROFONDEUR : 4,0 CM. MATI\u00c8RE : TOILE, M\u00c9TAL. COULEUR : DIVERS. INFORMATIONS COMPL\u00c9MENTAIRES : IL PEUT \u00caTRE SUSPENDU VERTICALEMENT ET HORIZONTALEMENT","og_url":"https:\/\/mueble4you.com\/fr\/productos\/peinture-a-lhuile-1502003-5\/","og_site_name":"mueble4you","article_modified_time":"2023-08-21T15:30:49+00:00","og_image":[{"width":992,"height":1567,"url":"https:\/\/mueble4you.com\/wp-content\/uploads\/2023\/08\/9980-2.jpg","type":"image\/jpeg"}],"twitter_card":"summary_large_image","schema":{"@context":"https:\/\/schema.org","@graph":[{"@type":"WebPage","@id":"https:\/\/mueble4you.com\/fr\/productos\/peinture-a-lhuile-1502003-5\/","url":"https:\/\/mueble4you.com\/fr\/productos\/peinture-a-lhuile-1502003-5\/","name":"PEINTURE A L'HUILE 150*200*3.5. | mueble4you","isPartOf":{"@id":"https:\/\/mueble4you.com\/#website"},"primaryImageOfPage":{"@id":"https:\/\/mueble4you.com\/fr\/productos\/peinture-a-lhuile-1502003-5\/#primaryimage"},"image":{"@id":"https:\/\/mueble4you.com\/fr\/productos\/peinture-a-lhuile-1502003-5\/#primaryimage"},"thumbnailUrl":"https:\/\/mueble4you.com\/wp-content\/uploads\/2023\/08\/9980-2.jpg","datePublished":"2023-08-17T15:48:17+00:00","dateModified":"2023-08-21T15:30:49+00:00","breadcrumb":{"@id":"https:\/\/mueble4you.com\/fr\/productos\/peinture-a-lhuile-1502003-5\/#breadcrumb"},"inLanguage":"fr-FR","potentialAction":[{"@type":"ReadAction","target":["https:\/\/mueble4you.com\/fr\/productos\/peinture-a-lhuile-1502003-5\/"]}]},{"@type":"ImageObject","inLanguage":"fr-FR","@id":"https:\/\/mueble4you.com\/fr\/productos\/peinture-a-lhuile-1502003-5\/#primaryimage","url":"https:\/\/mueble4you.com\/wp-content\/uploads\/2023\/08\/9980-2.jpg","contentUrl":"https:\/\/mueble4you.com\/wp-content\/uploads\/2023\/08\/9980-2.jpg","width":992,"height":1567},{"@type":"BreadcrumbList","@id":"https:\/\/mueble4you.com\/fr\/productos\/peinture-a-lhuile-1502003-5\/#breadcrumb","itemListElement":[{"@type":"ListItem","position":1,"name":"Portada","item":"https:\/\/mueble4you.com\/fr\/"},{"@type":"ListItem","position":2,"name":"Productos","item":"https:\/\/mueble4you.com\/productos\/"},{"@type":"ListItem","position":3,"name":"PEINTURE A L&#8217;HUILE 150*200*3.5."}]},{"@type":"WebSite","@id":"https:\/\/mueble4you.com\/#website","url":"https:\/\/mueble4you.com\/","name":"mueble4you","description":"Meubles \u00e0 Tenerife","potentialAction":[{"@type":"SearchAction","target":{"@type":"EntryPoint","urlTemplate":"https:\/\/mueble4you.com\/?s={search_term_string}"},"query-input":{"@type":"PropertyValueSpecification","valueRequired":true,"valueName":"search_term_string"}}],"inLanguage":"fr-FR"}]}},"_links":{"self":[{"href":"https:\/\/mueble4you.com\/fr\/wp-json\/wp\/v2\/product\/65708","targetHints":{"allow":["GET"]}}],"collection":[{"href":"https:\/\/mueble4you.com\/fr\/wp-json\/wp\/v2\/product"}],"about":[{"href":"https:\/\/mueble4you.com\/fr\/wp-json\/wp\/v2\/types\/product"}],"wp:featuredmedia":[{"embeddable":true,"href":"https:\/\/mueble4you.com\/fr\/wp-json\/wp\/v2\/media\/65699"}],"wp:attachment":[{"href":"https:\/\/mueble4you.com\/fr\/wp-json\/wp\/v2\/media?parent=65708"}],"wp:term":[{"taxonomy":"product_brand","embeddable":true,"href":"https:\/\/mueble4you.com\/fr\/wp-json\/wp\/v2\/product_brand?post=65708"},{"taxonomy":"product_cat","embeddable":true,"href":"https:\/\/mueble4you.com\/fr\/wp-json\/wp\/v2\/product_cat?post=65708"},{"taxonomy":"product_tag","embeddable":true,"href":"https:\/\/mueble4you.com\/fr\/wp-json\/wp\/v2\/product_tag?post=65708"}],"curies":[{"name":"wp","href":"https:\/\/api.w.org\/{rel}","templated":true}]}}