{"id":5845,"date":"2017-12-15T20:20:08","date_gmt":"2017-12-15T20:21:43","guid":{"rendered":"http:\/\/mueble4you.com\/productos\/dalay\/"},"modified":"2026-03-04T12:56:21","modified_gmt":"2026-03-04T12:56:21","slug":"dalay-chaise-longue-de-lit-de-sofa","status":"publish","type":"product","link":"https:\/\/mueble4you.com\/fr\/productos\/dalay-chaise-longue-de-lit-de-sofa\/","title":{"rendered":"Dalay, Chaise longue de lit de sofa"},"content":{"rendered":"<ul>\n<li>Chaise longue canap\u00e9,de lit de sofa, rembourr\u00e9 en cuir.<\/li>\n<li>Disponible en diff\u00e9rentes couleurs, la chaise longue est aussi un coffre avec une bo\u00eete de rangement et est disponible \u00e0 la fois \u00e0 gauche et \u00e0 droite.<\/li>\n<li>Sa mesure mesure mesure 250cm de long X 1,00 m\u00e8tres de profondeur X166cm la chaise longue.<\/li>\n<\/ul>\n","protected":false},"excerpt":{"rendered":"<p>Canap\u00e9-lit.<br \/>\nD\u00e9coration de bras en acier inoxydable.<br \/>\nChaise ouverte pour le stockage.<br \/>\nappuie-t\u00eate r\u00e9glable.<\/p>\n","protected":false},"featured_media":38363,"template":"","meta":[],"product_brand":[],"product_cat":[548,205,536,204],"product_tag":[],"class_list":{"0":"post-5845","1":"product","2":"type-product","3":"status-publish","4":"has-post-thumbnail","6":"product_cat-canape-lit","7":"product_cat-canapes","8":"product_cat-chaise-longue-fr","9":"product_cat-salon","11":"first","12":"instock","13":"shipping-taxable","14":"product-type-simple"},"yoast_head":"<!-- This site is optimized with the Yoast SEO plugin v27.2 - https:\/\/yoast.com\/product\/yoast-seo-wordpress\/ -->\n<title>Dalay, Chaise longue de lit de sofa | mueble4you<\/title>\n<meta name=\"robots\" content=\"index, follow, max-snippet:-1, max-image-preview:large, max-video-preview:-1\" \/>\n<link rel=\"canonical\" href=\"https:\/\/mueble4you.com\/fr\/productos\/dalay-chaise-longue-de-lit-de-sofa\/\" \/>\n<meta property=\"og:locale\" content=\"fr_FR\" \/>\n<meta property=\"og:type\" content=\"article\" \/>\n<meta property=\"og:title\" content=\"Dalay, Chaise longue de lit de sofa | mueble4you\" \/>\n<meta property=\"og:description\" content=\"Canap\u00e9-lit. D\u00e9coration de bras en acier inoxydable. Chaise ouverte pour le stockage. appuie-t\u00eate r\u00e9glable.\" \/>\n<meta property=\"og:url\" content=\"https:\/\/mueble4you.com\/fr\/productos\/dalay-chaise-longue-de-lit-de-sofa\/\" \/>\n<meta property=\"og:site_name\" content=\"mueble4you\" \/>\n<meta property=\"article:modified_time\" content=\"2026-03-04T12:56:21+00:00\" \/>\n<meta property=\"og:image\" content=\"https:\/\/mueble4you.com\/wp-content\/uploads\/2017\/12\/FM075-New-Jersey-coffee-1-Copy.jpg\" \/>\n\t<meta property=\"og:image:width\" content=\"1024\" \/>\n\t<meta property=\"og:image:height\" content=\"683\" \/>\n\t<meta property=\"og:image:type\" content=\"image\/jpeg\" \/>\n<meta name=\"twitter:card\" content=\"summary_large_image\" \/>\n<script type=\"application\/ld+json\" class=\"yoast-schema-graph\">{\"@context\":\"https:\/\/schema.org\",\"@graph\":[{\"@type\":\"WebPage\",\"@id\":\"https:\/\/mueble4you.com\/fr\/productos\/dalay-chaise-longue-de-lit-de-sofa\/\",\"url\":\"https:\/\/mueble4you.com\/fr\/productos\/dalay-chaise-longue-de-lit-de-sofa\/\",\"name\":\"Dalay, Chaise longue de lit de sofa | mueble4you\",\"isPartOf\":{\"@id\":\"https:\/\/mueble4you.com\/#website\"},\"primaryImageOfPage\":{\"@id\":\"https:\/\/mueble4you.com\/fr\/productos\/dalay-chaise-longue-de-lit-de-sofa\/#primaryimage\"},\"image\":{\"@id\":\"https:\/\/mueble4you.com\/fr\/productos\/dalay-chaise-longue-de-lit-de-sofa\/#primaryimage\"},\"thumbnailUrl\":\"https:\/\/mueble4you.com\/wp-content\/uploads\/2017\/12\/FM075-New-Jersey-coffee-1-Copy.jpg\",\"datePublished\":\"2017-12-15T20:21:43+00:00\",\"dateModified\":\"2026-03-04T12:56:21+00:00\",\"breadcrumb\":{\"@id\":\"https:\/\/mueble4you.com\/fr\/productos\/dalay-chaise-longue-de-lit-de-sofa\/#breadcrumb\"},\"inLanguage\":\"fr-FR\",\"potentialAction\":[{\"@type\":\"ReadAction\",\"target\":[\"https:\/\/mueble4you.com\/fr\/productos\/dalay-chaise-longue-de-lit-de-sofa\/\"]}]},{\"@type\":\"ImageObject\",\"inLanguage\":\"fr-FR\",\"@id\":\"https:\/\/mueble4you.com\/fr\/productos\/dalay-chaise-longue-de-lit-de-sofa\/#primaryimage\",\"url\":\"https:\/\/mueble4you.com\/wp-content\/uploads\/2017\/12\/FM075-New-Jersey-coffee-1-Copy.jpg\",\"contentUrl\":\"https:\/\/mueble4you.com\/wp-content\/uploads\/2017\/12\/FM075-New-Jersey-coffee-1-Copy.jpg\",\"width\":1024,\"height\":683},{\"@type\":\"BreadcrumbList\",\"@id\":\"https:\/\/mueble4you.com\/fr\/productos\/dalay-chaise-longue-de-lit-de-sofa\/#breadcrumb\",\"itemListElement\":[{\"@type\":\"ListItem\",\"position\":1,\"name\":\"Portada\",\"item\":\"https:\/\/mueble4you.com\/fr\/\"},{\"@type\":\"ListItem\",\"position\":2,\"name\":\"Productos\",\"item\":\"https:\/\/mueble4you.com\/productos\/\"},{\"@type\":\"ListItem\",\"position\":3,\"name\":\"Dalay, Chaise longue de lit de sofa\"}]},{\"@type\":\"WebSite\",\"@id\":\"https:\/\/mueble4you.com\/#website\",\"url\":\"https:\/\/mueble4you.com\/\",\"name\":\"mueble4you\",\"description\":\"Meubles \u00e0 Tenerife\",\"potentialAction\":[{\"@type\":\"SearchAction\",\"target\":{\"@type\":\"EntryPoint\",\"urlTemplate\":\"https:\/\/mueble4you.com\/?s={search_term_string}\"},\"query-input\":{\"@type\":\"PropertyValueSpecification\",\"valueRequired\":true,\"valueName\":\"search_term_string\"}}],\"inLanguage\":\"fr-FR\"}]}<\/script>\n<!-- \/ Yoast SEO plugin. -->","yoast_head_json":{"title":"Dalay, Chaise longue de lit de sofa | mueble4you","robots":{"index":"index","follow":"follow","max-snippet":"max-snippet:-1","max-image-preview":"max-image-preview:large","max-video-preview":"max-video-preview:-1"},"canonical":"https:\/\/mueble4you.com\/fr\/productos\/dalay-chaise-longue-de-lit-de-sofa\/","og_locale":"fr_FR","og_type":"article","og_title":"Dalay, Chaise longue de lit de sofa | mueble4you","og_description":"Canap\u00e9-lit. D\u00e9coration de bras en acier inoxydable. Chaise ouverte pour le stockage. appuie-t\u00eate r\u00e9glable.","og_url":"https:\/\/mueble4you.com\/fr\/productos\/dalay-chaise-longue-de-lit-de-sofa\/","og_site_name":"mueble4you","article_modified_time":"2026-03-04T12:56:21+00:00","og_image":[{"width":1024,"height":683,"url":"https:\/\/mueble4you.com\/wp-content\/uploads\/2017\/12\/FM075-New-Jersey-coffee-1-Copy.jpg","type":"image\/jpeg"}],"twitter_card":"summary_large_image","schema":{"@context":"https:\/\/schema.org","@graph":[{"@type":"WebPage","@id":"https:\/\/mueble4you.com\/fr\/productos\/dalay-chaise-longue-de-lit-de-sofa\/","url":"https:\/\/mueble4you.com\/fr\/productos\/dalay-chaise-longue-de-lit-de-sofa\/","name":"Dalay, Chaise longue de lit de sofa | mueble4you","isPartOf":{"@id":"https:\/\/mueble4you.com\/#website"},"primaryImageOfPage":{"@id":"https:\/\/mueble4you.com\/fr\/productos\/dalay-chaise-longue-de-lit-de-sofa\/#primaryimage"},"image":{"@id":"https:\/\/mueble4you.com\/fr\/productos\/dalay-chaise-longue-de-lit-de-sofa\/#primaryimage"},"thumbnailUrl":"https:\/\/mueble4you.com\/wp-content\/uploads\/2017\/12\/FM075-New-Jersey-coffee-1-Copy.jpg","datePublished":"2017-12-15T20:21:43+00:00","dateModified":"2026-03-04T12:56:21+00:00","breadcrumb":{"@id":"https:\/\/mueble4you.com\/fr\/productos\/dalay-chaise-longue-de-lit-de-sofa\/#breadcrumb"},"inLanguage":"fr-FR","potentialAction":[{"@type":"ReadAction","target":["https:\/\/mueble4you.com\/fr\/productos\/dalay-chaise-longue-de-lit-de-sofa\/"]}]},{"@type":"ImageObject","inLanguage":"fr-FR","@id":"https:\/\/mueble4you.com\/fr\/productos\/dalay-chaise-longue-de-lit-de-sofa\/#primaryimage","url":"https:\/\/mueble4you.com\/wp-content\/uploads\/2017\/12\/FM075-New-Jersey-coffee-1-Copy.jpg","contentUrl":"https:\/\/mueble4you.com\/wp-content\/uploads\/2017\/12\/FM075-New-Jersey-coffee-1-Copy.jpg","width":1024,"height":683},{"@type":"BreadcrumbList","@id":"https:\/\/mueble4you.com\/fr\/productos\/dalay-chaise-longue-de-lit-de-sofa\/#breadcrumb","itemListElement":[{"@type":"ListItem","position":1,"name":"Portada","item":"https:\/\/mueble4you.com\/fr\/"},{"@type":"ListItem","position":2,"name":"Productos","item":"https:\/\/mueble4you.com\/productos\/"},{"@type":"ListItem","position":3,"name":"Dalay, Chaise longue de lit de sofa"}]},{"@type":"WebSite","@id":"https:\/\/mueble4you.com\/#website","url":"https:\/\/mueble4you.com\/","name":"mueble4you","description":"Meubles \u00e0 Tenerife","potentialAction":[{"@type":"SearchAction","target":{"@type":"EntryPoint","urlTemplate":"https:\/\/mueble4you.com\/?s={search_term_string}"},"query-input":{"@type":"PropertyValueSpecification","valueRequired":true,"valueName":"search_term_string"}}],"inLanguage":"fr-FR"}]}},"_links":{"self":[{"href":"https:\/\/mueble4you.com\/fr\/wp-json\/wp\/v2\/product\/5845","targetHints":{"allow":["GET"]}}],"collection":[{"href":"https:\/\/mueble4you.com\/fr\/wp-json\/wp\/v2\/product"}],"about":[{"href":"https:\/\/mueble4you.com\/fr\/wp-json\/wp\/v2\/types\/product"}],"wp:featuredmedia":[{"embeddable":true,"href":"https:\/\/mueble4you.com\/fr\/wp-json\/wp\/v2\/media\/38363"}],"wp:attachment":[{"href":"https:\/\/mueble4you.com\/fr\/wp-json\/wp\/v2\/media?parent=5845"}],"wp:term":[{"taxonomy":"product_brand","embeddable":true,"href":"https:\/\/mueble4you.com\/fr\/wp-json\/wp\/v2\/product_brand?post=5845"},{"taxonomy":"product_cat","embeddable":true,"href":"https:\/\/mueble4you.com\/fr\/wp-json\/wp\/v2\/product_cat?post=5845"},{"taxonomy":"product_tag","embeddable":true,"href":"https:\/\/mueble4you.com\/fr\/wp-json\/wp\/v2\/product_tag?post=5845"}],"curies":[{"name":"wp","href":"https:\/\/api.w.org\/{rel}","templated":true}]}}