{"id":54624,"date":"2022-09-15T11:28:09","date_gmt":"2022-09-15T11:28:09","guid":{"rendered":"https:\/\/mueble4you.com\/productos\/conjunto-de-exterior-yate\/"},"modified":"2022-09-15T14:45:41","modified_gmt":"2022-09-15T14:45:41","slug":"conjunto-de-exterior-yate","status":"publish","type":"product","link":"https:\/\/mueble4you.com\/fr\/productos\/conjunto-de-exterior-yate\/","title":{"rendered":"Ensemble ext\u00e9rieur de Yate"},"content":{"rendered":"<p>Ensemble ext\u00e9rieur compos\u00e9 de :<\/p>\n<ul>\n<li>Un canap\u00e9 trois places.<\/li>\n<li>Deux fauteuils monoplaces.<\/li>\n<li>Une table basse assortie.<\/li>\n<li>Structure en aluminium et rotin rond.<\/li>\n<\/ul>\n","protected":false},"excerpt":{"rendered":"<p>Ensemble ext\u00e9rieur compos\u00e9 de : Un canap\u00e9 trois places. Deux fauteuils monoplaces. Une table basse assortie. Structure en aluminium et rotin rond.<\/p>\n","protected":false},"featured_media":54620,"template":"","meta":[],"product_brand":[],"product_cat":[312,304],"product_tag":[],"class_list":{"0":"post-54624","1":"product","2":"type-product","3":"status-publish","4":"has-post-thumbnail","6":"product_cat-ensemble-de-sofas-et-de-tables","7":"product_cat-jardin-et-exterieur","9":"first","10":"instock","11":"shipping-taxable","12":"product-type-simple"},"yoast_head":"<!-- This site is optimized with the Yoast SEO plugin v27.3 - https:\/\/yoast.com\/product\/yoast-seo-wordpress\/ -->\n<title>Ensemble ext\u00e9rieur de Yate | mueble4you<\/title>\n<meta name=\"robots\" content=\"index, follow, max-snippet:-1, max-image-preview:large, max-video-preview:-1\" \/>\n<link rel=\"canonical\" href=\"https:\/\/mueble4you.com\/fr\/productos\/conjunto-de-exterior-yate\/\" \/>\n<meta property=\"og:locale\" content=\"fr_FR\" \/>\n<meta property=\"og:type\" content=\"article\" \/>\n<meta property=\"og:title\" content=\"Ensemble ext\u00e9rieur de Yate | mueble4you\" \/>\n<meta property=\"og:description\" content=\"Ensemble ext\u00e9rieur compos\u00e9 de : Un canap\u00e9 trois places. Deux fauteuils monoplaces. Une table basse assortie. Structure en aluminium et rotin rond.\" \/>\n<meta property=\"og:url\" content=\"https:\/\/mueble4you.com\/fr\/productos\/conjunto-de-exterior-yate\/\" \/>\n<meta property=\"og:site_name\" content=\"mueble4you\" \/>\n<meta property=\"article:modified_time\" content=\"2022-09-15T14:45:41+00:00\" \/>\n<meta property=\"og:image\" content=\"https:\/\/mueble4you.com\/wp-content\/uploads\/2022\/09\/P1000561-min-scaled.jpg\" \/>\n\t<meta property=\"og:image:width\" content=\"2560\" \/>\n\t<meta property=\"og:image:height\" content=\"1920\" \/>\n\t<meta property=\"og:image:type\" content=\"image\/jpeg\" \/>\n<meta name=\"twitter:card\" content=\"summary_large_image\" \/>\n<script type=\"application\/ld+json\" class=\"yoast-schema-graph\">{\"@context\":\"https:\\\/\\\/schema.org\",\"@graph\":[{\"@type\":\"WebPage\",\"@id\":\"https:\\\/\\\/mueble4you.com\\\/fr\\\/productos\\\/conjunto-de-exterior-yate\\\/\",\"url\":\"https:\\\/\\\/mueble4you.com\\\/fr\\\/productos\\\/conjunto-de-exterior-yate\\\/\",\"name\":\"Ensemble ext\u00e9rieur de Yate | mueble4you\",\"isPartOf\":{\"@id\":\"https:\\\/\\\/mueble4you.com\\\/#website\"},\"primaryImageOfPage\":{\"@id\":\"https:\\\/\\\/mueble4you.com\\\/fr\\\/productos\\\/conjunto-de-exterior-yate\\\/#primaryimage\"},\"image\":{\"@id\":\"https:\\\/\\\/mueble4you.com\\\/fr\\\/productos\\\/conjunto-de-exterior-yate\\\/#primaryimage\"},\"thumbnailUrl\":\"https:\\\/\\\/mueble4you.com\\\/wp-content\\\/uploads\\\/2022\\\/09\\\/P1000561-min-scaled.jpg\",\"datePublished\":\"2022-09-15T11:28:09+00:00\",\"dateModified\":\"2022-09-15T14:45:41+00:00\",\"breadcrumb\":{\"@id\":\"https:\\\/\\\/mueble4you.com\\\/fr\\\/productos\\\/conjunto-de-exterior-yate\\\/#breadcrumb\"},\"inLanguage\":\"fr-FR\",\"potentialAction\":[{\"@type\":\"ReadAction\",\"target\":[\"https:\\\/\\\/mueble4you.com\\\/fr\\\/productos\\\/conjunto-de-exterior-yate\\\/\"]}]},{\"@type\":\"ImageObject\",\"inLanguage\":\"fr-FR\",\"@id\":\"https:\\\/\\\/mueble4you.com\\\/fr\\\/productos\\\/conjunto-de-exterior-yate\\\/#primaryimage\",\"url\":\"https:\\\/\\\/mueble4you.com\\\/wp-content\\\/uploads\\\/2022\\\/09\\\/P1000561-min-scaled.jpg\",\"contentUrl\":\"https:\\\/\\\/mueble4you.com\\\/wp-content\\\/uploads\\\/2022\\\/09\\\/P1000561-min-scaled.jpg\",\"width\":2560,\"height\":1920},{\"@type\":\"BreadcrumbList\",\"@id\":\"https:\\\/\\\/mueble4you.com\\\/fr\\\/productos\\\/conjunto-de-exterior-yate\\\/#breadcrumb\",\"itemListElement\":[{\"@type\":\"ListItem\",\"position\":1,\"name\":\"Portada\",\"item\":\"https:\\\/\\\/mueble4you.com\\\/fr\\\/\"},{\"@type\":\"ListItem\",\"position\":2,\"name\":\"Productos\",\"item\":\"https:\\\/\\\/mueble4you.com\\\/productos\\\/\"},{\"@type\":\"ListItem\",\"position\":3,\"name\":\"Ensemble ext\u00e9rieur de Yate\"}]},{\"@type\":\"WebSite\",\"@id\":\"https:\\\/\\\/mueble4you.com\\\/#website\",\"url\":\"https:\\\/\\\/mueble4you.com\\\/\",\"name\":\"mueble4you\",\"description\":\"Meubles \u00e0 Tenerife\",\"potentialAction\":[{\"@type\":\"SearchAction\",\"target\":{\"@type\":\"EntryPoint\",\"urlTemplate\":\"https:\\\/\\\/mueble4you.com\\\/?s={search_term_string}\"},\"query-input\":{\"@type\":\"PropertyValueSpecification\",\"valueRequired\":true,\"valueName\":\"search_term_string\"}}],\"inLanguage\":\"fr-FR\"}]}<\/script>\n<!-- \/ Yoast SEO plugin. -->","yoast_head_json":{"title":"Ensemble ext\u00e9rieur de Yate | mueble4you","robots":{"index":"index","follow":"follow","max-snippet":"max-snippet:-1","max-image-preview":"max-image-preview:large","max-video-preview":"max-video-preview:-1"},"canonical":"https:\/\/mueble4you.com\/fr\/productos\/conjunto-de-exterior-yate\/","og_locale":"fr_FR","og_type":"article","og_title":"Ensemble ext\u00e9rieur de Yate | mueble4you","og_description":"Ensemble ext\u00e9rieur compos\u00e9 de : Un canap\u00e9 trois places. Deux fauteuils monoplaces. Une table basse assortie. Structure en aluminium et rotin rond.","og_url":"https:\/\/mueble4you.com\/fr\/productos\/conjunto-de-exterior-yate\/","og_site_name":"mueble4you","article_modified_time":"2022-09-15T14:45:41+00:00","og_image":[{"width":2560,"height":1920,"url":"https:\/\/mueble4you.com\/wp-content\/uploads\/2022\/09\/P1000561-min-scaled.jpg","type":"image\/jpeg"}],"twitter_card":"summary_large_image","schema":{"@context":"https:\/\/schema.org","@graph":[{"@type":"WebPage","@id":"https:\/\/mueble4you.com\/fr\/productos\/conjunto-de-exterior-yate\/","url":"https:\/\/mueble4you.com\/fr\/productos\/conjunto-de-exterior-yate\/","name":"Ensemble ext\u00e9rieur de Yate | mueble4you","isPartOf":{"@id":"https:\/\/mueble4you.com\/#website"},"primaryImageOfPage":{"@id":"https:\/\/mueble4you.com\/fr\/productos\/conjunto-de-exterior-yate\/#primaryimage"},"image":{"@id":"https:\/\/mueble4you.com\/fr\/productos\/conjunto-de-exterior-yate\/#primaryimage"},"thumbnailUrl":"https:\/\/mueble4you.com\/wp-content\/uploads\/2022\/09\/P1000561-min-scaled.jpg","datePublished":"2022-09-15T11:28:09+00:00","dateModified":"2022-09-15T14:45:41+00:00","breadcrumb":{"@id":"https:\/\/mueble4you.com\/fr\/productos\/conjunto-de-exterior-yate\/#breadcrumb"},"inLanguage":"fr-FR","potentialAction":[{"@type":"ReadAction","target":["https:\/\/mueble4you.com\/fr\/productos\/conjunto-de-exterior-yate\/"]}]},{"@type":"ImageObject","inLanguage":"fr-FR","@id":"https:\/\/mueble4you.com\/fr\/productos\/conjunto-de-exterior-yate\/#primaryimage","url":"https:\/\/mueble4you.com\/wp-content\/uploads\/2022\/09\/P1000561-min-scaled.jpg","contentUrl":"https:\/\/mueble4you.com\/wp-content\/uploads\/2022\/09\/P1000561-min-scaled.jpg","width":2560,"height":1920},{"@type":"BreadcrumbList","@id":"https:\/\/mueble4you.com\/fr\/productos\/conjunto-de-exterior-yate\/#breadcrumb","itemListElement":[{"@type":"ListItem","position":1,"name":"Portada","item":"https:\/\/mueble4you.com\/fr\/"},{"@type":"ListItem","position":2,"name":"Productos","item":"https:\/\/mueble4you.com\/productos\/"},{"@type":"ListItem","position":3,"name":"Ensemble ext\u00e9rieur de Yate"}]},{"@type":"WebSite","@id":"https:\/\/mueble4you.com\/#website","url":"https:\/\/mueble4you.com\/","name":"mueble4you","description":"Meubles \u00e0 Tenerife","potentialAction":[{"@type":"SearchAction","target":{"@type":"EntryPoint","urlTemplate":"https:\/\/mueble4you.com\/?s={search_term_string}"},"query-input":{"@type":"PropertyValueSpecification","valueRequired":true,"valueName":"search_term_string"}}],"inLanguage":"fr-FR"}]}},"_links":{"self":[{"href":"https:\/\/mueble4you.com\/fr\/wp-json\/wp\/v2\/product\/54624","targetHints":{"allow":["GET"]}}],"collection":[{"href":"https:\/\/mueble4you.com\/fr\/wp-json\/wp\/v2\/product"}],"about":[{"href":"https:\/\/mueble4you.com\/fr\/wp-json\/wp\/v2\/types\/product"}],"wp:featuredmedia":[{"embeddable":true,"href":"https:\/\/mueble4you.com\/fr\/wp-json\/wp\/v2\/media\/54620"}],"wp:attachment":[{"href":"https:\/\/mueble4you.com\/fr\/wp-json\/wp\/v2\/media?parent=54624"}],"wp:term":[{"taxonomy":"product_brand","embeddable":true,"href":"https:\/\/mueble4you.com\/fr\/wp-json\/wp\/v2\/product_brand?post=54624"},{"taxonomy":"product_cat","embeddable":true,"href":"https:\/\/mueble4you.com\/fr\/wp-json\/wp\/v2\/product_cat?post=54624"},{"taxonomy":"product_tag","embeddable":true,"href":"https:\/\/mueble4you.com\/fr\/wp-json\/wp\/v2\/product_tag?post=54624"}],"curies":[{"name":"wp","href":"https:\/\/api.w.org\/{rel}","templated":true}]}}