{"id":49074,"date":"2021-12-09T16:19:17","date_gmt":"2021-12-09T16:19:17","guid":{"rendered":"https:\/\/mueble4you.com\/productos\/set-2-mesas-nido-2\/"},"modified":"2021-12-09T16:33:39","modified_gmt":"2021-12-09T16:33:39","slug":"set-2-tables-gigognes-2","status":"publish","type":"product","link":"https:\/\/mueble4you.com\/fr\/productos\/set-2-tables-gigognes-2\/","title":{"rendered":"Set 2 tables gigognes"},"content":{"rendered":"<ul>\n<li id=\"tw-target-text\" class=\"tw-data-text tw-text-large tw-ta\" dir=\"ltr\" data-placeholder=\"Traducci\u00f3n\"><span class=\"Y2IQFc\" lang=\"fr\" tabindex=\"-1\">Ensemble 2 Tables Gigognes en Bois de Manguier et Structure M\u00e9tallique. <\/span><\/li>\n<li class=\"tw-data-text tw-text-large tw-ta\" dir=\"ltr\" data-placeholder=\"Traducci\u00f3n\"><span class=\"Y2IQFc\" lang=\"fr\" tabindex=\"-1\">Dimensions : Grand (46 cm de haut x 70 cm de diam\u00e8tre) Petit (39 cm de haut x 55 cm de diam\u00e8tre).<\/span><\/li>\n<\/ul>\n","protected":false},"excerpt":{"rendered":"<p>Ensemble 2 Tables Gigognes en Bois de Manguier et Structure M\u00e9tallique. Dimensions : Grand (46 cm de haut x 70 cm de diam\u00e8tre) Petit (39 cm de haut x 55 cm de diam\u00e8tre).<\/p>\n","protected":false},"featured_media":49079,"template":"","meta":[],"product_brand":[],"product_cat":[204,356],"product_tag":[],"class_list":{"0":"post-49074","1":"product","2":"type-product","3":"status-publish","4":"has-post-thumbnail","6":"product_cat-salon","7":"product_cat-table-basse","9":"first","10":"instock","11":"shipping-taxable","12":"product-type-simple"},"yoast_head":"<!-- This site is optimized with the Yoast SEO plugin v27.3 - https:\/\/yoast.com\/product\/yoast-seo-wordpress\/ -->\n<title>Set 2 tables gigognes | mueble4you<\/title>\n<meta name=\"description\" content=\"Set de 2 mesas nido en madera de mango y estructura de metal. Medidas: Grande (46x70 cm) Peque\u00f1a (39x55) | mueble4you\" \/>\n<meta name=\"robots\" content=\"index, follow, max-snippet:-1, max-image-preview:large, max-video-preview:-1\" \/>\n<link rel=\"canonical\" href=\"https:\/\/mueble4you.com\/fr\/productos\/set-2-tables-gigognes-2\/\" \/>\n<meta property=\"og:locale\" content=\"fr_FR\" \/>\n<meta property=\"og:type\" content=\"article\" \/>\n<meta property=\"og:title\" content=\"Set 2 tables gigognes | mueble4you\" \/>\n<meta property=\"og:description\" content=\"Set de 2 mesas nido en madera de mango y estructura de metal. Medidas: Grande (46x70 cm) Peque\u00f1a (39x55) | mueble4you\" \/>\n<meta property=\"og:url\" content=\"https:\/\/mueble4you.com\/fr\/productos\/set-2-tables-gigognes-2\/\" \/>\n<meta property=\"og:site_name\" content=\"mueble4you\" \/>\n<meta property=\"article:modified_time\" content=\"2021-12-09T16:33:39+00:00\" \/>\n<meta property=\"og:image\" content=\"https:\/\/mueble4you.com\/wp-content\/uploads\/2021\/12\/6650.1.jpg\" \/>\n\t<meta property=\"og:image:width\" content=\"640\" \/>\n\t<meta property=\"og:image:height\" content=\"427\" \/>\n\t<meta property=\"og:image:type\" content=\"image\/jpeg\" \/>\n<meta name=\"twitter:card\" content=\"summary_large_image\" \/>\n<script type=\"application\/ld+json\" class=\"yoast-schema-graph\">{\"@context\":\"https:\\\/\\\/schema.org\",\"@graph\":[{\"@type\":\"WebPage\",\"@id\":\"https:\\\/\\\/mueble4you.com\\\/fr\\\/productos\\\/set-2-tables-gigognes-2\\\/\",\"url\":\"https:\\\/\\\/mueble4you.com\\\/fr\\\/productos\\\/set-2-tables-gigognes-2\\\/\",\"name\":\"Set 2 tables gigognes | mueble4you\",\"isPartOf\":{\"@id\":\"https:\\\/\\\/mueble4you.com\\\/#website\"},\"primaryImageOfPage\":{\"@id\":\"https:\\\/\\\/mueble4you.com\\\/fr\\\/productos\\\/set-2-tables-gigognes-2\\\/#primaryimage\"},\"image\":{\"@id\":\"https:\\\/\\\/mueble4you.com\\\/fr\\\/productos\\\/set-2-tables-gigognes-2\\\/#primaryimage\"},\"thumbnailUrl\":\"https:\\\/\\\/mueble4you.com\\\/wp-content\\\/uploads\\\/2021\\\/12\\\/6650.1.jpg\",\"datePublished\":\"2021-12-09T16:19:17+00:00\",\"dateModified\":\"2021-12-09T16:33:39+00:00\",\"description\":\"Set de 2 mesas nido en madera de mango y estructura de metal. Medidas: Grande (46x70 cm) Peque\u00f1a (39x55) | mueble4you\",\"breadcrumb\":{\"@id\":\"https:\\\/\\\/mueble4you.com\\\/fr\\\/productos\\\/set-2-tables-gigognes-2\\\/#breadcrumb\"},\"inLanguage\":\"fr-FR\",\"potentialAction\":[{\"@type\":\"ReadAction\",\"target\":[\"https:\\\/\\\/mueble4you.com\\\/fr\\\/productos\\\/set-2-tables-gigognes-2\\\/\"]}]},{\"@type\":\"ImageObject\",\"inLanguage\":\"fr-FR\",\"@id\":\"https:\\\/\\\/mueble4you.com\\\/fr\\\/productos\\\/set-2-tables-gigognes-2\\\/#primaryimage\",\"url\":\"https:\\\/\\\/mueble4you.com\\\/wp-content\\\/uploads\\\/2021\\\/12\\\/6650.1.jpg\",\"contentUrl\":\"https:\\\/\\\/mueble4you.com\\\/wp-content\\\/uploads\\\/2021\\\/12\\\/6650.1.jpg\",\"width\":640,\"height\":427},{\"@type\":\"BreadcrumbList\",\"@id\":\"https:\\\/\\\/mueble4you.com\\\/fr\\\/productos\\\/set-2-tables-gigognes-2\\\/#breadcrumb\",\"itemListElement\":[{\"@type\":\"ListItem\",\"position\":1,\"name\":\"Portada\",\"item\":\"https:\\\/\\\/mueble4you.com\\\/fr\\\/\"},{\"@type\":\"ListItem\",\"position\":2,\"name\":\"Productos\",\"item\":\"https:\\\/\\\/mueble4you.com\\\/productos\\\/\"},{\"@type\":\"ListItem\",\"position\":3,\"name\":\"Set 2 tables gigognes\"}]},{\"@type\":\"WebSite\",\"@id\":\"https:\\\/\\\/mueble4you.com\\\/#website\",\"url\":\"https:\\\/\\\/mueble4you.com\\\/\",\"name\":\"mueble4you\",\"description\":\"Meubles \u00e0 Tenerife\",\"potentialAction\":[{\"@type\":\"SearchAction\",\"target\":{\"@type\":\"EntryPoint\",\"urlTemplate\":\"https:\\\/\\\/mueble4you.com\\\/?s={search_term_string}\"},\"query-input\":{\"@type\":\"PropertyValueSpecification\",\"valueRequired\":true,\"valueName\":\"search_term_string\"}}],\"inLanguage\":\"fr-FR\"}]}<\/script>\n<!-- \/ Yoast SEO plugin. -->","yoast_head_json":{"title":"Set 2 tables gigognes | mueble4you","description":"Set de 2 mesas nido en madera de mango y estructura de metal. Medidas: Grande (46x70 cm) Peque\u00f1a (39x55) | mueble4you","robots":{"index":"index","follow":"follow","max-snippet":"max-snippet:-1","max-image-preview":"max-image-preview:large","max-video-preview":"max-video-preview:-1"},"canonical":"https:\/\/mueble4you.com\/fr\/productos\/set-2-tables-gigognes-2\/","og_locale":"fr_FR","og_type":"article","og_title":"Set 2 tables gigognes | mueble4you","og_description":"Set de 2 mesas nido en madera de mango y estructura de metal. Medidas: Grande (46x70 cm) Peque\u00f1a (39x55) | mueble4you","og_url":"https:\/\/mueble4you.com\/fr\/productos\/set-2-tables-gigognes-2\/","og_site_name":"mueble4you","article_modified_time":"2021-12-09T16:33:39+00:00","og_image":[{"width":640,"height":427,"url":"https:\/\/mueble4you.com\/wp-content\/uploads\/2021\/12\/6650.1.jpg","type":"image\/jpeg"}],"twitter_card":"summary_large_image","schema":{"@context":"https:\/\/schema.org","@graph":[{"@type":"WebPage","@id":"https:\/\/mueble4you.com\/fr\/productos\/set-2-tables-gigognes-2\/","url":"https:\/\/mueble4you.com\/fr\/productos\/set-2-tables-gigognes-2\/","name":"Set 2 tables gigognes | mueble4you","isPartOf":{"@id":"https:\/\/mueble4you.com\/#website"},"primaryImageOfPage":{"@id":"https:\/\/mueble4you.com\/fr\/productos\/set-2-tables-gigognes-2\/#primaryimage"},"image":{"@id":"https:\/\/mueble4you.com\/fr\/productos\/set-2-tables-gigognes-2\/#primaryimage"},"thumbnailUrl":"https:\/\/mueble4you.com\/wp-content\/uploads\/2021\/12\/6650.1.jpg","datePublished":"2021-12-09T16:19:17+00:00","dateModified":"2021-12-09T16:33:39+00:00","description":"Set de 2 mesas nido en madera de mango y estructura de metal. Medidas: Grande (46x70 cm) Peque\u00f1a (39x55) | mueble4you","breadcrumb":{"@id":"https:\/\/mueble4you.com\/fr\/productos\/set-2-tables-gigognes-2\/#breadcrumb"},"inLanguage":"fr-FR","potentialAction":[{"@type":"ReadAction","target":["https:\/\/mueble4you.com\/fr\/productos\/set-2-tables-gigognes-2\/"]}]},{"@type":"ImageObject","inLanguage":"fr-FR","@id":"https:\/\/mueble4you.com\/fr\/productos\/set-2-tables-gigognes-2\/#primaryimage","url":"https:\/\/mueble4you.com\/wp-content\/uploads\/2021\/12\/6650.1.jpg","contentUrl":"https:\/\/mueble4you.com\/wp-content\/uploads\/2021\/12\/6650.1.jpg","width":640,"height":427},{"@type":"BreadcrumbList","@id":"https:\/\/mueble4you.com\/fr\/productos\/set-2-tables-gigognes-2\/#breadcrumb","itemListElement":[{"@type":"ListItem","position":1,"name":"Portada","item":"https:\/\/mueble4you.com\/fr\/"},{"@type":"ListItem","position":2,"name":"Productos","item":"https:\/\/mueble4you.com\/productos\/"},{"@type":"ListItem","position":3,"name":"Set 2 tables gigognes"}]},{"@type":"WebSite","@id":"https:\/\/mueble4you.com\/#website","url":"https:\/\/mueble4you.com\/","name":"mueble4you","description":"Meubles \u00e0 Tenerife","potentialAction":[{"@type":"SearchAction","target":{"@type":"EntryPoint","urlTemplate":"https:\/\/mueble4you.com\/?s={search_term_string}"},"query-input":{"@type":"PropertyValueSpecification","valueRequired":true,"valueName":"search_term_string"}}],"inLanguage":"fr-FR"}]}},"_links":{"self":[{"href":"https:\/\/mueble4you.com\/fr\/wp-json\/wp\/v2\/product\/49074","targetHints":{"allow":["GET"]}}],"collection":[{"href":"https:\/\/mueble4you.com\/fr\/wp-json\/wp\/v2\/product"}],"about":[{"href":"https:\/\/mueble4you.com\/fr\/wp-json\/wp\/v2\/types\/product"}],"wp:featuredmedia":[{"embeddable":true,"href":"https:\/\/mueble4you.com\/fr\/wp-json\/wp\/v2\/media\/49079"}],"wp:attachment":[{"href":"https:\/\/mueble4you.com\/fr\/wp-json\/wp\/v2\/media?parent=49074"}],"wp:term":[{"taxonomy":"product_brand","embeddable":true,"href":"https:\/\/mueble4you.com\/fr\/wp-json\/wp\/v2\/product_brand?post=49074"},{"taxonomy":"product_cat","embeddable":true,"href":"https:\/\/mueble4you.com\/fr\/wp-json\/wp\/v2\/product_cat?post=49074"},{"taxonomy":"product_tag","embeddable":true,"href":"https:\/\/mueble4you.com\/fr\/wp-json\/wp\/v2\/product_tag?post=49074"}],"curies":[{"name":"wp","href":"https:\/\/api.w.org\/{rel}","templated":true}]}}