{"id":47181,"date":"2021-08-05T11:50:41","date_gmt":"2021-08-05T11:50:42","guid":{"rendered":"https:\/\/mueble4you.com\/?post_type=product&#038;p=47181"},"modified":"2021-08-05T12:05:31","modified_gmt":"2021-08-05T12:05:31","slug":"nouveau-matelas-adm-90x190cm","status":"publish","type":"product","link":"https:\/\/mueble4you.com\/fr\/productos\/nouveau-matelas-adm-90x190cm\/","title":{"rendered":"Nouveau Matelas ADM 90X190cm."},"content":{"rendered":"<p id=\"tw-target-text\" class=\"tw-data-text tw-text-large XcVN5d tw-ta\" dir=\"ltr\" data-placeholder=\"Traducci\u00f3n\"><span class=\"Y2IQFc\" lang=\"fr\">Mat\u00e9riaux: <\/span><\/p>\n<ul>\n<li class=\"tw-data-text tw-text-large XcVN5d tw-ta\" dir=\"ltr\" data-placeholder=\"Traducci\u00f3n\"><span class=\"Y2IQFc\" lang=\"fr\">Tissu tricot\u00e9 Curpo de haute qualit\u00e9.<\/span><\/li>\n<li class=\"tw-data-text tw-text-large XcVN5d tw-ta\" dir=\"ltr\" data-placeholder=\"Traducci\u00f3n\"><span class=\"Y2IQFc\" lang=\"fr\">Mousse Dacron. <\/span><\/li>\n<li class=\"tw-data-text tw-text-large XcVN5d tw-ta\" dir=\"ltr\" data-placeholder=\"Traducci\u00f3n\"><span class=\"Y2IQFc\" lang=\"fr\">Mousse \u00e9paisse viss\u00e9e. <\/span><\/li>\n<li class=\"tw-data-text tw-text-large XcVN5d tw-ta\" dir=\"ltr\" data-placeholder=\"Traducci\u00f3n\"><span class=\"Y2IQFc\" lang=\"fr\">Mousse r\u00e9guli\u00e8re. <\/span><\/li>\n<li class=\"tw-data-text tw-text-large XcVN5d tw-ta\" dir=\"ltr\" data-placeholder=\"Traducci\u00f3n\"><span class=\"Y2IQFc\" lang=\"fr\">Tissu non tiss\u00e9.<\/span><\/li>\n<li class=\"tw-data-text tw-text-large XcVN5d tw-ta\" dir=\"ltr\" data-placeholder=\"Traducci\u00f3n\"><span class=\"Y2IQFc\" lang=\"fr\">Mousse souple haute densit\u00e9. <\/span><\/li>\n<li class=\"tw-data-text tw-text-large XcVN5d tw-ta\" dir=\"ltr\" data-placeholder=\"Traducci\u00f3n\"><span class=\"Y2IQFc\" lang=\"fr\">Mousse dure haute densit\u00e9. <\/span><\/li>\n<li class=\"tw-data-text tw-text-large XcVN5d tw-ta\" dir=\"ltr\" data-placeholder=\"Traducci\u00f3n\"><span class=\"Y2IQFc\" lang=\"fr\">Tissu non tiss\u00e9. <\/span><\/li>\n<li class=\"tw-data-text tw-text-large XcVN5d tw-ta\" dir=\"ltr\" data-placeholder=\"Traducci\u00f3n\"><span class=\"Y2IQFc\" lang=\"fr\">Tampon en coton blanc trait\u00e9 thermiquement.<\/span><\/li>\n<li class=\"tw-data-text tw-text-large XcVN5d tw-ta\" dir=\"ltr\" data-placeholder=\"Traducci\u00f3n\"><span class=\"Y2IQFc\" lang=\"fr\">Ressort ensach\u00e9 5 zones de 20 cm avec doublure en mousse. <\/span><\/li>\n<li class=\"tw-data-text tw-text-large XcVN5d tw-ta\" dir=\"ltr\" data-placeholder=\"Traducci\u00f3n\"><span class=\"Y2IQFc\" lang=\"fr\">Tampon en coton blanc trait\u00e9 thermiquement.<\/span><\/li>\n<li class=\"tw-data-text tw-text-large XcVN5d tw-ta\" dir=\"ltr\" data-placeholder=\"Traducci\u00f3n\"><span class=\"Y2IQFc\" lang=\"fr\">Tissu non tiss\u00e9. <\/span><\/li>\n<li class=\"tw-data-text tw-text-large XcVN5d tw-ta\" dir=\"ltr\" data-placeholder=\"Traducci\u00f3n\"><span class=\"Y2IQFc\" lang=\"fr\">Mousse r\u00e9guli\u00e8re. <\/span><\/li>\n<li class=\"tw-data-text tw-text-large XcVN5d tw-ta\" dir=\"ltr\" data-placeholder=\"Traducci\u00f3n\"><span class=\"Y2IQFc\" lang=\"fr\">Chiffon.<\/span><\/li>\n<\/ul>\n<p><span class=\"Y2IQFc\" lang=\"fr\">Caract\u00e9ristiques:<\/span><\/p>\n<ul>\n<li><span class=\"Y2IQFc\" lang=\"fr\">Matelas tr\u00e8s ferme. <\/span><\/li>\n<li><span class=\"Y2IQFc\" lang=\"fr\">Ressorts ensach\u00e9s, qui ne se font pas sentir, en raison de la haute technologie utilis\u00e9e dans leur fabrication.<\/span><\/li>\n<li><span class=\"Y2IQFc\" lang=\"fr\">Haut de gamme. <\/span><\/li>\n<li><span class=\"Y2IQFc\" lang=\"fr\">Confort et adaptabilit\u00e9. <\/span><\/li>\n<li><span class=\"Y2IQFc\" lang=\"fr\">Respirant. <\/span><\/li>\n<li><span class=\"Y2IQFc\" lang=\"fr\">Anti acariens. <\/span><\/li>\n<li><span class=\"Y2IQFc\" lang=\"fr\">Hauteur : + &#8211; 28.<\/span><\/li>\n<\/ul>\n","protected":false},"excerpt":{"rendered":"<p>Mat\u00e9riaux: Tissu tricot\u00e9 Curpo de haute qualit\u00e9. Mousse Dacron. Mousse \u00e9paisse viss\u00e9e. Mousse r\u00e9guli\u00e8re. Tissu non tiss\u00e9. Mousse souple haute densit\u00e9. Mousse dure haute densit\u00e9. Tissu non tiss\u00e9. Tampon en coton blanc trait\u00e9 thermiquement. Ressort ensach\u00e9 5 zones de 20 cm avec doublure en mousse. Tampon en coton blanc trait\u00e9 thermiquement. Tissu non tiss\u00e9. Mousse [&#8230;]\n","protected":false},"featured_media":47146,"template":"","meta":[],"product_brand":[],"product_cat":[201,431],"product_tag":[],"class_list":{"0":"post-47181","1":"product","2":"type-product","3":"status-publish","4":"has-post-thumbnail","6":"product_cat-dortoirs","7":"product_cat-matelas","9":"first","10":"instock","11":"shipping-taxable","12":"product-type-simple"},"yoast_head":"<!-- This site is optimized with the Yoast SEO plugin v27.2 - https:\/\/yoast.com\/product\/yoast-seo-wordpress\/ -->\n<title>Nouveau Matelas ADM 90X190cm. | mueble4you<\/title>\n<meta name=\"robots\" content=\"index, follow, max-snippet:-1, max-image-preview:large, max-video-preview:-1\" \/>\n<link rel=\"canonical\" href=\"https:\/\/mueble4you.com\/fr\/productos\/nouveau-matelas-adm-90x190cm\/\" \/>\n<meta property=\"og:locale\" content=\"fr_FR\" \/>\n<meta property=\"og:type\" content=\"article\" \/>\n<meta property=\"og:title\" content=\"Nouveau Matelas ADM 90X190cm. | mueble4you\" \/>\n<meta property=\"og:description\" content=\"Mat\u00e9riaux: Tissu tricot\u00e9 Curpo de haute qualit\u00e9. Mousse Dacron. Mousse \u00e9paisse viss\u00e9e. Mousse r\u00e9guli\u00e8re. Tissu non tiss\u00e9. Mousse souple haute densit\u00e9. Mousse dure haute densit\u00e9. Tissu non tiss\u00e9. Tampon en coton blanc trait\u00e9 thermiquement. Ressort ensach\u00e9 5 zones de 20 cm avec doublure en mousse. Tampon en coton blanc trait\u00e9 thermiquement. Tissu non tiss\u00e9. Mousse [...]\" \/>\n<meta property=\"og:url\" content=\"https:\/\/mueble4you.com\/fr\/productos\/nouveau-matelas-adm-90x190cm\/\" \/>\n<meta property=\"og:site_name\" content=\"mueble4you\" \/>\n<meta property=\"article:modified_time\" content=\"2021-08-05T12:05:31+00:00\" \/>\n<meta property=\"og:image\" content=\"https:\/\/mueble4you.com\/wp-content\/uploads\/2021\/08\/COLCHON-NEW-ADM-1.jpg\" \/>\n\t<meta property=\"og:image:width\" content=\"946\" \/>\n\t<meta property=\"og:image:height\" content=\"668\" \/>\n\t<meta property=\"og:image:type\" content=\"image\/jpeg\" \/>\n<meta name=\"twitter:card\" content=\"summary_large_image\" \/>\n<script type=\"application\/ld+json\" class=\"yoast-schema-graph\">{\"@context\":\"https:\/\/schema.org\",\"@graph\":[{\"@type\":\"WebPage\",\"@id\":\"https:\/\/mueble4you.com\/fr\/productos\/nouveau-matelas-adm-90x190cm\/\",\"url\":\"https:\/\/mueble4you.com\/fr\/productos\/nouveau-matelas-adm-90x190cm\/\",\"name\":\"Nouveau Matelas ADM 90X190cm. | mueble4you\",\"isPartOf\":{\"@id\":\"https:\/\/mueble4you.com\/#website\"},\"primaryImageOfPage\":{\"@id\":\"https:\/\/mueble4you.com\/fr\/productos\/nouveau-matelas-adm-90x190cm\/#primaryimage\"},\"image\":{\"@id\":\"https:\/\/mueble4you.com\/fr\/productos\/nouveau-matelas-adm-90x190cm\/#primaryimage\"},\"thumbnailUrl\":\"https:\/\/mueble4you.com\/wp-content\/uploads\/2021\/08\/COLCHON-NEW-ADM-1.jpg\",\"datePublished\":\"2021-08-05T11:50:42+00:00\",\"dateModified\":\"2021-08-05T12:05:31+00:00\",\"breadcrumb\":{\"@id\":\"https:\/\/mueble4you.com\/fr\/productos\/nouveau-matelas-adm-90x190cm\/#breadcrumb\"},\"inLanguage\":\"fr-FR\",\"potentialAction\":[{\"@type\":\"ReadAction\",\"target\":[\"https:\/\/mueble4you.com\/fr\/productos\/nouveau-matelas-adm-90x190cm\/\"]}]},{\"@type\":\"ImageObject\",\"inLanguage\":\"fr-FR\",\"@id\":\"https:\/\/mueble4you.com\/fr\/productos\/nouveau-matelas-adm-90x190cm\/#primaryimage\",\"url\":\"https:\/\/mueble4you.com\/wp-content\/uploads\/2021\/08\/COLCHON-NEW-ADM-1.jpg\",\"contentUrl\":\"https:\/\/mueble4you.com\/wp-content\/uploads\/2021\/08\/COLCHON-NEW-ADM-1.jpg\",\"width\":946,\"height\":668},{\"@type\":\"BreadcrumbList\",\"@id\":\"https:\/\/mueble4you.com\/fr\/productos\/nouveau-matelas-adm-90x190cm\/#breadcrumb\",\"itemListElement\":[{\"@type\":\"ListItem\",\"position\":1,\"name\":\"Portada\",\"item\":\"https:\/\/mueble4you.com\/fr\/\"},{\"@type\":\"ListItem\",\"position\":2,\"name\":\"Productos\",\"item\":\"https:\/\/mueble4you.com\/productos\/\"},{\"@type\":\"ListItem\",\"position\":3,\"name\":\"Nouveau Matelas ADM 90X190cm.\"}]},{\"@type\":\"WebSite\",\"@id\":\"https:\/\/mueble4you.com\/#website\",\"url\":\"https:\/\/mueble4you.com\/\",\"name\":\"mueble4you\",\"description\":\"Meubles \u00e0 Tenerife\",\"potentialAction\":[{\"@type\":\"SearchAction\",\"target\":{\"@type\":\"EntryPoint\",\"urlTemplate\":\"https:\/\/mueble4you.com\/?s={search_term_string}\"},\"query-input\":{\"@type\":\"PropertyValueSpecification\",\"valueRequired\":true,\"valueName\":\"search_term_string\"}}],\"inLanguage\":\"fr-FR\"}]}<\/script>\n<!-- \/ Yoast SEO plugin. -->","yoast_head_json":{"title":"Nouveau Matelas ADM 90X190cm. | mueble4you","robots":{"index":"index","follow":"follow","max-snippet":"max-snippet:-1","max-image-preview":"max-image-preview:large","max-video-preview":"max-video-preview:-1"},"canonical":"https:\/\/mueble4you.com\/fr\/productos\/nouveau-matelas-adm-90x190cm\/","og_locale":"fr_FR","og_type":"article","og_title":"Nouveau Matelas ADM 90X190cm. | mueble4you","og_description":"Mat\u00e9riaux: Tissu tricot\u00e9 Curpo de haute qualit\u00e9. Mousse Dacron. Mousse \u00e9paisse viss\u00e9e. Mousse r\u00e9guli\u00e8re. Tissu non tiss\u00e9. Mousse souple haute densit\u00e9. Mousse dure haute densit\u00e9. Tissu non tiss\u00e9. Tampon en coton blanc trait\u00e9 thermiquement. Ressort ensach\u00e9 5 zones de 20 cm avec doublure en mousse. Tampon en coton blanc trait\u00e9 thermiquement. Tissu non tiss\u00e9. Mousse [...]","og_url":"https:\/\/mueble4you.com\/fr\/productos\/nouveau-matelas-adm-90x190cm\/","og_site_name":"mueble4you","article_modified_time":"2021-08-05T12:05:31+00:00","og_image":[{"width":946,"height":668,"url":"https:\/\/mueble4you.com\/wp-content\/uploads\/2021\/08\/COLCHON-NEW-ADM-1.jpg","type":"image\/jpeg"}],"twitter_card":"summary_large_image","schema":{"@context":"https:\/\/schema.org","@graph":[{"@type":"WebPage","@id":"https:\/\/mueble4you.com\/fr\/productos\/nouveau-matelas-adm-90x190cm\/","url":"https:\/\/mueble4you.com\/fr\/productos\/nouveau-matelas-adm-90x190cm\/","name":"Nouveau Matelas ADM 90X190cm. | mueble4you","isPartOf":{"@id":"https:\/\/mueble4you.com\/#website"},"primaryImageOfPage":{"@id":"https:\/\/mueble4you.com\/fr\/productos\/nouveau-matelas-adm-90x190cm\/#primaryimage"},"image":{"@id":"https:\/\/mueble4you.com\/fr\/productos\/nouveau-matelas-adm-90x190cm\/#primaryimage"},"thumbnailUrl":"https:\/\/mueble4you.com\/wp-content\/uploads\/2021\/08\/COLCHON-NEW-ADM-1.jpg","datePublished":"2021-08-05T11:50:42+00:00","dateModified":"2021-08-05T12:05:31+00:00","breadcrumb":{"@id":"https:\/\/mueble4you.com\/fr\/productos\/nouveau-matelas-adm-90x190cm\/#breadcrumb"},"inLanguage":"fr-FR","potentialAction":[{"@type":"ReadAction","target":["https:\/\/mueble4you.com\/fr\/productos\/nouveau-matelas-adm-90x190cm\/"]}]},{"@type":"ImageObject","inLanguage":"fr-FR","@id":"https:\/\/mueble4you.com\/fr\/productos\/nouveau-matelas-adm-90x190cm\/#primaryimage","url":"https:\/\/mueble4you.com\/wp-content\/uploads\/2021\/08\/COLCHON-NEW-ADM-1.jpg","contentUrl":"https:\/\/mueble4you.com\/wp-content\/uploads\/2021\/08\/COLCHON-NEW-ADM-1.jpg","width":946,"height":668},{"@type":"BreadcrumbList","@id":"https:\/\/mueble4you.com\/fr\/productos\/nouveau-matelas-adm-90x190cm\/#breadcrumb","itemListElement":[{"@type":"ListItem","position":1,"name":"Portada","item":"https:\/\/mueble4you.com\/fr\/"},{"@type":"ListItem","position":2,"name":"Productos","item":"https:\/\/mueble4you.com\/productos\/"},{"@type":"ListItem","position":3,"name":"Nouveau Matelas ADM 90X190cm."}]},{"@type":"WebSite","@id":"https:\/\/mueble4you.com\/#website","url":"https:\/\/mueble4you.com\/","name":"mueble4you","description":"Meubles \u00e0 Tenerife","potentialAction":[{"@type":"SearchAction","target":{"@type":"EntryPoint","urlTemplate":"https:\/\/mueble4you.com\/?s={search_term_string}"},"query-input":{"@type":"PropertyValueSpecification","valueRequired":true,"valueName":"search_term_string"}}],"inLanguage":"fr-FR"}]}},"_links":{"self":[{"href":"https:\/\/mueble4you.com\/fr\/wp-json\/wp\/v2\/product\/47181","targetHints":{"allow":["GET"]}}],"collection":[{"href":"https:\/\/mueble4you.com\/fr\/wp-json\/wp\/v2\/product"}],"about":[{"href":"https:\/\/mueble4you.com\/fr\/wp-json\/wp\/v2\/types\/product"}],"wp:featuredmedia":[{"embeddable":true,"href":"https:\/\/mueble4you.com\/fr\/wp-json\/wp\/v2\/media\/47146"}],"wp:attachment":[{"href":"https:\/\/mueble4you.com\/fr\/wp-json\/wp\/v2\/media?parent=47181"}],"wp:term":[{"taxonomy":"product_brand","embeddable":true,"href":"https:\/\/mueble4you.com\/fr\/wp-json\/wp\/v2\/product_brand?post=47181"},{"taxonomy":"product_cat","embeddable":true,"href":"https:\/\/mueble4you.com\/fr\/wp-json\/wp\/v2\/product_cat?post=47181"},{"taxonomy":"product_tag","embeddable":true,"href":"https:\/\/mueble4you.com\/fr\/wp-json\/wp\/v2\/product_tag?post=47181"}],"curies":[{"name":"wp","href":"https:\/\/api.w.org\/{rel}","templated":true}]}}