{"id":47165,"date":"2021-08-04T17:33:38","date_gmt":"2021-08-04T17:33:38","guid":{"rendered":"https:\/\/mueble4you.com\/productos\/colchon-new-adm-180x200cm\/"},"modified":"2025-10-23T14:01:57","modified_gmt":"2025-10-23T14:01:57","slug":"colchon-new-adm-180x200cm","status":"publish","type":"product","link":"https:\/\/mueble4you.com\/fr\/productos\/colchon-new-adm-180x200cm\/","title":{"rendered":"Matelas ADM neuf 180 x 200 cm"},"content":{"rendered":"<div>Mat\u00e9riaux :<\/div>\n<div><\/div>\n<div>Tissu tricot\u00e9 Curpo haute qualit\u00e9.<\/div>\n<div>Mousse Dacron.<\/div>\n<div>Mousse alv\u00e9ol\u00e9e \u00e9paisse.<\/div>\n<div>Mousse standard. Tissu non tiss\u00e9.<\/div>\n<div>Mousse souple haute densit\u00e9.<\/div>\n<div>Mousse dure haute densit\u00e9.<\/div>\n<div>Tissu non tiss\u00e9.<\/div>\n<div>Rembourrage en coton blanc trait\u00e9 thermiquement.<\/div>\n<div>Ressorts ensach\u00e9s 5 zones de 20 cm avec housse en mousse.<\/div>\n<div>Rembourrage en coton blanc trait\u00e9 thermiquement.<\/div>\n<div>Tissu non tiss\u00e9.<\/div>\n<div>Mousse standard.<\/div>\n<div>Tissu.<\/div>\n<div><\/div>\n<div>Caract\u00e9ristiques :<\/div>\n<div><\/div>\n<div>Matelas extr\u00eamement ferme.<\/div>\n<div>Ressorts ensach\u00e9s, invisibles gr\u00e2ce \u00e0 la technologie de pointe utilis\u00e9e pour leur fabrication.<\/div>\n<div>Haut de gamme.<\/div>\n<div>Confort et adaptabilit\u00e9.<\/div>\n<div>Respirant.<\/div>\n<div>Anti-acariens.<\/div>\n<div>Hauteur : +\/- 28 cm.<\/div>\n","protected":false},"excerpt":{"rendered":"<p>Mat\u00e9riaux : Tissu tricot\u00e9 Curpo haute qualit\u00e9. Mousse Dacron. Mousse alv\u00e9ol\u00e9e \u00e9paisse. Mousse standard. Tissu non tiss\u00e9. Mousse souple haute densit\u00e9. Mousse dure haute densit\u00e9. Tissu non tiss\u00e9. Rembourrage en coton blanc trait\u00e9 thermiquement. Ressorts ensach\u00e9s 5 zones de 20 cm avec housse en mousse. Rembourrage en coton blanc trait\u00e9 thermiquement. Tissu non tiss\u00e9. Mousse [&#8230;]\n","protected":false},"featured_media":47146,"template":"","meta":[],"product_brand":[],"product_cat":[201,431],"product_tag":[],"class_list":{"0":"post-47165","1":"product","2":"type-product","3":"status-publish","4":"has-post-thumbnail","6":"product_cat-dortoirs","7":"product_cat-matelas","9":"first","10":"instock","11":"shipping-taxable","12":"product-type-simple"},"yoast_head":"<!-- This site is optimized with the Yoast SEO plugin v27.3 - https:\/\/yoast.com\/product\/yoast-seo-wordpress\/ -->\n<title>Matelas ADM neuf 180 x 200 cm | mueble4you<\/title>\n<meta name=\"robots\" content=\"index, follow, max-snippet:-1, max-image-preview:large, max-video-preview:-1\" \/>\n<link rel=\"canonical\" href=\"https:\/\/mueble4you.com\/fr\/productos\/colchon-new-adm-180x200cm\/\" \/>\n<meta property=\"og:locale\" content=\"fr_FR\" \/>\n<meta property=\"og:type\" content=\"article\" \/>\n<meta property=\"og:title\" content=\"Matelas ADM neuf 180 x 200 cm | mueble4you\" \/>\n<meta property=\"og:description\" content=\"Mat\u00e9riaux : Tissu tricot\u00e9 Curpo haute qualit\u00e9. Mousse Dacron. Mousse alv\u00e9ol\u00e9e \u00e9paisse. Mousse standard. Tissu non tiss\u00e9. Mousse souple haute densit\u00e9. Mousse dure haute densit\u00e9. Tissu non tiss\u00e9. Rembourrage en coton blanc trait\u00e9 thermiquement. Ressorts ensach\u00e9s 5 zones de 20 cm avec housse en mousse. Rembourrage en coton blanc trait\u00e9 thermiquement. Tissu non tiss\u00e9. Mousse [...]\" \/>\n<meta property=\"og:url\" content=\"https:\/\/mueble4you.com\/fr\/productos\/colchon-new-adm-180x200cm\/\" \/>\n<meta property=\"og:site_name\" content=\"mueble4you\" \/>\n<meta property=\"article:modified_time\" content=\"2025-10-23T14:01:57+00:00\" \/>\n<meta property=\"og:image\" content=\"https:\/\/mueble4you.com\/wp-content\/uploads\/2021\/08\/COLCHON-NEW-ADM-1.jpg\" \/>\n\t<meta property=\"og:image:width\" content=\"946\" \/>\n\t<meta property=\"og:image:height\" content=\"668\" \/>\n\t<meta property=\"og:image:type\" content=\"image\/jpeg\" \/>\n<meta name=\"twitter:card\" content=\"summary_large_image\" \/>\n<script type=\"application\/ld+json\" class=\"yoast-schema-graph\">{\"@context\":\"https:\\\/\\\/schema.org\",\"@graph\":[{\"@type\":\"WebPage\",\"@id\":\"https:\\\/\\\/mueble4you.com\\\/fr\\\/productos\\\/colchon-new-adm-180x200cm\\\/\",\"url\":\"https:\\\/\\\/mueble4you.com\\\/fr\\\/productos\\\/colchon-new-adm-180x200cm\\\/\",\"name\":\"Matelas ADM neuf 180 x 200 cm | mueble4you\",\"isPartOf\":{\"@id\":\"https:\\\/\\\/mueble4you.com\\\/#website\"},\"primaryImageOfPage\":{\"@id\":\"https:\\\/\\\/mueble4you.com\\\/fr\\\/productos\\\/colchon-new-adm-180x200cm\\\/#primaryimage\"},\"image\":{\"@id\":\"https:\\\/\\\/mueble4you.com\\\/fr\\\/productos\\\/colchon-new-adm-180x200cm\\\/#primaryimage\"},\"thumbnailUrl\":\"https:\\\/\\\/mueble4you.com\\\/wp-content\\\/uploads\\\/2021\\\/08\\\/COLCHON-NEW-ADM-1.jpg\",\"datePublished\":\"2021-08-04T17:33:38+00:00\",\"dateModified\":\"2025-10-23T14:01:57+00:00\",\"breadcrumb\":{\"@id\":\"https:\\\/\\\/mueble4you.com\\\/fr\\\/productos\\\/colchon-new-adm-180x200cm\\\/#breadcrumb\"},\"inLanguage\":\"fr-FR\",\"potentialAction\":[{\"@type\":\"ReadAction\",\"target\":[\"https:\\\/\\\/mueble4you.com\\\/fr\\\/productos\\\/colchon-new-adm-180x200cm\\\/\"]}]},{\"@type\":\"ImageObject\",\"inLanguage\":\"fr-FR\",\"@id\":\"https:\\\/\\\/mueble4you.com\\\/fr\\\/productos\\\/colchon-new-adm-180x200cm\\\/#primaryimage\",\"url\":\"https:\\\/\\\/mueble4you.com\\\/wp-content\\\/uploads\\\/2021\\\/08\\\/COLCHON-NEW-ADM-1.jpg\",\"contentUrl\":\"https:\\\/\\\/mueble4you.com\\\/wp-content\\\/uploads\\\/2021\\\/08\\\/COLCHON-NEW-ADM-1.jpg\",\"width\":946,\"height\":668},{\"@type\":\"BreadcrumbList\",\"@id\":\"https:\\\/\\\/mueble4you.com\\\/fr\\\/productos\\\/colchon-new-adm-180x200cm\\\/#breadcrumb\",\"itemListElement\":[{\"@type\":\"ListItem\",\"position\":1,\"name\":\"Portada\",\"item\":\"https:\\\/\\\/mueble4you.com\\\/fr\\\/\"},{\"@type\":\"ListItem\",\"position\":2,\"name\":\"Productos\",\"item\":\"https:\\\/\\\/mueble4you.com\\\/productos\\\/\"},{\"@type\":\"ListItem\",\"position\":3,\"name\":\"Matelas ADM neuf 180 x 200 cm\"}]},{\"@type\":\"WebSite\",\"@id\":\"https:\\\/\\\/mueble4you.com\\\/#website\",\"url\":\"https:\\\/\\\/mueble4you.com\\\/\",\"name\":\"mueble4you\",\"description\":\"Meubles \u00e0 Tenerife\",\"potentialAction\":[{\"@type\":\"SearchAction\",\"target\":{\"@type\":\"EntryPoint\",\"urlTemplate\":\"https:\\\/\\\/mueble4you.com\\\/?s={search_term_string}\"},\"query-input\":{\"@type\":\"PropertyValueSpecification\",\"valueRequired\":true,\"valueName\":\"search_term_string\"}}],\"inLanguage\":\"fr-FR\"}]}<\/script>\n<!-- \/ Yoast SEO plugin. -->","yoast_head_json":{"title":"Matelas ADM neuf 180 x 200 cm | mueble4you","robots":{"index":"index","follow":"follow","max-snippet":"max-snippet:-1","max-image-preview":"max-image-preview:large","max-video-preview":"max-video-preview:-1"},"canonical":"https:\/\/mueble4you.com\/fr\/productos\/colchon-new-adm-180x200cm\/","og_locale":"fr_FR","og_type":"article","og_title":"Matelas ADM neuf 180 x 200 cm | mueble4you","og_description":"Mat\u00e9riaux : Tissu tricot\u00e9 Curpo haute qualit\u00e9. Mousse Dacron. Mousse alv\u00e9ol\u00e9e \u00e9paisse. Mousse standard. Tissu non tiss\u00e9. Mousse souple haute densit\u00e9. Mousse dure haute densit\u00e9. Tissu non tiss\u00e9. Rembourrage en coton blanc trait\u00e9 thermiquement. Ressorts ensach\u00e9s 5 zones de 20 cm avec housse en mousse. Rembourrage en coton blanc trait\u00e9 thermiquement. Tissu non tiss\u00e9. Mousse [...]","og_url":"https:\/\/mueble4you.com\/fr\/productos\/colchon-new-adm-180x200cm\/","og_site_name":"mueble4you","article_modified_time":"2025-10-23T14:01:57+00:00","og_image":[{"width":946,"height":668,"url":"https:\/\/mueble4you.com\/wp-content\/uploads\/2021\/08\/COLCHON-NEW-ADM-1.jpg","type":"image\/jpeg"}],"twitter_card":"summary_large_image","schema":{"@context":"https:\/\/schema.org","@graph":[{"@type":"WebPage","@id":"https:\/\/mueble4you.com\/fr\/productos\/colchon-new-adm-180x200cm\/","url":"https:\/\/mueble4you.com\/fr\/productos\/colchon-new-adm-180x200cm\/","name":"Matelas ADM neuf 180 x 200 cm | mueble4you","isPartOf":{"@id":"https:\/\/mueble4you.com\/#website"},"primaryImageOfPage":{"@id":"https:\/\/mueble4you.com\/fr\/productos\/colchon-new-adm-180x200cm\/#primaryimage"},"image":{"@id":"https:\/\/mueble4you.com\/fr\/productos\/colchon-new-adm-180x200cm\/#primaryimage"},"thumbnailUrl":"https:\/\/mueble4you.com\/wp-content\/uploads\/2021\/08\/COLCHON-NEW-ADM-1.jpg","datePublished":"2021-08-04T17:33:38+00:00","dateModified":"2025-10-23T14:01:57+00:00","breadcrumb":{"@id":"https:\/\/mueble4you.com\/fr\/productos\/colchon-new-adm-180x200cm\/#breadcrumb"},"inLanguage":"fr-FR","potentialAction":[{"@type":"ReadAction","target":["https:\/\/mueble4you.com\/fr\/productos\/colchon-new-adm-180x200cm\/"]}]},{"@type":"ImageObject","inLanguage":"fr-FR","@id":"https:\/\/mueble4you.com\/fr\/productos\/colchon-new-adm-180x200cm\/#primaryimage","url":"https:\/\/mueble4you.com\/wp-content\/uploads\/2021\/08\/COLCHON-NEW-ADM-1.jpg","contentUrl":"https:\/\/mueble4you.com\/wp-content\/uploads\/2021\/08\/COLCHON-NEW-ADM-1.jpg","width":946,"height":668},{"@type":"BreadcrumbList","@id":"https:\/\/mueble4you.com\/fr\/productos\/colchon-new-adm-180x200cm\/#breadcrumb","itemListElement":[{"@type":"ListItem","position":1,"name":"Portada","item":"https:\/\/mueble4you.com\/fr\/"},{"@type":"ListItem","position":2,"name":"Productos","item":"https:\/\/mueble4you.com\/productos\/"},{"@type":"ListItem","position":3,"name":"Matelas ADM neuf 180 x 200 cm"}]},{"@type":"WebSite","@id":"https:\/\/mueble4you.com\/#website","url":"https:\/\/mueble4you.com\/","name":"mueble4you","description":"Meubles \u00e0 Tenerife","potentialAction":[{"@type":"SearchAction","target":{"@type":"EntryPoint","urlTemplate":"https:\/\/mueble4you.com\/?s={search_term_string}"},"query-input":{"@type":"PropertyValueSpecification","valueRequired":true,"valueName":"search_term_string"}}],"inLanguage":"fr-FR"}]}},"_links":{"self":[{"href":"https:\/\/mueble4you.com\/fr\/wp-json\/wp\/v2\/product\/47165","targetHints":{"allow":["GET"]}}],"collection":[{"href":"https:\/\/mueble4you.com\/fr\/wp-json\/wp\/v2\/product"}],"about":[{"href":"https:\/\/mueble4you.com\/fr\/wp-json\/wp\/v2\/types\/product"}],"wp:featuredmedia":[{"embeddable":true,"href":"https:\/\/mueble4you.com\/fr\/wp-json\/wp\/v2\/media\/47146"}],"wp:attachment":[{"href":"https:\/\/mueble4you.com\/fr\/wp-json\/wp\/v2\/media?parent=47165"}],"wp:term":[{"taxonomy":"product_brand","embeddable":true,"href":"https:\/\/mueble4you.com\/fr\/wp-json\/wp\/v2\/product_brand?post=47165"},{"taxonomy":"product_cat","embeddable":true,"href":"https:\/\/mueble4you.com\/fr\/wp-json\/wp\/v2\/product_cat?post=47165"},{"taxonomy":"product_tag","embeddable":true,"href":"https:\/\/mueble4you.com\/fr\/wp-json\/wp\/v2\/product_tag?post=47165"}],"curies":[{"name":"wp","href":"https:\/\/api.w.org\/{rel}","templated":true}]}}