{"id":46035,"date":"2021-05-19T12:57:41","date_gmt":"2021-05-19T12:57:41","guid":{"rendered":"https:\/\/mueble4you.com\/productos\/silla-eclipse-terciopelo-azul\/"},"modified":"2021-05-20T15:02:22","modified_gmt":"2021-05-20T15:02:22","slug":"chaise-eclipse-en-velours-bleu","status":"publish","type":"product","link":"https:\/\/mueble4you.com\/fr\/productos\/chaise-eclipse-en-velours-bleu\/","title":{"rendered":"Chaise Eclipse en velours bleu."},"content":{"rendered":"<ul>\n<li id=\"tw-target-text\" class=\"tw-data-text tw-text-large XcVN5d tw-ta\" dir=\"ltr\" data-placeholder=\"Traduction\"><span class=\"Y2IQFc\" lang=\"fr\">Chaise rembourr\u00e9e en velours. <\/span><\/li>\n<li class=\"tw-data-text tw-text-large XcVN5d tw-ta\" dir=\"ltr\" data-placeholder=\"Traduction\"><span class=\"Y2IQFc\" lang=\"fr\">Compos\u00e9 de pieds en acier courb\u00e9 de type patin. <\/span><\/li>\n<li class=\"tw-data-text tw-text-large XcVN5d tw-ta\" dir=\"ltr\" data-placeholder=\"Traduction\"><span class=\"Y2IQFc\" lang=\"fr\">L&rsquo;assise et le dossier sont recouverts de velours.<\/span><\/li>\n<li class=\"tw-data-text tw-text-large XcVN5d tw-ta\" dir=\"ltr\" data-placeholder=\"Traduction\"><span class=\"Y2IQFc\" lang=\"fr\">Largeur: 49cm<\/span><\/li>\n<li class=\"tw-data-text tw-text-large XcVN5d tw-ta\" dir=\"ltr\" data-placeholder=\"Traduction\"><span class=\"Y2IQFc\" lang=\"fr\">Profondeur: 49 cm <\/span><\/li>\n<li class=\"tw-data-text tw-text-large XcVN5d tw-ta\" dir=\"ltr\" data-placeholder=\"Traduction\"><span class=\"Y2IQFc\" lang=\"fr\">Hauteur: 85cm<\/span><\/li>\n<li class=\"tw-data-text tw-text-large XcVN5d tw-ta\" dir=\"ltr\" data-placeholder=\"Traduction\"><span class=\"Y2IQFc\" lang=\"fr\">Hauteur d&rsquo;assise: 50cm Poids: 7,1 kg<\/span><\/li>\n<\/ul>\n","protected":false},"excerpt":{"rendered":"<p>Chaise rembourr\u00e9e en velours. Compos\u00e9 de pieds en acier courb\u00e9 de type patin. L&rsquo;assise et le dossier sont recouverts de velours. Largeur: 49cm Profondeur: 49 cm Hauteur: 85cm Hauteur d&rsquo;assise: 50cm Poids: 7,1 kg<\/p>\n","protected":false},"featured_media":74490,"template":"","meta":[],"product_brand":[],"product_cat":[352,199],"product_tag":[],"class_list":{"0":"post-46035","1":"product","2":"type-product","3":"status-publish","4":"has-post-thumbnail","6":"product_cat-chaises-de-salle-aa-manger","7":"product_cat-eaters","9":"first","10":"instock","11":"shipping-taxable","12":"product-type-simple"},"yoast_head":"<!-- This site is optimized with the Yoast SEO plugin v27.2 - https:\/\/yoast.com\/product\/yoast-seo-wordpress\/ -->\n<title>Chaise Eclipse en velours bleu. | mueble4you<\/title>\n<meta name=\"robots\" content=\"index, follow, max-snippet:-1, max-image-preview:large, max-video-preview:-1\" \/>\n<link rel=\"canonical\" href=\"https:\/\/mueble4you.com\/fr\/productos\/chaise-eclipse-en-velours-bleu\/\" \/>\n<meta property=\"og:locale\" content=\"fr_FR\" \/>\n<meta property=\"og:type\" content=\"article\" \/>\n<meta property=\"og:title\" content=\"Chaise Eclipse en velours bleu. | mueble4you\" \/>\n<meta property=\"og:description\" content=\"Chaise rembourr\u00e9e en velours. Compos\u00e9 de pieds en acier courb\u00e9 de type patin. L&rsquo;assise et le dossier sont recouverts de velours. Largeur: 49cm Profondeur: 49 cm Hauteur: 85cm Hauteur d&rsquo;assise: 50cm Poids: 7,1 kg\" \/>\n<meta property=\"og:url\" content=\"https:\/\/mueble4you.com\/fr\/productos\/chaise-eclipse-en-velours-bleu\/\" \/>\n<meta property=\"og:site_name\" content=\"mueble4you\" \/>\n<meta property=\"article:modified_time\" content=\"2021-05-20T15:02:22+00:00\" \/>\n<meta property=\"og:image\" content=\"https:\/\/mueble4you.com\/wp-content\/uploads\/2021\/05\/silla-eclipse-terciopelo-verde-1-300x300-1.jpg\" \/>\n\t<meta property=\"og:image:width\" content=\"300\" \/>\n\t<meta property=\"og:image:height\" content=\"300\" \/>\n\t<meta property=\"og:image:type\" content=\"image\/jpeg\" \/>\n<meta name=\"twitter:card\" content=\"summary_large_image\" \/>\n<script type=\"application\/ld+json\" class=\"yoast-schema-graph\">{\"@context\":\"https:\/\/schema.org\",\"@graph\":[{\"@type\":\"WebPage\",\"@id\":\"https:\/\/mueble4you.com\/fr\/productos\/chaise-eclipse-en-velours-bleu\/\",\"url\":\"https:\/\/mueble4you.com\/fr\/productos\/chaise-eclipse-en-velours-bleu\/\",\"name\":\"Chaise Eclipse en velours bleu. | mueble4you\",\"isPartOf\":{\"@id\":\"https:\/\/mueble4you.com\/#website\"},\"primaryImageOfPage\":{\"@id\":\"https:\/\/mueble4you.com\/fr\/productos\/chaise-eclipse-en-velours-bleu\/#primaryimage\"},\"image\":{\"@id\":\"https:\/\/mueble4you.com\/fr\/productos\/chaise-eclipse-en-velours-bleu\/#primaryimage\"},\"thumbnailUrl\":\"https:\/\/mueble4you.com\/wp-content\/uploads\/2021\/05\/silla-eclipse-terciopelo-verde-1-300x300-1.jpg\",\"datePublished\":\"2021-05-19T12:57:41+00:00\",\"dateModified\":\"2021-05-20T15:02:22+00:00\",\"breadcrumb\":{\"@id\":\"https:\/\/mueble4you.com\/fr\/productos\/chaise-eclipse-en-velours-bleu\/#breadcrumb\"},\"inLanguage\":\"fr-FR\",\"potentialAction\":[{\"@type\":\"ReadAction\",\"target\":[\"https:\/\/mueble4you.com\/fr\/productos\/chaise-eclipse-en-velours-bleu\/\"]}]},{\"@type\":\"ImageObject\",\"inLanguage\":\"fr-FR\",\"@id\":\"https:\/\/mueble4you.com\/fr\/productos\/chaise-eclipse-en-velours-bleu\/#primaryimage\",\"url\":\"https:\/\/mueble4you.com\/wp-content\/uploads\/2021\/05\/silla-eclipse-terciopelo-verde-1-300x300-1.jpg\",\"contentUrl\":\"https:\/\/mueble4you.com\/wp-content\/uploads\/2021\/05\/silla-eclipse-terciopelo-verde-1-300x300-1.jpg\",\"width\":300,\"height\":300},{\"@type\":\"BreadcrumbList\",\"@id\":\"https:\/\/mueble4you.com\/fr\/productos\/chaise-eclipse-en-velours-bleu\/#breadcrumb\",\"itemListElement\":[{\"@type\":\"ListItem\",\"position\":1,\"name\":\"Portada\",\"item\":\"https:\/\/mueble4you.com\/fr\/\"},{\"@type\":\"ListItem\",\"position\":2,\"name\":\"Productos\",\"item\":\"https:\/\/mueble4you.com\/productos\/\"},{\"@type\":\"ListItem\",\"position\":3,\"name\":\"Chaise Eclipse en velours bleu.\"}]},{\"@type\":\"WebSite\",\"@id\":\"https:\/\/mueble4you.com\/#website\",\"url\":\"https:\/\/mueble4you.com\/\",\"name\":\"mueble4you\",\"description\":\"Meubles \u00e0 Tenerife\",\"potentialAction\":[{\"@type\":\"SearchAction\",\"target\":{\"@type\":\"EntryPoint\",\"urlTemplate\":\"https:\/\/mueble4you.com\/?s={search_term_string}\"},\"query-input\":{\"@type\":\"PropertyValueSpecification\",\"valueRequired\":true,\"valueName\":\"search_term_string\"}}],\"inLanguage\":\"fr-FR\"}]}<\/script>\n<!-- \/ Yoast SEO plugin. -->","yoast_head_json":{"title":"Chaise Eclipse en velours bleu. | mueble4you","robots":{"index":"index","follow":"follow","max-snippet":"max-snippet:-1","max-image-preview":"max-image-preview:large","max-video-preview":"max-video-preview:-1"},"canonical":"https:\/\/mueble4you.com\/fr\/productos\/chaise-eclipse-en-velours-bleu\/","og_locale":"fr_FR","og_type":"article","og_title":"Chaise Eclipse en velours bleu. | mueble4you","og_description":"Chaise rembourr\u00e9e en velours. Compos\u00e9 de pieds en acier courb\u00e9 de type patin. L&rsquo;assise et le dossier sont recouverts de velours. Largeur: 49cm Profondeur: 49 cm Hauteur: 85cm Hauteur d&rsquo;assise: 50cm Poids: 7,1 kg","og_url":"https:\/\/mueble4you.com\/fr\/productos\/chaise-eclipse-en-velours-bleu\/","og_site_name":"mueble4you","article_modified_time":"2021-05-20T15:02:22+00:00","og_image":[{"width":300,"height":300,"url":"https:\/\/mueble4you.com\/wp-content\/uploads\/2021\/05\/silla-eclipse-terciopelo-verde-1-300x300-1.jpg","type":"image\/jpeg"}],"twitter_card":"summary_large_image","schema":{"@context":"https:\/\/schema.org","@graph":[{"@type":"WebPage","@id":"https:\/\/mueble4you.com\/fr\/productos\/chaise-eclipse-en-velours-bleu\/","url":"https:\/\/mueble4you.com\/fr\/productos\/chaise-eclipse-en-velours-bleu\/","name":"Chaise Eclipse en velours bleu. | mueble4you","isPartOf":{"@id":"https:\/\/mueble4you.com\/#website"},"primaryImageOfPage":{"@id":"https:\/\/mueble4you.com\/fr\/productos\/chaise-eclipse-en-velours-bleu\/#primaryimage"},"image":{"@id":"https:\/\/mueble4you.com\/fr\/productos\/chaise-eclipse-en-velours-bleu\/#primaryimage"},"thumbnailUrl":"https:\/\/mueble4you.com\/wp-content\/uploads\/2021\/05\/silla-eclipse-terciopelo-verde-1-300x300-1.jpg","datePublished":"2021-05-19T12:57:41+00:00","dateModified":"2021-05-20T15:02:22+00:00","breadcrumb":{"@id":"https:\/\/mueble4you.com\/fr\/productos\/chaise-eclipse-en-velours-bleu\/#breadcrumb"},"inLanguage":"fr-FR","potentialAction":[{"@type":"ReadAction","target":["https:\/\/mueble4you.com\/fr\/productos\/chaise-eclipse-en-velours-bleu\/"]}]},{"@type":"ImageObject","inLanguage":"fr-FR","@id":"https:\/\/mueble4you.com\/fr\/productos\/chaise-eclipse-en-velours-bleu\/#primaryimage","url":"https:\/\/mueble4you.com\/wp-content\/uploads\/2021\/05\/silla-eclipse-terciopelo-verde-1-300x300-1.jpg","contentUrl":"https:\/\/mueble4you.com\/wp-content\/uploads\/2021\/05\/silla-eclipse-terciopelo-verde-1-300x300-1.jpg","width":300,"height":300},{"@type":"BreadcrumbList","@id":"https:\/\/mueble4you.com\/fr\/productos\/chaise-eclipse-en-velours-bleu\/#breadcrumb","itemListElement":[{"@type":"ListItem","position":1,"name":"Portada","item":"https:\/\/mueble4you.com\/fr\/"},{"@type":"ListItem","position":2,"name":"Productos","item":"https:\/\/mueble4you.com\/productos\/"},{"@type":"ListItem","position":3,"name":"Chaise Eclipse en velours bleu."}]},{"@type":"WebSite","@id":"https:\/\/mueble4you.com\/#website","url":"https:\/\/mueble4you.com\/","name":"mueble4you","description":"Meubles \u00e0 Tenerife","potentialAction":[{"@type":"SearchAction","target":{"@type":"EntryPoint","urlTemplate":"https:\/\/mueble4you.com\/?s={search_term_string}"},"query-input":{"@type":"PropertyValueSpecification","valueRequired":true,"valueName":"search_term_string"}}],"inLanguage":"fr-FR"}]}},"_links":{"self":[{"href":"https:\/\/mueble4you.com\/fr\/wp-json\/wp\/v2\/product\/46035","targetHints":{"allow":["GET"]}}],"collection":[{"href":"https:\/\/mueble4you.com\/fr\/wp-json\/wp\/v2\/product"}],"about":[{"href":"https:\/\/mueble4you.com\/fr\/wp-json\/wp\/v2\/types\/product"}],"wp:featuredmedia":[{"embeddable":true,"href":"https:\/\/mueble4you.com\/fr\/wp-json\/wp\/v2\/media\/74490"}],"wp:attachment":[{"href":"https:\/\/mueble4you.com\/fr\/wp-json\/wp\/v2\/media?parent=46035"}],"wp:term":[{"taxonomy":"product_brand","embeddable":true,"href":"https:\/\/mueble4you.com\/fr\/wp-json\/wp\/v2\/product_brand?post=46035"},{"taxonomy":"product_cat","embeddable":true,"href":"https:\/\/mueble4you.com\/fr\/wp-json\/wp\/v2\/product_cat?post=46035"},{"taxonomy":"product_tag","embeddable":true,"href":"https:\/\/mueble4you.com\/fr\/wp-json\/wp\/v2\/product_tag?post=46035"}],"curies":[{"name":"wp","href":"https:\/\/api.w.org\/{rel}","templated":true}]}}