{"id":45940,"date":"2021-05-18T16:44:57","date_gmt":"2021-05-18T16:44:57","guid":{"rendered":"https:\/\/mueble4you.com\/productos\/silla-megan-aguamarina\/"},"modified":"2021-05-20T13:51:42","modified_gmt":"2021-05-20T13:51:42","slug":"chaise-megan-aquamarine","status":"publish","type":"product","link":"https:\/\/mueble4you.com\/fr\/productos\/chaise-megan-aquamarine\/","title":{"rendered":"Chaise Megan Aquamarine."},"content":{"rendered":"<ul>\n<li id=\"tw-target-text\" class=\"tw-data-text tw-text-large XcVN5d tw-ta\" dir=\"ltr\" data-placeholder=\"Traduction\"><span class=\"Y2IQFc\" lang=\"fr\">Chaise en polypropyl\u00e8ne aigue-marine. <\/span><\/li>\n<li class=\"tw-data-text tw-text-large XcVN5d tw-ta\" dir=\"ltr\" data-placeholder=\"Traduction\"><span class=\"Y2IQFc\" lang=\"fr\">Pieds rectangulaires en bois de h\u00eatre.<\/span><\/li>\n<li class=\"tw-data-text tw-text-large XcVN5d tw-ta\" dir=\"ltr\" data-placeholder=\"Traduction\"><span class=\"Y2IQFc\" lang=\"fr\">Coussin fixe rembourr\u00e9 en similicuir.<\/span><\/li>\n<li class=\"tw-data-text tw-text-large XcVN5d tw-ta\" dir=\"ltr\" data-placeholder=\"Traduction\"><span class=\"Y2IQFc\" lang=\"fr\">Mesures: Largeur: 49 cm. Hauteur: 83 cm. Profondeur: 50 cm. Hauteur d&rsquo;assise: 46 cm.<\/span><\/li>\n<\/ul>\n","protected":false},"excerpt":{"rendered":"<p>Chaise en polypropyl\u00e8ne aigue-marine. Pieds rectangulaires en bois de h\u00eatre. Coussin fixe rembourr\u00e9 en similicuir. Mesures: Largeur: 49 cm. Hauteur: 83 cm. Profondeur: 50 cm. Hauteur d&rsquo;assise: 46 cm.<\/p>\n","protected":false},"featured_media":74495,"template":"","meta":[],"product_brand":[],"product_cat":[352,199],"product_tag":[],"class_list":{"0":"post-45940","1":"product","2":"type-product","3":"status-publish","4":"has-post-thumbnail","6":"product_cat-chaises-de-salle-aa-manger","7":"product_cat-eaters","9":"first","10":"instock","11":"shipping-taxable","12":"product-type-simple"},"yoast_head":"<!-- This site is optimized with the Yoast SEO plugin v27.2 - https:\/\/yoast.com\/product\/yoast-seo-wordpress\/ -->\n<title>Chaise Megan Aquamarine. | mueble4you<\/title>\n<meta name=\"robots\" content=\"index, follow, max-snippet:-1, max-image-preview:large, max-video-preview:-1\" \/>\n<link rel=\"canonical\" href=\"https:\/\/mueble4you.com\/fr\/productos\/chaise-megan-aquamarine\/\" \/>\n<meta property=\"og:locale\" content=\"fr_FR\" \/>\n<meta property=\"og:type\" content=\"article\" \/>\n<meta property=\"og:title\" content=\"Chaise Megan Aquamarine. | mueble4you\" \/>\n<meta property=\"og:description\" content=\"Chaise en polypropyl\u00e8ne aigue-marine. Pieds rectangulaires en bois de h\u00eatre. Coussin fixe rembourr\u00e9 en similicuir. Mesures: Largeur: 49 cm. Hauteur: 83 cm. Profondeur: 50 cm. Hauteur d&rsquo;assise: 46 cm.\" \/>\n<meta property=\"og:url\" content=\"https:\/\/mueble4you.com\/fr\/productos\/chaise-megan-aquamarine\/\" \/>\n<meta property=\"og:site_name\" content=\"mueble4you\" \/>\n<meta property=\"article:modified_time\" content=\"2021-05-20T13:51:42+00:00\" \/>\n<meta property=\"og:image\" content=\"https:\/\/mueble4you.com\/wp-content\/uploads\/2021\/05\/silla-megan-agua-300x300-1.jpg\" \/>\n\t<meta property=\"og:image:width\" content=\"300\" \/>\n\t<meta property=\"og:image:height\" content=\"300\" \/>\n\t<meta property=\"og:image:type\" content=\"image\/jpeg\" \/>\n<meta name=\"twitter:card\" content=\"summary_large_image\" \/>\n<script type=\"application\/ld+json\" class=\"yoast-schema-graph\">{\"@context\":\"https:\/\/schema.org\",\"@graph\":[{\"@type\":\"WebPage\",\"@id\":\"https:\/\/mueble4you.com\/fr\/productos\/chaise-megan-aquamarine\/\",\"url\":\"https:\/\/mueble4you.com\/fr\/productos\/chaise-megan-aquamarine\/\",\"name\":\"Chaise Megan Aquamarine. | mueble4you\",\"isPartOf\":{\"@id\":\"https:\/\/mueble4you.com\/#website\"},\"primaryImageOfPage\":{\"@id\":\"https:\/\/mueble4you.com\/fr\/productos\/chaise-megan-aquamarine\/#primaryimage\"},\"image\":{\"@id\":\"https:\/\/mueble4you.com\/fr\/productos\/chaise-megan-aquamarine\/#primaryimage\"},\"thumbnailUrl\":\"https:\/\/mueble4you.com\/wp-content\/uploads\/2021\/05\/silla-megan-agua-300x300-1.jpg\",\"datePublished\":\"2021-05-18T16:44:57+00:00\",\"dateModified\":\"2021-05-20T13:51:42+00:00\",\"breadcrumb\":{\"@id\":\"https:\/\/mueble4you.com\/fr\/productos\/chaise-megan-aquamarine\/#breadcrumb\"},\"inLanguage\":\"fr-FR\",\"potentialAction\":[{\"@type\":\"ReadAction\",\"target\":[\"https:\/\/mueble4you.com\/fr\/productos\/chaise-megan-aquamarine\/\"]}]},{\"@type\":\"ImageObject\",\"inLanguage\":\"fr-FR\",\"@id\":\"https:\/\/mueble4you.com\/fr\/productos\/chaise-megan-aquamarine\/#primaryimage\",\"url\":\"https:\/\/mueble4you.com\/wp-content\/uploads\/2021\/05\/silla-megan-agua-300x300-1.jpg\",\"contentUrl\":\"https:\/\/mueble4you.com\/wp-content\/uploads\/2021\/05\/silla-megan-agua-300x300-1.jpg\",\"width\":300,\"height\":300},{\"@type\":\"BreadcrumbList\",\"@id\":\"https:\/\/mueble4you.com\/fr\/productos\/chaise-megan-aquamarine\/#breadcrumb\",\"itemListElement\":[{\"@type\":\"ListItem\",\"position\":1,\"name\":\"Portada\",\"item\":\"https:\/\/mueble4you.com\/fr\/\"},{\"@type\":\"ListItem\",\"position\":2,\"name\":\"Productos\",\"item\":\"https:\/\/mueble4you.com\/productos\/\"},{\"@type\":\"ListItem\",\"position\":3,\"name\":\"Chaise Megan Aquamarine.\"}]},{\"@type\":\"WebSite\",\"@id\":\"https:\/\/mueble4you.com\/#website\",\"url\":\"https:\/\/mueble4you.com\/\",\"name\":\"mueble4you\",\"description\":\"Meubles \u00e0 Tenerife\",\"potentialAction\":[{\"@type\":\"SearchAction\",\"target\":{\"@type\":\"EntryPoint\",\"urlTemplate\":\"https:\/\/mueble4you.com\/?s={search_term_string}\"},\"query-input\":{\"@type\":\"PropertyValueSpecification\",\"valueRequired\":true,\"valueName\":\"search_term_string\"}}],\"inLanguage\":\"fr-FR\"}]}<\/script>\n<!-- \/ Yoast SEO plugin. -->","yoast_head_json":{"title":"Chaise Megan Aquamarine. | mueble4you","robots":{"index":"index","follow":"follow","max-snippet":"max-snippet:-1","max-image-preview":"max-image-preview:large","max-video-preview":"max-video-preview:-1"},"canonical":"https:\/\/mueble4you.com\/fr\/productos\/chaise-megan-aquamarine\/","og_locale":"fr_FR","og_type":"article","og_title":"Chaise Megan Aquamarine. | mueble4you","og_description":"Chaise en polypropyl\u00e8ne aigue-marine. Pieds rectangulaires en bois de h\u00eatre. Coussin fixe rembourr\u00e9 en similicuir. Mesures: Largeur: 49 cm. Hauteur: 83 cm. Profondeur: 50 cm. Hauteur d&rsquo;assise: 46 cm.","og_url":"https:\/\/mueble4you.com\/fr\/productos\/chaise-megan-aquamarine\/","og_site_name":"mueble4you","article_modified_time":"2021-05-20T13:51:42+00:00","og_image":[{"width":300,"height":300,"url":"https:\/\/mueble4you.com\/wp-content\/uploads\/2021\/05\/silla-megan-agua-300x300-1.jpg","type":"image\/jpeg"}],"twitter_card":"summary_large_image","schema":{"@context":"https:\/\/schema.org","@graph":[{"@type":"WebPage","@id":"https:\/\/mueble4you.com\/fr\/productos\/chaise-megan-aquamarine\/","url":"https:\/\/mueble4you.com\/fr\/productos\/chaise-megan-aquamarine\/","name":"Chaise Megan Aquamarine. | mueble4you","isPartOf":{"@id":"https:\/\/mueble4you.com\/#website"},"primaryImageOfPage":{"@id":"https:\/\/mueble4you.com\/fr\/productos\/chaise-megan-aquamarine\/#primaryimage"},"image":{"@id":"https:\/\/mueble4you.com\/fr\/productos\/chaise-megan-aquamarine\/#primaryimage"},"thumbnailUrl":"https:\/\/mueble4you.com\/wp-content\/uploads\/2021\/05\/silla-megan-agua-300x300-1.jpg","datePublished":"2021-05-18T16:44:57+00:00","dateModified":"2021-05-20T13:51:42+00:00","breadcrumb":{"@id":"https:\/\/mueble4you.com\/fr\/productos\/chaise-megan-aquamarine\/#breadcrumb"},"inLanguage":"fr-FR","potentialAction":[{"@type":"ReadAction","target":["https:\/\/mueble4you.com\/fr\/productos\/chaise-megan-aquamarine\/"]}]},{"@type":"ImageObject","inLanguage":"fr-FR","@id":"https:\/\/mueble4you.com\/fr\/productos\/chaise-megan-aquamarine\/#primaryimage","url":"https:\/\/mueble4you.com\/wp-content\/uploads\/2021\/05\/silla-megan-agua-300x300-1.jpg","contentUrl":"https:\/\/mueble4you.com\/wp-content\/uploads\/2021\/05\/silla-megan-agua-300x300-1.jpg","width":300,"height":300},{"@type":"BreadcrumbList","@id":"https:\/\/mueble4you.com\/fr\/productos\/chaise-megan-aquamarine\/#breadcrumb","itemListElement":[{"@type":"ListItem","position":1,"name":"Portada","item":"https:\/\/mueble4you.com\/fr\/"},{"@type":"ListItem","position":2,"name":"Productos","item":"https:\/\/mueble4you.com\/productos\/"},{"@type":"ListItem","position":3,"name":"Chaise Megan Aquamarine."}]},{"@type":"WebSite","@id":"https:\/\/mueble4you.com\/#website","url":"https:\/\/mueble4you.com\/","name":"mueble4you","description":"Meubles \u00e0 Tenerife","potentialAction":[{"@type":"SearchAction","target":{"@type":"EntryPoint","urlTemplate":"https:\/\/mueble4you.com\/?s={search_term_string}"},"query-input":{"@type":"PropertyValueSpecification","valueRequired":true,"valueName":"search_term_string"}}],"inLanguage":"fr-FR"}]}},"_links":{"self":[{"href":"https:\/\/mueble4you.com\/fr\/wp-json\/wp\/v2\/product\/45940","targetHints":{"allow":["GET"]}}],"collection":[{"href":"https:\/\/mueble4you.com\/fr\/wp-json\/wp\/v2\/product"}],"about":[{"href":"https:\/\/mueble4you.com\/fr\/wp-json\/wp\/v2\/types\/product"}],"wp:featuredmedia":[{"embeddable":true,"href":"https:\/\/mueble4you.com\/fr\/wp-json\/wp\/v2\/media\/74495"}],"wp:attachment":[{"href":"https:\/\/mueble4you.com\/fr\/wp-json\/wp\/v2\/media?parent=45940"}],"wp:term":[{"taxonomy":"product_brand","embeddable":true,"href":"https:\/\/mueble4you.com\/fr\/wp-json\/wp\/v2\/product_brand?post=45940"},{"taxonomy":"product_cat","embeddable":true,"href":"https:\/\/mueble4you.com\/fr\/wp-json\/wp\/v2\/product_cat?post=45940"},{"taxonomy":"product_tag","embeddable":true,"href":"https:\/\/mueble4you.com\/fr\/wp-json\/wp\/v2\/product_tag?post=45940"}],"curies":[{"name":"wp","href":"https:\/\/api.w.org\/{rel}","templated":true}]}}