{"id":45898,"date":"2021-05-17T14:07:25","date_gmt":"2021-05-17T14:07:25","guid":{"rendered":"https:\/\/mueble4you.com\/productos\/sofa-cama-marta\/"},"modified":"2021-05-18T13:38:31","modified_gmt":"2021-05-18T13:38:31","slug":"canape-lit-marta","status":"publish","type":"product","link":"https:\/\/mueble4you.com\/fr\/productos\/canape-lit-marta\/","title":{"rendered":"Canap\u00e9-lit Marta."},"content":{"rendered":"<ul>\n<li id=\"tw-target-text\" class=\"tw-data-text tw-text-large XcVN5d tw-ta\" dir=\"ltr\" data-placeholder=\"Traducci\u00f3n\"><span class=\"Y2IQFc\" lang=\"fr\">Canap\u00e9-lit Marta. <\/span><\/li>\n<li class=\"tw-data-text tw-text-large XcVN5d tw-ta\" dir=\"ltr\" data-placeholder=\"Traducci\u00f3n\"><span class=\"Y2IQFc\" lang=\"fr\">Des lignes plus modernes, associ\u00e9es \u00e0 un syst\u00e8me d&rsquo;ouverture italien, font de ce canap\u00e9 le bonheur de tous ceux qui l&rsquo;essayent. <\/span><\/li>\n<li class=\"tw-data-text tw-text-large XcVN5d tw-ta\" dir=\"ltr\" data-placeholder=\"Traducci\u00f3n\"><span class=\"Y2IQFc\" lang=\"fr\">M\u00c9CANISME: Italien avec sommier en maille m\u00e9tallique \u00e9lectrosoud\u00e9e. <\/span><\/li>\n<li class=\"tw-data-text tw-text-large XcVN5d tw-ta\" dir=\"ltr\" data-placeholder=\"Traducci\u00f3n\"><span class=\"Y2IQFc\" lang=\"fr\">STRUCTURE: Bois de pin, renforc\u00e9 de panneaux de particules. <\/span><\/li>\n<li class=\"tw-data-text tw-text-large XcVN5d tw-ta\" dir=\"ltr\" data-placeholder=\"Traducci\u00f3n\"><span class=\"Y2IQFc\" lang=\"fr\">ALM. SI\u00c8GE: mousse polyur\u00e9thane 30 kg \/ m3 recouverte de fibre polyester. <\/span><\/li>\n<li class=\"tw-data-text tw-text-large XcVN5d tw-ta\" dir=\"ltr\" data-placeholder=\"Traducci\u00f3n\"><span class=\"Y2IQFc\" lang=\"fr\">ALM. DOSSIER: mousse polyur\u00e9thane 20 kg \/ m3 recouverte de fibre polyester.<\/span><\/li>\n<li class=\"tw-data-text tw-text-large XcVN5d tw-ta\" dir=\"ltr\" data-placeholder=\"Traducci\u00f3n\"><span class=\"Y2IQFc\" lang=\"fr\">AMOVIBLE: Coussins d&rsquo;assise, de dossier et d&rsquo;accoudoirs. MATELAS: longueur 200 cm., \u00c9paisseur 12 cm., Caoutchouc mousse 25 kg. rembourr\u00e9. <\/span><\/li>\n<li class=\"tw-data-text tw-text-large XcVN5d tw-ta\" dir=\"ltr\" data-placeholder=\"Traducci\u00f3n\"><span class=\"Y2IQFc\" lang=\"fr\">PIEDS: Bois de h\u00eatre. <\/span><\/li>\n<li class=\"tw-data-text tw-text-large XcVN5d tw-ta\" dir=\"ltr\" data-placeholder=\"Traducci\u00f3n\"><span class=\"Y2IQFc\" lang=\"fr\">Mesures: 212&#215;100. <\/span><\/li>\n<li class=\"tw-data-text tw-text-large XcVN5d tw-ta\" dir=\"ltr\" data-placeholder=\"Traducci\u00f3n\"><span class=\"Y2IQFc\" lang=\"fr\">Hauteur du dossier: 58 cm. <\/span><\/li>\n<li class=\"tw-data-text tw-text-large XcVN5d tw-ta\" dir=\"ltr\" data-placeholder=\"Traducci\u00f3n\"><span class=\"Y2IQFc\" lang=\"fr\">Hauteur d&rsquo;assise: 46 cm. <\/span><\/li>\n<li class=\"tw-data-text tw-text-large XcVN5d tw-ta\" dir=\"ltr\" data-placeholder=\"Traducci\u00f3n\"><span class=\"Y2IQFc\" lang=\"fr\">Profondeur d&rsquo;assise: 55 cm. <\/span><\/li>\n<li class=\"tw-data-text tw-text-large XcVN5d tw-ta\" dir=\"ltr\" data-placeholder=\"Traducci\u00f3n\"><span class=\"Y2IQFc\" lang=\"fr\">Mesure ouverte: 212 cm. <\/span><\/li>\n<li class=\"tw-data-text tw-text-large XcVN5d tw-ta\" dir=\"ltr\" data-placeholder=\"Traducci\u00f3n\"><span class=\"Y2IQFc\" lang=\"fr\">Disponible en Burma et Origami color 39 (Turquoise).<\/span><\/li>\n<li class=\"tw-data-text tw-text-large XcVN5d tw-ta\" dir=\"ltr\" data-placeholder=\"Traducci\u00f3n\"><span class=\"Y2IQFc\" lang=\"fr\">Disponible dans d&rsquo;autres couleurs sur demande. <\/span><\/li>\n<li class=\"tw-data-text tw-text-large XcVN5d tw-ta\" dir=\"ltr\" data-placeholder=\"Traducci\u00f3n\"><span class=\"Y2IQFc\" lang=\"fr\">Taille du lit: 140&#215;200.<\/span><\/li>\n<\/ul>\n","protected":false},"excerpt":{"rendered":"<p>Canap\u00e9-lit Marta. Des lignes plus modernes, associ\u00e9es \u00e0 un syst\u00e8me d&rsquo;ouverture italien, font de ce canap\u00e9 le bonheur de tous ceux qui l&rsquo;essayent. M\u00c9CANISME: Italien avec sommier en maille m\u00e9tallique \u00e9lectrosoud\u00e9e. STRUCTURE: Bois de pin, renforc\u00e9 de panneaux de particules. ALM. SI\u00c8GE: mousse polyur\u00e9thane 30 kg \/ m3 recouverte de fibre polyester. ALM. DOSSIER: mousse [&#8230;]\n","protected":false},"featured_media":45889,"template":"","meta":[],"product_brand":[],"product_cat":[205,204],"product_tag":[],"class_list":{"0":"post-45898","1":"product","2":"type-product","3":"status-publish","4":"has-post-thumbnail","6":"product_cat-canapes","7":"product_cat-salon","9":"first","10":"instock","11":"shipping-taxable","12":"product-type-simple"},"yoast_head":"<!-- This site is optimized with the Yoast SEO plugin v27.2 - https:\/\/yoast.com\/product\/yoast-seo-wordpress\/ -->\n<title>Canap\u00e9-lit Marta. | mueble4you<\/title>\n<meta name=\"robots\" content=\"index, follow, max-snippet:-1, max-image-preview:large, max-video-preview:-1\" \/>\n<link rel=\"canonical\" href=\"https:\/\/mueble4you.com\/fr\/productos\/canape-lit-marta\/\" \/>\n<meta property=\"og:locale\" content=\"fr_FR\" \/>\n<meta property=\"og:type\" content=\"article\" \/>\n<meta property=\"og:title\" content=\"Canap\u00e9-lit Marta. | mueble4you\" \/>\n<meta property=\"og:description\" content=\"Canap\u00e9-lit Marta. Des lignes plus modernes, associ\u00e9es \u00e0 un syst\u00e8me d&rsquo;ouverture italien, font de ce canap\u00e9 le bonheur de tous ceux qui l&rsquo;essayent. M\u00c9CANISME: Italien avec sommier en maille m\u00e9tallique \u00e9lectrosoud\u00e9e. STRUCTURE: Bois de pin, renforc\u00e9 de panneaux de particules. ALM. SI\u00c8GE: mousse polyur\u00e9thane 30 kg \/ m3 recouverte de fibre polyester. ALM. DOSSIER: mousse [...]\" \/>\n<meta property=\"og:url\" content=\"https:\/\/mueble4you.com\/fr\/productos\/canape-lit-marta\/\" \/>\n<meta property=\"og:site_name\" content=\"mueble4you\" \/>\n<meta property=\"article:modified_time\" content=\"2021-05-18T13:38:31+00:00\" \/>\n<meta property=\"og:image\" content=\"https:\/\/mueble4you.com\/wp-content\/uploads\/2021\/05\/marta-ambiente.jpg\" \/>\n\t<meta property=\"og:image:width\" content=\"1700\" \/>\n\t<meta property=\"og:image:height\" content=\"1000\" \/>\n\t<meta property=\"og:image:type\" content=\"image\/jpeg\" \/>\n<meta name=\"twitter:card\" content=\"summary_large_image\" \/>\n<meta name=\"twitter:label1\" content=\"Dur\u00e9e de lecture estim\u00e9e\" \/>\n\t<meta name=\"twitter:data1\" content=\"1 minute\" \/>\n<script type=\"application\/ld+json\" class=\"yoast-schema-graph\">{\"@context\":\"https:\/\/schema.org\",\"@graph\":[{\"@type\":\"WebPage\",\"@id\":\"https:\/\/mueble4you.com\/fr\/productos\/canape-lit-marta\/\",\"url\":\"https:\/\/mueble4you.com\/fr\/productos\/canape-lit-marta\/\",\"name\":\"Canap\u00e9-lit Marta. | mueble4you\",\"isPartOf\":{\"@id\":\"https:\/\/mueble4you.com\/#website\"},\"primaryImageOfPage\":{\"@id\":\"https:\/\/mueble4you.com\/fr\/productos\/canape-lit-marta\/#primaryimage\"},\"image\":{\"@id\":\"https:\/\/mueble4you.com\/fr\/productos\/canape-lit-marta\/#primaryimage\"},\"thumbnailUrl\":\"https:\/\/mueble4you.com\/wp-content\/uploads\/2021\/05\/marta-ambiente.jpg\",\"datePublished\":\"2021-05-17T14:07:25+00:00\",\"dateModified\":\"2021-05-18T13:38:31+00:00\",\"breadcrumb\":{\"@id\":\"https:\/\/mueble4you.com\/fr\/productos\/canape-lit-marta\/#breadcrumb\"},\"inLanguage\":\"fr-FR\",\"potentialAction\":[{\"@type\":\"ReadAction\",\"target\":[\"https:\/\/mueble4you.com\/fr\/productos\/canape-lit-marta\/\"]}]},{\"@type\":\"ImageObject\",\"inLanguage\":\"fr-FR\",\"@id\":\"https:\/\/mueble4you.com\/fr\/productos\/canape-lit-marta\/#primaryimage\",\"url\":\"https:\/\/mueble4you.com\/wp-content\/uploads\/2021\/05\/marta-ambiente.jpg\",\"contentUrl\":\"https:\/\/mueble4you.com\/wp-content\/uploads\/2021\/05\/marta-ambiente.jpg\",\"width\":1700,\"height\":1000},{\"@type\":\"BreadcrumbList\",\"@id\":\"https:\/\/mueble4you.com\/fr\/productos\/canape-lit-marta\/#breadcrumb\",\"itemListElement\":[{\"@type\":\"ListItem\",\"position\":1,\"name\":\"Portada\",\"item\":\"https:\/\/mueble4you.com\/fr\/\"},{\"@type\":\"ListItem\",\"position\":2,\"name\":\"Productos\",\"item\":\"https:\/\/mueble4you.com\/productos\/\"},{\"@type\":\"ListItem\",\"position\":3,\"name\":\"Canap\u00e9-lit Marta.\"}]},{\"@type\":\"WebSite\",\"@id\":\"https:\/\/mueble4you.com\/#website\",\"url\":\"https:\/\/mueble4you.com\/\",\"name\":\"mueble4you\",\"description\":\"Meubles \u00e0 Tenerife\",\"potentialAction\":[{\"@type\":\"SearchAction\",\"target\":{\"@type\":\"EntryPoint\",\"urlTemplate\":\"https:\/\/mueble4you.com\/?s={search_term_string}\"},\"query-input\":{\"@type\":\"PropertyValueSpecification\",\"valueRequired\":true,\"valueName\":\"search_term_string\"}}],\"inLanguage\":\"fr-FR\"}]}<\/script>\n<!-- \/ Yoast SEO plugin. -->","yoast_head_json":{"title":"Canap\u00e9-lit Marta. | mueble4you","robots":{"index":"index","follow":"follow","max-snippet":"max-snippet:-1","max-image-preview":"max-image-preview:large","max-video-preview":"max-video-preview:-1"},"canonical":"https:\/\/mueble4you.com\/fr\/productos\/canape-lit-marta\/","og_locale":"fr_FR","og_type":"article","og_title":"Canap\u00e9-lit Marta. | mueble4you","og_description":"Canap\u00e9-lit Marta. Des lignes plus modernes, associ\u00e9es \u00e0 un syst\u00e8me d&rsquo;ouverture italien, font de ce canap\u00e9 le bonheur de tous ceux qui l&rsquo;essayent. M\u00c9CANISME: Italien avec sommier en maille m\u00e9tallique \u00e9lectrosoud\u00e9e. STRUCTURE: Bois de pin, renforc\u00e9 de panneaux de particules. ALM. SI\u00c8GE: mousse polyur\u00e9thane 30 kg \/ m3 recouverte de fibre polyester. ALM. DOSSIER: mousse [...]","og_url":"https:\/\/mueble4you.com\/fr\/productos\/canape-lit-marta\/","og_site_name":"mueble4you","article_modified_time":"2021-05-18T13:38:31+00:00","og_image":[{"width":1700,"height":1000,"url":"https:\/\/mueble4you.com\/wp-content\/uploads\/2021\/05\/marta-ambiente.jpg","type":"image\/jpeg"}],"twitter_card":"summary_large_image","twitter_misc":{"Dur\u00e9e de lecture estim\u00e9e":"1 minute"},"schema":{"@context":"https:\/\/schema.org","@graph":[{"@type":"WebPage","@id":"https:\/\/mueble4you.com\/fr\/productos\/canape-lit-marta\/","url":"https:\/\/mueble4you.com\/fr\/productos\/canape-lit-marta\/","name":"Canap\u00e9-lit Marta. | mueble4you","isPartOf":{"@id":"https:\/\/mueble4you.com\/#website"},"primaryImageOfPage":{"@id":"https:\/\/mueble4you.com\/fr\/productos\/canape-lit-marta\/#primaryimage"},"image":{"@id":"https:\/\/mueble4you.com\/fr\/productos\/canape-lit-marta\/#primaryimage"},"thumbnailUrl":"https:\/\/mueble4you.com\/wp-content\/uploads\/2021\/05\/marta-ambiente.jpg","datePublished":"2021-05-17T14:07:25+00:00","dateModified":"2021-05-18T13:38:31+00:00","breadcrumb":{"@id":"https:\/\/mueble4you.com\/fr\/productos\/canape-lit-marta\/#breadcrumb"},"inLanguage":"fr-FR","potentialAction":[{"@type":"ReadAction","target":["https:\/\/mueble4you.com\/fr\/productos\/canape-lit-marta\/"]}]},{"@type":"ImageObject","inLanguage":"fr-FR","@id":"https:\/\/mueble4you.com\/fr\/productos\/canape-lit-marta\/#primaryimage","url":"https:\/\/mueble4you.com\/wp-content\/uploads\/2021\/05\/marta-ambiente.jpg","contentUrl":"https:\/\/mueble4you.com\/wp-content\/uploads\/2021\/05\/marta-ambiente.jpg","width":1700,"height":1000},{"@type":"BreadcrumbList","@id":"https:\/\/mueble4you.com\/fr\/productos\/canape-lit-marta\/#breadcrumb","itemListElement":[{"@type":"ListItem","position":1,"name":"Portada","item":"https:\/\/mueble4you.com\/fr\/"},{"@type":"ListItem","position":2,"name":"Productos","item":"https:\/\/mueble4you.com\/productos\/"},{"@type":"ListItem","position":3,"name":"Canap\u00e9-lit Marta."}]},{"@type":"WebSite","@id":"https:\/\/mueble4you.com\/#website","url":"https:\/\/mueble4you.com\/","name":"mueble4you","description":"Meubles \u00e0 Tenerife","potentialAction":[{"@type":"SearchAction","target":{"@type":"EntryPoint","urlTemplate":"https:\/\/mueble4you.com\/?s={search_term_string}"},"query-input":{"@type":"PropertyValueSpecification","valueRequired":true,"valueName":"search_term_string"}}],"inLanguage":"fr-FR"}]}},"_links":{"self":[{"href":"https:\/\/mueble4you.com\/fr\/wp-json\/wp\/v2\/product\/45898","targetHints":{"allow":["GET"]}}],"collection":[{"href":"https:\/\/mueble4you.com\/fr\/wp-json\/wp\/v2\/product"}],"about":[{"href":"https:\/\/mueble4you.com\/fr\/wp-json\/wp\/v2\/types\/product"}],"wp:featuredmedia":[{"embeddable":true,"href":"https:\/\/mueble4you.com\/fr\/wp-json\/wp\/v2\/media\/45889"}],"wp:attachment":[{"href":"https:\/\/mueble4you.com\/fr\/wp-json\/wp\/v2\/media?parent=45898"}],"wp:term":[{"taxonomy":"product_brand","embeddable":true,"href":"https:\/\/mueble4you.com\/fr\/wp-json\/wp\/v2\/product_brand?post=45898"},{"taxonomy":"product_cat","embeddable":true,"href":"https:\/\/mueble4you.com\/fr\/wp-json\/wp\/v2\/product_cat?post=45898"},{"taxonomy":"product_tag","embeddable":true,"href":"https:\/\/mueble4you.com\/fr\/wp-json\/wp\/v2\/product_tag?post=45898"}],"curies":[{"name":"wp","href":"https:\/\/api.w.org\/{rel}","templated":true}]}}