{"id":45883,"date":"2021-05-17T12:49:03","date_gmt":"2021-05-17T12:49:03","guid":{"rendered":"https:\/\/mueble4you.com\/productos\/sofa-cama-nerea-chaise\/"},"modified":"2021-05-18T13:24:25","modified_gmt":"2021-05-18T13:24:25","slug":"canape-lit-nerea-chaise","status":"publish","type":"product","link":"https:\/\/mueble4you.com\/fr\/productos\/canape-lit-nerea-chaise\/","title":{"rendered":"Canap\u00e9-lit Nerea Chaise."},"content":{"rendered":"<ul>\n<li id=\"tw-target-text\" class=\"tw-data-text tw-text-large XcVN5d tw-ta\" dir=\"ltr\" data-placeholder=\"Traducci\u00f3n\"><span class=\"Y2IQFc\" lang=\"fr\">Le confortable Nerea par excellence, un canap\u00e9-lit avec un matelas de 16 cm. et ouverture italienne. <\/span><\/li>\n<li class=\"tw-data-text tw-text-large XcVN5d tw-ta\" dir=\"ltr\" data-placeholder=\"Traducci\u00f3n\"><span class=\"Y2IQFc\" lang=\"fr\">Un mod\u00e8le pour cr\u00e9er des environnements simplement relaxants. <\/span><\/li>\n<li class=\"tw-data-text tw-text-large XcVN5d tw-ta\" dir=\"ltr\" data-placeholder=\"Traducci\u00f3n\"><span class=\"Y2IQFc\" lang=\"fr\">M\u00c9CANISME DE LIT: Italien avec sommier en maille m\u00e9tallique \u00e9lectrosoud\u00e9e.<\/span><\/li>\n<li class=\"tw-data-text tw-text-large XcVN5d tw-ta\" dir=\"ltr\" data-placeholder=\"Traducci\u00f3n\"><span class=\"Y2IQFc\" lang=\"fr\">STRUCTURE: Bois de pin, renforc\u00e9 de panneaux de particules. <\/span><\/li>\n<li class=\"tw-data-text tw-text-large XcVN5d tw-ta\" dir=\"ltr\" data-placeholder=\"Traducci\u00f3n\"><span class=\"Y2IQFc\" lang=\"fr\">COUSSIN DE SI\u00c8GE: mousse polyur\u00e9thane 35 kg \/ m3 recouverte de fibre polyester.<\/span><\/li>\n<li class=\"tw-data-text tw-text-large XcVN5d tw-ta\" dir=\"ltr\" data-placeholder=\"Traducci\u00f3n\"><span class=\"Y2IQFc\" lang=\"fr\">COUSSIN DE DOS: Fibre creuse silicon\u00e9e.<\/span><\/li>\n<li class=\"tw-data-text tw-text-large XcVN5d tw-ta\" dir=\"ltr\" data-placeholder=\"Traducci\u00f3n\"><span class=\"Y2IQFc\" lang=\"fr\">AMOVIBLE: Coussins d&rsquo;assise, de dossier et d&rsquo;accoudoirs. <\/span><\/li>\n<li class=\"tw-data-text tw-text-large XcVN5d tw-ta\" dir=\"ltr\" data-placeholder=\"Traducci\u00f3n\"><span class=\"Y2IQFc\" lang=\"fr\">MATELAS: longueur 195 cm., \u00c9paisseur 16 cm., Caoutchouc mousse 25 kg. rembourr\u00e9.<\/span><\/li>\n<li class=\"tw-data-text tw-text-large XcVN5d tw-ta\" dir=\"ltr\" data-placeholder=\"Traducci\u00f3n\"><span class=\"Y2IQFc\" lang=\"fr\">JAMBES: M\u00e9tallis\u00e9. Mesures: 287x176cm. Disponible en couleur Sena 61 (turquoise).<\/span><\/li>\n<li class=\"tw-data-text tw-text-large XcVN5d tw-ta\" dir=\"ltr\" data-placeholder=\"Traducci\u00f3n\"><span class=\"Y2IQFc\" lang=\"fr\">Disponible dans d&rsquo;autres couleurs sur demande. <\/span><\/li>\n<li class=\"tw-data-text tw-text-large XcVN5d tw-ta\" dir=\"ltr\" data-placeholder=\"Traducci\u00f3n\"><span class=\"Y2IQFc\" lang=\"fr\">Chaise gauche et chaise droite disponibles.<\/span><\/li>\n<\/ul>\n","protected":false},"excerpt":{"rendered":"<p>Le confortable Nerea par excellence, un canap\u00e9-lit avec un matelas de 16 cm. et ouverture italienne. Un mod\u00e8le pour cr\u00e9er des environnements simplement relaxants. M\u00c9CANISME DE LIT: Italien avec sommier en maille m\u00e9tallique \u00e9lectrosoud\u00e9e. STRUCTURE: Bois de pin, renforc\u00e9 de panneaux de particules. COUSSIN DE SI\u00c8GE: mousse polyur\u00e9thane 35 kg \/ m3 recouverte de fibre [&#8230;]\n","protected":false},"featured_media":45869,"template":"","meta":[],"product_brand":[],"product_cat":[205,204],"product_tag":[],"class_list":{"0":"post-45883","1":"product","2":"type-product","3":"status-publish","4":"has-post-thumbnail","6":"product_cat-canapes","7":"product_cat-salon","9":"first","10":"instock","11":"shipping-taxable","12":"product-type-simple"},"yoast_head":"<!-- This site is optimized with the Yoast SEO plugin v27.2 - https:\/\/yoast.com\/product\/yoast-seo-wordpress\/ -->\n<title>Canap\u00e9-lit Nerea Chaise. | mueble4you<\/title>\n<meta name=\"robots\" content=\"index, follow, max-snippet:-1, max-image-preview:large, max-video-preview:-1\" \/>\n<link rel=\"canonical\" href=\"https:\/\/mueble4you.com\/fr\/productos\/canape-lit-nerea-chaise\/\" \/>\n<meta property=\"og:locale\" content=\"fr_FR\" \/>\n<meta property=\"og:type\" content=\"article\" \/>\n<meta property=\"og:title\" content=\"Canap\u00e9-lit Nerea Chaise. | mueble4you\" \/>\n<meta property=\"og:description\" content=\"Le confortable Nerea par excellence, un canap\u00e9-lit avec un matelas de 16 cm. et ouverture italienne. Un mod\u00e8le pour cr\u00e9er des environnements simplement relaxants. M\u00c9CANISME DE LIT: Italien avec sommier en maille m\u00e9tallique \u00e9lectrosoud\u00e9e. STRUCTURE: Bois de pin, renforc\u00e9 de panneaux de particules. COUSSIN DE SI\u00c8GE: mousse polyur\u00e9thane 35 kg \/ m3 recouverte de fibre [...]\" \/>\n<meta property=\"og:url\" content=\"https:\/\/mueble4you.com\/fr\/productos\/canape-lit-nerea-chaise\/\" \/>\n<meta property=\"og:site_name\" content=\"mueble4you\" \/>\n<meta property=\"article:modified_time\" content=\"2021-05-18T13:24:25+00:00\" \/>\n<meta property=\"og:image\" content=\"https:\/\/mueble4you.com\/wp-content\/uploads\/2021\/05\/nereachaise-ambiente_0.jpg\" \/>\n\t<meta property=\"og:image:width\" content=\"1700\" \/>\n\t<meta property=\"og:image:height\" content=\"1000\" \/>\n\t<meta property=\"og:image:type\" content=\"image\/jpeg\" \/>\n<meta name=\"twitter:card\" content=\"summary_large_image\" \/>\n<meta name=\"twitter:label1\" content=\"Dur\u00e9e de lecture estim\u00e9e\" \/>\n\t<meta name=\"twitter:data1\" content=\"1 minute\" \/>\n<script type=\"application\/ld+json\" class=\"yoast-schema-graph\">{\"@context\":\"https:\/\/schema.org\",\"@graph\":[{\"@type\":\"WebPage\",\"@id\":\"https:\/\/mueble4you.com\/fr\/productos\/canape-lit-nerea-chaise\/\",\"url\":\"https:\/\/mueble4you.com\/fr\/productos\/canape-lit-nerea-chaise\/\",\"name\":\"Canap\u00e9-lit Nerea Chaise. | mueble4you\",\"isPartOf\":{\"@id\":\"https:\/\/mueble4you.com\/#website\"},\"primaryImageOfPage\":{\"@id\":\"https:\/\/mueble4you.com\/fr\/productos\/canape-lit-nerea-chaise\/#primaryimage\"},\"image\":{\"@id\":\"https:\/\/mueble4you.com\/fr\/productos\/canape-lit-nerea-chaise\/#primaryimage\"},\"thumbnailUrl\":\"https:\/\/mueble4you.com\/wp-content\/uploads\/2021\/05\/nereachaise-ambiente_0.jpg\",\"datePublished\":\"2021-05-17T12:49:03+00:00\",\"dateModified\":\"2021-05-18T13:24:25+00:00\",\"breadcrumb\":{\"@id\":\"https:\/\/mueble4you.com\/fr\/productos\/canape-lit-nerea-chaise\/#breadcrumb\"},\"inLanguage\":\"fr-FR\",\"potentialAction\":[{\"@type\":\"ReadAction\",\"target\":[\"https:\/\/mueble4you.com\/fr\/productos\/canape-lit-nerea-chaise\/\"]}]},{\"@type\":\"ImageObject\",\"inLanguage\":\"fr-FR\",\"@id\":\"https:\/\/mueble4you.com\/fr\/productos\/canape-lit-nerea-chaise\/#primaryimage\",\"url\":\"https:\/\/mueble4you.com\/wp-content\/uploads\/2021\/05\/nereachaise-ambiente_0.jpg\",\"contentUrl\":\"https:\/\/mueble4you.com\/wp-content\/uploads\/2021\/05\/nereachaise-ambiente_0.jpg\",\"width\":1700,\"height\":1000},{\"@type\":\"BreadcrumbList\",\"@id\":\"https:\/\/mueble4you.com\/fr\/productos\/canape-lit-nerea-chaise\/#breadcrumb\",\"itemListElement\":[{\"@type\":\"ListItem\",\"position\":1,\"name\":\"Portada\",\"item\":\"https:\/\/mueble4you.com\/fr\/\"},{\"@type\":\"ListItem\",\"position\":2,\"name\":\"Productos\",\"item\":\"https:\/\/mueble4you.com\/productos\/\"},{\"@type\":\"ListItem\",\"position\":3,\"name\":\"Canap\u00e9-lit Nerea Chaise.\"}]},{\"@type\":\"WebSite\",\"@id\":\"https:\/\/mueble4you.com\/#website\",\"url\":\"https:\/\/mueble4you.com\/\",\"name\":\"mueble4you\",\"description\":\"Meubles \u00e0 Tenerife\",\"potentialAction\":[{\"@type\":\"SearchAction\",\"target\":{\"@type\":\"EntryPoint\",\"urlTemplate\":\"https:\/\/mueble4you.com\/?s={search_term_string}\"},\"query-input\":{\"@type\":\"PropertyValueSpecification\",\"valueRequired\":true,\"valueName\":\"search_term_string\"}}],\"inLanguage\":\"fr-FR\"}]}<\/script>\n<!-- \/ Yoast SEO plugin. -->","yoast_head_json":{"title":"Canap\u00e9-lit Nerea Chaise. | mueble4you","robots":{"index":"index","follow":"follow","max-snippet":"max-snippet:-1","max-image-preview":"max-image-preview:large","max-video-preview":"max-video-preview:-1"},"canonical":"https:\/\/mueble4you.com\/fr\/productos\/canape-lit-nerea-chaise\/","og_locale":"fr_FR","og_type":"article","og_title":"Canap\u00e9-lit Nerea Chaise. | mueble4you","og_description":"Le confortable Nerea par excellence, un canap\u00e9-lit avec un matelas de 16 cm. et ouverture italienne. Un mod\u00e8le pour cr\u00e9er des environnements simplement relaxants. M\u00c9CANISME DE LIT: Italien avec sommier en maille m\u00e9tallique \u00e9lectrosoud\u00e9e. STRUCTURE: Bois de pin, renforc\u00e9 de panneaux de particules. COUSSIN DE SI\u00c8GE: mousse polyur\u00e9thane 35 kg \/ m3 recouverte de fibre [...]","og_url":"https:\/\/mueble4you.com\/fr\/productos\/canape-lit-nerea-chaise\/","og_site_name":"mueble4you","article_modified_time":"2021-05-18T13:24:25+00:00","og_image":[{"width":1700,"height":1000,"url":"https:\/\/mueble4you.com\/wp-content\/uploads\/2021\/05\/nereachaise-ambiente_0.jpg","type":"image\/jpeg"}],"twitter_card":"summary_large_image","twitter_misc":{"Dur\u00e9e de lecture estim\u00e9e":"1 minute"},"schema":{"@context":"https:\/\/schema.org","@graph":[{"@type":"WebPage","@id":"https:\/\/mueble4you.com\/fr\/productos\/canape-lit-nerea-chaise\/","url":"https:\/\/mueble4you.com\/fr\/productos\/canape-lit-nerea-chaise\/","name":"Canap\u00e9-lit Nerea Chaise. | mueble4you","isPartOf":{"@id":"https:\/\/mueble4you.com\/#website"},"primaryImageOfPage":{"@id":"https:\/\/mueble4you.com\/fr\/productos\/canape-lit-nerea-chaise\/#primaryimage"},"image":{"@id":"https:\/\/mueble4you.com\/fr\/productos\/canape-lit-nerea-chaise\/#primaryimage"},"thumbnailUrl":"https:\/\/mueble4you.com\/wp-content\/uploads\/2021\/05\/nereachaise-ambiente_0.jpg","datePublished":"2021-05-17T12:49:03+00:00","dateModified":"2021-05-18T13:24:25+00:00","breadcrumb":{"@id":"https:\/\/mueble4you.com\/fr\/productos\/canape-lit-nerea-chaise\/#breadcrumb"},"inLanguage":"fr-FR","potentialAction":[{"@type":"ReadAction","target":["https:\/\/mueble4you.com\/fr\/productos\/canape-lit-nerea-chaise\/"]}]},{"@type":"ImageObject","inLanguage":"fr-FR","@id":"https:\/\/mueble4you.com\/fr\/productos\/canape-lit-nerea-chaise\/#primaryimage","url":"https:\/\/mueble4you.com\/wp-content\/uploads\/2021\/05\/nereachaise-ambiente_0.jpg","contentUrl":"https:\/\/mueble4you.com\/wp-content\/uploads\/2021\/05\/nereachaise-ambiente_0.jpg","width":1700,"height":1000},{"@type":"BreadcrumbList","@id":"https:\/\/mueble4you.com\/fr\/productos\/canape-lit-nerea-chaise\/#breadcrumb","itemListElement":[{"@type":"ListItem","position":1,"name":"Portada","item":"https:\/\/mueble4you.com\/fr\/"},{"@type":"ListItem","position":2,"name":"Productos","item":"https:\/\/mueble4you.com\/productos\/"},{"@type":"ListItem","position":3,"name":"Canap\u00e9-lit Nerea Chaise."}]},{"@type":"WebSite","@id":"https:\/\/mueble4you.com\/#website","url":"https:\/\/mueble4you.com\/","name":"mueble4you","description":"Meubles \u00e0 Tenerife","potentialAction":[{"@type":"SearchAction","target":{"@type":"EntryPoint","urlTemplate":"https:\/\/mueble4you.com\/?s={search_term_string}"},"query-input":{"@type":"PropertyValueSpecification","valueRequired":true,"valueName":"search_term_string"}}],"inLanguage":"fr-FR"}]}},"_links":{"self":[{"href":"https:\/\/mueble4you.com\/fr\/wp-json\/wp\/v2\/product\/45883","targetHints":{"allow":["GET"]}}],"collection":[{"href":"https:\/\/mueble4you.com\/fr\/wp-json\/wp\/v2\/product"}],"about":[{"href":"https:\/\/mueble4you.com\/fr\/wp-json\/wp\/v2\/types\/product"}],"wp:featuredmedia":[{"embeddable":true,"href":"https:\/\/mueble4you.com\/fr\/wp-json\/wp\/v2\/media\/45869"}],"wp:attachment":[{"href":"https:\/\/mueble4you.com\/fr\/wp-json\/wp\/v2\/media?parent=45883"}],"wp:term":[{"taxonomy":"product_brand","embeddable":true,"href":"https:\/\/mueble4you.com\/fr\/wp-json\/wp\/v2\/product_brand?post=45883"},{"taxonomy":"product_cat","embeddable":true,"href":"https:\/\/mueble4you.com\/fr\/wp-json\/wp\/v2\/product_cat?post=45883"},{"taxonomy":"product_tag","embeddable":true,"href":"https:\/\/mueble4you.com\/fr\/wp-json\/wp\/v2\/product_tag?post=45883"}],"curies":[{"name":"wp","href":"https:\/\/api.w.org\/{rel}","templated":true}]}}