{"id":45445,"date":"2021-04-09T09:54:08","date_gmt":"2021-04-09T09:54:08","guid":{"rendered":"https:\/\/mueble4you.com\/productos\/comoda-madera-mango-punta-diamante-87x100x32\/"},"modified":"2021-04-13T14:49:25","modified_gmt":"2021-04-13T14:49:25","slug":"poignee-a-pointe-diamantee-confortable-en-bois-87x100x32","status":"publish","type":"product","link":"https:\/\/mueble4you.com\/fr\/productos\/poignee-a-pointe-diamantee-confortable-en-bois-87x100x32\/","title":{"rendered":"Poign\u00e9e \u00e0 pointe diamant\u00e9e confortable en bois 87X100X32."},"content":{"rendered":"<ul>\n<li id=\"tw-target-text\" class=\"tw-data-text tw-text-large XcVN5d tw-ta\" dir=\"ltr\" data-placeholder=\"Traducci\u00f3n\"><span class=\"Y2IQFc\" lang=\"fr\">Poign\u00e9e \u00e0 pointe diamant\u00e9e confortable en bois 87X100X32. <\/span><\/li>\n<li class=\"tw-data-text tw-text-large XcVN5d tw-ta\" dir=\"ltr\" data-placeholder=\"Traducci\u00f3n\"><span class=\"Y2IQFc\" lang=\"fr\">COFFRE DE COLLECTION DIAMANT RECYCL\u00c9 DE 2 TIROIRS ET 2 PORTES EN BOIS RECYCL\u00c9.<\/span><\/li>\n<li class=\"tw-data-text tw-text-large XcVN5d tw-ta\" dir=\"ltr\" data-placeholder=\"Traducci\u00f3n\"><span class=\"Y2IQFc\" lang=\"fr\">AVEC \u00c9TAG\u00c8RE INT\u00c9RIEURE.<\/span><\/li>\n<li class=\"tw-data-text tw-text-large XcVN5d tw-ta\" dir=\"ltr\" data-placeholder=\"Traducci\u00f3n\"><span class=\"Y2IQFc\" lang=\"fr\">COLLECTION: DIAMANT RECYCL\u00c9.<\/span><\/li>\n<li class=\"tw-data-text tw-text-large XcVN5d tw-ta\" dir=\"ltr\" data-placeholder=\"Traducci\u00f3n\"><span class=\"Y2IQFc\" lang=\"fr\">MAT\u00c9RIEL: PIEDS EN BOIS RECYCL\u00c9 ET EN FER. <\/span><\/li>\n<li class=\"tw-data-text tw-text-large XcVN5d tw-ta\" dir=\"ltr\" data-placeholder=\"Traducci\u00f3n\"><span class=\"Y2IQFc\" lang=\"fr\">COULEUR: MULTICOLORE ET JAMBES NOIRES. <\/span><\/li>\n<li class=\"tw-data-text tw-text-large XcVN5d tw-ta\" dir=\"ltr\" data-placeholder=\"Traducci\u00f3n\"><span class=\"Y2IQFc\" lang=\"fr\">CARACT\u00c9RISTIQUES: MEUBLES EXPOS\u00c9S \u00c0 DES VARIATIONS DE COULEURS DANS LA CONCEPTION.<\/span><\/li>\n<li class=\"tw-data-text tw-text-large XcVN5d tw-ta\" dir=\"ltr\" data-placeholder=\"Traducci\u00f3n\"><span class=\"Y2IQFc\" lang=\"fr\">MESURES: 87 cm de haut x 100 cm de large x 32 cm de profondeur.<\/span><\/li>\n<\/ul>\n","protected":false},"excerpt":{"rendered":"<p>Poign\u00e9e \u00e0 pointe diamant\u00e9e confortable en bois 87X100X32. COFFRE DE COLLECTION DIAMANT RECYCL\u00c9 DE 2 TIROIRS ET 2 PORTES EN BOIS RECYCL\u00c9. AVEC \u00c9TAG\u00c8RE INT\u00c9RIEURE. COLLECTION: DIAMANT RECYCL\u00c9. MAT\u00c9RIEL: PIEDS EN BOIS RECYCL\u00c9 ET EN FER. COULEUR: MULTICOLORE ET JAMBES NOIRES. CARACT\u00c9RISTIQUES: MEUBLES EXPOS\u00c9S \u00c0 DES VARIATIONS DE COULEURS DANS LA CONCEPTION. MESURES: 87 cm [&#8230;]\n","protected":false},"featured_media":45436,"template":"","meta":[],"product_brand":[],"product_cat":[201,570,360,204],"product_tag":[],"class_list":{"0":"post-45445","1":"product","2":"type-product","3":"status-publish","4":"has-post-thumbnail","6":"product_cat-dortoirs","7":"product_cat-commode","8":"product_cat-console","9":"product_cat-salon","11":"first","12":"instock","13":"shipping-taxable","14":"product-type-simple"},"yoast_head":"<!-- This site is optimized with the Yoast SEO plugin v27.2 - https:\/\/yoast.com\/product\/yoast-seo-wordpress\/ -->\n<title>Poign\u00e9e \u00e0 pointe diamant\u00e9e confortable en bois 87X100X32. | mueble4you<\/title>\n<meta name=\"robots\" content=\"index, follow, max-snippet:-1, max-image-preview:large, max-video-preview:-1\" \/>\n<link rel=\"canonical\" href=\"https:\/\/mueble4you.com\/fr\/productos\/poignee-a-pointe-diamantee-confortable-en-bois-87x100x32\/\" \/>\n<meta property=\"og:locale\" content=\"fr_FR\" \/>\n<meta property=\"og:type\" content=\"article\" \/>\n<meta property=\"og:title\" content=\"Poign\u00e9e \u00e0 pointe diamant\u00e9e confortable en bois 87X100X32. | mueble4you\" \/>\n<meta property=\"og:description\" content=\"Poign\u00e9e \u00e0 pointe diamant\u00e9e confortable en bois 87X100X32. COFFRE DE COLLECTION DIAMANT RECYCL\u00c9 DE 2 TIROIRS ET 2 PORTES EN BOIS RECYCL\u00c9. AVEC \u00c9TAG\u00c8RE INT\u00c9RIEURE. COLLECTION: DIAMANT RECYCL\u00c9. MAT\u00c9RIEL: PIEDS EN BOIS RECYCL\u00c9 ET EN FER. COULEUR: MULTICOLORE ET JAMBES NOIRES. CARACT\u00c9RISTIQUES: MEUBLES EXPOS\u00c9S \u00c0 DES VARIATIONS DE COULEURS DANS LA CONCEPTION. MESURES: 87 cm [...]\" \/>\n<meta property=\"og:url\" content=\"https:\/\/mueble4you.com\/fr\/productos\/poignee-a-pointe-diamantee-confortable-en-bois-87x100x32\/\" \/>\n<meta property=\"og:site_name\" content=\"mueble4you\" \/>\n<meta property=\"article:modified_time\" content=\"2021-04-13T14:49:25+00:00\" \/>\n<meta property=\"og:image\" content=\"https:\/\/mueble4you.com\/wp-content\/uploads\/2021\/04\/6425-2.jpg\" \/>\n\t<meta property=\"og:image:width\" content=\"480\" \/>\n\t<meta property=\"og:image:height\" content=\"521\" \/>\n\t<meta property=\"og:image:type\" content=\"image\/jpeg\" \/>\n<meta name=\"twitter:card\" content=\"summary_large_image\" \/>\n<script type=\"application\/ld+json\" class=\"yoast-schema-graph\">{\"@context\":\"https:\/\/schema.org\",\"@graph\":[{\"@type\":\"WebPage\",\"@id\":\"https:\/\/mueble4you.com\/fr\/productos\/poignee-a-pointe-diamantee-confortable-en-bois-87x100x32\/\",\"url\":\"https:\/\/mueble4you.com\/fr\/productos\/poignee-a-pointe-diamantee-confortable-en-bois-87x100x32\/\",\"name\":\"Poign\u00e9e \u00e0 pointe diamant\u00e9e confortable en bois 87X100X32. | mueble4you\",\"isPartOf\":{\"@id\":\"https:\/\/mueble4you.com\/#website\"},\"primaryImageOfPage\":{\"@id\":\"https:\/\/mueble4you.com\/fr\/productos\/poignee-a-pointe-diamantee-confortable-en-bois-87x100x32\/#primaryimage\"},\"image\":{\"@id\":\"https:\/\/mueble4you.com\/fr\/productos\/poignee-a-pointe-diamantee-confortable-en-bois-87x100x32\/#primaryimage\"},\"thumbnailUrl\":\"https:\/\/mueble4you.com\/wp-content\/uploads\/2021\/04\/6425-2.jpg\",\"datePublished\":\"2021-04-09T09:54:08+00:00\",\"dateModified\":\"2021-04-13T14:49:25+00:00\",\"breadcrumb\":{\"@id\":\"https:\/\/mueble4you.com\/fr\/productos\/poignee-a-pointe-diamantee-confortable-en-bois-87x100x32\/#breadcrumb\"},\"inLanguage\":\"fr-FR\",\"potentialAction\":[{\"@type\":\"ReadAction\",\"target\":[\"https:\/\/mueble4you.com\/fr\/productos\/poignee-a-pointe-diamantee-confortable-en-bois-87x100x32\/\"]}]},{\"@type\":\"ImageObject\",\"inLanguage\":\"fr-FR\",\"@id\":\"https:\/\/mueble4you.com\/fr\/productos\/poignee-a-pointe-diamantee-confortable-en-bois-87x100x32\/#primaryimage\",\"url\":\"https:\/\/mueble4you.com\/wp-content\/uploads\/2021\/04\/6425-2.jpg\",\"contentUrl\":\"https:\/\/mueble4you.com\/wp-content\/uploads\/2021\/04\/6425-2.jpg\",\"width\":480,\"height\":521},{\"@type\":\"BreadcrumbList\",\"@id\":\"https:\/\/mueble4you.com\/fr\/productos\/poignee-a-pointe-diamantee-confortable-en-bois-87x100x32\/#breadcrumb\",\"itemListElement\":[{\"@type\":\"ListItem\",\"position\":1,\"name\":\"Portada\",\"item\":\"https:\/\/mueble4you.com\/fr\/\"},{\"@type\":\"ListItem\",\"position\":2,\"name\":\"Productos\",\"item\":\"https:\/\/mueble4you.com\/productos\/\"},{\"@type\":\"ListItem\",\"position\":3,\"name\":\"Poign\u00e9e \u00e0 pointe diamant\u00e9e confortable en bois 87X100X32.\"}]},{\"@type\":\"WebSite\",\"@id\":\"https:\/\/mueble4you.com\/#website\",\"url\":\"https:\/\/mueble4you.com\/\",\"name\":\"mueble4you\",\"description\":\"Meubles \u00e0 Tenerife\",\"potentialAction\":[{\"@type\":\"SearchAction\",\"target\":{\"@type\":\"EntryPoint\",\"urlTemplate\":\"https:\/\/mueble4you.com\/?s={search_term_string}\"},\"query-input\":{\"@type\":\"PropertyValueSpecification\",\"valueRequired\":true,\"valueName\":\"search_term_string\"}}],\"inLanguage\":\"fr-FR\"}]}<\/script>\n<!-- \/ Yoast SEO plugin. -->","yoast_head_json":{"title":"Poign\u00e9e \u00e0 pointe diamant\u00e9e confortable en bois 87X100X32. | mueble4you","robots":{"index":"index","follow":"follow","max-snippet":"max-snippet:-1","max-image-preview":"max-image-preview:large","max-video-preview":"max-video-preview:-1"},"canonical":"https:\/\/mueble4you.com\/fr\/productos\/poignee-a-pointe-diamantee-confortable-en-bois-87x100x32\/","og_locale":"fr_FR","og_type":"article","og_title":"Poign\u00e9e \u00e0 pointe diamant\u00e9e confortable en bois 87X100X32. | mueble4you","og_description":"Poign\u00e9e \u00e0 pointe diamant\u00e9e confortable en bois 87X100X32. COFFRE DE COLLECTION DIAMANT RECYCL\u00c9 DE 2 TIROIRS ET 2 PORTES EN BOIS RECYCL\u00c9. AVEC \u00c9TAG\u00c8RE INT\u00c9RIEURE. COLLECTION: DIAMANT RECYCL\u00c9. MAT\u00c9RIEL: PIEDS EN BOIS RECYCL\u00c9 ET EN FER. COULEUR: MULTICOLORE ET JAMBES NOIRES. CARACT\u00c9RISTIQUES: MEUBLES EXPOS\u00c9S \u00c0 DES VARIATIONS DE COULEURS DANS LA CONCEPTION. MESURES: 87 cm [...]","og_url":"https:\/\/mueble4you.com\/fr\/productos\/poignee-a-pointe-diamantee-confortable-en-bois-87x100x32\/","og_site_name":"mueble4you","article_modified_time":"2021-04-13T14:49:25+00:00","og_image":[{"width":480,"height":521,"url":"https:\/\/mueble4you.com\/wp-content\/uploads\/2021\/04\/6425-2.jpg","type":"image\/jpeg"}],"twitter_card":"summary_large_image","schema":{"@context":"https:\/\/schema.org","@graph":[{"@type":"WebPage","@id":"https:\/\/mueble4you.com\/fr\/productos\/poignee-a-pointe-diamantee-confortable-en-bois-87x100x32\/","url":"https:\/\/mueble4you.com\/fr\/productos\/poignee-a-pointe-diamantee-confortable-en-bois-87x100x32\/","name":"Poign\u00e9e \u00e0 pointe diamant\u00e9e confortable en bois 87X100X32. | mueble4you","isPartOf":{"@id":"https:\/\/mueble4you.com\/#website"},"primaryImageOfPage":{"@id":"https:\/\/mueble4you.com\/fr\/productos\/poignee-a-pointe-diamantee-confortable-en-bois-87x100x32\/#primaryimage"},"image":{"@id":"https:\/\/mueble4you.com\/fr\/productos\/poignee-a-pointe-diamantee-confortable-en-bois-87x100x32\/#primaryimage"},"thumbnailUrl":"https:\/\/mueble4you.com\/wp-content\/uploads\/2021\/04\/6425-2.jpg","datePublished":"2021-04-09T09:54:08+00:00","dateModified":"2021-04-13T14:49:25+00:00","breadcrumb":{"@id":"https:\/\/mueble4you.com\/fr\/productos\/poignee-a-pointe-diamantee-confortable-en-bois-87x100x32\/#breadcrumb"},"inLanguage":"fr-FR","potentialAction":[{"@type":"ReadAction","target":["https:\/\/mueble4you.com\/fr\/productos\/poignee-a-pointe-diamantee-confortable-en-bois-87x100x32\/"]}]},{"@type":"ImageObject","inLanguage":"fr-FR","@id":"https:\/\/mueble4you.com\/fr\/productos\/poignee-a-pointe-diamantee-confortable-en-bois-87x100x32\/#primaryimage","url":"https:\/\/mueble4you.com\/wp-content\/uploads\/2021\/04\/6425-2.jpg","contentUrl":"https:\/\/mueble4you.com\/wp-content\/uploads\/2021\/04\/6425-2.jpg","width":480,"height":521},{"@type":"BreadcrumbList","@id":"https:\/\/mueble4you.com\/fr\/productos\/poignee-a-pointe-diamantee-confortable-en-bois-87x100x32\/#breadcrumb","itemListElement":[{"@type":"ListItem","position":1,"name":"Portada","item":"https:\/\/mueble4you.com\/fr\/"},{"@type":"ListItem","position":2,"name":"Productos","item":"https:\/\/mueble4you.com\/productos\/"},{"@type":"ListItem","position":3,"name":"Poign\u00e9e \u00e0 pointe diamant\u00e9e confortable en bois 87X100X32."}]},{"@type":"WebSite","@id":"https:\/\/mueble4you.com\/#website","url":"https:\/\/mueble4you.com\/","name":"mueble4you","description":"Meubles \u00e0 Tenerife","potentialAction":[{"@type":"SearchAction","target":{"@type":"EntryPoint","urlTemplate":"https:\/\/mueble4you.com\/?s={search_term_string}"},"query-input":{"@type":"PropertyValueSpecification","valueRequired":true,"valueName":"search_term_string"}}],"inLanguage":"fr-FR"}]}},"_links":{"self":[{"href":"https:\/\/mueble4you.com\/fr\/wp-json\/wp\/v2\/product\/45445","targetHints":{"allow":["GET"]}}],"collection":[{"href":"https:\/\/mueble4you.com\/fr\/wp-json\/wp\/v2\/product"}],"about":[{"href":"https:\/\/mueble4you.com\/fr\/wp-json\/wp\/v2\/types\/product"}],"wp:featuredmedia":[{"embeddable":true,"href":"https:\/\/mueble4you.com\/fr\/wp-json\/wp\/v2\/media\/45436"}],"wp:attachment":[{"href":"https:\/\/mueble4you.com\/fr\/wp-json\/wp\/v2\/media?parent=45445"}],"wp:term":[{"taxonomy":"product_brand","embeddable":true,"href":"https:\/\/mueble4you.com\/fr\/wp-json\/wp\/v2\/product_brand?post=45445"},{"taxonomy":"product_cat","embeddable":true,"href":"https:\/\/mueble4you.com\/fr\/wp-json\/wp\/v2\/product_cat?post=45445"},{"taxonomy":"product_tag","embeddable":true,"href":"https:\/\/mueble4you.com\/fr\/wp-json\/wp\/v2\/product_tag?post=45445"}],"curies":[{"name":"wp","href":"https:\/\/api.w.org\/{rel}","templated":true}]}}