{"id":44135,"date":"2021-03-09T15:06:28","date_gmt":"2021-03-09T15:06:28","guid":{"rendered":"https:\/\/mueble4you.com\/?post_type=product&#038;p=44135"},"modified":"2021-03-09T16:38:19","modified_gmt":"2021-03-09T16:38:19","slug":"monte-carlo-canape","status":"publish","type":"product","link":"https:\/\/mueble4you.com\/fr\/productos\/monte-carlo-canape\/","title":{"rendered":"Monte Carlo, canap\u00e9."},"content":{"rendered":"<ul>\n<li id=\"tw-target-text\" class=\"tw-data-text tw-text-large XcVN5d tw-ta\" dir=\"ltr\" data-placeholder=\"Traduction\"><span lang=\"fr\">Mesures: 235 x102 cm. <\/span><\/li>\n<li class=\"tw-data-text tw-text-large XcVN5d tw-ta\" dir=\"ltr\" data-placeholder=\"Traduction\"><span lang=\"fr\">Couleur: Alchimia 700 ou turquoise.<\/span><\/li>\n<li class=\"tw-data-text tw-text-large XcVN5d tw-ta\" dir=\"ltr\" data-placeholder=\"Traduction\"><span lang=\"fr\">Rembourr\u00e9 en tissu, hydrofuge, facile \u00e0 nettoyer, r\u00e9sistant aux taches de vin, d&rsquo;huile et de caf\u00e9.<\/span><\/li>\n<li class=\"tw-data-text tw-text-large XcVN5d tw-ta\" dir=\"ltr\" data-placeholder=\"Traduction\"><span lang=\"fr\">Tissu effet velours.<\/span><\/li>\n<\/ul>\n","protected":false},"excerpt":{"rendered":"<p>Mesures: 235 x102 cm. Couleur: Alchimia 700 ou turquoise. Rembourr\u00e9 en tissu, hydrofuge, facile \u00e0 nettoyer, r\u00e9sistant aux taches de vin, d&rsquo;huile et de caf\u00e9. Tissu effet velours.<\/p>\n","protected":false},"featured_media":44131,"template":"","meta":[],"product_brand":[],"product_cat":[205,204],"product_tag":[],"class_list":{"0":"post-44135","1":"product","2":"type-product","3":"status-publish","4":"has-post-thumbnail","6":"product_cat-canapes","7":"product_cat-salon","9":"first","10":"instock","11":"shipping-taxable","12":"product-type-simple"},"yoast_head":"<!-- This site is optimized with the Yoast SEO plugin v27.2 - https:\/\/yoast.com\/product\/yoast-seo-wordpress\/ -->\n<title>Monte Carlo, canap\u00e9. | mueble4you<\/title>\n<meta name=\"robots\" content=\"index, follow, max-snippet:-1, max-image-preview:large, max-video-preview:-1\" \/>\n<link rel=\"canonical\" href=\"https:\/\/mueble4you.com\/fr\/productos\/monte-carlo-canape\/\" \/>\n<meta property=\"og:locale\" content=\"fr_FR\" \/>\n<meta property=\"og:type\" content=\"article\" \/>\n<meta property=\"og:title\" content=\"Monte Carlo, canap\u00e9. | mueble4you\" \/>\n<meta property=\"og:description\" content=\"Mesures: 235 x102 cm. Couleur: Alchimia 700 ou turquoise. Rembourr\u00e9 en tissu, hydrofuge, facile \u00e0 nettoyer, r\u00e9sistant aux taches de vin, d&rsquo;huile et de caf\u00e9. Tissu effet velours.\" \/>\n<meta property=\"og:url\" content=\"https:\/\/mueble4you.com\/fr\/productos\/monte-carlo-canape\/\" \/>\n<meta property=\"og:site_name\" content=\"mueble4you\" \/>\n<meta property=\"article:modified_time\" content=\"2021-03-09T16:38:19+00:00\" \/>\n<meta property=\"og:image\" content=\"https:\/\/mueble4you.com\/wp-content\/uploads\/2021\/03\/SOFA-AZUL-NUEVO.jpg\" \/>\n\t<meta property=\"og:image:width\" content=\"517\" \/>\n\t<meta property=\"og:image:height\" content=\"687\" \/>\n\t<meta property=\"og:image:type\" content=\"image\/jpeg\" \/>\n<meta name=\"twitter:card\" content=\"summary_large_image\" \/>\n<script type=\"application\/ld+json\" class=\"yoast-schema-graph\">{\"@context\":\"https:\/\/schema.org\",\"@graph\":[{\"@type\":\"WebPage\",\"@id\":\"https:\/\/mueble4you.com\/fr\/productos\/monte-carlo-canape\/\",\"url\":\"https:\/\/mueble4you.com\/fr\/productos\/monte-carlo-canape\/\",\"name\":\"Monte Carlo, canap\u00e9. | mueble4you\",\"isPartOf\":{\"@id\":\"https:\/\/mueble4you.com\/#website\"},\"primaryImageOfPage\":{\"@id\":\"https:\/\/mueble4you.com\/fr\/productos\/monte-carlo-canape\/#primaryimage\"},\"image\":{\"@id\":\"https:\/\/mueble4you.com\/fr\/productos\/monte-carlo-canape\/#primaryimage\"},\"thumbnailUrl\":\"https:\/\/mueble4you.com\/wp-content\/uploads\/2021\/03\/SOFA-AZUL-NUEVO.jpg\",\"datePublished\":\"2021-03-09T15:06:28+00:00\",\"dateModified\":\"2021-03-09T16:38:19+00:00\",\"breadcrumb\":{\"@id\":\"https:\/\/mueble4you.com\/fr\/productos\/monte-carlo-canape\/#breadcrumb\"},\"inLanguage\":\"fr-FR\",\"potentialAction\":[{\"@type\":\"ReadAction\",\"target\":[\"https:\/\/mueble4you.com\/fr\/productos\/monte-carlo-canape\/\"]}]},{\"@type\":\"ImageObject\",\"inLanguage\":\"fr-FR\",\"@id\":\"https:\/\/mueble4you.com\/fr\/productos\/monte-carlo-canape\/#primaryimage\",\"url\":\"https:\/\/mueble4you.com\/wp-content\/uploads\/2021\/03\/SOFA-AZUL-NUEVO.jpg\",\"contentUrl\":\"https:\/\/mueble4you.com\/wp-content\/uploads\/2021\/03\/SOFA-AZUL-NUEVO.jpg\",\"width\":517,\"height\":687},{\"@type\":\"BreadcrumbList\",\"@id\":\"https:\/\/mueble4you.com\/fr\/productos\/monte-carlo-canape\/#breadcrumb\",\"itemListElement\":[{\"@type\":\"ListItem\",\"position\":1,\"name\":\"Portada\",\"item\":\"https:\/\/mueble4you.com\/fr\/\"},{\"@type\":\"ListItem\",\"position\":2,\"name\":\"Productos\",\"item\":\"https:\/\/mueble4you.com\/productos\/\"},{\"@type\":\"ListItem\",\"position\":3,\"name\":\"Monte Carlo, canap\u00e9.\"}]},{\"@type\":\"WebSite\",\"@id\":\"https:\/\/mueble4you.com\/#website\",\"url\":\"https:\/\/mueble4you.com\/\",\"name\":\"mueble4you\",\"description\":\"Meubles \u00e0 Tenerife\",\"potentialAction\":[{\"@type\":\"SearchAction\",\"target\":{\"@type\":\"EntryPoint\",\"urlTemplate\":\"https:\/\/mueble4you.com\/?s={search_term_string}\"},\"query-input\":{\"@type\":\"PropertyValueSpecification\",\"valueRequired\":true,\"valueName\":\"search_term_string\"}}],\"inLanguage\":\"fr-FR\"}]}<\/script>\n<!-- \/ Yoast SEO plugin. -->","yoast_head_json":{"title":"Monte Carlo, canap\u00e9. | mueble4you","robots":{"index":"index","follow":"follow","max-snippet":"max-snippet:-1","max-image-preview":"max-image-preview:large","max-video-preview":"max-video-preview:-1"},"canonical":"https:\/\/mueble4you.com\/fr\/productos\/monte-carlo-canape\/","og_locale":"fr_FR","og_type":"article","og_title":"Monte Carlo, canap\u00e9. | mueble4you","og_description":"Mesures: 235 x102 cm. Couleur: Alchimia 700 ou turquoise. Rembourr\u00e9 en tissu, hydrofuge, facile \u00e0 nettoyer, r\u00e9sistant aux taches de vin, d&rsquo;huile et de caf\u00e9. Tissu effet velours.","og_url":"https:\/\/mueble4you.com\/fr\/productos\/monte-carlo-canape\/","og_site_name":"mueble4you","article_modified_time":"2021-03-09T16:38:19+00:00","og_image":[{"width":517,"height":687,"url":"https:\/\/mueble4you.com\/wp-content\/uploads\/2021\/03\/SOFA-AZUL-NUEVO.jpg","type":"image\/jpeg"}],"twitter_card":"summary_large_image","schema":{"@context":"https:\/\/schema.org","@graph":[{"@type":"WebPage","@id":"https:\/\/mueble4you.com\/fr\/productos\/monte-carlo-canape\/","url":"https:\/\/mueble4you.com\/fr\/productos\/monte-carlo-canape\/","name":"Monte Carlo, canap\u00e9. | mueble4you","isPartOf":{"@id":"https:\/\/mueble4you.com\/#website"},"primaryImageOfPage":{"@id":"https:\/\/mueble4you.com\/fr\/productos\/monte-carlo-canape\/#primaryimage"},"image":{"@id":"https:\/\/mueble4you.com\/fr\/productos\/monte-carlo-canape\/#primaryimage"},"thumbnailUrl":"https:\/\/mueble4you.com\/wp-content\/uploads\/2021\/03\/SOFA-AZUL-NUEVO.jpg","datePublished":"2021-03-09T15:06:28+00:00","dateModified":"2021-03-09T16:38:19+00:00","breadcrumb":{"@id":"https:\/\/mueble4you.com\/fr\/productos\/monte-carlo-canape\/#breadcrumb"},"inLanguage":"fr-FR","potentialAction":[{"@type":"ReadAction","target":["https:\/\/mueble4you.com\/fr\/productos\/monte-carlo-canape\/"]}]},{"@type":"ImageObject","inLanguage":"fr-FR","@id":"https:\/\/mueble4you.com\/fr\/productos\/monte-carlo-canape\/#primaryimage","url":"https:\/\/mueble4you.com\/wp-content\/uploads\/2021\/03\/SOFA-AZUL-NUEVO.jpg","contentUrl":"https:\/\/mueble4you.com\/wp-content\/uploads\/2021\/03\/SOFA-AZUL-NUEVO.jpg","width":517,"height":687},{"@type":"BreadcrumbList","@id":"https:\/\/mueble4you.com\/fr\/productos\/monte-carlo-canape\/#breadcrumb","itemListElement":[{"@type":"ListItem","position":1,"name":"Portada","item":"https:\/\/mueble4you.com\/fr\/"},{"@type":"ListItem","position":2,"name":"Productos","item":"https:\/\/mueble4you.com\/productos\/"},{"@type":"ListItem","position":3,"name":"Monte Carlo, canap\u00e9."}]},{"@type":"WebSite","@id":"https:\/\/mueble4you.com\/#website","url":"https:\/\/mueble4you.com\/","name":"mueble4you","description":"Meubles \u00e0 Tenerife","potentialAction":[{"@type":"SearchAction","target":{"@type":"EntryPoint","urlTemplate":"https:\/\/mueble4you.com\/?s={search_term_string}"},"query-input":{"@type":"PropertyValueSpecification","valueRequired":true,"valueName":"search_term_string"}}],"inLanguage":"fr-FR"}]}},"_links":{"self":[{"href":"https:\/\/mueble4you.com\/fr\/wp-json\/wp\/v2\/product\/44135","targetHints":{"allow":["GET"]}}],"collection":[{"href":"https:\/\/mueble4you.com\/fr\/wp-json\/wp\/v2\/product"}],"about":[{"href":"https:\/\/mueble4you.com\/fr\/wp-json\/wp\/v2\/types\/product"}],"wp:featuredmedia":[{"embeddable":true,"href":"https:\/\/mueble4you.com\/fr\/wp-json\/wp\/v2\/media\/44131"}],"wp:attachment":[{"href":"https:\/\/mueble4you.com\/fr\/wp-json\/wp\/v2\/media?parent=44135"}],"wp:term":[{"taxonomy":"product_brand","embeddable":true,"href":"https:\/\/mueble4you.com\/fr\/wp-json\/wp\/v2\/product_brand?post=44135"},{"taxonomy":"product_cat","embeddable":true,"href":"https:\/\/mueble4you.com\/fr\/wp-json\/wp\/v2\/product_cat?post=44135"},{"taxonomy":"product_tag","embeddable":true,"href":"https:\/\/mueble4you.com\/fr\/wp-json\/wp\/v2\/product_tag?post=44135"}],"curies":[{"name":"wp","href":"https:\/\/api.w.org\/{rel}","templated":true}]}}