{"id":43551,"date":"2021-02-24T12:25:42","date_gmt":"2021-02-24T12:25:42","guid":{"rendered":"https:\/\/mueble4you.com\/productos\/sofa-velvet-azul-oscuro\/"},"modified":"2021-03-05T15:01:15","modified_gmt":"2021-03-05T15:01:15","slug":"canape-en-velours-bleu-fonce","status":"publish","type":"product","link":"https:\/\/mueble4you.com\/fr\/productos\/canape-en-velours-bleu-fonce\/","title":{"rendered":"Canap\u00e9 en velours bleu fonc\u00e9."},"content":{"rendered":"<ul>\n<li id=\"tw-target-text\" class=\"tw-data-text tw-text-large XcVN5d tw-ta\" dir=\"ltr\" data-placeholder=\"Traducci\u00f3n\"><span lang=\"fr\">R\u00c9F\u00c9RENCE: 920003.<\/span><\/li>\n<li class=\"tw-data-text tw-text-large XcVN5d tw-ta\" dir=\"ltr\" data-placeholder=\"Traducci\u00f3n\"><span lang=\"fr\">DESCRIPTION: CANAP\u00c9 EN VELOURS BLEU FONC\u00c9 2 PLAZAS TWEED 208x99x69.<\/span><\/li>\n<li class=\"tw-data-text tw-text-large XcVN5d tw-ta\" dir=\"ltr\" data-placeholder=\"Traducci\u00f3n\"><span lang=\"fr\">MAT\u00c9RIEL ESPAGNOL: CONTREPLAQU\u00c9 \/ VELOURS \/ ACIER INOXYDABLE.<\/span><\/li>\n<li class=\"tw-data-text tw-text-large XcVN5d tw-ta\" dir=\"ltr\" data-placeholder=\"Traducci\u00f3n\"><span lang=\"fr\">COULEUR: BLEU FONC\u00c9 \/ OR. <\/span><\/li>\n<li class=\"tw-data-text tw-text-large XcVN5d tw-ta\" dir=\"ltr\" data-placeholder=\"Traducci\u00f3n\"><span lang=\"fr\">DIMENSIONS DU PRODUIT (CM): 208\/99\/69.<\/span><\/li>\n<li class=\"tw-data-text tw-text-large XcVN5d tw-ta\" dir=\"ltr\" data-placeholder=\"Traducci\u00f3n\"><span lang=\"fr\">POIDS TOTAL DU PRODUIT (KG): 78.<\/span><\/li>\n<\/ul>\n","protected":false},"excerpt":{"rendered":"<p>R\u00c9F\u00c9RENCE: 920003. DESCRIPTION: CANAP\u00c9 EN VELOURS BLEU FONC\u00c9 2 PLAZAS TWEED 208x99x69. MAT\u00c9RIEL ESPAGNOL: CONTREPLAQU\u00c9 \/ VELOURS \/ ACIER INOXYDABLE. COULEUR: BLEU FONC\u00c9 \/ OR. DIMENSIONS DU PRODUIT (CM): 208\/99\/69. POIDS TOTAL DU PRODUIT (KG): 78.<\/p>\n","protected":false},"featured_media":43547,"template":"","meta":[],"product_brand":[],"product_cat":[205,204],"product_tag":[],"class_list":{"0":"post-43551","1":"product","2":"type-product","3":"status-publish","4":"has-post-thumbnail","6":"product_cat-canapes","7":"product_cat-salon","9":"first","10":"instock","11":"shipping-taxable","12":"product-type-simple"},"yoast_head":"<!-- This site is optimized with the Yoast SEO plugin v27.2 - https:\/\/yoast.com\/product\/yoast-seo-wordpress\/ -->\n<title>Canap\u00e9 en velours bleu fonc\u00e9. | mueble4you<\/title>\n<meta name=\"robots\" content=\"index, follow, max-snippet:-1, max-image-preview:large, max-video-preview:-1\" \/>\n<link rel=\"canonical\" href=\"https:\/\/mueble4you.com\/fr\/productos\/canape-en-velours-bleu-fonce\/\" \/>\n<meta property=\"og:locale\" content=\"fr_FR\" \/>\n<meta property=\"og:type\" content=\"article\" \/>\n<meta property=\"og:title\" content=\"Canap\u00e9 en velours bleu fonc\u00e9. | mueble4you\" \/>\n<meta property=\"og:description\" content=\"R\u00c9F\u00c9RENCE: 920003. DESCRIPTION: CANAP\u00c9 EN VELOURS BLEU FONC\u00c9 2 PLAZAS TWEED 208x99x69. MAT\u00c9RIEL ESPAGNOL: CONTREPLAQU\u00c9 \/ VELOURS \/ ACIER INOXYDABLE. COULEUR: BLEU FONC\u00c9 \/ OR. DIMENSIONS DU PRODUIT (CM): 208\/99\/69. POIDS TOTAL DU PRODUIT (KG): 78.\" \/>\n<meta property=\"og:url\" content=\"https:\/\/mueble4you.com\/fr\/productos\/canape-en-velours-bleu-fonce\/\" \/>\n<meta property=\"og:site_name\" content=\"mueble4you\" \/>\n<meta property=\"article:modified_time\" content=\"2021-03-05T15:01:15+00:00\" \/>\n<meta property=\"og:image\" content=\"https:\/\/mueble4you.com\/wp-content\/uploads\/2021\/02\/sofa-velvet.png\" \/>\n\t<meta property=\"og:image:width\" content=\"1168\" \/>\n\t<meta property=\"og:image:height\" content=\"840\" \/>\n\t<meta property=\"og:image:type\" content=\"image\/png\" \/>\n<meta name=\"twitter:card\" content=\"summary_large_image\" \/>\n<script type=\"application\/ld+json\" class=\"yoast-schema-graph\">{\"@context\":\"https:\/\/schema.org\",\"@graph\":[{\"@type\":\"WebPage\",\"@id\":\"https:\/\/mueble4you.com\/fr\/productos\/canape-en-velours-bleu-fonce\/\",\"url\":\"https:\/\/mueble4you.com\/fr\/productos\/canape-en-velours-bleu-fonce\/\",\"name\":\"Canap\u00e9 en velours bleu fonc\u00e9. | mueble4you\",\"isPartOf\":{\"@id\":\"https:\/\/mueble4you.com\/#website\"},\"primaryImageOfPage\":{\"@id\":\"https:\/\/mueble4you.com\/fr\/productos\/canape-en-velours-bleu-fonce\/#primaryimage\"},\"image\":{\"@id\":\"https:\/\/mueble4you.com\/fr\/productos\/canape-en-velours-bleu-fonce\/#primaryimage\"},\"thumbnailUrl\":\"https:\/\/mueble4you.com\/wp-content\/uploads\/2021\/02\/sofa-velvet.png\",\"datePublished\":\"2021-02-24T12:25:42+00:00\",\"dateModified\":\"2021-03-05T15:01:15+00:00\",\"breadcrumb\":{\"@id\":\"https:\/\/mueble4you.com\/fr\/productos\/canape-en-velours-bleu-fonce\/#breadcrumb\"},\"inLanguage\":\"fr-FR\",\"potentialAction\":[{\"@type\":\"ReadAction\",\"target\":[\"https:\/\/mueble4you.com\/fr\/productos\/canape-en-velours-bleu-fonce\/\"]}]},{\"@type\":\"ImageObject\",\"inLanguage\":\"fr-FR\",\"@id\":\"https:\/\/mueble4you.com\/fr\/productos\/canape-en-velours-bleu-fonce\/#primaryimage\",\"url\":\"https:\/\/mueble4you.com\/wp-content\/uploads\/2021\/02\/sofa-velvet.png\",\"contentUrl\":\"https:\/\/mueble4you.com\/wp-content\/uploads\/2021\/02\/sofa-velvet.png\",\"width\":1168,\"height\":840},{\"@type\":\"BreadcrumbList\",\"@id\":\"https:\/\/mueble4you.com\/fr\/productos\/canape-en-velours-bleu-fonce\/#breadcrumb\",\"itemListElement\":[{\"@type\":\"ListItem\",\"position\":1,\"name\":\"Portada\",\"item\":\"https:\/\/mueble4you.com\/fr\/\"},{\"@type\":\"ListItem\",\"position\":2,\"name\":\"Productos\",\"item\":\"https:\/\/mueble4you.com\/productos\/\"},{\"@type\":\"ListItem\",\"position\":3,\"name\":\"Canap\u00e9 en velours bleu fonc\u00e9.\"}]},{\"@type\":\"WebSite\",\"@id\":\"https:\/\/mueble4you.com\/#website\",\"url\":\"https:\/\/mueble4you.com\/\",\"name\":\"mueble4you\",\"description\":\"Meubles \u00e0 Tenerife\",\"potentialAction\":[{\"@type\":\"SearchAction\",\"target\":{\"@type\":\"EntryPoint\",\"urlTemplate\":\"https:\/\/mueble4you.com\/?s={search_term_string}\"},\"query-input\":{\"@type\":\"PropertyValueSpecification\",\"valueRequired\":true,\"valueName\":\"search_term_string\"}}],\"inLanguage\":\"fr-FR\"}]}<\/script>\n<!-- \/ Yoast SEO plugin. -->","yoast_head_json":{"title":"Canap\u00e9 en velours bleu fonc\u00e9. | mueble4you","robots":{"index":"index","follow":"follow","max-snippet":"max-snippet:-1","max-image-preview":"max-image-preview:large","max-video-preview":"max-video-preview:-1"},"canonical":"https:\/\/mueble4you.com\/fr\/productos\/canape-en-velours-bleu-fonce\/","og_locale":"fr_FR","og_type":"article","og_title":"Canap\u00e9 en velours bleu fonc\u00e9. | mueble4you","og_description":"R\u00c9F\u00c9RENCE: 920003. DESCRIPTION: CANAP\u00c9 EN VELOURS BLEU FONC\u00c9 2 PLAZAS TWEED 208x99x69. MAT\u00c9RIEL ESPAGNOL: CONTREPLAQU\u00c9 \/ VELOURS \/ ACIER INOXYDABLE. COULEUR: BLEU FONC\u00c9 \/ OR. DIMENSIONS DU PRODUIT (CM): 208\/99\/69. POIDS TOTAL DU PRODUIT (KG): 78.","og_url":"https:\/\/mueble4you.com\/fr\/productos\/canape-en-velours-bleu-fonce\/","og_site_name":"mueble4you","article_modified_time":"2021-03-05T15:01:15+00:00","og_image":[{"width":1168,"height":840,"url":"https:\/\/mueble4you.com\/wp-content\/uploads\/2021\/02\/sofa-velvet.png","type":"image\/png"}],"twitter_card":"summary_large_image","schema":{"@context":"https:\/\/schema.org","@graph":[{"@type":"WebPage","@id":"https:\/\/mueble4you.com\/fr\/productos\/canape-en-velours-bleu-fonce\/","url":"https:\/\/mueble4you.com\/fr\/productos\/canape-en-velours-bleu-fonce\/","name":"Canap\u00e9 en velours bleu fonc\u00e9. | mueble4you","isPartOf":{"@id":"https:\/\/mueble4you.com\/#website"},"primaryImageOfPage":{"@id":"https:\/\/mueble4you.com\/fr\/productos\/canape-en-velours-bleu-fonce\/#primaryimage"},"image":{"@id":"https:\/\/mueble4you.com\/fr\/productos\/canape-en-velours-bleu-fonce\/#primaryimage"},"thumbnailUrl":"https:\/\/mueble4you.com\/wp-content\/uploads\/2021\/02\/sofa-velvet.png","datePublished":"2021-02-24T12:25:42+00:00","dateModified":"2021-03-05T15:01:15+00:00","breadcrumb":{"@id":"https:\/\/mueble4you.com\/fr\/productos\/canape-en-velours-bleu-fonce\/#breadcrumb"},"inLanguage":"fr-FR","potentialAction":[{"@type":"ReadAction","target":["https:\/\/mueble4you.com\/fr\/productos\/canape-en-velours-bleu-fonce\/"]}]},{"@type":"ImageObject","inLanguage":"fr-FR","@id":"https:\/\/mueble4you.com\/fr\/productos\/canape-en-velours-bleu-fonce\/#primaryimage","url":"https:\/\/mueble4you.com\/wp-content\/uploads\/2021\/02\/sofa-velvet.png","contentUrl":"https:\/\/mueble4you.com\/wp-content\/uploads\/2021\/02\/sofa-velvet.png","width":1168,"height":840},{"@type":"BreadcrumbList","@id":"https:\/\/mueble4you.com\/fr\/productos\/canape-en-velours-bleu-fonce\/#breadcrumb","itemListElement":[{"@type":"ListItem","position":1,"name":"Portada","item":"https:\/\/mueble4you.com\/fr\/"},{"@type":"ListItem","position":2,"name":"Productos","item":"https:\/\/mueble4you.com\/productos\/"},{"@type":"ListItem","position":3,"name":"Canap\u00e9 en velours bleu fonc\u00e9."}]},{"@type":"WebSite","@id":"https:\/\/mueble4you.com\/#website","url":"https:\/\/mueble4you.com\/","name":"mueble4you","description":"Meubles \u00e0 Tenerife","potentialAction":[{"@type":"SearchAction","target":{"@type":"EntryPoint","urlTemplate":"https:\/\/mueble4you.com\/?s={search_term_string}"},"query-input":{"@type":"PropertyValueSpecification","valueRequired":true,"valueName":"search_term_string"}}],"inLanguage":"fr-FR"}]}},"_links":{"self":[{"href":"https:\/\/mueble4you.com\/fr\/wp-json\/wp\/v2\/product\/43551","targetHints":{"allow":["GET"]}}],"collection":[{"href":"https:\/\/mueble4you.com\/fr\/wp-json\/wp\/v2\/product"}],"about":[{"href":"https:\/\/mueble4you.com\/fr\/wp-json\/wp\/v2\/types\/product"}],"wp:featuredmedia":[{"embeddable":true,"href":"https:\/\/mueble4you.com\/fr\/wp-json\/wp\/v2\/media\/43547"}],"wp:attachment":[{"href":"https:\/\/mueble4you.com\/fr\/wp-json\/wp\/v2\/media?parent=43551"}],"wp:term":[{"taxonomy":"product_brand","embeddable":true,"href":"https:\/\/mueble4you.com\/fr\/wp-json\/wp\/v2\/product_brand?post=43551"},{"taxonomy":"product_cat","embeddable":true,"href":"https:\/\/mueble4you.com\/fr\/wp-json\/wp\/v2\/product_cat?post=43551"},{"taxonomy":"product_tag","embeddable":true,"href":"https:\/\/mueble4you.com\/fr\/wp-json\/wp\/v2\/product_tag?post=43551"}],"curies":[{"name":"wp","href":"https:\/\/api.w.org\/{rel}","templated":true}]}}