{"id":43093,"date":"2021-02-03T16:14:24","date_gmt":"2021-02-03T16:14:24","guid":{"rendered":"https:\/\/mueble4you.com\/productos\/osbert-mesa-de-comedor\/"},"modified":"2021-02-05T16:25:44","modified_gmt":"2021-02-05T16:25:44","slug":"osbert-table-a-manger","status":"publish","type":"product","link":"https:\/\/mueble4you.com\/fr\/productos\/osbert-table-a-manger\/","title":{"rendered":"Osbert, table \u00e0 manger."},"content":{"rendered":"<ul>\n<li id=\"tw-target-text\" class=\"tw-data-text tw-text-large XcVN5d tw-ta\" dir=\"ltr\" data-placeholder=\"Traducci\u00f3n\"><span lang=\"fr\">Pieds en acier inoxydable.<\/span><\/li>\n<li class=\"tw-data-text tw-text-large XcVN5d tw-ta\" dir=\"ltr\" data-placeholder=\"Traducci\u00f3n\"><span lang=\"fr\">Planche de bois d&rsquo;acacia (section de coffre d&rsquo;origine). Finition \u00e0 base de nitrocellulose.<\/span><\/li>\n<li class=\"tw-data-text tw-text-large XcVN5d tw-ta\" dir=\"ltr\" data-placeholder=\"Traducci\u00f3n\"><span lang=\"fr\">\u00c9tant une planche faite \u00e0 la main, les formes et les mesures du bois sont indicatives. <\/span><\/li>\n<li class=\"tw-data-text tw-text-large XcVN5d tw-ta\" dir=\"ltr\" data-placeholder=\"Traducci\u00f3n\"><span lang=\"fr\">Chaque produit est diff\u00e9rent et unique. <\/span><\/li>\n<li class=\"tw-data-text tw-text-large XcVN5d tw-ta\" dir=\"ltr\" data-placeholder=\"Traducci\u00f3n\"><span lang=\"fr\">Mesures: 220X100X78 cm.<\/span><\/li>\n<\/ul>\n","protected":false},"excerpt":{"rendered":"<p>Pieds en acier inoxydable. Planche de bois d&rsquo;acacia (section de coffre d&rsquo;origine). Finition \u00e0 base de nitrocellulose. \u00c9tant une planche faite \u00e0 la main, les formes et les mesures du bois sont indicatives. Chaque produit est diff\u00e9rent et unique. Mesures: 220X100X78 cm.<\/p>\n","protected":false},"featured_media":43074,"template":"","meta":[],"product_brand":[],"product_cat":[199,348],"product_tag":[],"class_list":{"0":"post-43093","1":"product","2":"type-product","3":"status-publish","4":"has-post-thumbnail","6":"product_cat-eaters","7":"product_cat-tables","9":"first","10":"instock","11":"shipping-taxable","12":"product-type-simple"},"yoast_head":"<!-- This site is optimized with the Yoast SEO plugin v27.3 - https:\/\/yoast.com\/product\/yoast-seo-wordpress\/ -->\n<title>Osbert, table \u00e0 manger. | mueble4you<\/title>\n<meta name=\"robots\" content=\"index, follow, max-snippet:-1, max-image-preview:large, max-video-preview:-1\" \/>\n<link rel=\"canonical\" href=\"https:\/\/mueble4you.com\/fr\/productos\/osbert-table-a-manger\/\" \/>\n<meta property=\"og:locale\" content=\"fr_FR\" \/>\n<meta property=\"og:type\" content=\"article\" \/>\n<meta property=\"og:title\" content=\"Osbert, table \u00e0 manger. | mueble4you\" \/>\n<meta property=\"og:description\" content=\"Pieds en acier inoxydable. Planche de bois d&rsquo;acacia (section de coffre d&rsquo;origine). Finition \u00e0 base de nitrocellulose. \u00c9tant une planche faite \u00e0 la main, les formes et les mesures du bois sont indicatives. Chaque produit est diff\u00e9rent et unique. Mesures: 220X100X78 cm.\" \/>\n<meta property=\"og:url\" content=\"https:\/\/mueble4you.com\/fr\/productos\/osbert-table-a-manger\/\" \/>\n<meta property=\"og:site_name\" content=\"mueble4you\" \/>\n<meta property=\"article:modified_time\" content=\"2021-02-05T16:25:44+00:00\" \/>\n<meta property=\"og:image\" content=\"https:\/\/mueble4you.com\/wp-content\/uploads\/2021\/02\/47109-scaled.jpg\" \/>\n\t<meta property=\"og:image:width\" content=\"2560\" \/>\n\t<meta property=\"og:image:height\" content=\"1707\" \/>\n\t<meta property=\"og:image:type\" content=\"image\/jpeg\" \/>\n<meta name=\"twitter:card\" content=\"summary_large_image\" \/>\n<script type=\"application\/ld+json\" class=\"yoast-schema-graph\">{\"@context\":\"https:\\\/\\\/schema.org\",\"@graph\":[{\"@type\":\"WebPage\",\"@id\":\"https:\\\/\\\/mueble4you.com\\\/fr\\\/productos\\\/osbert-table-a-manger\\\/\",\"url\":\"https:\\\/\\\/mueble4you.com\\\/fr\\\/productos\\\/osbert-table-a-manger\\\/\",\"name\":\"Osbert, table \u00e0 manger. | mueble4you\",\"isPartOf\":{\"@id\":\"https:\\\/\\\/mueble4you.com\\\/#website\"},\"primaryImageOfPage\":{\"@id\":\"https:\\\/\\\/mueble4you.com\\\/fr\\\/productos\\\/osbert-table-a-manger\\\/#primaryimage\"},\"image\":{\"@id\":\"https:\\\/\\\/mueble4you.com\\\/fr\\\/productos\\\/osbert-table-a-manger\\\/#primaryimage\"},\"thumbnailUrl\":\"https:\\\/\\\/mueble4you.com\\\/wp-content\\\/uploads\\\/2021\\\/02\\\/47109-scaled.jpg\",\"datePublished\":\"2021-02-03T16:14:24+00:00\",\"dateModified\":\"2021-02-05T16:25:44+00:00\",\"breadcrumb\":{\"@id\":\"https:\\\/\\\/mueble4you.com\\\/fr\\\/productos\\\/osbert-table-a-manger\\\/#breadcrumb\"},\"inLanguage\":\"fr-FR\",\"potentialAction\":[{\"@type\":\"ReadAction\",\"target\":[\"https:\\\/\\\/mueble4you.com\\\/fr\\\/productos\\\/osbert-table-a-manger\\\/\"]}]},{\"@type\":\"ImageObject\",\"inLanguage\":\"fr-FR\",\"@id\":\"https:\\\/\\\/mueble4you.com\\\/fr\\\/productos\\\/osbert-table-a-manger\\\/#primaryimage\",\"url\":\"https:\\\/\\\/mueble4you.com\\\/wp-content\\\/uploads\\\/2021\\\/02\\\/47109-scaled.jpg\",\"contentUrl\":\"https:\\\/\\\/mueble4you.com\\\/wp-content\\\/uploads\\\/2021\\\/02\\\/47109-scaled.jpg\",\"width\":2560,\"height\":1707},{\"@type\":\"BreadcrumbList\",\"@id\":\"https:\\\/\\\/mueble4you.com\\\/fr\\\/productos\\\/osbert-table-a-manger\\\/#breadcrumb\",\"itemListElement\":[{\"@type\":\"ListItem\",\"position\":1,\"name\":\"Portada\",\"item\":\"https:\\\/\\\/mueble4you.com\\\/fr\\\/\"},{\"@type\":\"ListItem\",\"position\":2,\"name\":\"Productos\",\"item\":\"https:\\\/\\\/mueble4you.com\\\/productos\\\/\"},{\"@type\":\"ListItem\",\"position\":3,\"name\":\"Osbert, table \u00e0 manger.\"}]},{\"@type\":\"WebSite\",\"@id\":\"https:\\\/\\\/mueble4you.com\\\/#website\",\"url\":\"https:\\\/\\\/mueble4you.com\\\/\",\"name\":\"mueble4you\",\"description\":\"Meubles \u00e0 Tenerife\",\"potentialAction\":[{\"@type\":\"SearchAction\",\"target\":{\"@type\":\"EntryPoint\",\"urlTemplate\":\"https:\\\/\\\/mueble4you.com\\\/?s={search_term_string}\"},\"query-input\":{\"@type\":\"PropertyValueSpecification\",\"valueRequired\":true,\"valueName\":\"search_term_string\"}}],\"inLanguage\":\"fr-FR\"}]}<\/script>\n<!-- \/ Yoast SEO plugin. -->","yoast_head_json":{"title":"Osbert, table \u00e0 manger. | mueble4you","robots":{"index":"index","follow":"follow","max-snippet":"max-snippet:-1","max-image-preview":"max-image-preview:large","max-video-preview":"max-video-preview:-1"},"canonical":"https:\/\/mueble4you.com\/fr\/productos\/osbert-table-a-manger\/","og_locale":"fr_FR","og_type":"article","og_title":"Osbert, table \u00e0 manger. | mueble4you","og_description":"Pieds en acier inoxydable. Planche de bois d&rsquo;acacia (section de coffre d&rsquo;origine). Finition \u00e0 base de nitrocellulose. \u00c9tant une planche faite \u00e0 la main, les formes et les mesures du bois sont indicatives. Chaque produit est diff\u00e9rent et unique. Mesures: 220X100X78 cm.","og_url":"https:\/\/mueble4you.com\/fr\/productos\/osbert-table-a-manger\/","og_site_name":"mueble4you","article_modified_time":"2021-02-05T16:25:44+00:00","og_image":[{"width":2560,"height":1707,"url":"https:\/\/mueble4you.com\/wp-content\/uploads\/2021\/02\/47109-scaled.jpg","type":"image\/jpeg"}],"twitter_card":"summary_large_image","schema":{"@context":"https:\/\/schema.org","@graph":[{"@type":"WebPage","@id":"https:\/\/mueble4you.com\/fr\/productos\/osbert-table-a-manger\/","url":"https:\/\/mueble4you.com\/fr\/productos\/osbert-table-a-manger\/","name":"Osbert, table \u00e0 manger. | mueble4you","isPartOf":{"@id":"https:\/\/mueble4you.com\/#website"},"primaryImageOfPage":{"@id":"https:\/\/mueble4you.com\/fr\/productos\/osbert-table-a-manger\/#primaryimage"},"image":{"@id":"https:\/\/mueble4you.com\/fr\/productos\/osbert-table-a-manger\/#primaryimage"},"thumbnailUrl":"https:\/\/mueble4you.com\/wp-content\/uploads\/2021\/02\/47109-scaled.jpg","datePublished":"2021-02-03T16:14:24+00:00","dateModified":"2021-02-05T16:25:44+00:00","breadcrumb":{"@id":"https:\/\/mueble4you.com\/fr\/productos\/osbert-table-a-manger\/#breadcrumb"},"inLanguage":"fr-FR","potentialAction":[{"@type":"ReadAction","target":["https:\/\/mueble4you.com\/fr\/productos\/osbert-table-a-manger\/"]}]},{"@type":"ImageObject","inLanguage":"fr-FR","@id":"https:\/\/mueble4you.com\/fr\/productos\/osbert-table-a-manger\/#primaryimage","url":"https:\/\/mueble4you.com\/wp-content\/uploads\/2021\/02\/47109-scaled.jpg","contentUrl":"https:\/\/mueble4you.com\/wp-content\/uploads\/2021\/02\/47109-scaled.jpg","width":2560,"height":1707},{"@type":"BreadcrumbList","@id":"https:\/\/mueble4you.com\/fr\/productos\/osbert-table-a-manger\/#breadcrumb","itemListElement":[{"@type":"ListItem","position":1,"name":"Portada","item":"https:\/\/mueble4you.com\/fr\/"},{"@type":"ListItem","position":2,"name":"Productos","item":"https:\/\/mueble4you.com\/productos\/"},{"@type":"ListItem","position":3,"name":"Osbert, table \u00e0 manger."}]},{"@type":"WebSite","@id":"https:\/\/mueble4you.com\/#website","url":"https:\/\/mueble4you.com\/","name":"mueble4you","description":"Meubles \u00e0 Tenerife","potentialAction":[{"@type":"SearchAction","target":{"@type":"EntryPoint","urlTemplate":"https:\/\/mueble4you.com\/?s={search_term_string}"},"query-input":{"@type":"PropertyValueSpecification","valueRequired":true,"valueName":"search_term_string"}}],"inLanguage":"fr-FR"}]}},"_links":{"self":[{"href":"https:\/\/mueble4you.com\/fr\/wp-json\/wp\/v2\/product\/43093","targetHints":{"allow":["GET"]}}],"collection":[{"href":"https:\/\/mueble4you.com\/fr\/wp-json\/wp\/v2\/product"}],"about":[{"href":"https:\/\/mueble4you.com\/fr\/wp-json\/wp\/v2\/types\/product"}],"wp:featuredmedia":[{"embeddable":true,"href":"https:\/\/mueble4you.com\/fr\/wp-json\/wp\/v2\/media\/43074"}],"wp:attachment":[{"href":"https:\/\/mueble4you.com\/fr\/wp-json\/wp\/v2\/media?parent=43093"}],"wp:term":[{"taxonomy":"product_brand","embeddable":true,"href":"https:\/\/mueble4you.com\/fr\/wp-json\/wp\/v2\/product_brand?post=43093"},{"taxonomy":"product_cat","embeddable":true,"href":"https:\/\/mueble4you.com\/fr\/wp-json\/wp\/v2\/product_cat?post=43093"},{"taxonomy":"product_tag","embeddable":true,"href":"https:\/\/mueble4you.com\/fr\/wp-json\/wp\/v2\/product_tag?post=43093"}],"curies":[{"name":"wp","href":"https:\/\/api.w.org\/{rel}","templated":true}]}}