{"id":42898,"date":"2021-01-18T14:58:57","date_gmt":"2021-01-18T14:58:57","guid":{"rendered":"https:\/\/mueble4you.com\/?post_type=product&#038;p=42898"},"modified":"2021-01-19T16:02:38","modified_gmt":"2021-01-19T16:02:38","slug":"tabouret-bleu-orange-avec-poignee","status":"publish","type":"product","link":"https:\/\/mueble4you.com\/fr\/productos\/tabouret-bleu-orange-avec-poignee\/","title":{"rendered":"Tabouret, bleu-orange avec poign\u00e9e."},"content":{"rendered":"<h4 id=\"tw-target-text\" class=\"tw-data-text tw-text-large XcVN5d tw-ta\" dir=\"ltr\" data-placeholder=\"Traducci\u00f3n\"><span lang=\"fr\">Tabouret haut sophistiqu\u00e9 avec un design Art d\u00e9co et une inspiration vintage recouvert de pr\u00e9cieux velours bleu et orange avec des d\u00e9tails de surpiq\u00fbres en diamant et une tirette en m\u00e9tal \u00e0 l&rsquo;arri\u00e8re du dossier. Il repose sur d&rsquo;\u00e9l\u00e9gants pieds en m\u00e9tal noir finis en or.<\/span><\/h4>\n<h4 class=\"tw-data-text tw-text-large XcVN5d tw-ta\" dir=\"ltr\" data-placeholder=\"Traducci\u00f3n\"><span lang=\"fr\">Dimensions: 52 x 50 x 99 cm.<\/span><\/h4>\n","protected":false},"excerpt":{"rendered":"<p>Tabouret haut sophistiqu\u00e9 avec un design Art d\u00e9co et une inspiration vintage recouvert de pr\u00e9cieux velours bleu et orange avec des d\u00e9tails de surpiq\u00fbres en diamant et une tirette en m\u00e9tal \u00e0 l&rsquo;arri\u00e8re du dossier. Il repose sur d&rsquo;\u00e9l\u00e9gants pieds en m\u00e9tal noir finis en or. Dimensions: 52 x 50 x 99 cm.<\/p>\n","protected":false},"featured_media":42907,"template":"","meta":[],"product_brand":[],"product_cat":[352,199],"product_tag":[],"class_list":{"0":"post-42898","1":"product","2":"type-product","3":"status-publish","4":"has-post-thumbnail","6":"product_cat-chaises-de-salle-aa-manger","7":"product_cat-eaters","9":"first","10":"instock","11":"shipping-taxable","12":"product-type-simple"},"yoast_head":"<!-- This site is optimized with the Yoast SEO plugin v27.2 - https:\/\/yoast.com\/product\/yoast-seo-wordpress\/ -->\n<title>Tabouret, bleu-orange avec poign\u00e9e. | mueble4you<\/title>\n<meta name=\"robots\" content=\"index, follow, max-snippet:-1, max-image-preview:large, max-video-preview:-1\" \/>\n<link rel=\"canonical\" href=\"https:\/\/mueble4you.com\/fr\/productos\/tabouret-bleu-orange-avec-poignee\/\" \/>\n<meta property=\"og:locale\" content=\"fr_FR\" \/>\n<meta property=\"og:type\" content=\"article\" \/>\n<meta property=\"og:title\" content=\"Tabouret, bleu-orange avec poign\u00e9e. | mueble4you\" \/>\n<meta property=\"og:description\" content=\"Tabouret haut sophistiqu\u00e9 avec un design Art d\u00e9co et une inspiration vintage recouvert de pr\u00e9cieux velours bleu et orange avec des d\u00e9tails de surpiq\u00fbres en diamant et une tirette en m\u00e9tal \u00e0 l&rsquo;arri\u00e8re du dossier. Il repose sur d&rsquo;\u00e9l\u00e9gants pieds en m\u00e9tal noir finis en or. Dimensions: 52 x 50 x 99 cm.\" \/>\n<meta property=\"og:url\" content=\"https:\/\/mueble4you.com\/fr\/productos\/tabouret-bleu-orange-avec-poignee\/\" \/>\n<meta property=\"og:site_name\" content=\"mueble4you\" \/>\n<meta property=\"article:modified_time\" content=\"2021-01-19T16:02:38+00:00\" \/>\n<meta property=\"og:image\" content=\"https:\/\/mueble4you.com\/wp-content\/uploads\/2021\/01\/703067-1.jpg\" \/>\n\t<meta property=\"og:image:width\" content=\"1260\" \/>\n\t<meta property=\"og:image:height\" content=\"1204\" \/>\n\t<meta property=\"og:image:type\" content=\"image\/jpeg\" \/>\n<meta name=\"twitter:card\" content=\"summary_large_image\" \/>\n<script type=\"application\/ld+json\" class=\"yoast-schema-graph\">{\"@context\":\"https:\/\/schema.org\",\"@graph\":[{\"@type\":\"WebPage\",\"@id\":\"https:\/\/mueble4you.com\/fr\/productos\/tabouret-bleu-orange-avec-poignee\/\",\"url\":\"https:\/\/mueble4you.com\/fr\/productos\/tabouret-bleu-orange-avec-poignee\/\",\"name\":\"Tabouret, bleu-orange avec poign\u00e9e. | mueble4you\",\"isPartOf\":{\"@id\":\"https:\/\/mueble4you.com\/#website\"},\"primaryImageOfPage\":{\"@id\":\"https:\/\/mueble4you.com\/fr\/productos\/tabouret-bleu-orange-avec-poignee\/#primaryimage\"},\"image\":{\"@id\":\"https:\/\/mueble4you.com\/fr\/productos\/tabouret-bleu-orange-avec-poignee\/#primaryimage\"},\"thumbnailUrl\":\"https:\/\/mueble4you.com\/wp-content\/uploads\/2021\/01\/703067-1.jpg\",\"datePublished\":\"2021-01-18T14:58:57+00:00\",\"dateModified\":\"2021-01-19T16:02:38+00:00\",\"breadcrumb\":{\"@id\":\"https:\/\/mueble4you.com\/fr\/productos\/tabouret-bleu-orange-avec-poignee\/#breadcrumb\"},\"inLanguage\":\"fr-FR\",\"potentialAction\":[{\"@type\":\"ReadAction\",\"target\":[\"https:\/\/mueble4you.com\/fr\/productos\/tabouret-bleu-orange-avec-poignee\/\"]}]},{\"@type\":\"ImageObject\",\"inLanguage\":\"fr-FR\",\"@id\":\"https:\/\/mueble4you.com\/fr\/productos\/tabouret-bleu-orange-avec-poignee\/#primaryimage\",\"url\":\"https:\/\/mueble4you.com\/wp-content\/uploads\/2021\/01\/703067-1.jpg\",\"contentUrl\":\"https:\/\/mueble4you.com\/wp-content\/uploads\/2021\/01\/703067-1.jpg\",\"width\":1260,\"height\":1204},{\"@type\":\"BreadcrumbList\",\"@id\":\"https:\/\/mueble4you.com\/fr\/productos\/tabouret-bleu-orange-avec-poignee\/#breadcrumb\",\"itemListElement\":[{\"@type\":\"ListItem\",\"position\":1,\"name\":\"Portada\",\"item\":\"https:\/\/mueble4you.com\/fr\/\"},{\"@type\":\"ListItem\",\"position\":2,\"name\":\"Productos\",\"item\":\"https:\/\/mueble4you.com\/productos\/\"},{\"@type\":\"ListItem\",\"position\":3,\"name\":\"Tabouret, bleu-orange avec poign\u00e9e.\"}]},{\"@type\":\"WebSite\",\"@id\":\"https:\/\/mueble4you.com\/#website\",\"url\":\"https:\/\/mueble4you.com\/\",\"name\":\"mueble4you\",\"description\":\"Meubles \u00e0 Tenerife\",\"potentialAction\":[{\"@type\":\"SearchAction\",\"target\":{\"@type\":\"EntryPoint\",\"urlTemplate\":\"https:\/\/mueble4you.com\/?s={search_term_string}\"},\"query-input\":{\"@type\":\"PropertyValueSpecification\",\"valueRequired\":true,\"valueName\":\"search_term_string\"}}],\"inLanguage\":\"fr-FR\"}]}<\/script>\n<!-- \/ Yoast SEO plugin. -->","yoast_head_json":{"title":"Tabouret, bleu-orange avec poign\u00e9e. | mueble4you","robots":{"index":"index","follow":"follow","max-snippet":"max-snippet:-1","max-image-preview":"max-image-preview:large","max-video-preview":"max-video-preview:-1"},"canonical":"https:\/\/mueble4you.com\/fr\/productos\/tabouret-bleu-orange-avec-poignee\/","og_locale":"fr_FR","og_type":"article","og_title":"Tabouret, bleu-orange avec poign\u00e9e. | mueble4you","og_description":"Tabouret haut sophistiqu\u00e9 avec un design Art d\u00e9co et une inspiration vintage recouvert de pr\u00e9cieux velours bleu et orange avec des d\u00e9tails de surpiq\u00fbres en diamant et une tirette en m\u00e9tal \u00e0 l&rsquo;arri\u00e8re du dossier. Il repose sur d&rsquo;\u00e9l\u00e9gants pieds en m\u00e9tal noir finis en or. Dimensions: 52 x 50 x 99 cm.","og_url":"https:\/\/mueble4you.com\/fr\/productos\/tabouret-bleu-orange-avec-poignee\/","og_site_name":"mueble4you","article_modified_time":"2021-01-19T16:02:38+00:00","og_image":[{"width":1260,"height":1204,"url":"https:\/\/mueble4you.com\/wp-content\/uploads\/2021\/01\/703067-1.jpg","type":"image\/jpeg"}],"twitter_card":"summary_large_image","schema":{"@context":"https:\/\/schema.org","@graph":[{"@type":"WebPage","@id":"https:\/\/mueble4you.com\/fr\/productos\/tabouret-bleu-orange-avec-poignee\/","url":"https:\/\/mueble4you.com\/fr\/productos\/tabouret-bleu-orange-avec-poignee\/","name":"Tabouret, bleu-orange avec poign\u00e9e. | mueble4you","isPartOf":{"@id":"https:\/\/mueble4you.com\/#website"},"primaryImageOfPage":{"@id":"https:\/\/mueble4you.com\/fr\/productos\/tabouret-bleu-orange-avec-poignee\/#primaryimage"},"image":{"@id":"https:\/\/mueble4you.com\/fr\/productos\/tabouret-bleu-orange-avec-poignee\/#primaryimage"},"thumbnailUrl":"https:\/\/mueble4you.com\/wp-content\/uploads\/2021\/01\/703067-1.jpg","datePublished":"2021-01-18T14:58:57+00:00","dateModified":"2021-01-19T16:02:38+00:00","breadcrumb":{"@id":"https:\/\/mueble4you.com\/fr\/productos\/tabouret-bleu-orange-avec-poignee\/#breadcrumb"},"inLanguage":"fr-FR","potentialAction":[{"@type":"ReadAction","target":["https:\/\/mueble4you.com\/fr\/productos\/tabouret-bleu-orange-avec-poignee\/"]}]},{"@type":"ImageObject","inLanguage":"fr-FR","@id":"https:\/\/mueble4you.com\/fr\/productos\/tabouret-bleu-orange-avec-poignee\/#primaryimage","url":"https:\/\/mueble4you.com\/wp-content\/uploads\/2021\/01\/703067-1.jpg","contentUrl":"https:\/\/mueble4you.com\/wp-content\/uploads\/2021\/01\/703067-1.jpg","width":1260,"height":1204},{"@type":"BreadcrumbList","@id":"https:\/\/mueble4you.com\/fr\/productos\/tabouret-bleu-orange-avec-poignee\/#breadcrumb","itemListElement":[{"@type":"ListItem","position":1,"name":"Portada","item":"https:\/\/mueble4you.com\/fr\/"},{"@type":"ListItem","position":2,"name":"Productos","item":"https:\/\/mueble4you.com\/productos\/"},{"@type":"ListItem","position":3,"name":"Tabouret, bleu-orange avec poign\u00e9e."}]},{"@type":"WebSite","@id":"https:\/\/mueble4you.com\/#website","url":"https:\/\/mueble4you.com\/","name":"mueble4you","description":"Meubles \u00e0 Tenerife","potentialAction":[{"@type":"SearchAction","target":{"@type":"EntryPoint","urlTemplate":"https:\/\/mueble4you.com\/?s={search_term_string}"},"query-input":{"@type":"PropertyValueSpecification","valueRequired":true,"valueName":"search_term_string"}}],"inLanguage":"fr-FR"}]}},"_links":{"self":[{"href":"https:\/\/mueble4you.com\/fr\/wp-json\/wp\/v2\/product\/42898","targetHints":{"allow":["GET"]}}],"collection":[{"href":"https:\/\/mueble4you.com\/fr\/wp-json\/wp\/v2\/product"}],"about":[{"href":"https:\/\/mueble4you.com\/fr\/wp-json\/wp\/v2\/types\/product"}],"wp:featuredmedia":[{"embeddable":true,"href":"https:\/\/mueble4you.com\/fr\/wp-json\/wp\/v2\/media\/42907"}],"wp:attachment":[{"href":"https:\/\/mueble4you.com\/fr\/wp-json\/wp\/v2\/media?parent=42898"}],"wp:term":[{"taxonomy":"product_brand","embeddable":true,"href":"https:\/\/mueble4you.com\/fr\/wp-json\/wp\/v2\/product_brand?post=42898"},{"taxonomy":"product_cat","embeddable":true,"href":"https:\/\/mueble4you.com\/fr\/wp-json\/wp\/v2\/product_cat?post=42898"},{"taxonomy":"product_tag","embeddable":true,"href":"https:\/\/mueble4you.com\/fr\/wp-json\/wp\/v2\/product_tag?post=42898"}],"curies":[{"name":"wp","href":"https:\/\/api.w.org\/{rel}","templated":true}]}}