{"id":42538,"date":"2020-12-15T15:15:16","date_gmt":"2020-12-15T15:15:16","guid":{"rendered":"https:\/\/mueble4you.com\/productos\/mesa-de-centro-baul-con-ruedas\/"},"modified":"2020-12-17T14:55:51","modified_gmt":"2020-12-17T14:55:51","slug":"table-basse-de-coffre-avec-roues","status":"publish","type":"product","link":"https:\/\/mueble4you.com\/fr\/productos\/table-basse-de-coffre-avec-roues\/","title":{"rendered":"Table basse de coffre avec roues."},"content":{"rendered":"<ul>\n<li id=\"tw-target-text\" class=\"tw-data-text tw-text-large XcVN5d tw-ta\" dir=\"ltr\" data-placeholder=\"Traducci\u00f3n\"><span lang=\"fr\">TABLE BASSE AVEC 5 TIROIRS DE LA COLLECTION VERRIER EN BOIS RECYCL\u00c9, AVEC OUVERTURE SUP\u00c9RIEURE ET GRANDE CAPACIT\u00c9 DE STOCKAGE. <\/span><\/li>\n<li class=\"tw-data-text tw-text-large XcVN5d tw-ta\" dir=\"ltr\" data-placeholder=\"Traducci\u00f3n\"><span lang=\"fr\">COLLECTION: VERRIER.<\/span><\/li>\n<li class=\"tw-data-text tw-text-large XcVN5d tw-ta\" dir=\"ltr\" data-placeholder=\"Traducci\u00f3n\"><span lang=\"fr\">MAT\u00c9RIEL: ROUES EN BOIS ET FER RECYCL\u00c9 AUTHENTIQUES. <\/span><\/li>\n<li class=\"tw-data-text tw-text-large XcVN5d tw-ta\" dir=\"ltr\" data-placeholder=\"Traducci\u00f3n\"><span lang=\"fr\">COULEUR: MULTICOLORE.<\/span><\/li>\n<li class=\"tw-data-text tw-text-large XcVN5d tw-ta\" dir=\"ltr\" data-placeholder=\"Traducci\u00f3n\"><span lang=\"fr\">CARACT\u00c9RISTIQUES: TABLE CENTRALE EXCLUSIVE, EXPOS\u00c9E \u00c0 DES VARIATIONS DE COULEUR DANS LA CONCEPTION. <\/span><\/li>\n<li class=\"tw-data-text tw-text-large XcVN5d tw-ta\" dir=\"ltr\" data-placeholder=\"Traducci\u00f3n\"><span lang=\"fr\">MESURES: 40 cm de haut x 90 cm de large x 90 cm de profondeur<\/span><\/li>\n<\/ul>\n","protected":false},"excerpt":{"rendered":"<p>TABLE BASSE AVEC 5 TIROIRS DE LA COLLECTION VERRIER EN BOIS RECYCL\u00c9, AVEC OUVERTURE SUP\u00c9RIEURE ET GRANDE CAPACIT\u00c9 DE STOCKAGE. COLLECTION: VERRIER. MAT\u00c9RIEL: ROUES EN BOIS ET FER RECYCL\u00c9 AUTHENTIQUES. COULEUR: MULTICOLORE. CARACT\u00c9RISTIQUES: TABLE CENTRALE EXCLUSIVE, EXPOS\u00c9E \u00c0 DES VARIATIONS DE COULEUR DANS LA CONCEPTION. MESURES: 40 cm de haut x 90 cm de large [&#8230;]\n","protected":false},"featured_media":42514,"template":"","meta":[],"product_brand":[],"product_cat":[204,356],"product_tag":[],"class_list":{"0":"post-42538","1":"product","2":"type-product","3":"status-publish","4":"has-post-thumbnail","6":"product_cat-salon","7":"product_cat-table-basse","9":"first","10":"instock","11":"shipping-taxable","12":"product-type-simple"},"yoast_head":"<!-- This site is optimized with the Yoast SEO plugin v27.3 - https:\/\/yoast.com\/product\/yoast-seo-wordpress\/ -->\n<title>Table basse de coffre avec roues. | mueble4you<\/title>\n<meta name=\"robots\" content=\"index, follow, max-snippet:-1, max-image-preview:large, max-video-preview:-1\" \/>\n<link rel=\"canonical\" href=\"https:\/\/mueble4you.com\/fr\/productos\/table-basse-de-coffre-avec-roues\/\" \/>\n<meta property=\"og:locale\" content=\"fr_FR\" \/>\n<meta property=\"og:type\" content=\"article\" \/>\n<meta property=\"og:title\" content=\"Table basse de coffre avec roues. | mueble4you\" \/>\n<meta property=\"og:description\" content=\"TABLE BASSE AVEC 5 TIROIRS DE LA COLLECTION VERRIER EN BOIS RECYCL\u00c9, AVEC OUVERTURE SUP\u00c9RIEURE ET GRANDE CAPACIT\u00c9 DE STOCKAGE. COLLECTION: VERRIER. MAT\u00c9RIEL: ROUES EN BOIS ET FER RECYCL\u00c9 AUTHENTIQUES. COULEUR: MULTICOLORE. CARACT\u00c9RISTIQUES: TABLE CENTRALE EXCLUSIVE, EXPOS\u00c9E \u00c0 DES VARIATIONS DE COULEUR DANS LA CONCEPTION. MESURES: 40 cm de haut x 90 cm de large [...]\" \/>\n<meta property=\"og:url\" content=\"https:\/\/mueble4you.com\/fr\/productos\/table-basse-de-coffre-avec-roues\/\" \/>\n<meta property=\"og:site_name\" content=\"mueble4you\" \/>\n<meta property=\"article:modified_time\" content=\"2020-12-17T14:55:51+00:00\" \/>\n<meta property=\"og:image\" content=\"https:\/\/mueble4you.com\/wp-content\/uploads\/2020\/12\/6300_1.jpg\" \/>\n\t<meta property=\"og:image:width\" content=\"700\" \/>\n\t<meta property=\"og:image:height\" content=\"467\" \/>\n\t<meta property=\"og:image:type\" content=\"image\/jpeg\" \/>\n<meta name=\"twitter:card\" content=\"summary_large_image\" \/>\n<script type=\"application\/ld+json\" class=\"yoast-schema-graph\">{\"@context\":\"https:\\\/\\\/schema.org\",\"@graph\":[{\"@type\":\"WebPage\",\"@id\":\"https:\\\/\\\/mueble4you.com\\\/fr\\\/productos\\\/table-basse-de-coffre-avec-roues\\\/\",\"url\":\"https:\\\/\\\/mueble4you.com\\\/fr\\\/productos\\\/table-basse-de-coffre-avec-roues\\\/\",\"name\":\"Table basse de coffre avec roues. | mueble4you\",\"isPartOf\":{\"@id\":\"https:\\\/\\\/mueble4you.com\\\/#website\"},\"primaryImageOfPage\":{\"@id\":\"https:\\\/\\\/mueble4you.com\\\/fr\\\/productos\\\/table-basse-de-coffre-avec-roues\\\/#primaryimage\"},\"image\":{\"@id\":\"https:\\\/\\\/mueble4you.com\\\/fr\\\/productos\\\/table-basse-de-coffre-avec-roues\\\/#primaryimage\"},\"thumbnailUrl\":\"https:\\\/\\\/mueble4you.com\\\/wp-content\\\/uploads\\\/2020\\\/12\\\/6300_1.jpg\",\"datePublished\":\"2020-12-15T15:15:16+00:00\",\"dateModified\":\"2020-12-17T14:55:51+00:00\",\"breadcrumb\":{\"@id\":\"https:\\\/\\\/mueble4you.com\\\/fr\\\/productos\\\/table-basse-de-coffre-avec-roues\\\/#breadcrumb\"},\"inLanguage\":\"fr-FR\",\"potentialAction\":[{\"@type\":\"ReadAction\",\"target\":[\"https:\\\/\\\/mueble4you.com\\\/fr\\\/productos\\\/table-basse-de-coffre-avec-roues\\\/\"]}]},{\"@type\":\"ImageObject\",\"inLanguage\":\"fr-FR\",\"@id\":\"https:\\\/\\\/mueble4you.com\\\/fr\\\/productos\\\/table-basse-de-coffre-avec-roues\\\/#primaryimage\",\"url\":\"https:\\\/\\\/mueble4you.com\\\/wp-content\\\/uploads\\\/2020\\\/12\\\/6300_1.jpg\",\"contentUrl\":\"https:\\\/\\\/mueble4you.com\\\/wp-content\\\/uploads\\\/2020\\\/12\\\/6300_1.jpg\",\"width\":700,\"height\":467},{\"@type\":\"BreadcrumbList\",\"@id\":\"https:\\\/\\\/mueble4you.com\\\/fr\\\/productos\\\/table-basse-de-coffre-avec-roues\\\/#breadcrumb\",\"itemListElement\":[{\"@type\":\"ListItem\",\"position\":1,\"name\":\"Portada\",\"item\":\"https:\\\/\\\/mueble4you.com\\\/fr\\\/\"},{\"@type\":\"ListItem\",\"position\":2,\"name\":\"Productos\",\"item\":\"https:\\\/\\\/mueble4you.com\\\/productos\\\/\"},{\"@type\":\"ListItem\",\"position\":3,\"name\":\"Table basse de coffre avec roues.\"}]},{\"@type\":\"WebSite\",\"@id\":\"https:\\\/\\\/mueble4you.com\\\/#website\",\"url\":\"https:\\\/\\\/mueble4you.com\\\/\",\"name\":\"mueble4you\",\"description\":\"Meubles \u00e0 Tenerife\",\"potentialAction\":[{\"@type\":\"SearchAction\",\"target\":{\"@type\":\"EntryPoint\",\"urlTemplate\":\"https:\\\/\\\/mueble4you.com\\\/?s={search_term_string}\"},\"query-input\":{\"@type\":\"PropertyValueSpecification\",\"valueRequired\":true,\"valueName\":\"search_term_string\"}}],\"inLanguage\":\"fr-FR\"}]}<\/script>\n<!-- \/ Yoast SEO plugin. -->","yoast_head_json":{"title":"Table basse de coffre avec roues. | mueble4you","robots":{"index":"index","follow":"follow","max-snippet":"max-snippet:-1","max-image-preview":"max-image-preview:large","max-video-preview":"max-video-preview:-1"},"canonical":"https:\/\/mueble4you.com\/fr\/productos\/table-basse-de-coffre-avec-roues\/","og_locale":"fr_FR","og_type":"article","og_title":"Table basse de coffre avec roues. | mueble4you","og_description":"TABLE BASSE AVEC 5 TIROIRS DE LA COLLECTION VERRIER EN BOIS RECYCL\u00c9, AVEC OUVERTURE SUP\u00c9RIEURE ET GRANDE CAPACIT\u00c9 DE STOCKAGE. COLLECTION: VERRIER. MAT\u00c9RIEL: ROUES EN BOIS ET FER RECYCL\u00c9 AUTHENTIQUES. COULEUR: MULTICOLORE. CARACT\u00c9RISTIQUES: TABLE CENTRALE EXCLUSIVE, EXPOS\u00c9E \u00c0 DES VARIATIONS DE COULEUR DANS LA CONCEPTION. MESURES: 40 cm de haut x 90 cm de large [...]","og_url":"https:\/\/mueble4you.com\/fr\/productos\/table-basse-de-coffre-avec-roues\/","og_site_name":"mueble4you","article_modified_time":"2020-12-17T14:55:51+00:00","og_image":[{"width":700,"height":467,"url":"https:\/\/mueble4you.com\/wp-content\/uploads\/2020\/12\/6300_1.jpg","type":"image\/jpeg"}],"twitter_card":"summary_large_image","schema":{"@context":"https:\/\/schema.org","@graph":[{"@type":"WebPage","@id":"https:\/\/mueble4you.com\/fr\/productos\/table-basse-de-coffre-avec-roues\/","url":"https:\/\/mueble4you.com\/fr\/productos\/table-basse-de-coffre-avec-roues\/","name":"Table basse de coffre avec roues. | mueble4you","isPartOf":{"@id":"https:\/\/mueble4you.com\/#website"},"primaryImageOfPage":{"@id":"https:\/\/mueble4you.com\/fr\/productos\/table-basse-de-coffre-avec-roues\/#primaryimage"},"image":{"@id":"https:\/\/mueble4you.com\/fr\/productos\/table-basse-de-coffre-avec-roues\/#primaryimage"},"thumbnailUrl":"https:\/\/mueble4you.com\/wp-content\/uploads\/2020\/12\/6300_1.jpg","datePublished":"2020-12-15T15:15:16+00:00","dateModified":"2020-12-17T14:55:51+00:00","breadcrumb":{"@id":"https:\/\/mueble4you.com\/fr\/productos\/table-basse-de-coffre-avec-roues\/#breadcrumb"},"inLanguage":"fr-FR","potentialAction":[{"@type":"ReadAction","target":["https:\/\/mueble4you.com\/fr\/productos\/table-basse-de-coffre-avec-roues\/"]}]},{"@type":"ImageObject","inLanguage":"fr-FR","@id":"https:\/\/mueble4you.com\/fr\/productos\/table-basse-de-coffre-avec-roues\/#primaryimage","url":"https:\/\/mueble4you.com\/wp-content\/uploads\/2020\/12\/6300_1.jpg","contentUrl":"https:\/\/mueble4you.com\/wp-content\/uploads\/2020\/12\/6300_1.jpg","width":700,"height":467},{"@type":"BreadcrumbList","@id":"https:\/\/mueble4you.com\/fr\/productos\/table-basse-de-coffre-avec-roues\/#breadcrumb","itemListElement":[{"@type":"ListItem","position":1,"name":"Portada","item":"https:\/\/mueble4you.com\/fr\/"},{"@type":"ListItem","position":2,"name":"Productos","item":"https:\/\/mueble4you.com\/productos\/"},{"@type":"ListItem","position":3,"name":"Table basse de coffre avec roues."}]},{"@type":"WebSite","@id":"https:\/\/mueble4you.com\/#website","url":"https:\/\/mueble4you.com\/","name":"mueble4you","description":"Meubles \u00e0 Tenerife","potentialAction":[{"@type":"SearchAction","target":{"@type":"EntryPoint","urlTemplate":"https:\/\/mueble4you.com\/?s={search_term_string}"},"query-input":{"@type":"PropertyValueSpecification","valueRequired":true,"valueName":"search_term_string"}}],"inLanguage":"fr-FR"}]}},"_links":{"self":[{"href":"https:\/\/mueble4you.com\/fr\/wp-json\/wp\/v2\/product\/42538","targetHints":{"allow":["GET"]}}],"collection":[{"href":"https:\/\/mueble4you.com\/fr\/wp-json\/wp\/v2\/product"}],"about":[{"href":"https:\/\/mueble4you.com\/fr\/wp-json\/wp\/v2\/types\/product"}],"wp:featuredmedia":[{"embeddable":true,"href":"https:\/\/mueble4you.com\/fr\/wp-json\/wp\/v2\/media\/42514"}],"wp:attachment":[{"href":"https:\/\/mueble4you.com\/fr\/wp-json\/wp\/v2\/media?parent=42538"}],"wp:term":[{"taxonomy":"product_brand","embeddable":true,"href":"https:\/\/mueble4you.com\/fr\/wp-json\/wp\/v2\/product_brand?post=42538"},{"taxonomy":"product_cat","embeddable":true,"href":"https:\/\/mueble4you.com\/fr\/wp-json\/wp\/v2\/product_cat?post=42538"},{"taxonomy":"product_tag","embeddable":true,"href":"https:\/\/mueble4you.com\/fr\/wp-json\/wp\/v2\/product_tag?post=42538"}],"curies":[{"name":"wp","href":"https:\/\/api.w.org\/{rel}","templated":true}]}}