{"id":42508,"date":"2020-12-15T15:10:44","date_gmt":"2020-12-15T15:10:44","guid":{"rendered":"https:\/\/mueble4you.com\/productos\/mesa-de-comedor-madera-ferrocarril\/"},"modified":"2020-12-16T15:52:07","modified_gmt":"2020-12-16T15:52:07","slug":"table-a-manger-bois-de-chemin-de-fer","status":"publish","type":"product","link":"https:\/\/mueble4you.com\/fr\/productos\/table-a-manger-bois-de-chemin-de-fer\/","title":{"rendered":"Table \u00e0 manger, bois de chemin de fer."},"content":{"rendered":"<ul>\n<li id=\"tw-target-text\" class=\"tw-data-text tw-text-large XcVN5d tw-ta\" dir=\"ltr\" data-placeholder=\"Traducci\u00f3n\"><span lang=\"fr\">TABLE \u00c0 MANGER COLLECTION RAILWOOD AVEC PLATEAU EN BOIS MASSIF AVEC CROSSBODY FERROVIAIRE PLUS VERRE TREMP\u00c9.<\/span><\/li>\n<li class=\"tw-data-text tw-text-large XcVN5d tw-ta\" dir=\"ltr\" data-placeholder=\"Traducci\u00f3n\"><span lang=\"fr\">PATTES DE FER.<\/span><\/li>\n<li class=\"tw-data-text tw-text-large XcVN5d tw-ta\" dir=\"ltr\" data-placeholder=\"Traducci\u00f3n\"><span lang=\"fr\">COLLECTION: RAILWOOD. <\/span><\/li>\n<li class=\"tw-data-text tw-text-large XcVN5d tw-ta\" dir=\"ltr\" data-placeholder=\"Traducci\u00f3n\"><span lang=\"fr\">MAT\u00c9RIEL: BOIS R\u00c9CUP\u00c9R\u00c9 DU CROSSBODY CHEMIN DE FER, PIEDS EN FER LAQU\u00c9 ET VERRE TREMP\u00c9. <\/span><\/li>\n<li class=\"tw-data-text tw-text-large XcVN5d tw-ta\" dir=\"ltr\" data-placeholder=\"Traducci\u00f3n\"><span lang=\"fr\">COULEUR: TOP EN COULEUR NATURELLE ET PIEDS EN ARGENT. <\/span><\/li>\n<li class=\"tw-data-text tw-text-large XcVN5d tw-ta\" dir=\"ltr\" data-placeholder=\"Traducci\u00f3n\"><span lang=\"fr\">MESURES: 76 cm de haut x 180 cm de large x 90 cm de profondeur.<\/span><\/li>\n<\/ul>\n","protected":false},"excerpt":{"rendered":"<p>TABLE \u00c0 MANGER COLLECTION RAILWOOD AVEC PLATEAU EN BOIS MASSIF AVEC CROSSBODY FERROVIAIRE PLUS VERRE TREMP\u00c9. PATTES DE FER. COLLECTION: RAILWOOD. MAT\u00c9RIEL: BOIS R\u00c9CUP\u00c9R\u00c9 DU CROSSBODY CHEMIN DE FER, PIEDS EN FER LAQU\u00c9 ET VERRE TREMP\u00c9. COULEUR: TOP EN COULEUR NATURELLE ET PIEDS EN ARGENT. MESURES: 76 cm de haut x 180 cm de large [&#8230;]\n","protected":false},"featured_media":42499,"template":"","meta":[],"product_brand":[],"product_cat":[199,348],"product_tag":[],"class_list":{"0":"post-42508","1":"product","2":"type-product","3":"status-publish","4":"has-post-thumbnail","6":"product_cat-eaters","7":"product_cat-tables","9":"first","10":"instock","11":"shipping-taxable","12":"product-type-simple"},"yoast_head":"<!-- This site is optimized with the Yoast SEO plugin v27.2 - https:\/\/yoast.com\/product\/yoast-seo-wordpress\/ -->\n<title>Table \u00e0 manger, bois de chemin de fer. | mueble4you<\/title>\n<meta name=\"robots\" content=\"index, follow, max-snippet:-1, max-image-preview:large, max-video-preview:-1\" \/>\n<link rel=\"canonical\" href=\"https:\/\/mueble4you.com\/fr\/productos\/table-a-manger-bois-de-chemin-de-fer\/\" \/>\n<meta property=\"og:locale\" content=\"fr_FR\" \/>\n<meta property=\"og:type\" content=\"article\" \/>\n<meta property=\"og:title\" content=\"Table \u00e0 manger, bois de chemin de fer. | mueble4you\" \/>\n<meta property=\"og:description\" content=\"TABLE \u00c0 MANGER COLLECTION RAILWOOD AVEC PLATEAU EN BOIS MASSIF AVEC CROSSBODY FERROVIAIRE PLUS VERRE TREMP\u00c9. PATTES DE FER. COLLECTION: RAILWOOD. MAT\u00c9RIEL: BOIS R\u00c9CUP\u00c9R\u00c9 DU CROSSBODY CHEMIN DE FER, PIEDS EN FER LAQU\u00c9 ET VERRE TREMP\u00c9. COULEUR: TOP EN COULEUR NATURELLE ET PIEDS EN ARGENT. MESURES: 76 cm de haut x 180 cm de large [...]\" \/>\n<meta property=\"og:url\" content=\"https:\/\/mueble4you.com\/fr\/productos\/table-a-manger-bois-de-chemin-de-fer\/\" \/>\n<meta property=\"og:site_name\" content=\"mueble4you\" \/>\n<meta property=\"article:modified_time\" content=\"2020-12-16T15:52:07+00:00\" \/>\n<meta property=\"og:image\" content=\"https:\/\/mueble4you.com\/wp-content\/uploads\/2020\/12\/64...jpg\" \/>\n\t<meta property=\"og:image:width\" content=\"941\" \/>\n\t<meta property=\"og:image:height\" content=\"658\" \/>\n\t<meta property=\"og:image:type\" content=\"image\/jpeg\" \/>\n<meta name=\"twitter:card\" content=\"summary_large_image\" \/>\n<script type=\"application\/ld+json\" class=\"yoast-schema-graph\">{\"@context\":\"https:\/\/schema.org\",\"@graph\":[{\"@type\":\"WebPage\",\"@id\":\"https:\/\/mueble4you.com\/fr\/productos\/table-a-manger-bois-de-chemin-de-fer\/\",\"url\":\"https:\/\/mueble4you.com\/fr\/productos\/table-a-manger-bois-de-chemin-de-fer\/\",\"name\":\"Table \u00e0 manger, bois de chemin de fer. | mueble4you\",\"isPartOf\":{\"@id\":\"https:\/\/mueble4you.com\/#website\"},\"primaryImageOfPage\":{\"@id\":\"https:\/\/mueble4you.com\/fr\/productos\/table-a-manger-bois-de-chemin-de-fer\/#primaryimage\"},\"image\":{\"@id\":\"https:\/\/mueble4you.com\/fr\/productos\/table-a-manger-bois-de-chemin-de-fer\/#primaryimage\"},\"thumbnailUrl\":\"https:\/\/mueble4you.com\/wp-content\/uploads\/2020\/12\/64...jpg\",\"datePublished\":\"2020-12-15T15:10:44+00:00\",\"dateModified\":\"2020-12-16T15:52:07+00:00\",\"breadcrumb\":{\"@id\":\"https:\/\/mueble4you.com\/fr\/productos\/table-a-manger-bois-de-chemin-de-fer\/#breadcrumb\"},\"inLanguage\":\"fr-FR\",\"potentialAction\":[{\"@type\":\"ReadAction\",\"target\":[\"https:\/\/mueble4you.com\/fr\/productos\/table-a-manger-bois-de-chemin-de-fer\/\"]}]},{\"@type\":\"ImageObject\",\"inLanguage\":\"fr-FR\",\"@id\":\"https:\/\/mueble4you.com\/fr\/productos\/table-a-manger-bois-de-chemin-de-fer\/#primaryimage\",\"url\":\"https:\/\/mueble4you.com\/wp-content\/uploads\/2020\/12\/64...jpg\",\"contentUrl\":\"https:\/\/mueble4you.com\/wp-content\/uploads\/2020\/12\/64...jpg\",\"width\":941,\"height\":658},{\"@type\":\"BreadcrumbList\",\"@id\":\"https:\/\/mueble4you.com\/fr\/productos\/table-a-manger-bois-de-chemin-de-fer\/#breadcrumb\",\"itemListElement\":[{\"@type\":\"ListItem\",\"position\":1,\"name\":\"Portada\",\"item\":\"https:\/\/mueble4you.com\/fr\/\"},{\"@type\":\"ListItem\",\"position\":2,\"name\":\"Productos\",\"item\":\"https:\/\/mueble4you.com\/productos\/\"},{\"@type\":\"ListItem\",\"position\":3,\"name\":\"Table \u00e0 manger, bois de chemin de fer.\"}]},{\"@type\":\"WebSite\",\"@id\":\"https:\/\/mueble4you.com\/#website\",\"url\":\"https:\/\/mueble4you.com\/\",\"name\":\"mueble4you\",\"description\":\"Meubles \u00e0 Tenerife\",\"potentialAction\":[{\"@type\":\"SearchAction\",\"target\":{\"@type\":\"EntryPoint\",\"urlTemplate\":\"https:\/\/mueble4you.com\/?s={search_term_string}\"},\"query-input\":{\"@type\":\"PropertyValueSpecification\",\"valueRequired\":true,\"valueName\":\"search_term_string\"}}],\"inLanguage\":\"fr-FR\"}]}<\/script>\n<!-- \/ Yoast SEO plugin. -->","yoast_head_json":{"title":"Table \u00e0 manger, bois de chemin de fer. | mueble4you","robots":{"index":"index","follow":"follow","max-snippet":"max-snippet:-1","max-image-preview":"max-image-preview:large","max-video-preview":"max-video-preview:-1"},"canonical":"https:\/\/mueble4you.com\/fr\/productos\/table-a-manger-bois-de-chemin-de-fer\/","og_locale":"fr_FR","og_type":"article","og_title":"Table \u00e0 manger, bois de chemin de fer. | mueble4you","og_description":"TABLE \u00c0 MANGER COLLECTION RAILWOOD AVEC PLATEAU EN BOIS MASSIF AVEC CROSSBODY FERROVIAIRE PLUS VERRE TREMP\u00c9. PATTES DE FER. COLLECTION: RAILWOOD. MAT\u00c9RIEL: BOIS R\u00c9CUP\u00c9R\u00c9 DU CROSSBODY CHEMIN DE FER, PIEDS EN FER LAQU\u00c9 ET VERRE TREMP\u00c9. COULEUR: TOP EN COULEUR NATURELLE ET PIEDS EN ARGENT. MESURES: 76 cm de haut x 180 cm de large [...]","og_url":"https:\/\/mueble4you.com\/fr\/productos\/table-a-manger-bois-de-chemin-de-fer\/","og_site_name":"mueble4you","article_modified_time":"2020-12-16T15:52:07+00:00","og_image":[{"width":941,"height":658,"url":"https:\/\/mueble4you.com\/wp-content\/uploads\/2020\/12\/64...jpg","type":"image\/jpeg"}],"twitter_card":"summary_large_image","schema":{"@context":"https:\/\/schema.org","@graph":[{"@type":"WebPage","@id":"https:\/\/mueble4you.com\/fr\/productos\/table-a-manger-bois-de-chemin-de-fer\/","url":"https:\/\/mueble4you.com\/fr\/productos\/table-a-manger-bois-de-chemin-de-fer\/","name":"Table \u00e0 manger, bois de chemin de fer. | mueble4you","isPartOf":{"@id":"https:\/\/mueble4you.com\/#website"},"primaryImageOfPage":{"@id":"https:\/\/mueble4you.com\/fr\/productos\/table-a-manger-bois-de-chemin-de-fer\/#primaryimage"},"image":{"@id":"https:\/\/mueble4you.com\/fr\/productos\/table-a-manger-bois-de-chemin-de-fer\/#primaryimage"},"thumbnailUrl":"https:\/\/mueble4you.com\/wp-content\/uploads\/2020\/12\/64...jpg","datePublished":"2020-12-15T15:10:44+00:00","dateModified":"2020-12-16T15:52:07+00:00","breadcrumb":{"@id":"https:\/\/mueble4you.com\/fr\/productos\/table-a-manger-bois-de-chemin-de-fer\/#breadcrumb"},"inLanguage":"fr-FR","potentialAction":[{"@type":"ReadAction","target":["https:\/\/mueble4you.com\/fr\/productos\/table-a-manger-bois-de-chemin-de-fer\/"]}]},{"@type":"ImageObject","inLanguage":"fr-FR","@id":"https:\/\/mueble4you.com\/fr\/productos\/table-a-manger-bois-de-chemin-de-fer\/#primaryimage","url":"https:\/\/mueble4you.com\/wp-content\/uploads\/2020\/12\/64...jpg","contentUrl":"https:\/\/mueble4you.com\/wp-content\/uploads\/2020\/12\/64...jpg","width":941,"height":658},{"@type":"BreadcrumbList","@id":"https:\/\/mueble4you.com\/fr\/productos\/table-a-manger-bois-de-chemin-de-fer\/#breadcrumb","itemListElement":[{"@type":"ListItem","position":1,"name":"Portada","item":"https:\/\/mueble4you.com\/fr\/"},{"@type":"ListItem","position":2,"name":"Productos","item":"https:\/\/mueble4you.com\/productos\/"},{"@type":"ListItem","position":3,"name":"Table \u00e0 manger, bois de chemin de fer."}]},{"@type":"WebSite","@id":"https:\/\/mueble4you.com\/#website","url":"https:\/\/mueble4you.com\/","name":"mueble4you","description":"Meubles \u00e0 Tenerife","potentialAction":[{"@type":"SearchAction","target":{"@type":"EntryPoint","urlTemplate":"https:\/\/mueble4you.com\/?s={search_term_string}"},"query-input":{"@type":"PropertyValueSpecification","valueRequired":true,"valueName":"search_term_string"}}],"inLanguage":"fr-FR"}]}},"_links":{"self":[{"href":"https:\/\/mueble4you.com\/fr\/wp-json\/wp\/v2\/product\/42508","targetHints":{"allow":["GET"]}}],"collection":[{"href":"https:\/\/mueble4you.com\/fr\/wp-json\/wp\/v2\/product"}],"about":[{"href":"https:\/\/mueble4you.com\/fr\/wp-json\/wp\/v2\/types\/product"}],"wp:featuredmedia":[{"embeddable":true,"href":"https:\/\/mueble4you.com\/fr\/wp-json\/wp\/v2\/media\/42499"}],"wp:attachment":[{"href":"https:\/\/mueble4you.com\/fr\/wp-json\/wp\/v2\/media?parent=42508"}],"wp:term":[{"taxonomy":"product_brand","embeddable":true,"href":"https:\/\/mueble4you.com\/fr\/wp-json\/wp\/v2\/product_brand?post=42508"},{"taxonomy":"product_cat","embeddable":true,"href":"https:\/\/mueble4you.com\/fr\/wp-json\/wp\/v2\/product_cat?post=42508"},{"taxonomy":"product_tag","embeddable":true,"href":"https:\/\/mueble4you.com\/fr\/wp-json\/wp\/v2\/product_tag?post=42508"}],"curies":[{"name":"wp","href":"https:\/\/api.w.org\/{rel}","templated":true}]}}