{"id":41893,"date":"2020-11-05T13:13:56","date_gmt":"2020-11-05T13:13:56","guid":{"rendered":"https:\/\/mueble4you.com\/productos\/colchon-box-packing-160x200-cm\/"},"modified":"2020-11-05T15:16:06","modified_gmt":"2020-11-05T15:16:06","slug":"boite-a-matelas-emballage-160x200-cm","status":"publish","type":"product","link":"https:\/\/mueble4you.com\/fr\/productos\/boite-a-matelas-emballage-160x200-cm\/","title":{"rendered":"Bo\u00eete \u00e0 matelas Emballage 160&#215;200 cm."},"content":{"rendered":"<ul>\n<li id=\"tw-target-text\" class=\"tw-data-text tw-text-large XcVN5d tw-ta\" dir=\"ltr\" data-placeholder=\"Traducci\u00f3n\"><span lang=\"fr\">Avec la technologie de compression brevet\u00e9e, il permet au matelas d&rsquo;\u00eatre compress\u00e9, enroul\u00e9 et stock\u00e9 dans une bo\u00eete \u00e0 roulettes, pour un transport facile jusqu&rsquo;\u00e0 la porte de nos clients. <\/span><\/li>\n<li class=\"tw-data-text tw-text-large XcVN5d tw-ta\" dir=\"ltr\" data-placeholder=\"Traducci\u00f3n\"><span lang=\"fr\">Tissu sup\u00e9rieur Coolmax.<\/span><\/li>\n<li class=\"tw-data-text tw-text-large XcVN5d tw-ta\" dir=\"ltr\" data-placeholder=\"Traducci\u00f3n\"><span lang=\"fr\">Matelas tr\u00e8s ferme. <\/span><\/li>\n<li class=\"tw-data-text tw-text-large XcVN5d tw-ta\" dir=\"ltr\" data-placeholder=\"Traducci\u00f3n\"><span lang=\"fr\">Ressorts ensach\u00e9s, qui ne peuvent pas \u00eatre ressentis, en raison de la haute technologie utilis\u00e9e dans leur fabrication. <\/span><\/li>\n<li class=\"tw-data-text tw-text-large XcVN5d tw-ta\" dir=\"ltr\" data-placeholder=\"Traducci\u00f3n\"><span lang=\"fr\">Haut de gamme. <\/span><\/li>\n<li class=\"tw-data-text tw-text-large XcVN5d tw-ta\" dir=\"ltr\" data-placeholder=\"Traducci\u00f3n\"><span lang=\"fr\">Confort et adaptabilit\u00e9. <\/span><\/li>\n<li class=\"tw-data-text tw-text-large XcVN5d tw-ta\" dir=\"ltr\" data-placeholder=\"Traducci\u00f3n\"><span lang=\"fr\">Respirant. <\/span><\/li>\n<li class=\"tw-data-text tw-text-large XcVN5d tw-ta\" dir=\"ltr\" data-placeholder=\"Traducci\u00f3n\"><span lang=\"fr\">Anti acariens. <\/span><\/li>\n<li class=\"tw-data-text tw-text-large XcVN5d tw-ta\" dir=\"ltr\" data-placeholder=\"Traducci\u00f3n\"><span lang=\"fr\">Tailles disponibles: 160&#215;200 cm.<\/span><\/li>\n<li class=\"tw-data-text tw-text-large XcVN5d tw-ta\" dir=\"ltr\" data-placeholder=\"Traducci\u00f3n\"><span lang=\"fr\">Hauteur: + &#8211; 28<\/span><\/li>\n<\/ul>\n","protected":false},"excerpt":{"rendered":"<p>Avec la technologie de compression brevet\u00e9e, il permet au matelas d&rsquo;\u00eatre compress\u00e9, enroul\u00e9 et stock\u00e9 dans une bo\u00eete \u00e0 roulettes, pour un transport facile jusqu&rsquo;\u00e0 la porte de nos clients. Tissu sup\u00e9rieur Coolmax. Matelas tr\u00e8s ferme. Ressorts ensach\u00e9s, qui ne peuvent pas \u00eatre ressentis, en raison de la haute technologie utilis\u00e9e dans leur fabrication. Haut [&#8230;]\n","protected":false},"featured_media":41873,"template":"","meta":[],"product_brand":[],"product_cat":[201,431],"product_tag":[],"class_list":{"0":"post-41893","1":"product","2":"type-product","3":"status-publish","4":"has-post-thumbnail","6":"product_cat-dortoirs","7":"product_cat-matelas","9":"first","10":"outofstock","11":"shipping-taxable","12":"product-type-simple"},"yoast_head":"<!-- This site is optimized with the Yoast SEO plugin v27.3 - https:\/\/yoast.com\/product\/yoast-seo-wordpress\/ -->\n<title>Bo\u00eete \u00e0 matelas Emballage 160x200 cm. | mueble4you<\/title>\n<meta name=\"robots\" content=\"index, follow, max-snippet:-1, max-image-preview:large, max-video-preview:-1\" \/>\n<link rel=\"canonical\" href=\"https:\/\/mueble4you.com\/fr\/productos\/boite-a-matelas-emballage-160x200-cm\/\" \/>\n<meta property=\"og:locale\" content=\"fr_FR\" \/>\n<meta property=\"og:type\" content=\"article\" \/>\n<meta property=\"og:title\" content=\"Bo\u00eete \u00e0 matelas Emballage 160x200 cm. | mueble4you\" \/>\n<meta property=\"og:description\" content=\"Avec la technologie de compression brevet\u00e9e, il permet au matelas d&rsquo;\u00eatre compress\u00e9, enroul\u00e9 et stock\u00e9 dans une bo\u00eete \u00e0 roulettes, pour un transport facile jusqu&rsquo;\u00e0 la porte de nos clients. Tissu sup\u00e9rieur Coolmax. Matelas tr\u00e8s ferme. Ressorts ensach\u00e9s, qui ne peuvent pas \u00eatre ressentis, en raison de la haute technologie utilis\u00e9e dans leur fabrication. Haut [...]\" \/>\n<meta property=\"og:url\" content=\"https:\/\/mueble4you.com\/fr\/productos\/boite-a-matelas-emballage-160x200-cm\/\" \/>\n<meta property=\"og:site_name\" content=\"mueble4you\" \/>\n<meta property=\"article:modified_time\" content=\"2020-11-05T15:16:06+00:00\" \/>\n<meta property=\"og:image\" content=\"https:\/\/mueble4you.com\/wp-content\/uploads\/2020\/11\/BOX-PACKING.jpg\" \/>\n\t<meta property=\"og:image:width\" content=\"886\" \/>\n\t<meta property=\"og:image:height\" content=\"775\" \/>\n\t<meta property=\"og:image:type\" content=\"image\/jpeg\" \/>\n<meta name=\"twitter:card\" content=\"summary_large_image\" \/>\n<script type=\"application\/ld+json\" class=\"yoast-schema-graph\">{\"@context\":\"https:\\\/\\\/schema.org\",\"@graph\":[{\"@type\":\"WebPage\",\"@id\":\"https:\\\/\\\/mueble4you.com\\\/fr\\\/productos\\\/boite-a-matelas-emballage-160x200-cm\\\/\",\"url\":\"https:\\\/\\\/mueble4you.com\\\/fr\\\/productos\\\/boite-a-matelas-emballage-160x200-cm\\\/\",\"name\":\"Bo\u00eete \u00e0 matelas Emballage 160x200 cm. | mueble4you\",\"isPartOf\":{\"@id\":\"https:\\\/\\\/mueble4you.com\\\/#website\"},\"primaryImageOfPage\":{\"@id\":\"https:\\\/\\\/mueble4you.com\\\/fr\\\/productos\\\/boite-a-matelas-emballage-160x200-cm\\\/#primaryimage\"},\"image\":{\"@id\":\"https:\\\/\\\/mueble4you.com\\\/fr\\\/productos\\\/boite-a-matelas-emballage-160x200-cm\\\/#primaryimage\"},\"thumbnailUrl\":\"https:\\\/\\\/mueble4you.com\\\/wp-content\\\/uploads\\\/2020\\\/11\\\/BOX-PACKING.jpg\",\"datePublished\":\"2020-11-05T13:13:56+00:00\",\"dateModified\":\"2020-11-05T15:16:06+00:00\",\"breadcrumb\":{\"@id\":\"https:\\\/\\\/mueble4you.com\\\/fr\\\/productos\\\/boite-a-matelas-emballage-160x200-cm\\\/#breadcrumb\"},\"inLanguage\":\"fr-FR\",\"potentialAction\":[{\"@type\":\"ReadAction\",\"target\":[\"https:\\\/\\\/mueble4you.com\\\/fr\\\/productos\\\/boite-a-matelas-emballage-160x200-cm\\\/\"]}]},{\"@type\":\"ImageObject\",\"inLanguage\":\"fr-FR\",\"@id\":\"https:\\\/\\\/mueble4you.com\\\/fr\\\/productos\\\/boite-a-matelas-emballage-160x200-cm\\\/#primaryimage\",\"url\":\"https:\\\/\\\/mueble4you.com\\\/wp-content\\\/uploads\\\/2020\\\/11\\\/BOX-PACKING.jpg\",\"contentUrl\":\"https:\\\/\\\/mueble4you.com\\\/wp-content\\\/uploads\\\/2020\\\/11\\\/BOX-PACKING.jpg\",\"width\":886,\"height\":775},{\"@type\":\"BreadcrumbList\",\"@id\":\"https:\\\/\\\/mueble4you.com\\\/fr\\\/productos\\\/boite-a-matelas-emballage-160x200-cm\\\/#breadcrumb\",\"itemListElement\":[{\"@type\":\"ListItem\",\"position\":1,\"name\":\"Portada\",\"item\":\"https:\\\/\\\/mueble4you.com\\\/fr\\\/\"},{\"@type\":\"ListItem\",\"position\":2,\"name\":\"Productos\",\"item\":\"https:\\\/\\\/mueble4you.com\\\/productos\\\/\"},{\"@type\":\"ListItem\",\"position\":3,\"name\":\"Bo\u00eete \u00e0 matelas Emballage 160&#215;200 cm.\"}]},{\"@type\":\"WebSite\",\"@id\":\"https:\\\/\\\/mueble4you.com\\\/#website\",\"url\":\"https:\\\/\\\/mueble4you.com\\\/\",\"name\":\"mueble4you\",\"description\":\"Meubles \u00e0 Tenerife\",\"potentialAction\":[{\"@type\":\"SearchAction\",\"target\":{\"@type\":\"EntryPoint\",\"urlTemplate\":\"https:\\\/\\\/mueble4you.com\\\/?s={search_term_string}\"},\"query-input\":{\"@type\":\"PropertyValueSpecification\",\"valueRequired\":true,\"valueName\":\"search_term_string\"}}],\"inLanguage\":\"fr-FR\"}]}<\/script>\n<!-- \/ Yoast SEO plugin. -->","yoast_head_json":{"title":"Bo\u00eete \u00e0 matelas Emballage 160x200 cm. | mueble4you","robots":{"index":"index","follow":"follow","max-snippet":"max-snippet:-1","max-image-preview":"max-image-preview:large","max-video-preview":"max-video-preview:-1"},"canonical":"https:\/\/mueble4you.com\/fr\/productos\/boite-a-matelas-emballage-160x200-cm\/","og_locale":"fr_FR","og_type":"article","og_title":"Bo\u00eete \u00e0 matelas Emballage 160x200 cm. | mueble4you","og_description":"Avec la technologie de compression brevet\u00e9e, il permet au matelas d&rsquo;\u00eatre compress\u00e9, enroul\u00e9 et stock\u00e9 dans une bo\u00eete \u00e0 roulettes, pour un transport facile jusqu&rsquo;\u00e0 la porte de nos clients. Tissu sup\u00e9rieur Coolmax. Matelas tr\u00e8s ferme. Ressorts ensach\u00e9s, qui ne peuvent pas \u00eatre ressentis, en raison de la haute technologie utilis\u00e9e dans leur fabrication. Haut [...]","og_url":"https:\/\/mueble4you.com\/fr\/productos\/boite-a-matelas-emballage-160x200-cm\/","og_site_name":"mueble4you","article_modified_time":"2020-11-05T15:16:06+00:00","og_image":[{"width":886,"height":775,"url":"https:\/\/mueble4you.com\/wp-content\/uploads\/2020\/11\/BOX-PACKING.jpg","type":"image\/jpeg"}],"twitter_card":"summary_large_image","schema":{"@context":"https:\/\/schema.org","@graph":[{"@type":"WebPage","@id":"https:\/\/mueble4you.com\/fr\/productos\/boite-a-matelas-emballage-160x200-cm\/","url":"https:\/\/mueble4you.com\/fr\/productos\/boite-a-matelas-emballage-160x200-cm\/","name":"Bo\u00eete \u00e0 matelas Emballage 160x200 cm. | mueble4you","isPartOf":{"@id":"https:\/\/mueble4you.com\/#website"},"primaryImageOfPage":{"@id":"https:\/\/mueble4you.com\/fr\/productos\/boite-a-matelas-emballage-160x200-cm\/#primaryimage"},"image":{"@id":"https:\/\/mueble4you.com\/fr\/productos\/boite-a-matelas-emballage-160x200-cm\/#primaryimage"},"thumbnailUrl":"https:\/\/mueble4you.com\/wp-content\/uploads\/2020\/11\/BOX-PACKING.jpg","datePublished":"2020-11-05T13:13:56+00:00","dateModified":"2020-11-05T15:16:06+00:00","breadcrumb":{"@id":"https:\/\/mueble4you.com\/fr\/productos\/boite-a-matelas-emballage-160x200-cm\/#breadcrumb"},"inLanguage":"fr-FR","potentialAction":[{"@type":"ReadAction","target":["https:\/\/mueble4you.com\/fr\/productos\/boite-a-matelas-emballage-160x200-cm\/"]}]},{"@type":"ImageObject","inLanguage":"fr-FR","@id":"https:\/\/mueble4you.com\/fr\/productos\/boite-a-matelas-emballage-160x200-cm\/#primaryimage","url":"https:\/\/mueble4you.com\/wp-content\/uploads\/2020\/11\/BOX-PACKING.jpg","contentUrl":"https:\/\/mueble4you.com\/wp-content\/uploads\/2020\/11\/BOX-PACKING.jpg","width":886,"height":775},{"@type":"BreadcrumbList","@id":"https:\/\/mueble4you.com\/fr\/productos\/boite-a-matelas-emballage-160x200-cm\/#breadcrumb","itemListElement":[{"@type":"ListItem","position":1,"name":"Portada","item":"https:\/\/mueble4you.com\/fr\/"},{"@type":"ListItem","position":2,"name":"Productos","item":"https:\/\/mueble4you.com\/productos\/"},{"@type":"ListItem","position":3,"name":"Bo\u00eete \u00e0 matelas Emballage 160&#215;200 cm."}]},{"@type":"WebSite","@id":"https:\/\/mueble4you.com\/#website","url":"https:\/\/mueble4you.com\/","name":"mueble4you","description":"Meubles \u00e0 Tenerife","potentialAction":[{"@type":"SearchAction","target":{"@type":"EntryPoint","urlTemplate":"https:\/\/mueble4you.com\/?s={search_term_string}"},"query-input":{"@type":"PropertyValueSpecification","valueRequired":true,"valueName":"search_term_string"}}],"inLanguage":"fr-FR"}]}},"_links":{"self":[{"href":"https:\/\/mueble4you.com\/fr\/wp-json\/wp\/v2\/product\/41893","targetHints":{"allow":["GET"]}}],"collection":[{"href":"https:\/\/mueble4you.com\/fr\/wp-json\/wp\/v2\/product"}],"about":[{"href":"https:\/\/mueble4you.com\/fr\/wp-json\/wp\/v2\/types\/product"}],"wp:featuredmedia":[{"embeddable":true,"href":"https:\/\/mueble4you.com\/fr\/wp-json\/wp\/v2\/media\/41873"}],"wp:attachment":[{"href":"https:\/\/mueble4you.com\/fr\/wp-json\/wp\/v2\/media?parent=41893"}],"wp:term":[{"taxonomy":"product_brand","embeddable":true,"href":"https:\/\/mueble4you.com\/fr\/wp-json\/wp\/v2\/product_brand?post=41893"},{"taxonomy":"product_cat","embeddable":true,"href":"https:\/\/mueble4you.com\/fr\/wp-json\/wp\/v2\/product_cat?post=41893"},{"taxonomy":"product_tag","embeddable":true,"href":"https:\/\/mueble4you.com\/fr\/wp-json\/wp\/v2\/product_tag?post=41893"}],"curies":[{"name":"wp","href":"https:\/\/api.w.org\/{rel}","templated":true}]}}