{"id":41862,"date":"2020-11-05T13:00:42","date_gmt":"2020-11-05T13:00:42","guid":{"rendered":"https:\/\/mueble4you.com\/productos\/colchon-venus-150x190cm\/"},"modified":"2020-11-06T10:18:51","modified_gmt":"2020-11-06T10:18:51","slug":"matelas-venus-150x190cm","status":"publish","type":"product","link":"https:\/\/mueble4you.com\/fr\/productos\/matelas-venus-150x190cm\/","title":{"rendered":"Matelas Venus 150x190cm."},"content":{"rendered":"<ul>\n<li>Tissu sup\u00e9rieur en aloe vera.<\/li>\n<li>Matelas tr\u00e8s doux.<\/li>\n<li>Ressorts ensach\u00e9s, qui ne se sentent pas, en raison de la haute technologie utilis\u00e9e dans leur fabrication.<\/li>\n<li>Haut de gamme.<\/li>\n<li>Confort et adaptabilit\u00e9.<\/li>\n<li>Respirant.<\/li>\n<li>Anti acariens.<\/li>\n<li>Tailles disponibles: 150&#215;190 et 180&#215;200 cm.<\/li>\n<li>Hauteur: + &#8211; 28 cm.<\/li>\n<\/ul>\n","protected":false},"excerpt":{"rendered":"<p>Tissu sup\u00e9rieur en aloe vera. Matelas tr\u00e8s doux. Ressorts ensach\u00e9s, qui ne se sentent pas, en raison de la haute technologie utilis\u00e9e dans leur fabrication. Haut de gamme. Confort et adaptabilit\u00e9. Respirant. Anti acariens. Tailles disponibles: 150&#215;190 et 180&#215;200 cm. Hauteur: + &#8211; 28 cm.<\/p>\n","protected":false},"featured_media":41852,"template":"","meta":[],"product_brand":[],"product_cat":[201,431],"product_tag":[],"class_list":{"0":"post-41862","1":"product","2":"type-product","3":"status-publish","4":"has-post-thumbnail","6":"product_cat-dortoirs","7":"product_cat-matelas","9":"first","10":"outofstock","11":"shipping-taxable","12":"product-type-simple"},"yoast_head":"<!-- This site is optimized with the Yoast SEO plugin v27.3 - https:\/\/yoast.com\/product\/yoast-seo-wordpress\/ -->\n<title>Matelas Venus 150x190cm. | mueble4you<\/title>\n<meta name=\"robots\" content=\"index, follow, max-snippet:-1, max-image-preview:large, max-video-preview:-1\" \/>\n<link rel=\"canonical\" href=\"https:\/\/mueble4you.com\/fr\/productos\/matelas-venus-150x190cm\/\" \/>\n<meta property=\"og:locale\" content=\"fr_FR\" \/>\n<meta property=\"og:type\" content=\"article\" \/>\n<meta property=\"og:title\" content=\"Matelas Venus 150x190cm. | mueble4you\" \/>\n<meta property=\"og:description\" content=\"Tissu sup\u00e9rieur en aloe vera. Matelas tr\u00e8s doux. Ressorts ensach\u00e9s, qui ne se sentent pas, en raison de la haute technologie utilis\u00e9e dans leur fabrication. Haut de gamme. Confort et adaptabilit\u00e9. Respirant. Anti acariens. Tailles disponibles: 150&#215;190 et 180&#215;200 cm. Hauteur: + &#8211; 28 cm.\" \/>\n<meta property=\"og:url\" content=\"https:\/\/mueble4you.com\/fr\/productos\/matelas-venus-150x190cm\/\" \/>\n<meta property=\"og:site_name\" content=\"mueble4you\" \/>\n<meta property=\"article:modified_time\" content=\"2020-11-06T10:18:51+00:00\" \/>\n<meta property=\"og:image\" content=\"https:\/\/mueble4you.com\/wp-content\/uploads\/2020\/11\/VENUS-1.jpg\" \/>\n\t<meta property=\"og:image:width\" content=\"938\" \/>\n\t<meta property=\"og:image:height\" content=\"676\" \/>\n\t<meta property=\"og:image:type\" content=\"image\/jpeg\" \/>\n<meta name=\"twitter:card\" content=\"summary_large_image\" \/>\n<script type=\"application\/ld+json\" class=\"yoast-schema-graph\">{\"@context\":\"https:\\\/\\\/schema.org\",\"@graph\":[{\"@type\":\"WebPage\",\"@id\":\"https:\\\/\\\/mueble4you.com\\\/fr\\\/productos\\\/matelas-venus-150x190cm\\\/\",\"url\":\"https:\\\/\\\/mueble4you.com\\\/fr\\\/productos\\\/matelas-venus-150x190cm\\\/\",\"name\":\"Matelas Venus 150x190cm. | mueble4you\",\"isPartOf\":{\"@id\":\"https:\\\/\\\/mueble4you.com\\\/#website\"},\"primaryImageOfPage\":{\"@id\":\"https:\\\/\\\/mueble4you.com\\\/fr\\\/productos\\\/matelas-venus-150x190cm\\\/#primaryimage\"},\"image\":{\"@id\":\"https:\\\/\\\/mueble4you.com\\\/fr\\\/productos\\\/matelas-venus-150x190cm\\\/#primaryimage\"},\"thumbnailUrl\":\"https:\\\/\\\/mueble4you.com\\\/wp-content\\\/uploads\\\/2020\\\/11\\\/VENUS-1.jpg\",\"datePublished\":\"2020-11-05T13:00:42+00:00\",\"dateModified\":\"2020-11-06T10:18:51+00:00\",\"breadcrumb\":{\"@id\":\"https:\\\/\\\/mueble4you.com\\\/fr\\\/productos\\\/matelas-venus-150x190cm\\\/#breadcrumb\"},\"inLanguage\":\"fr-FR\",\"potentialAction\":[{\"@type\":\"ReadAction\",\"target\":[\"https:\\\/\\\/mueble4you.com\\\/fr\\\/productos\\\/matelas-venus-150x190cm\\\/\"]}]},{\"@type\":\"ImageObject\",\"inLanguage\":\"fr-FR\",\"@id\":\"https:\\\/\\\/mueble4you.com\\\/fr\\\/productos\\\/matelas-venus-150x190cm\\\/#primaryimage\",\"url\":\"https:\\\/\\\/mueble4you.com\\\/wp-content\\\/uploads\\\/2020\\\/11\\\/VENUS-1.jpg\",\"contentUrl\":\"https:\\\/\\\/mueble4you.com\\\/wp-content\\\/uploads\\\/2020\\\/11\\\/VENUS-1.jpg\",\"width\":938,\"height\":676},{\"@type\":\"BreadcrumbList\",\"@id\":\"https:\\\/\\\/mueble4you.com\\\/fr\\\/productos\\\/matelas-venus-150x190cm\\\/#breadcrumb\",\"itemListElement\":[{\"@type\":\"ListItem\",\"position\":1,\"name\":\"Portada\",\"item\":\"https:\\\/\\\/mueble4you.com\\\/fr\\\/\"},{\"@type\":\"ListItem\",\"position\":2,\"name\":\"Productos\",\"item\":\"https:\\\/\\\/mueble4you.com\\\/productos\\\/\"},{\"@type\":\"ListItem\",\"position\":3,\"name\":\"Matelas Venus 150x190cm.\"}]},{\"@type\":\"WebSite\",\"@id\":\"https:\\\/\\\/mueble4you.com\\\/#website\",\"url\":\"https:\\\/\\\/mueble4you.com\\\/\",\"name\":\"mueble4you\",\"description\":\"Meubles \u00e0 Tenerife\",\"potentialAction\":[{\"@type\":\"SearchAction\",\"target\":{\"@type\":\"EntryPoint\",\"urlTemplate\":\"https:\\\/\\\/mueble4you.com\\\/?s={search_term_string}\"},\"query-input\":{\"@type\":\"PropertyValueSpecification\",\"valueRequired\":true,\"valueName\":\"search_term_string\"}}],\"inLanguage\":\"fr-FR\"}]}<\/script>\n<!-- \/ Yoast SEO plugin. -->","yoast_head_json":{"title":"Matelas Venus 150x190cm. | mueble4you","robots":{"index":"index","follow":"follow","max-snippet":"max-snippet:-1","max-image-preview":"max-image-preview:large","max-video-preview":"max-video-preview:-1"},"canonical":"https:\/\/mueble4you.com\/fr\/productos\/matelas-venus-150x190cm\/","og_locale":"fr_FR","og_type":"article","og_title":"Matelas Venus 150x190cm. | mueble4you","og_description":"Tissu sup\u00e9rieur en aloe vera. Matelas tr\u00e8s doux. Ressorts ensach\u00e9s, qui ne se sentent pas, en raison de la haute technologie utilis\u00e9e dans leur fabrication. Haut de gamme. Confort et adaptabilit\u00e9. Respirant. Anti acariens. Tailles disponibles: 150&#215;190 et 180&#215;200 cm. Hauteur: + &#8211; 28 cm.","og_url":"https:\/\/mueble4you.com\/fr\/productos\/matelas-venus-150x190cm\/","og_site_name":"mueble4you","article_modified_time":"2020-11-06T10:18:51+00:00","og_image":[{"width":938,"height":676,"url":"https:\/\/mueble4you.com\/wp-content\/uploads\/2020\/11\/VENUS-1.jpg","type":"image\/jpeg"}],"twitter_card":"summary_large_image","schema":{"@context":"https:\/\/schema.org","@graph":[{"@type":"WebPage","@id":"https:\/\/mueble4you.com\/fr\/productos\/matelas-venus-150x190cm\/","url":"https:\/\/mueble4you.com\/fr\/productos\/matelas-venus-150x190cm\/","name":"Matelas Venus 150x190cm. | mueble4you","isPartOf":{"@id":"https:\/\/mueble4you.com\/#website"},"primaryImageOfPage":{"@id":"https:\/\/mueble4you.com\/fr\/productos\/matelas-venus-150x190cm\/#primaryimage"},"image":{"@id":"https:\/\/mueble4you.com\/fr\/productos\/matelas-venus-150x190cm\/#primaryimage"},"thumbnailUrl":"https:\/\/mueble4you.com\/wp-content\/uploads\/2020\/11\/VENUS-1.jpg","datePublished":"2020-11-05T13:00:42+00:00","dateModified":"2020-11-06T10:18:51+00:00","breadcrumb":{"@id":"https:\/\/mueble4you.com\/fr\/productos\/matelas-venus-150x190cm\/#breadcrumb"},"inLanguage":"fr-FR","potentialAction":[{"@type":"ReadAction","target":["https:\/\/mueble4you.com\/fr\/productos\/matelas-venus-150x190cm\/"]}]},{"@type":"ImageObject","inLanguage":"fr-FR","@id":"https:\/\/mueble4you.com\/fr\/productos\/matelas-venus-150x190cm\/#primaryimage","url":"https:\/\/mueble4you.com\/wp-content\/uploads\/2020\/11\/VENUS-1.jpg","contentUrl":"https:\/\/mueble4you.com\/wp-content\/uploads\/2020\/11\/VENUS-1.jpg","width":938,"height":676},{"@type":"BreadcrumbList","@id":"https:\/\/mueble4you.com\/fr\/productos\/matelas-venus-150x190cm\/#breadcrumb","itemListElement":[{"@type":"ListItem","position":1,"name":"Portada","item":"https:\/\/mueble4you.com\/fr\/"},{"@type":"ListItem","position":2,"name":"Productos","item":"https:\/\/mueble4you.com\/productos\/"},{"@type":"ListItem","position":3,"name":"Matelas Venus 150x190cm."}]},{"@type":"WebSite","@id":"https:\/\/mueble4you.com\/#website","url":"https:\/\/mueble4you.com\/","name":"mueble4you","description":"Meubles \u00e0 Tenerife","potentialAction":[{"@type":"SearchAction","target":{"@type":"EntryPoint","urlTemplate":"https:\/\/mueble4you.com\/?s={search_term_string}"},"query-input":{"@type":"PropertyValueSpecification","valueRequired":true,"valueName":"search_term_string"}}],"inLanguage":"fr-FR"}]}},"_links":{"self":[{"href":"https:\/\/mueble4you.com\/fr\/wp-json\/wp\/v2\/product\/41862","targetHints":{"allow":["GET"]}}],"collection":[{"href":"https:\/\/mueble4you.com\/fr\/wp-json\/wp\/v2\/product"}],"about":[{"href":"https:\/\/mueble4you.com\/fr\/wp-json\/wp\/v2\/types\/product"}],"wp:featuredmedia":[{"embeddable":true,"href":"https:\/\/mueble4you.com\/fr\/wp-json\/wp\/v2\/media\/41852"}],"wp:attachment":[{"href":"https:\/\/mueble4you.com\/fr\/wp-json\/wp\/v2\/media?parent=41862"}],"wp:term":[{"taxonomy":"product_brand","embeddable":true,"href":"https:\/\/mueble4you.com\/fr\/wp-json\/wp\/v2\/product_brand?post=41862"},{"taxonomy":"product_cat","embeddable":true,"href":"https:\/\/mueble4you.com\/fr\/wp-json\/wp\/v2\/product_cat?post=41862"},{"taxonomy":"product_tag","embeddable":true,"href":"https:\/\/mueble4you.com\/fr\/wp-json\/wp\/v2\/product_tag?post=41862"}],"curies":[{"name":"wp","href":"https:\/\/api.w.org\/{rel}","templated":true}]}}