{"id":41777,"date":"2020-10-30T17:07:39","date_gmt":"2020-10-30T17:07:39","guid":{"rendered":"https:\/\/mueble4you.com\/productos\/klee-sofa-298cmpuff-mesa\/"},"modified":"2020-11-02T12:44:18","modified_gmt":"2020-11-02T12:44:18","slug":"canape-klee-298cm-table-puff","status":"publish","type":"product","link":"https:\/\/mueble4you.com\/fr\/productos\/canape-klee-298cm-table-puff\/","title":{"rendered":"Canap\u00e9 Klee 298cm + Table Puff."},"content":{"rendered":"<ul>\n<li>Klee mesure 105 cm de profondeur, 298 cm de largeur et 42 cm de hauteur, ce qui offre des mesures g\u00e9n\u00e9reuses qui permettent une assise plus horizontale ou d\u00e9tendue.<\/li>\n<li>Rembourr\u00e9 en tissu jaune.<\/li>\n<li>Coussins d\u00e9coratifs assortis.<\/li>\n<li>Adam est une table carr\u00e9e, elle se combine parfaitement avec n&rsquo;importe quel canap\u00e9, ainsi que des meubles d&rsquo;angle avec une chaise longue.<\/li>\n<li>Gr\u00e2ce \u00e0 son m\u00e9canisme presque silencieux, nous pouvons soulever le couvercle sans effort et \u00e9viter les bruits g\u00eanants des autres tables.<\/li>\n<li>Cet ensemble de sofa et de table peut \u00eatre eu dans d&rsquo;autres tailles et couleurs, sur demande.<\/li>\n<\/ul>\n","protected":false},"excerpt":{"rendered":"<p>Klee mesure 105 cm de profondeur, 298 cm de largeur et 42 cm de hauteur, ce qui offre des mesures g\u00e9n\u00e9reuses qui permettent une assise plus horizontale ou d\u00e9tendue. Rembourr\u00e9 en tissu jaune. Coussins d\u00e9coratifs assortis. Adam est une table carr\u00e9e, elle se combine parfaitement avec n&rsquo;importe quel canap\u00e9, ainsi que des meubles d&rsquo;angle avec [&#8230;]\n","protected":false},"featured_media":41782,"template":"","meta":[],"product_brand":[],"product_cat":[205,204],"product_tag":[],"class_list":{"0":"post-41777","1":"product","2":"type-product","3":"status-publish","4":"has-post-thumbnail","6":"product_cat-canapes","7":"product_cat-salon","9":"first","10":"instock","11":"shipping-taxable","12":"product-type-simple"},"yoast_head":"<!-- This site is optimized with the Yoast SEO plugin v27.3 - https:\/\/yoast.com\/product\/yoast-seo-wordpress\/ -->\n<title>Canap\u00e9 Klee 298cm + Table Puff. | mueble4you<\/title>\n<meta name=\"robots\" content=\"index, follow, max-snippet:-1, max-image-preview:large, max-video-preview:-1\" \/>\n<link rel=\"canonical\" href=\"https:\/\/mueble4you.com\/fr\/productos\/canape-klee-298cm-table-puff\/\" \/>\n<meta property=\"og:locale\" content=\"fr_FR\" \/>\n<meta property=\"og:type\" content=\"article\" \/>\n<meta property=\"og:title\" content=\"Canap\u00e9 Klee 298cm + Table Puff. | mueble4you\" \/>\n<meta property=\"og:description\" content=\"Klee mesure 105 cm de profondeur, 298 cm de largeur et 42 cm de hauteur, ce qui offre des mesures g\u00e9n\u00e9reuses qui permettent une assise plus horizontale ou d\u00e9tendue. Rembourr\u00e9 en tissu jaune. Coussins d\u00e9coratifs assortis. Adam est une table carr\u00e9e, elle se combine parfaitement avec n&rsquo;importe quel canap\u00e9, ainsi que des meubles d&rsquo;angle avec [...]\" \/>\n<meta property=\"og:url\" content=\"https:\/\/mueble4you.com\/fr\/productos\/canape-klee-298cm-table-puff\/\" \/>\n<meta property=\"og:site_name\" content=\"mueble4you\" \/>\n<meta property=\"article:modified_time\" content=\"2020-11-02T12:44:18+00:00\" \/>\n<meta property=\"og:image\" content=\"https:\/\/mueble4you.com\/wp-content\/uploads\/2020\/10\/IMG-20201030-WA0005.jpg\" \/>\n\t<meta property=\"og:image:width\" content=\"1024\" \/>\n\t<meta property=\"og:image:height\" content=\"768\" \/>\n\t<meta property=\"og:image:type\" content=\"image\/jpeg\" \/>\n<meta name=\"twitter:card\" content=\"summary_large_image\" \/>\n<meta name=\"twitter:label1\" content=\"Dur\u00e9e de lecture estim\u00e9e\" \/>\n\t<meta name=\"twitter:data1\" content=\"1 minute\" \/>\n<script type=\"application\/ld+json\" class=\"yoast-schema-graph\">{\"@context\":\"https:\\\/\\\/schema.org\",\"@graph\":[{\"@type\":\"WebPage\",\"@id\":\"https:\\\/\\\/mueble4you.com\\\/fr\\\/productos\\\/canape-klee-298cm-table-puff\\\/\",\"url\":\"https:\\\/\\\/mueble4you.com\\\/fr\\\/productos\\\/canape-klee-298cm-table-puff\\\/\",\"name\":\"Canap\u00e9 Klee 298cm + Table Puff. | mueble4you\",\"isPartOf\":{\"@id\":\"https:\\\/\\\/mueble4you.com\\\/#website\"},\"primaryImageOfPage\":{\"@id\":\"https:\\\/\\\/mueble4you.com\\\/fr\\\/productos\\\/canape-klee-298cm-table-puff\\\/#primaryimage\"},\"image\":{\"@id\":\"https:\\\/\\\/mueble4you.com\\\/fr\\\/productos\\\/canape-klee-298cm-table-puff\\\/#primaryimage\"},\"thumbnailUrl\":\"https:\\\/\\\/mueble4you.com\\\/wp-content\\\/uploads\\\/2020\\\/10\\\/IMG-20201030-WA0005.jpg\",\"datePublished\":\"2020-10-30T17:07:39+00:00\",\"dateModified\":\"2020-11-02T12:44:18+00:00\",\"breadcrumb\":{\"@id\":\"https:\\\/\\\/mueble4you.com\\\/fr\\\/productos\\\/canape-klee-298cm-table-puff\\\/#breadcrumb\"},\"inLanguage\":\"fr-FR\",\"potentialAction\":[{\"@type\":\"ReadAction\",\"target\":[\"https:\\\/\\\/mueble4you.com\\\/fr\\\/productos\\\/canape-klee-298cm-table-puff\\\/\"]}]},{\"@type\":\"ImageObject\",\"inLanguage\":\"fr-FR\",\"@id\":\"https:\\\/\\\/mueble4you.com\\\/fr\\\/productos\\\/canape-klee-298cm-table-puff\\\/#primaryimage\",\"url\":\"https:\\\/\\\/mueble4you.com\\\/wp-content\\\/uploads\\\/2020\\\/10\\\/IMG-20201030-WA0005.jpg\",\"contentUrl\":\"https:\\\/\\\/mueble4you.com\\\/wp-content\\\/uploads\\\/2020\\\/10\\\/IMG-20201030-WA0005.jpg\",\"width\":1024,\"height\":768},{\"@type\":\"BreadcrumbList\",\"@id\":\"https:\\\/\\\/mueble4you.com\\\/fr\\\/productos\\\/canape-klee-298cm-table-puff\\\/#breadcrumb\",\"itemListElement\":[{\"@type\":\"ListItem\",\"position\":1,\"name\":\"Portada\",\"item\":\"https:\\\/\\\/mueble4you.com\\\/fr\\\/\"},{\"@type\":\"ListItem\",\"position\":2,\"name\":\"Productos\",\"item\":\"https:\\\/\\\/mueble4you.com\\\/productos\\\/\"},{\"@type\":\"ListItem\",\"position\":3,\"name\":\"Canap\u00e9 Klee 298cm + Table Puff.\"}]},{\"@type\":\"WebSite\",\"@id\":\"https:\\\/\\\/mueble4you.com\\\/#website\",\"url\":\"https:\\\/\\\/mueble4you.com\\\/\",\"name\":\"mueble4you\",\"description\":\"Meubles \u00e0 Tenerife\",\"potentialAction\":[{\"@type\":\"SearchAction\",\"target\":{\"@type\":\"EntryPoint\",\"urlTemplate\":\"https:\\\/\\\/mueble4you.com\\\/?s={search_term_string}\"},\"query-input\":{\"@type\":\"PropertyValueSpecification\",\"valueRequired\":true,\"valueName\":\"search_term_string\"}}],\"inLanguage\":\"fr-FR\"}]}<\/script>\n<!-- \/ Yoast SEO plugin. -->","yoast_head_json":{"title":"Canap\u00e9 Klee 298cm + Table Puff. | mueble4you","robots":{"index":"index","follow":"follow","max-snippet":"max-snippet:-1","max-image-preview":"max-image-preview:large","max-video-preview":"max-video-preview:-1"},"canonical":"https:\/\/mueble4you.com\/fr\/productos\/canape-klee-298cm-table-puff\/","og_locale":"fr_FR","og_type":"article","og_title":"Canap\u00e9 Klee 298cm + Table Puff. | mueble4you","og_description":"Klee mesure 105 cm de profondeur, 298 cm de largeur et 42 cm de hauteur, ce qui offre des mesures g\u00e9n\u00e9reuses qui permettent une assise plus horizontale ou d\u00e9tendue. Rembourr\u00e9 en tissu jaune. Coussins d\u00e9coratifs assortis. Adam est une table carr\u00e9e, elle se combine parfaitement avec n&rsquo;importe quel canap\u00e9, ainsi que des meubles d&rsquo;angle avec [...]","og_url":"https:\/\/mueble4you.com\/fr\/productos\/canape-klee-298cm-table-puff\/","og_site_name":"mueble4you","article_modified_time":"2020-11-02T12:44:18+00:00","og_image":[{"width":1024,"height":768,"url":"https:\/\/mueble4you.com\/wp-content\/uploads\/2020\/10\/IMG-20201030-WA0005.jpg","type":"image\/jpeg"}],"twitter_card":"summary_large_image","twitter_misc":{"Dur\u00e9e de lecture estim\u00e9e":"1 minute"},"schema":{"@context":"https:\/\/schema.org","@graph":[{"@type":"WebPage","@id":"https:\/\/mueble4you.com\/fr\/productos\/canape-klee-298cm-table-puff\/","url":"https:\/\/mueble4you.com\/fr\/productos\/canape-klee-298cm-table-puff\/","name":"Canap\u00e9 Klee 298cm + Table Puff. | mueble4you","isPartOf":{"@id":"https:\/\/mueble4you.com\/#website"},"primaryImageOfPage":{"@id":"https:\/\/mueble4you.com\/fr\/productos\/canape-klee-298cm-table-puff\/#primaryimage"},"image":{"@id":"https:\/\/mueble4you.com\/fr\/productos\/canape-klee-298cm-table-puff\/#primaryimage"},"thumbnailUrl":"https:\/\/mueble4you.com\/wp-content\/uploads\/2020\/10\/IMG-20201030-WA0005.jpg","datePublished":"2020-10-30T17:07:39+00:00","dateModified":"2020-11-02T12:44:18+00:00","breadcrumb":{"@id":"https:\/\/mueble4you.com\/fr\/productos\/canape-klee-298cm-table-puff\/#breadcrumb"},"inLanguage":"fr-FR","potentialAction":[{"@type":"ReadAction","target":["https:\/\/mueble4you.com\/fr\/productos\/canape-klee-298cm-table-puff\/"]}]},{"@type":"ImageObject","inLanguage":"fr-FR","@id":"https:\/\/mueble4you.com\/fr\/productos\/canape-klee-298cm-table-puff\/#primaryimage","url":"https:\/\/mueble4you.com\/wp-content\/uploads\/2020\/10\/IMG-20201030-WA0005.jpg","contentUrl":"https:\/\/mueble4you.com\/wp-content\/uploads\/2020\/10\/IMG-20201030-WA0005.jpg","width":1024,"height":768},{"@type":"BreadcrumbList","@id":"https:\/\/mueble4you.com\/fr\/productos\/canape-klee-298cm-table-puff\/#breadcrumb","itemListElement":[{"@type":"ListItem","position":1,"name":"Portada","item":"https:\/\/mueble4you.com\/fr\/"},{"@type":"ListItem","position":2,"name":"Productos","item":"https:\/\/mueble4you.com\/productos\/"},{"@type":"ListItem","position":3,"name":"Canap\u00e9 Klee 298cm + Table Puff."}]},{"@type":"WebSite","@id":"https:\/\/mueble4you.com\/#website","url":"https:\/\/mueble4you.com\/","name":"mueble4you","description":"Meubles \u00e0 Tenerife","potentialAction":[{"@type":"SearchAction","target":{"@type":"EntryPoint","urlTemplate":"https:\/\/mueble4you.com\/?s={search_term_string}"},"query-input":{"@type":"PropertyValueSpecification","valueRequired":true,"valueName":"search_term_string"}}],"inLanguage":"fr-FR"}]}},"_links":{"self":[{"href":"https:\/\/mueble4you.com\/fr\/wp-json\/wp\/v2\/product\/41777","targetHints":{"allow":["GET"]}}],"collection":[{"href":"https:\/\/mueble4you.com\/fr\/wp-json\/wp\/v2\/product"}],"about":[{"href":"https:\/\/mueble4you.com\/fr\/wp-json\/wp\/v2\/types\/product"}],"wp:featuredmedia":[{"embeddable":true,"href":"https:\/\/mueble4you.com\/fr\/wp-json\/wp\/v2\/media\/41782"}],"wp:attachment":[{"href":"https:\/\/mueble4you.com\/fr\/wp-json\/wp\/v2\/media?parent=41777"}],"wp:term":[{"taxonomy":"product_brand","embeddable":true,"href":"https:\/\/mueble4you.com\/fr\/wp-json\/wp\/v2\/product_brand?post=41777"},{"taxonomy":"product_cat","embeddable":true,"href":"https:\/\/mueble4you.com\/fr\/wp-json\/wp\/v2\/product_cat?post=41777"},{"taxonomy":"product_tag","embeddable":true,"href":"https:\/\/mueble4you.com\/fr\/wp-json\/wp\/v2\/product_tag?post=41777"}],"curies":[{"name":"wp","href":"https:\/\/api.w.org\/{rel}","templated":true}]}}