{"id":41686,"date":"2020-10-29T13:36:35","date_gmt":"2020-10-29T13:36:35","guid":{"rendered":"https:\/\/mueble4you.com\/productos\/silla-pata-cromada-y-capitone-blanco-perla\/"},"modified":"2020-10-30T14:21:51","modified_gmt":"2020-10-30T14:21:51","slug":"chaise-pied-chrome-et-capitonne-blanc-perle","status":"publish","type":"product","link":"https:\/\/mueble4you.com\/fr\/productos\/chaise-pied-chrome-et-capitonne-blanc-perle\/","title":{"rendered":"Chaise Pied Chrom\u00e9 Et Capitonn\u00e9 Blanc Perle."},"content":{"rendered":"<ul>\n<li>Chaise avec pieds chrom\u00e9s.<\/li>\n<li>Rembourr\u00e9 en cuir synth\u00e9tique blanc.<\/li>\n<li>D\u00e9coration en pierres brillantes.<\/li>\n<\/ul>\n","protected":false},"excerpt":{"rendered":"<p>Chaise avec pieds chrom\u00e9s. Rembourr\u00e9 en cuir synth\u00e9tique blanc. D\u00e9coration en pierres brillantes.<\/p>\n","protected":false},"featured_media":74485,"template":"","meta":[],"product_brand":[],"product_cat":[352,199],"product_tag":[],"class_list":{"0":"post-41686","1":"product","2":"type-product","3":"status-publish","4":"has-post-thumbnail","6":"product_cat-chaises-de-salle-aa-manger","7":"product_cat-eaters","9":"first","10":"instock","11":"shipping-taxable","12":"product-type-simple"},"yoast_head":"<!-- This site is optimized with the Yoast SEO plugin v27.2 - https:\/\/yoast.com\/product\/yoast-seo-wordpress\/ -->\n<title>Chaise Pied Chrom\u00e9 Et Capitonn\u00e9 Blanc Perle. | mueble4you<\/title>\n<meta name=\"robots\" content=\"index, follow, max-snippet:-1, max-image-preview:large, max-video-preview:-1\" \/>\n<link rel=\"canonical\" href=\"https:\/\/mueble4you.com\/fr\/productos\/chaise-pied-chrome-et-capitonne-blanc-perle\/\" \/>\n<meta property=\"og:locale\" content=\"fr_FR\" \/>\n<meta property=\"og:type\" content=\"article\" \/>\n<meta property=\"og:title\" content=\"Chaise Pied Chrom\u00e9 Et Capitonn\u00e9 Blanc Perle. | mueble4you\" \/>\n<meta property=\"og:description\" content=\"Chaise avec pieds chrom\u00e9s. Rembourr\u00e9 en cuir synth\u00e9tique blanc. D\u00e9coration en pierres brillantes.\" \/>\n<meta property=\"og:url\" content=\"https:\/\/mueble4you.com\/fr\/productos\/chaise-pied-chrome-et-capitonne-blanc-perle\/\" \/>\n<meta property=\"og:site_name\" content=\"mueble4you\" \/>\n<meta property=\"article:modified_time\" content=\"2020-10-30T14:21:51+00:00\" \/>\n<meta property=\"og:image\" content=\"https:\/\/mueble4you.com\/wp-content\/uploads\/2020\/10\/SILLA-BONITA-2.jpg\" \/>\n\t<meta property=\"og:image:width\" content=\"756\" \/>\n\t<meta property=\"og:image:height\" content=\"889\" \/>\n\t<meta property=\"og:image:type\" content=\"image\/jpeg\" \/>\n<meta name=\"twitter:card\" content=\"summary_large_image\" \/>\n<script type=\"application\/ld+json\" class=\"yoast-schema-graph\">{\"@context\":\"https:\/\/schema.org\",\"@graph\":[{\"@type\":\"WebPage\",\"@id\":\"https:\/\/mueble4you.com\/fr\/productos\/chaise-pied-chrome-et-capitonne-blanc-perle\/\",\"url\":\"https:\/\/mueble4you.com\/fr\/productos\/chaise-pied-chrome-et-capitonne-blanc-perle\/\",\"name\":\"Chaise Pied Chrom\u00e9 Et Capitonn\u00e9 Blanc Perle. | mueble4you\",\"isPartOf\":{\"@id\":\"https:\/\/mueble4you.com\/#website\"},\"primaryImageOfPage\":{\"@id\":\"https:\/\/mueble4you.com\/fr\/productos\/chaise-pied-chrome-et-capitonne-blanc-perle\/#primaryimage\"},\"image\":{\"@id\":\"https:\/\/mueble4you.com\/fr\/productos\/chaise-pied-chrome-et-capitonne-blanc-perle\/#primaryimage\"},\"thumbnailUrl\":\"https:\/\/mueble4you.com\/wp-content\/uploads\/2020\/10\/SILLA-BONITA-2.jpg\",\"datePublished\":\"2020-10-29T13:36:35+00:00\",\"dateModified\":\"2020-10-30T14:21:51+00:00\",\"breadcrumb\":{\"@id\":\"https:\/\/mueble4you.com\/fr\/productos\/chaise-pied-chrome-et-capitonne-blanc-perle\/#breadcrumb\"},\"inLanguage\":\"fr-FR\",\"potentialAction\":[{\"@type\":\"ReadAction\",\"target\":[\"https:\/\/mueble4you.com\/fr\/productos\/chaise-pied-chrome-et-capitonne-blanc-perle\/\"]}]},{\"@type\":\"ImageObject\",\"inLanguage\":\"fr-FR\",\"@id\":\"https:\/\/mueble4you.com\/fr\/productos\/chaise-pied-chrome-et-capitonne-blanc-perle\/#primaryimage\",\"url\":\"https:\/\/mueble4you.com\/wp-content\/uploads\/2020\/10\/SILLA-BONITA-2.jpg\",\"contentUrl\":\"https:\/\/mueble4you.com\/wp-content\/uploads\/2020\/10\/SILLA-BONITA-2.jpg\",\"width\":756,\"height\":889},{\"@type\":\"BreadcrumbList\",\"@id\":\"https:\/\/mueble4you.com\/fr\/productos\/chaise-pied-chrome-et-capitonne-blanc-perle\/#breadcrumb\",\"itemListElement\":[{\"@type\":\"ListItem\",\"position\":1,\"name\":\"Portada\",\"item\":\"https:\/\/mueble4you.com\/fr\/\"},{\"@type\":\"ListItem\",\"position\":2,\"name\":\"Productos\",\"item\":\"https:\/\/mueble4you.com\/productos\/\"},{\"@type\":\"ListItem\",\"position\":3,\"name\":\"Chaise Pied Chrom\u00e9 Et Capitonn\u00e9 Blanc Perle.\"}]},{\"@type\":\"WebSite\",\"@id\":\"https:\/\/mueble4you.com\/#website\",\"url\":\"https:\/\/mueble4you.com\/\",\"name\":\"mueble4you\",\"description\":\"Meubles \u00e0 Tenerife\",\"potentialAction\":[{\"@type\":\"SearchAction\",\"target\":{\"@type\":\"EntryPoint\",\"urlTemplate\":\"https:\/\/mueble4you.com\/?s={search_term_string}\"},\"query-input\":{\"@type\":\"PropertyValueSpecification\",\"valueRequired\":true,\"valueName\":\"search_term_string\"}}],\"inLanguage\":\"fr-FR\"}]}<\/script>\n<!-- \/ Yoast SEO plugin. -->","yoast_head_json":{"title":"Chaise Pied Chrom\u00e9 Et Capitonn\u00e9 Blanc Perle. | mueble4you","robots":{"index":"index","follow":"follow","max-snippet":"max-snippet:-1","max-image-preview":"max-image-preview:large","max-video-preview":"max-video-preview:-1"},"canonical":"https:\/\/mueble4you.com\/fr\/productos\/chaise-pied-chrome-et-capitonne-blanc-perle\/","og_locale":"fr_FR","og_type":"article","og_title":"Chaise Pied Chrom\u00e9 Et Capitonn\u00e9 Blanc Perle. | mueble4you","og_description":"Chaise avec pieds chrom\u00e9s. Rembourr\u00e9 en cuir synth\u00e9tique blanc. D\u00e9coration en pierres brillantes.","og_url":"https:\/\/mueble4you.com\/fr\/productos\/chaise-pied-chrome-et-capitonne-blanc-perle\/","og_site_name":"mueble4you","article_modified_time":"2020-10-30T14:21:51+00:00","og_image":[{"width":756,"height":889,"url":"https:\/\/mueble4you.com\/wp-content\/uploads\/2020\/10\/SILLA-BONITA-2.jpg","type":"image\/jpeg"}],"twitter_card":"summary_large_image","schema":{"@context":"https:\/\/schema.org","@graph":[{"@type":"WebPage","@id":"https:\/\/mueble4you.com\/fr\/productos\/chaise-pied-chrome-et-capitonne-blanc-perle\/","url":"https:\/\/mueble4you.com\/fr\/productos\/chaise-pied-chrome-et-capitonne-blanc-perle\/","name":"Chaise Pied Chrom\u00e9 Et Capitonn\u00e9 Blanc Perle. | mueble4you","isPartOf":{"@id":"https:\/\/mueble4you.com\/#website"},"primaryImageOfPage":{"@id":"https:\/\/mueble4you.com\/fr\/productos\/chaise-pied-chrome-et-capitonne-blanc-perle\/#primaryimage"},"image":{"@id":"https:\/\/mueble4you.com\/fr\/productos\/chaise-pied-chrome-et-capitonne-blanc-perle\/#primaryimage"},"thumbnailUrl":"https:\/\/mueble4you.com\/wp-content\/uploads\/2020\/10\/SILLA-BONITA-2.jpg","datePublished":"2020-10-29T13:36:35+00:00","dateModified":"2020-10-30T14:21:51+00:00","breadcrumb":{"@id":"https:\/\/mueble4you.com\/fr\/productos\/chaise-pied-chrome-et-capitonne-blanc-perle\/#breadcrumb"},"inLanguage":"fr-FR","potentialAction":[{"@type":"ReadAction","target":["https:\/\/mueble4you.com\/fr\/productos\/chaise-pied-chrome-et-capitonne-blanc-perle\/"]}]},{"@type":"ImageObject","inLanguage":"fr-FR","@id":"https:\/\/mueble4you.com\/fr\/productos\/chaise-pied-chrome-et-capitonne-blanc-perle\/#primaryimage","url":"https:\/\/mueble4you.com\/wp-content\/uploads\/2020\/10\/SILLA-BONITA-2.jpg","contentUrl":"https:\/\/mueble4you.com\/wp-content\/uploads\/2020\/10\/SILLA-BONITA-2.jpg","width":756,"height":889},{"@type":"BreadcrumbList","@id":"https:\/\/mueble4you.com\/fr\/productos\/chaise-pied-chrome-et-capitonne-blanc-perle\/#breadcrumb","itemListElement":[{"@type":"ListItem","position":1,"name":"Portada","item":"https:\/\/mueble4you.com\/fr\/"},{"@type":"ListItem","position":2,"name":"Productos","item":"https:\/\/mueble4you.com\/productos\/"},{"@type":"ListItem","position":3,"name":"Chaise Pied Chrom\u00e9 Et Capitonn\u00e9 Blanc Perle."}]},{"@type":"WebSite","@id":"https:\/\/mueble4you.com\/#website","url":"https:\/\/mueble4you.com\/","name":"mueble4you","description":"Meubles \u00e0 Tenerife","potentialAction":[{"@type":"SearchAction","target":{"@type":"EntryPoint","urlTemplate":"https:\/\/mueble4you.com\/?s={search_term_string}"},"query-input":{"@type":"PropertyValueSpecification","valueRequired":true,"valueName":"search_term_string"}}],"inLanguage":"fr-FR"}]}},"_links":{"self":[{"href":"https:\/\/mueble4you.com\/fr\/wp-json\/wp\/v2\/product\/41686","targetHints":{"allow":["GET"]}}],"collection":[{"href":"https:\/\/mueble4you.com\/fr\/wp-json\/wp\/v2\/product"}],"about":[{"href":"https:\/\/mueble4you.com\/fr\/wp-json\/wp\/v2\/types\/product"}],"wp:featuredmedia":[{"embeddable":true,"href":"https:\/\/mueble4you.com\/fr\/wp-json\/wp\/v2\/media\/74485"}],"wp:attachment":[{"href":"https:\/\/mueble4you.com\/fr\/wp-json\/wp\/v2\/media?parent=41686"}],"wp:term":[{"taxonomy":"product_brand","embeddable":true,"href":"https:\/\/mueble4you.com\/fr\/wp-json\/wp\/v2\/product_brand?post=41686"},{"taxonomy":"product_cat","embeddable":true,"href":"https:\/\/mueble4you.com\/fr\/wp-json\/wp\/v2\/product_cat?post=41686"},{"taxonomy":"product_tag","embeddable":true,"href":"https:\/\/mueble4you.com\/fr\/wp-json\/wp\/v2\/product_tag?post=41686"}],"curies":[{"name":"wp","href":"https:\/\/api.w.org\/{rel}","templated":true}]}}