{"id":41584,"date":"2020-10-24T09:16:14","date_gmt":"2020-10-24T09:16:14","guid":{"rendered":"https:\/\/mueble4you.com\/productos\/silvia-sillon-electrico-levanta-personas\/"},"modified":"2023-05-09T11:35:15","modified_gmt":"2023-05-09T11:35:15","slug":"silvia-fauteuil-electrique-personnes-de-levage","status":"publish","type":"product","link":"https:\/\/mueble4you.com\/fr\/productos\/silvia-fauteuil-electrique-personnes-de-levage\/","title":{"rendered":"Silvia, fauteuil \u00e9lectrique, personnes de levage."},"content":{"rendered":"<ul>\n<li id=\"tw-target-text\" class=\"tw-data-text tw-text-large XcVN5d tw-ta\" dir=\"ltr\" data-placeholder=\"Traducci\u00f3n\"><span lang=\"fr\">DES MESURES:<\/span><\/li>\n<li class=\"tw-data-text tw-text-large XcVN5d tw-ta\" dir=\"ltr\" data-placeholder=\"Traducci\u00f3n\"><span lang=\"fr\">Hauteur du dossier: 66 cm.<\/span><\/li>\n<li class=\"tw-data-text tw-text-large XcVN5d tw-ta\" dir=\"ltr\" data-placeholder=\"Traducci\u00f3n\"><span lang=\"fr\">Hauteur d&rsquo;assise: 51 cm.<\/span><\/li>\n<li class=\"tw-data-text tw-text-large XcVN5d tw-ta\" dir=\"ltr\" data-placeholder=\"Traducci\u00f3n\"><span lang=\"fr\">Profondeur d&rsquo;assise: 51 cm. <\/span><\/li>\n<li class=\"tw-data-text tw-text-large XcVN5d tw-ta\" dir=\"ltr\" data-placeholder=\"Traducci\u00f3n\"><span lang=\"fr\">Largeur d&rsquo;assise: 50 cm. <\/span><\/li>\n<li class=\"tw-data-text tw-text-large XcVN5d tw-ta\" dir=\"ltr\" data-placeholder=\"Traducci\u00f3n\"><span lang=\"fr\">Mesure ouverte: 154 cm. <\/span><\/li>\n<li class=\"tw-data-text tw-text-large XcVN5d tw-ta\" dir=\"ltr\" data-placeholder=\"Traducci\u00f3n\"><span lang=\"fr\">STRUCTURE: Bois de pin renforc\u00e9 de panneaux de particules. <\/span><\/li>\n<li class=\"tw-data-text tw-text-large XcVN5d tw-ta\" dir=\"ltr\" data-placeholder=\"Traducci\u00f3n\"><span lang=\"fr\">SUSPENSION DE SI\u00c8GE: Sangles enduites de qualit\u00e9 sup\u00e9rieure. <\/span><\/li>\n<li class=\"tw-data-text tw-text-large XcVN5d tw-ta\" dir=\"ltr\" data-placeholder=\"Traducci\u00f3n\"><span lang=\"fr\">COUSSIN DE SI\u00c8GE: mousse polyur\u00e9thane 35 kg \/ m3 recouverte de fibre polyester. <\/span><\/li>\n<li class=\"tw-data-text tw-text-large XcVN5d tw-ta\" dir=\"ltr\" data-placeholder=\"Traducci\u00f3n\"><span lang=\"fr\">COUSSIN DE DOS: Fibre creuse silicon\u00e9e. <\/span><\/li>\n<li class=\"tw-data-text tw-text-large XcVN5d tw-ta\" dir=\"ltr\" data-placeholder=\"Traducci\u00f3n\"><span lang=\"fr\">AMOVIBLE: coussin d&rsquo;assise, de dossier et de bras.<\/span><\/li>\n<li class=\"tw-data-text tw-text-large XcVN5d tw-ta\" dir=\"ltr\" data-placeholder=\"Traducci\u00f3n\"><span lang=\"fr\">JAMBES: Bois naturel sur chaise manuelle. <\/span><\/li>\n<li class=\"tw-data-text tw-text-large XcVN5d tw-ta\" dir=\"ltr\" data-placeholder=\"Traducci\u00f3n\"><span lang=\"fr\">Chargeur USB dans le clavier.<\/span><\/li>\n<li class=\"tw-data-text tw-text-large XcVN5d tw-ta\" dir=\"ltr\" data-placeholder=\"Traducci\u00f3n\"><span lang=\"fr\">Disponible dans un autre tissu et couleur, sur demande.<\/span><\/li>\n<\/ul>\n","protected":false},"excerpt":{"rendered":"<p>DES MESURES: Hauteur du dossier: 66 cm. Hauteur d&rsquo;assise: 51 cm. Profondeur d&rsquo;assise: 51 cm. Largeur d&rsquo;assise: 50 cm. Mesure ouverte: 154 cm. STRUCTURE: Bois de pin renforc\u00e9 de panneaux de particules. SUSPENSION DE SI\u00c8GE: Sangles enduites de qualit\u00e9 sup\u00e9rieure. COUSSIN DE SI\u00c8GE: mousse polyur\u00e9thane 35 kg \/ m3 recouverte de fibre polyester. COUSSIN DE [&#8230;]\n","protected":false},"featured_media":41570,"template":"","meta":[],"product_brand":[],"product_cat":[364,204],"product_tag":[],"class_list":{"0":"post-41584","1":"product","2":"type-product","3":"status-publish","4":"has-post-thumbnail","6":"product_cat-fauteuil","7":"product_cat-salon","9":"first","10":"instock","11":"shipping-taxable","12":"product-type-simple"},"yoast_head":"<!-- This site is optimized with the Yoast SEO plugin v27.3 - https:\/\/yoast.com\/product\/yoast-seo-wordpress\/ -->\n<title>Silvia, fauteuil \u00e9lectrique, personnes de levage. | mueble4you<\/title>\n<meta name=\"robots\" content=\"index, follow, max-snippet:-1, max-image-preview:large, max-video-preview:-1\" \/>\n<link rel=\"canonical\" href=\"https:\/\/mueble4you.com\/fr\/productos\/silvia-fauteuil-electrique-personnes-de-levage\/\" \/>\n<meta property=\"og:locale\" content=\"fr_FR\" \/>\n<meta property=\"og:type\" content=\"article\" \/>\n<meta property=\"og:title\" content=\"Silvia, fauteuil \u00e9lectrique, personnes de levage. | mueble4you\" \/>\n<meta property=\"og:description\" content=\"DES MESURES: Hauteur du dossier: 66 cm. Hauteur d&rsquo;assise: 51 cm. Profondeur d&rsquo;assise: 51 cm. Largeur d&rsquo;assise: 50 cm. Mesure ouverte: 154 cm. STRUCTURE: Bois de pin renforc\u00e9 de panneaux de particules. SUSPENSION DE SI\u00c8GE: Sangles enduites de qualit\u00e9 sup\u00e9rieure. COUSSIN DE SI\u00c8GE: mousse polyur\u00e9thane 35 kg \/ m3 recouverte de fibre polyester. COUSSIN DE [...]\" \/>\n<meta property=\"og:url\" content=\"https:\/\/mueble4you.com\/fr\/productos\/silvia-fauteuil-electrique-personnes-de-levage\/\" \/>\n<meta property=\"og:site_name\" content=\"mueble4you\" \/>\n<meta property=\"article:modified_time\" content=\"2023-05-09T11:35:15+00:00\" \/>\n<meta property=\"og:image\" content=\"https:\/\/mueble4you.com\/wp-content\/uploads\/2020\/10\/silvia-ambiente.jpg\" \/>\n\t<meta property=\"og:image:width\" content=\"1700\" \/>\n\t<meta property=\"og:image:height\" content=\"1000\" \/>\n\t<meta property=\"og:image:type\" content=\"image\/jpeg\" \/>\n<meta name=\"twitter:card\" content=\"summary_large_image\" \/>\n<script type=\"application\/ld+json\" class=\"yoast-schema-graph\">{\"@context\":\"https:\\\/\\\/schema.org\",\"@graph\":[{\"@type\":\"WebPage\",\"@id\":\"https:\\\/\\\/mueble4you.com\\\/fr\\\/productos\\\/silvia-fauteuil-electrique-personnes-de-levage\\\/\",\"url\":\"https:\\\/\\\/mueble4you.com\\\/fr\\\/productos\\\/silvia-fauteuil-electrique-personnes-de-levage\\\/\",\"name\":\"Silvia, fauteuil \u00e9lectrique, personnes de levage. | mueble4you\",\"isPartOf\":{\"@id\":\"https:\\\/\\\/mueble4you.com\\\/#website\"},\"primaryImageOfPage\":{\"@id\":\"https:\\\/\\\/mueble4you.com\\\/fr\\\/productos\\\/silvia-fauteuil-electrique-personnes-de-levage\\\/#primaryimage\"},\"image\":{\"@id\":\"https:\\\/\\\/mueble4you.com\\\/fr\\\/productos\\\/silvia-fauteuil-electrique-personnes-de-levage\\\/#primaryimage\"},\"thumbnailUrl\":\"https:\\\/\\\/mueble4you.com\\\/wp-content\\\/uploads\\\/2020\\\/10\\\/silvia-ambiente.jpg\",\"datePublished\":\"2020-10-24T09:16:14+00:00\",\"dateModified\":\"2023-05-09T11:35:15+00:00\",\"breadcrumb\":{\"@id\":\"https:\\\/\\\/mueble4you.com\\\/fr\\\/productos\\\/silvia-fauteuil-electrique-personnes-de-levage\\\/#breadcrumb\"},\"inLanguage\":\"fr-FR\",\"potentialAction\":[{\"@type\":\"ReadAction\",\"target\":[\"https:\\\/\\\/mueble4you.com\\\/fr\\\/productos\\\/silvia-fauteuil-electrique-personnes-de-levage\\\/\"]}]},{\"@type\":\"ImageObject\",\"inLanguage\":\"fr-FR\",\"@id\":\"https:\\\/\\\/mueble4you.com\\\/fr\\\/productos\\\/silvia-fauteuil-electrique-personnes-de-levage\\\/#primaryimage\",\"url\":\"https:\\\/\\\/mueble4you.com\\\/wp-content\\\/uploads\\\/2020\\\/10\\\/silvia-ambiente.jpg\",\"contentUrl\":\"https:\\\/\\\/mueble4you.com\\\/wp-content\\\/uploads\\\/2020\\\/10\\\/silvia-ambiente.jpg\",\"width\":1700,\"height\":1000},{\"@type\":\"BreadcrumbList\",\"@id\":\"https:\\\/\\\/mueble4you.com\\\/fr\\\/productos\\\/silvia-fauteuil-electrique-personnes-de-levage\\\/#breadcrumb\",\"itemListElement\":[{\"@type\":\"ListItem\",\"position\":1,\"name\":\"Portada\",\"item\":\"https:\\\/\\\/mueble4you.com\\\/fr\\\/\"},{\"@type\":\"ListItem\",\"position\":2,\"name\":\"Productos\",\"item\":\"https:\\\/\\\/mueble4you.com\\\/productos\\\/\"},{\"@type\":\"ListItem\",\"position\":3,\"name\":\"Silvia, fauteuil \u00e9lectrique, personnes de levage.\"}]},{\"@type\":\"WebSite\",\"@id\":\"https:\\\/\\\/mueble4you.com\\\/#website\",\"url\":\"https:\\\/\\\/mueble4you.com\\\/\",\"name\":\"mueble4you\",\"description\":\"Meubles \u00e0 Tenerife\",\"potentialAction\":[{\"@type\":\"SearchAction\",\"target\":{\"@type\":\"EntryPoint\",\"urlTemplate\":\"https:\\\/\\\/mueble4you.com\\\/?s={search_term_string}\"},\"query-input\":{\"@type\":\"PropertyValueSpecification\",\"valueRequired\":true,\"valueName\":\"search_term_string\"}}],\"inLanguage\":\"fr-FR\"}]}<\/script>\n<!-- \/ Yoast SEO plugin. -->","yoast_head_json":{"title":"Silvia, fauteuil \u00e9lectrique, personnes de levage. | mueble4you","robots":{"index":"index","follow":"follow","max-snippet":"max-snippet:-1","max-image-preview":"max-image-preview:large","max-video-preview":"max-video-preview:-1"},"canonical":"https:\/\/mueble4you.com\/fr\/productos\/silvia-fauteuil-electrique-personnes-de-levage\/","og_locale":"fr_FR","og_type":"article","og_title":"Silvia, fauteuil \u00e9lectrique, personnes de levage. | mueble4you","og_description":"DES MESURES: Hauteur du dossier: 66 cm. Hauteur d&rsquo;assise: 51 cm. Profondeur d&rsquo;assise: 51 cm. Largeur d&rsquo;assise: 50 cm. Mesure ouverte: 154 cm. STRUCTURE: Bois de pin renforc\u00e9 de panneaux de particules. SUSPENSION DE SI\u00c8GE: Sangles enduites de qualit\u00e9 sup\u00e9rieure. COUSSIN DE SI\u00c8GE: mousse polyur\u00e9thane 35 kg \/ m3 recouverte de fibre polyester. COUSSIN DE [...]","og_url":"https:\/\/mueble4you.com\/fr\/productos\/silvia-fauteuil-electrique-personnes-de-levage\/","og_site_name":"mueble4you","article_modified_time":"2023-05-09T11:35:15+00:00","og_image":[{"width":1700,"height":1000,"url":"https:\/\/mueble4you.com\/wp-content\/uploads\/2020\/10\/silvia-ambiente.jpg","type":"image\/jpeg"}],"twitter_card":"summary_large_image","schema":{"@context":"https:\/\/schema.org","@graph":[{"@type":"WebPage","@id":"https:\/\/mueble4you.com\/fr\/productos\/silvia-fauteuil-electrique-personnes-de-levage\/","url":"https:\/\/mueble4you.com\/fr\/productos\/silvia-fauteuil-electrique-personnes-de-levage\/","name":"Silvia, fauteuil \u00e9lectrique, personnes de levage. | mueble4you","isPartOf":{"@id":"https:\/\/mueble4you.com\/#website"},"primaryImageOfPage":{"@id":"https:\/\/mueble4you.com\/fr\/productos\/silvia-fauteuil-electrique-personnes-de-levage\/#primaryimage"},"image":{"@id":"https:\/\/mueble4you.com\/fr\/productos\/silvia-fauteuil-electrique-personnes-de-levage\/#primaryimage"},"thumbnailUrl":"https:\/\/mueble4you.com\/wp-content\/uploads\/2020\/10\/silvia-ambiente.jpg","datePublished":"2020-10-24T09:16:14+00:00","dateModified":"2023-05-09T11:35:15+00:00","breadcrumb":{"@id":"https:\/\/mueble4you.com\/fr\/productos\/silvia-fauteuil-electrique-personnes-de-levage\/#breadcrumb"},"inLanguage":"fr-FR","potentialAction":[{"@type":"ReadAction","target":["https:\/\/mueble4you.com\/fr\/productos\/silvia-fauteuil-electrique-personnes-de-levage\/"]}]},{"@type":"ImageObject","inLanguage":"fr-FR","@id":"https:\/\/mueble4you.com\/fr\/productos\/silvia-fauteuil-electrique-personnes-de-levage\/#primaryimage","url":"https:\/\/mueble4you.com\/wp-content\/uploads\/2020\/10\/silvia-ambiente.jpg","contentUrl":"https:\/\/mueble4you.com\/wp-content\/uploads\/2020\/10\/silvia-ambiente.jpg","width":1700,"height":1000},{"@type":"BreadcrumbList","@id":"https:\/\/mueble4you.com\/fr\/productos\/silvia-fauteuil-electrique-personnes-de-levage\/#breadcrumb","itemListElement":[{"@type":"ListItem","position":1,"name":"Portada","item":"https:\/\/mueble4you.com\/fr\/"},{"@type":"ListItem","position":2,"name":"Productos","item":"https:\/\/mueble4you.com\/productos\/"},{"@type":"ListItem","position":3,"name":"Silvia, fauteuil \u00e9lectrique, personnes de levage."}]},{"@type":"WebSite","@id":"https:\/\/mueble4you.com\/#website","url":"https:\/\/mueble4you.com\/","name":"mueble4you","description":"Meubles \u00e0 Tenerife","potentialAction":[{"@type":"SearchAction","target":{"@type":"EntryPoint","urlTemplate":"https:\/\/mueble4you.com\/?s={search_term_string}"},"query-input":{"@type":"PropertyValueSpecification","valueRequired":true,"valueName":"search_term_string"}}],"inLanguage":"fr-FR"}]}},"_links":{"self":[{"href":"https:\/\/mueble4you.com\/fr\/wp-json\/wp\/v2\/product\/41584","targetHints":{"allow":["GET"]}}],"collection":[{"href":"https:\/\/mueble4you.com\/fr\/wp-json\/wp\/v2\/product"}],"about":[{"href":"https:\/\/mueble4you.com\/fr\/wp-json\/wp\/v2\/types\/product"}],"wp:featuredmedia":[{"embeddable":true,"href":"https:\/\/mueble4you.com\/fr\/wp-json\/wp\/v2\/media\/41570"}],"wp:attachment":[{"href":"https:\/\/mueble4you.com\/fr\/wp-json\/wp\/v2\/media?parent=41584"}],"wp:term":[{"taxonomy":"product_brand","embeddable":true,"href":"https:\/\/mueble4you.com\/fr\/wp-json\/wp\/v2\/product_brand?post=41584"},{"taxonomy":"product_cat","embeddable":true,"href":"https:\/\/mueble4you.com\/fr\/wp-json\/wp\/v2\/product_cat?post=41584"},{"taxonomy":"product_tag","embeddable":true,"href":"https:\/\/mueble4you.com\/fr\/wp-json\/wp\/v2\/product_tag?post=41584"}],"curies":[{"name":"wp","href":"https:\/\/api.w.org\/{rel}","templated":true}]}}