{"id":41461,"date":"2020-10-20T13:18:40","date_gmt":"2020-10-20T13:18:40","guid":{"rendered":"https:\/\/mueble4you.com\/productos\/comoda-4-cajones-104-cm-lacado-blanco-mate-persiana-plata\/"},"modified":"2020-10-22T16:15:42","modified_gmt":"2020-10-22T16:15:42","slug":"commode-4-tiroirs-104-cm-laque-blanc-mat-volet-argent","status":"publish","type":"product","link":"https:\/\/mueble4you.com\/fr\/productos\/commode-4-tiroirs-104-cm-laque-blanc-mat-volet-argent\/","title":{"rendered":"Commode 4 tiroirs, 104 cm, Laqu\u00e9 Blanc Mat &#8211; Volet Argent."},"content":{"rendered":"<ul>\n<li>Commode \u00e0 4 tiroirs.<\/li>\n<li>Mesures: 104 X 41 X 88 cm.<\/li>\n<li>Couleur: laqu\u00e9 blanc mat &#8211; fa\u00e7ade argent\u00e9e.<\/li>\n<\/ul>\n","protected":false},"excerpt":{"rendered":"<p>Commode \u00e0 4 tiroirs. Mesures: 104 X 41 X 88 cm. Couleur: laqu\u00e9 blanc mat &#8211; fa\u00e7ade argent\u00e9e.<\/p>\n","protected":false},"featured_media":41457,"template":"","meta":[],"product_brand":[],"product_cat":[201,570],"product_tag":[],"class_list":{"0":"post-41461","1":"product","2":"type-product","3":"status-publish","4":"has-post-thumbnail","6":"product_cat-dortoirs","7":"product_cat-commode","9":"first","10":"instock","11":"shipping-taxable","12":"product-type-simple"},"yoast_head":"<!-- This site is optimized with the Yoast SEO plugin v27.3 - https:\/\/yoast.com\/product\/yoast-seo-wordpress\/ -->\n<title>Commode 4 tiroirs, 104 cm, Laqu\u00e9 Blanc Mat - Volet Argent. | mueble4you<\/title>\n<meta name=\"robots\" content=\"index, follow, max-snippet:-1, max-image-preview:large, max-video-preview:-1\" \/>\n<link rel=\"canonical\" href=\"https:\/\/mueble4you.com\/fr\/productos\/commode-4-tiroirs-104-cm-laque-blanc-mat-volet-argent\/\" \/>\n<meta property=\"og:locale\" content=\"fr_FR\" \/>\n<meta property=\"og:type\" content=\"article\" \/>\n<meta property=\"og:title\" content=\"Commode 4 tiroirs, 104 cm, Laqu\u00e9 Blanc Mat - Volet Argent. | mueble4you\" \/>\n<meta property=\"og:description\" content=\"Commode \u00e0 4 tiroirs. Mesures: 104 X 41 X 88 cm. Couleur: laqu\u00e9 blanc mat &#8211; fa\u00e7ade argent\u00e9e.\" \/>\n<meta property=\"og:url\" content=\"https:\/\/mueble4you.com\/fr\/productos\/commode-4-tiroirs-104-cm-laque-blanc-mat-volet-argent\/\" \/>\n<meta property=\"og:site_name\" content=\"mueble4you\" \/>\n<meta property=\"article:modified_time\" content=\"2020-10-22T16:15:42+00:00\" \/>\n<meta property=\"og:image\" content=\"https:\/\/mueble4you.com\/wp-content\/uploads\/2020\/10\/IMG-20201016-WA0010.jpg\" \/>\n\t<meta property=\"og:image:width\" content=\"768\" \/>\n\t<meta property=\"og:image:height\" content=\"1024\" \/>\n\t<meta property=\"og:image:type\" content=\"image\/jpeg\" \/>\n<meta name=\"twitter:card\" content=\"summary_large_image\" \/>\n<script type=\"application\/ld+json\" class=\"yoast-schema-graph\">{\"@context\":\"https:\\\/\\\/schema.org\",\"@graph\":[{\"@type\":\"WebPage\",\"@id\":\"https:\\\/\\\/mueble4you.com\\\/fr\\\/productos\\\/commode-4-tiroirs-104-cm-laque-blanc-mat-volet-argent\\\/\",\"url\":\"https:\\\/\\\/mueble4you.com\\\/fr\\\/productos\\\/commode-4-tiroirs-104-cm-laque-blanc-mat-volet-argent\\\/\",\"name\":\"Commode 4 tiroirs, 104 cm, Laqu\u00e9 Blanc Mat - Volet Argent. | mueble4you\",\"isPartOf\":{\"@id\":\"https:\\\/\\\/mueble4you.com\\\/#website\"},\"primaryImageOfPage\":{\"@id\":\"https:\\\/\\\/mueble4you.com\\\/fr\\\/productos\\\/commode-4-tiroirs-104-cm-laque-blanc-mat-volet-argent\\\/#primaryimage\"},\"image\":{\"@id\":\"https:\\\/\\\/mueble4you.com\\\/fr\\\/productos\\\/commode-4-tiroirs-104-cm-laque-blanc-mat-volet-argent\\\/#primaryimage\"},\"thumbnailUrl\":\"https:\\\/\\\/mueble4you.com\\\/wp-content\\\/uploads\\\/2020\\\/10\\\/IMG-20201016-WA0010.jpg\",\"datePublished\":\"2020-10-20T13:18:40+00:00\",\"dateModified\":\"2020-10-22T16:15:42+00:00\",\"breadcrumb\":{\"@id\":\"https:\\\/\\\/mueble4you.com\\\/fr\\\/productos\\\/commode-4-tiroirs-104-cm-laque-blanc-mat-volet-argent\\\/#breadcrumb\"},\"inLanguage\":\"fr-FR\",\"potentialAction\":[{\"@type\":\"ReadAction\",\"target\":[\"https:\\\/\\\/mueble4you.com\\\/fr\\\/productos\\\/commode-4-tiroirs-104-cm-laque-blanc-mat-volet-argent\\\/\"]}]},{\"@type\":\"ImageObject\",\"inLanguage\":\"fr-FR\",\"@id\":\"https:\\\/\\\/mueble4you.com\\\/fr\\\/productos\\\/commode-4-tiroirs-104-cm-laque-blanc-mat-volet-argent\\\/#primaryimage\",\"url\":\"https:\\\/\\\/mueble4you.com\\\/wp-content\\\/uploads\\\/2020\\\/10\\\/IMG-20201016-WA0010.jpg\",\"contentUrl\":\"https:\\\/\\\/mueble4you.com\\\/wp-content\\\/uploads\\\/2020\\\/10\\\/IMG-20201016-WA0010.jpg\",\"width\":768,\"height\":1024},{\"@type\":\"BreadcrumbList\",\"@id\":\"https:\\\/\\\/mueble4you.com\\\/fr\\\/productos\\\/commode-4-tiroirs-104-cm-laque-blanc-mat-volet-argent\\\/#breadcrumb\",\"itemListElement\":[{\"@type\":\"ListItem\",\"position\":1,\"name\":\"Portada\",\"item\":\"https:\\\/\\\/mueble4you.com\\\/fr\\\/\"},{\"@type\":\"ListItem\",\"position\":2,\"name\":\"Productos\",\"item\":\"https:\\\/\\\/mueble4you.com\\\/productos\\\/\"},{\"@type\":\"ListItem\",\"position\":3,\"name\":\"Commode 4 tiroirs, 104 cm, Laqu\u00e9 Blanc Mat &#8211; Volet Argent.\"}]},{\"@type\":\"WebSite\",\"@id\":\"https:\\\/\\\/mueble4you.com\\\/#website\",\"url\":\"https:\\\/\\\/mueble4you.com\\\/\",\"name\":\"mueble4you\",\"description\":\"Meubles \u00e0 Tenerife\",\"potentialAction\":[{\"@type\":\"SearchAction\",\"target\":{\"@type\":\"EntryPoint\",\"urlTemplate\":\"https:\\\/\\\/mueble4you.com\\\/?s={search_term_string}\"},\"query-input\":{\"@type\":\"PropertyValueSpecification\",\"valueRequired\":true,\"valueName\":\"search_term_string\"}}],\"inLanguage\":\"fr-FR\"}]}<\/script>\n<!-- \/ Yoast SEO plugin. -->","yoast_head_json":{"title":"Commode 4 tiroirs, 104 cm, Laqu\u00e9 Blanc Mat - Volet Argent. | mueble4you","robots":{"index":"index","follow":"follow","max-snippet":"max-snippet:-1","max-image-preview":"max-image-preview:large","max-video-preview":"max-video-preview:-1"},"canonical":"https:\/\/mueble4you.com\/fr\/productos\/commode-4-tiroirs-104-cm-laque-blanc-mat-volet-argent\/","og_locale":"fr_FR","og_type":"article","og_title":"Commode 4 tiroirs, 104 cm, Laqu\u00e9 Blanc Mat - Volet Argent. | mueble4you","og_description":"Commode \u00e0 4 tiroirs. Mesures: 104 X 41 X 88 cm. Couleur: laqu\u00e9 blanc mat &#8211; fa\u00e7ade argent\u00e9e.","og_url":"https:\/\/mueble4you.com\/fr\/productos\/commode-4-tiroirs-104-cm-laque-blanc-mat-volet-argent\/","og_site_name":"mueble4you","article_modified_time":"2020-10-22T16:15:42+00:00","og_image":[{"width":768,"height":1024,"url":"https:\/\/mueble4you.com\/wp-content\/uploads\/2020\/10\/IMG-20201016-WA0010.jpg","type":"image\/jpeg"}],"twitter_card":"summary_large_image","schema":{"@context":"https:\/\/schema.org","@graph":[{"@type":"WebPage","@id":"https:\/\/mueble4you.com\/fr\/productos\/commode-4-tiroirs-104-cm-laque-blanc-mat-volet-argent\/","url":"https:\/\/mueble4you.com\/fr\/productos\/commode-4-tiroirs-104-cm-laque-blanc-mat-volet-argent\/","name":"Commode 4 tiroirs, 104 cm, Laqu\u00e9 Blanc Mat - Volet Argent. | mueble4you","isPartOf":{"@id":"https:\/\/mueble4you.com\/#website"},"primaryImageOfPage":{"@id":"https:\/\/mueble4you.com\/fr\/productos\/commode-4-tiroirs-104-cm-laque-blanc-mat-volet-argent\/#primaryimage"},"image":{"@id":"https:\/\/mueble4you.com\/fr\/productos\/commode-4-tiroirs-104-cm-laque-blanc-mat-volet-argent\/#primaryimage"},"thumbnailUrl":"https:\/\/mueble4you.com\/wp-content\/uploads\/2020\/10\/IMG-20201016-WA0010.jpg","datePublished":"2020-10-20T13:18:40+00:00","dateModified":"2020-10-22T16:15:42+00:00","breadcrumb":{"@id":"https:\/\/mueble4you.com\/fr\/productos\/commode-4-tiroirs-104-cm-laque-blanc-mat-volet-argent\/#breadcrumb"},"inLanguage":"fr-FR","potentialAction":[{"@type":"ReadAction","target":["https:\/\/mueble4you.com\/fr\/productos\/commode-4-tiroirs-104-cm-laque-blanc-mat-volet-argent\/"]}]},{"@type":"ImageObject","inLanguage":"fr-FR","@id":"https:\/\/mueble4you.com\/fr\/productos\/commode-4-tiroirs-104-cm-laque-blanc-mat-volet-argent\/#primaryimage","url":"https:\/\/mueble4you.com\/wp-content\/uploads\/2020\/10\/IMG-20201016-WA0010.jpg","contentUrl":"https:\/\/mueble4you.com\/wp-content\/uploads\/2020\/10\/IMG-20201016-WA0010.jpg","width":768,"height":1024},{"@type":"BreadcrumbList","@id":"https:\/\/mueble4you.com\/fr\/productos\/commode-4-tiroirs-104-cm-laque-blanc-mat-volet-argent\/#breadcrumb","itemListElement":[{"@type":"ListItem","position":1,"name":"Portada","item":"https:\/\/mueble4you.com\/fr\/"},{"@type":"ListItem","position":2,"name":"Productos","item":"https:\/\/mueble4you.com\/productos\/"},{"@type":"ListItem","position":3,"name":"Commode 4 tiroirs, 104 cm, Laqu\u00e9 Blanc Mat &#8211; Volet Argent."}]},{"@type":"WebSite","@id":"https:\/\/mueble4you.com\/#website","url":"https:\/\/mueble4you.com\/","name":"mueble4you","description":"Meubles \u00e0 Tenerife","potentialAction":[{"@type":"SearchAction","target":{"@type":"EntryPoint","urlTemplate":"https:\/\/mueble4you.com\/?s={search_term_string}"},"query-input":{"@type":"PropertyValueSpecification","valueRequired":true,"valueName":"search_term_string"}}],"inLanguage":"fr-FR"}]}},"_links":{"self":[{"href":"https:\/\/mueble4you.com\/fr\/wp-json\/wp\/v2\/product\/41461","targetHints":{"allow":["GET"]}}],"collection":[{"href":"https:\/\/mueble4you.com\/fr\/wp-json\/wp\/v2\/product"}],"about":[{"href":"https:\/\/mueble4you.com\/fr\/wp-json\/wp\/v2\/types\/product"}],"wp:featuredmedia":[{"embeddable":true,"href":"https:\/\/mueble4you.com\/fr\/wp-json\/wp\/v2\/media\/41457"}],"wp:attachment":[{"href":"https:\/\/mueble4you.com\/fr\/wp-json\/wp\/v2\/media?parent=41461"}],"wp:term":[{"taxonomy":"product_brand","embeddable":true,"href":"https:\/\/mueble4you.com\/fr\/wp-json\/wp\/v2\/product_brand?post=41461"},{"taxonomy":"product_cat","embeddable":true,"href":"https:\/\/mueble4you.com\/fr\/wp-json\/wp\/v2\/product_cat?post=41461"},{"taxonomy":"product_tag","embeddable":true,"href":"https:\/\/mueble4you.com\/fr\/wp-json\/wp\/v2\/product_tag?post=41461"}],"curies":[{"name":"wp","href":"https:\/\/api.w.org\/{rel}","templated":true}]}}