{"id":39891,"date":"2020-06-16T15:52:35","date_gmt":"2020-06-16T15:52:35","guid":{"rendered":"https:\/\/mueble4you.com\/productos\/atenas-parasol-redondo-3m-o\/"},"modified":"2022-11-23T08:41:10","modified_gmt":"2022-11-23T08:41:10","slug":"atenas-parasol-rond-o3m","status":"publish","type":"product","link":"https:\/\/mueble4you.com\/fr\/productos\/atenas-parasol-rond-o3m\/","title":{"rendered":"Atenas, Parasol Rond \u00d83m"},"content":{"rendered":"<ul>\n<li>Structure en aluminium et toit en tissu r\u00e9sistant au soleil et \u00e0 l&rsquo;eau.<\/li>\n<li>Il comprend une housse de protection, des dalles de pierre pour le pied et un syst\u00e8me d&rsquo;ouverture et de fermeture facilit\u00e9 par la manivelle.<\/li>\n<li>\u00d83m &#8211; beige et gris<\/li>\n<\/ul>\n","protected":false},"excerpt":{"rendered":"<p>Structure en aluminium et toit en tissu r\u00e9sistant au soleil et \u00e0 l&rsquo;eau. Il comprend une housse de protection, des dalles de pierre pour le pied et un syst\u00e8me d&rsquo;ouverture et de fermeture facilit\u00e9 par la manivelle. \u00d83m &#8211; beige et gris<\/p>\n","protected":false},"featured_media":7150,"template":"","meta":[],"product_brand":[],"product_cat":[316,304],"product_tag":[],"class_list":{"0":"post-39891","1":"product","2":"type-product","3":"status-publish","4":"has-post-thumbnail","6":"product_cat-gazibo-parasol","7":"product_cat-jardin-et-exterieur","9":"first","10":"instock","11":"shipping-taxable","12":"product-type-simple"},"yoast_head":"<!-- This site is optimized with the Yoast SEO plugin v27.2 - https:\/\/yoast.com\/product\/yoast-seo-wordpress\/ -->\n<title>Atenas, Parasol Rond \u00d83m | mueble4you<\/title>\n<meta name=\"robots\" content=\"index, follow, max-snippet:-1, max-image-preview:large, max-video-preview:-1\" \/>\n<link rel=\"canonical\" href=\"https:\/\/mueble4you.com\/fr\/productos\/atenas-parasol-rond-o3m\/\" \/>\n<meta property=\"og:locale\" content=\"fr_FR\" \/>\n<meta property=\"og:type\" content=\"article\" \/>\n<meta property=\"og:title\" content=\"Atenas, Parasol Rond \u00d83m | mueble4you\" \/>\n<meta property=\"og:description\" content=\"Structure en aluminium et toit en tissu r\u00e9sistant au soleil et \u00e0 l&rsquo;eau. Il comprend une housse de protection, des dalles de pierre pour le pied et un syst\u00e8me d&rsquo;ouverture et de fermeture facilit\u00e9 par la manivelle. \u00d83m &#8211; beige et gris\" \/>\n<meta property=\"og:url\" content=\"https:\/\/mueble4you.com\/fr\/productos\/atenas-parasol-rond-o3m\/\" \/>\n<meta property=\"og:site_name\" content=\"mueble4you\" \/>\n<meta property=\"article:modified_time\" content=\"2022-11-23T08:41:10+00:00\" \/>\n<meta property=\"og:image\" content=\"https:\/\/mueble4you.com\/wp-content\/uploads\/2018\/02\/arosa-Copy.jpg\" \/>\n\t<meta property=\"og:image:width\" content=\"900\" \/>\n\t<meta property=\"og:image:height\" content=\"599\" \/>\n\t<meta property=\"og:image:type\" content=\"image\/jpeg\" \/>\n<meta name=\"twitter:card\" content=\"summary_large_image\" \/>\n<script type=\"application\/ld+json\" class=\"yoast-schema-graph\">{\"@context\":\"https:\/\/schema.org\",\"@graph\":[{\"@type\":\"WebPage\",\"@id\":\"https:\/\/mueble4you.com\/fr\/productos\/atenas-parasol-rond-o3m\/\",\"url\":\"https:\/\/mueble4you.com\/fr\/productos\/atenas-parasol-rond-o3m\/\",\"name\":\"Atenas, Parasol Rond \u00d83m | mueble4you\",\"isPartOf\":{\"@id\":\"https:\/\/mueble4you.com\/#website\"},\"primaryImageOfPage\":{\"@id\":\"https:\/\/mueble4you.com\/fr\/productos\/atenas-parasol-rond-o3m\/#primaryimage\"},\"image\":{\"@id\":\"https:\/\/mueble4you.com\/fr\/productos\/atenas-parasol-rond-o3m\/#primaryimage\"},\"thumbnailUrl\":\"https:\/\/mueble4you.com\/wp-content\/uploads\/2018\/02\/arosa-Copy.jpg\",\"datePublished\":\"2020-06-16T15:52:35+00:00\",\"dateModified\":\"2022-11-23T08:41:10+00:00\",\"breadcrumb\":{\"@id\":\"https:\/\/mueble4you.com\/fr\/productos\/atenas-parasol-rond-o3m\/#breadcrumb\"},\"inLanguage\":\"fr-FR\",\"potentialAction\":[{\"@type\":\"ReadAction\",\"target\":[\"https:\/\/mueble4you.com\/fr\/productos\/atenas-parasol-rond-o3m\/\"]}]},{\"@type\":\"ImageObject\",\"inLanguage\":\"fr-FR\",\"@id\":\"https:\/\/mueble4you.com\/fr\/productos\/atenas-parasol-rond-o3m\/#primaryimage\",\"url\":\"https:\/\/mueble4you.com\/wp-content\/uploads\/2018\/02\/arosa-Copy.jpg\",\"contentUrl\":\"https:\/\/mueble4you.com\/wp-content\/uploads\/2018\/02\/arosa-Copy.jpg\",\"width\":900,\"height\":599},{\"@type\":\"BreadcrumbList\",\"@id\":\"https:\/\/mueble4you.com\/fr\/productos\/atenas-parasol-rond-o3m\/#breadcrumb\",\"itemListElement\":[{\"@type\":\"ListItem\",\"position\":1,\"name\":\"Portada\",\"item\":\"https:\/\/mueble4you.com\/fr\/\"},{\"@type\":\"ListItem\",\"position\":2,\"name\":\"Productos\",\"item\":\"https:\/\/mueble4you.com\/productos\/\"},{\"@type\":\"ListItem\",\"position\":3,\"name\":\"Atenas, Parasol Rond \u00d83m\"}]},{\"@type\":\"WebSite\",\"@id\":\"https:\/\/mueble4you.com\/#website\",\"url\":\"https:\/\/mueble4you.com\/\",\"name\":\"mueble4you\",\"description\":\"Meubles \u00e0 Tenerife\",\"potentialAction\":[{\"@type\":\"SearchAction\",\"target\":{\"@type\":\"EntryPoint\",\"urlTemplate\":\"https:\/\/mueble4you.com\/?s={search_term_string}\"},\"query-input\":{\"@type\":\"PropertyValueSpecification\",\"valueRequired\":true,\"valueName\":\"search_term_string\"}}],\"inLanguage\":\"fr-FR\"}]}<\/script>\n<!-- \/ Yoast SEO plugin. -->","yoast_head_json":{"title":"Atenas, Parasol Rond \u00d83m | mueble4you","robots":{"index":"index","follow":"follow","max-snippet":"max-snippet:-1","max-image-preview":"max-image-preview:large","max-video-preview":"max-video-preview:-1"},"canonical":"https:\/\/mueble4you.com\/fr\/productos\/atenas-parasol-rond-o3m\/","og_locale":"fr_FR","og_type":"article","og_title":"Atenas, Parasol Rond \u00d83m | mueble4you","og_description":"Structure en aluminium et toit en tissu r\u00e9sistant au soleil et \u00e0 l&rsquo;eau. Il comprend une housse de protection, des dalles de pierre pour le pied et un syst\u00e8me d&rsquo;ouverture et de fermeture facilit\u00e9 par la manivelle. \u00d83m &#8211; beige et gris","og_url":"https:\/\/mueble4you.com\/fr\/productos\/atenas-parasol-rond-o3m\/","og_site_name":"mueble4you","article_modified_time":"2022-11-23T08:41:10+00:00","og_image":[{"width":900,"height":599,"url":"https:\/\/mueble4you.com\/wp-content\/uploads\/2018\/02\/arosa-Copy.jpg","type":"image\/jpeg"}],"twitter_card":"summary_large_image","schema":{"@context":"https:\/\/schema.org","@graph":[{"@type":"WebPage","@id":"https:\/\/mueble4you.com\/fr\/productos\/atenas-parasol-rond-o3m\/","url":"https:\/\/mueble4you.com\/fr\/productos\/atenas-parasol-rond-o3m\/","name":"Atenas, Parasol Rond \u00d83m | mueble4you","isPartOf":{"@id":"https:\/\/mueble4you.com\/#website"},"primaryImageOfPage":{"@id":"https:\/\/mueble4you.com\/fr\/productos\/atenas-parasol-rond-o3m\/#primaryimage"},"image":{"@id":"https:\/\/mueble4you.com\/fr\/productos\/atenas-parasol-rond-o3m\/#primaryimage"},"thumbnailUrl":"https:\/\/mueble4you.com\/wp-content\/uploads\/2018\/02\/arosa-Copy.jpg","datePublished":"2020-06-16T15:52:35+00:00","dateModified":"2022-11-23T08:41:10+00:00","breadcrumb":{"@id":"https:\/\/mueble4you.com\/fr\/productos\/atenas-parasol-rond-o3m\/#breadcrumb"},"inLanguage":"fr-FR","potentialAction":[{"@type":"ReadAction","target":["https:\/\/mueble4you.com\/fr\/productos\/atenas-parasol-rond-o3m\/"]}]},{"@type":"ImageObject","inLanguage":"fr-FR","@id":"https:\/\/mueble4you.com\/fr\/productos\/atenas-parasol-rond-o3m\/#primaryimage","url":"https:\/\/mueble4you.com\/wp-content\/uploads\/2018\/02\/arosa-Copy.jpg","contentUrl":"https:\/\/mueble4you.com\/wp-content\/uploads\/2018\/02\/arosa-Copy.jpg","width":900,"height":599},{"@type":"BreadcrumbList","@id":"https:\/\/mueble4you.com\/fr\/productos\/atenas-parasol-rond-o3m\/#breadcrumb","itemListElement":[{"@type":"ListItem","position":1,"name":"Portada","item":"https:\/\/mueble4you.com\/fr\/"},{"@type":"ListItem","position":2,"name":"Productos","item":"https:\/\/mueble4you.com\/productos\/"},{"@type":"ListItem","position":3,"name":"Atenas, Parasol Rond \u00d83m"}]},{"@type":"WebSite","@id":"https:\/\/mueble4you.com\/#website","url":"https:\/\/mueble4you.com\/","name":"mueble4you","description":"Meubles \u00e0 Tenerife","potentialAction":[{"@type":"SearchAction","target":{"@type":"EntryPoint","urlTemplate":"https:\/\/mueble4you.com\/?s={search_term_string}"},"query-input":{"@type":"PropertyValueSpecification","valueRequired":true,"valueName":"search_term_string"}}],"inLanguage":"fr-FR"}]}},"_links":{"self":[{"href":"https:\/\/mueble4you.com\/fr\/wp-json\/wp\/v2\/product\/39891","targetHints":{"allow":["GET"]}}],"collection":[{"href":"https:\/\/mueble4you.com\/fr\/wp-json\/wp\/v2\/product"}],"about":[{"href":"https:\/\/mueble4you.com\/fr\/wp-json\/wp\/v2\/types\/product"}],"wp:featuredmedia":[{"embeddable":true,"href":"https:\/\/mueble4you.com\/fr\/wp-json\/wp\/v2\/media\/7150"}],"wp:attachment":[{"href":"https:\/\/mueble4you.com\/fr\/wp-json\/wp\/v2\/media?parent=39891"}],"wp:term":[{"taxonomy":"product_brand","embeddable":true,"href":"https:\/\/mueble4you.com\/fr\/wp-json\/wp\/v2\/product_brand?post=39891"},{"taxonomy":"product_cat","embeddable":true,"href":"https:\/\/mueble4you.com\/fr\/wp-json\/wp\/v2\/product_cat?post=39891"},{"taxonomy":"product_tag","embeddable":true,"href":"https:\/\/mueble4you.com\/fr\/wp-json\/wp\/v2\/product_tag?post=39891"}],"curies":[{"name":"wp","href":"https:\/\/api.w.org\/{rel}","templated":true}]}}