{"id":39762,"date":"2020-05-26T10:03:31","date_gmt":"2020-05-26T10:03:31","guid":{"rendered":"https:\/\/mueble4you.com\/productos\/barbacoa-para-parrilla-o-horno-portatil\/"},"modified":"2020-05-26T16:45:10","modified_gmt":"2020-05-26T16:45:10","slug":"barbecue-pour-grill-et-portable-oven","status":"publish","type":"product","link":"https:\/\/mueble4you.com\/fr\/productos\/barbecue-pour-grill-et-portable-oven\/","title":{"rendered":"Barbecue Pour grill et Portable Oven."},"content":{"rendered":"<p>Barbecue pour le gril, fonctionne avec du charbon de bois, peut \u00eatre utilis\u00e9 comme gril et comme four, est livr\u00e9 avec les accessoires suivants: deux grilles, base de pizza, \u00e9tui de protection et recueille les cendres, disponibles en 4 couleurs, gris, vert, rouge et bleu, diam\u00e8tre 70 et 125 cm de haut.<\/p>\n","protected":false},"excerpt":{"rendered":"<p>Barbecue pour le gril, fonctionne avec du charbon de bois, peut \u00eatre utilis\u00e9 comme gril et comme four, est livr\u00e9 avec les accessoires suivants: deux grilles, base de pizza, \u00e9tui de protection et recueille les cendres, disponibles en 4 couleurs, gris, vert, rouge et bleu, diam\u00e8tre 70 et 125 cm de haut.<\/p>\n","protected":false},"featured_media":39767,"template":"","meta":[],"product_brand":[],"product_cat":[421,304],"product_tag":[],"class_list":{"0":"post-39762","1":"product","2":"type-product","3":"status-publish","4":"has-post-thumbnail","6":"product_cat-accessoires","7":"product_cat-jardin-et-exterieur","9":"first","10":"instock","11":"shipping-taxable","12":"product-type-simple"},"yoast_head":"<!-- This site is optimized with the Yoast SEO plugin v27.2 - https:\/\/yoast.com\/product\/yoast-seo-wordpress\/ -->\n<title>Barbecue Pour grill et Portable Oven. | mueble4you<\/title>\n<meta name=\"robots\" content=\"index, follow, max-snippet:-1, max-image-preview:large, max-video-preview:-1\" \/>\n<link rel=\"canonical\" href=\"https:\/\/mueble4you.com\/fr\/productos\/barbecue-pour-grill-et-portable-oven\/\" \/>\n<meta property=\"og:locale\" content=\"fr_FR\" \/>\n<meta property=\"og:type\" content=\"article\" \/>\n<meta property=\"og:title\" content=\"Barbecue Pour grill et Portable Oven. | mueble4you\" \/>\n<meta property=\"og:description\" content=\"Barbecue pour le gril, fonctionne avec du charbon de bois, peut \u00eatre utilis\u00e9 comme gril et comme four, est livr\u00e9 avec les accessoires suivants: deux grilles, base de pizza, \u00e9tui de protection et recueille les cendres, disponibles en 4 couleurs, gris, vert, rouge et bleu, diam\u00e8tre 70 et 125 cm de haut.\" \/>\n<meta property=\"og:url\" content=\"https:\/\/mueble4you.com\/fr\/productos\/barbecue-pour-grill-et-portable-oven\/\" \/>\n<meta property=\"og:site_name\" content=\"mueble4you\" \/>\n<meta property=\"article:modified_time\" content=\"2020-05-26T16:45:10+00:00\" \/>\n<meta property=\"og:image\" content=\"https:\/\/mueble4you.com\/wp-content\/uploads\/2020\/05\/barbacoa3.jpg\" \/>\n\t<meta property=\"og:image:width\" content=\"900\" \/>\n\t<meta property=\"og:image:height\" content=\"1600\" \/>\n\t<meta property=\"og:image:type\" content=\"image\/jpeg\" \/>\n<meta name=\"twitter:card\" content=\"summary_large_image\" \/>\n<script type=\"application\/ld+json\" class=\"yoast-schema-graph\">{\"@context\":\"https:\/\/schema.org\",\"@graph\":[{\"@type\":\"WebPage\",\"@id\":\"https:\/\/mueble4you.com\/fr\/productos\/barbecue-pour-grill-et-portable-oven\/\",\"url\":\"https:\/\/mueble4you.com\/fr\/productos\/barbecue-pour-grill-et-portable-oven\/\",\"name\":\"Barbecue Pour grill et Portable Oven. | mueble4you\",\"isPartOf\":{\"@id\":\"https:\/\/mueble4you.com\/#website\"},\"primaryImageOfPage\":{\"@id\":\"https:\/\/mueble4you.com\/fr\/productos\/barbecue-pour-grill-et-portable-oven\/#primaryimage\"},\"image\":{\"@id\":\"https:\/\/mueble4you.com\/fr\/productos\/barbecue-pour-grill-et-portable-oven\/#primaryimage\"},\"thumbnailUrl\":\"https:\/\/mueble4you.com\/wp-content\/uploads\/2020\/05\/barbacoa3.jpg\",\"datePublished\":\"2020-05-26T10:03:31+00:00\",\"dateModified\":\"2020-05-26T16:45:10+00:00\",\"breadcrumb\":{\"@id\":\"https:\/\/mueble4you.com\/fr\/productos\/barbecue-pour-grill-et-portable-oven\/#breadcrumb\"},\"inLanguage\":\"fr-FR\",\"potentialAction\":[{\"@type\":\"ReadAction\",\"target\":[\"https:\/\/mueble4you.com\/fr\/productos\/barbecue-pour-grill-et-portable-oven\/\"]}]},{\"@type\":\"ImageObject\",\"inLanguage\":\"fr-FR\",\"@id\":\"https:\/\/mueble4you.com\/fr\/productos\/barbecue-pour-grill-et-portable-oven\/#primaryimage\",\"url\":\"https:\/\/mueble4you.com\/wp-content\/uploads\/2020\/05\/barbacoa3.jpg\",\"contentUrl\":\"https:\/\/mueble4you.com\/wp-content\/uploads\/2020\/05\/barbacoa3.jpg\",\"width\":900,\"height\":1600},{\"@type\":\"BreadcrumbList\",\"@id\":\"https:\/\/mueble4you.com\/fr\/productos\/barbecue-pour-grill-et-portable-oven\/#breadcrumb\",\"itemListElement\":[{\"@type\":\"ListItem\",\"position\":1,\"name\":\"Portada\",\"item\":\"https:\/\/mueble4you.com\/fr\/\"},{\"@type\":\"ListItem\",\"position\":2,\"name\":\"Productos\",\"item\":\"https:\/\/mueble4you.com\/productos\/\"},{\"@type\":\"ListItem\",\"position\":3,\"name\":\"Barbecue Pour grill et Portable Oven.\"}]},{\"@type\":\"WebSite\",\"@id\":\"https:\/\/mueble4you.com\/#website\",\"url\":\"https:\/\/mueble4you.com\/\",\"name\":\"mueble4you\",\"description\":\"Meubles \u00e0 Tenerife\",\"potentialAction\":[{\"@type\":\"SearchAction\",\"target\":{\"@type\":\"EntryPoint\",\"urlTemplate\":\"https:\/\/mueble4you.com\/?s={search_term_string}\"},\"query-input\":{\"@type\":\"PropertyValueSpecification\",\"valueRequired\":true,\"valueName\":\"search_term_string\"}}],\"inLanguage\":\"fr-FR\"}]}<\/script>\n<!-- \/ Yoast SEO plugin. -->","yoast_head_json":{"title":"Barbecue Pour grill et Portable Oven. | mueble4you","robots":{"index":"index","follow":"follow","max-snippet":"max-snippet:-1","max-image-preview":"max-image-preview:large","max-video-preview":"max-video-preview:-1"},"canonical":"https:\/\/mueble4you.com\/fr\/productos\/barbecue-pour-grill-et-portable-oven\/","og_locale":"fr_FR","og_type":"article","og_title":"Barbecue Pour grill et Portable Oven. | mueble4you","og_description":"Barbecue pour le gril, fonctionne avec du charbon de bois, peut \u00eatre utilis\u00e9 comme gril et comme four, est livr\u00e9 avec les accessoires suivants: deux grilles, base de pizza, \u00e9tui de protection et recueille les cendres, disponibles en 4 couleurs, gris, vert, rouge et bleu, diam\u00e8tre 70 et 125 cm de haut.","og_url":"https:\/\/mueble4you.com\/fr\/productos\/barbecue-pour-grill-et-portable-oven\/","og_site_name":"mueble4you","article_modified_time":"2020-05-26T16:45:10+00:00","og_image":[{"width":900,"height":1600,"url":"https:\/\/mueble4you.com\/wp-content\/uploads\/2020\/05\/barbacoa3.jpg","type":"image\/jpeg"}],"twitter_card":"summary_large_image","schema":{"@context":"https:\/\/schema.org","@graph":[{"@type":"WebPage","@id":"https:\/\/mueble4you.com\/fr\/productos\/barbecue-pour-grill-et-portable-oven\/","url":"https:\/\/mueble4you.com\/fr\/productos\/barbecue-pour-grill-et-portable-oven\/","name":"Barbecue Pour grill et Portable Oven. | mueble4you","isPartOf":{"@id":"https:\/\/mueble4you.com\/#website"},"primaryImageOfPage":{"@id":"https:\/\/mueble4you.com\/fr\/productos\/barbecue-pour-grill-et-portable-oven\/#primaryimage"},"image":{"@id":"https:\/\/mueble4you.com\/fr\/productos\/barbecue-pour-grill-et-portable-oven\/#primaryimage"},"thumbnailUrl":"https:\/\/mueble4you.com\/wp-content\/uploads\/2020\/05\/barbacoa3.jpg","datePublished":"2020-05-26T10:03:31+00:00","dateModified":"2020-05-26T16:45:10+00:00","breadcrumb":{"@id":"https:\/\/mueble4you.com\/fr\/productos\/barbecue-pour-grill-et-portable-oven\/#breadcrumb"},"inLanguage":"fr-FR","potentialAction":[{"@type":"ReadAction","target":["https:\/\/mueble4you.com\/fr\/productos\/barbecue-pour-grill-et-portable-oven\/"]}]},{"@type":"ImageObject","inLanguage":"fr-FR","@id":"https:\/\/mueble4you.com\/fr\/productos\/barbecue-pour-grill-et-portable-oven\/#primaryimage","url":"https:\/\/mueble4you.com\/wp-content\/uploads\/2020\/05\/barbacoa3.jpg","contentUrl":"https:\/\/mueble4you.com\/wp-content\/uploads\/2020\/05\/barbacoa3.jpg","width":900,"height":1600},{"@type":"BreadcrumbList","@id":"https:\/\/mueble4you.com\/fr\/productos\/barbecue-pour-grill-et-portable-oven\/#breadcrumb","itemListElement":[{"@type":"ListItem","position":1,"name":"Portada","item":"https:\/\/mueble4you.com\/fr\/"},{"@type":"ListItem","position":2,"name":"Productos","item":"https:\/\/mueble4you.com\/productos\/"},{"@type":"ListItem","position":3,"name":"Barbecue Pour grill et Portable Oven."}]},{"@type":"WebSite","@id":"https:\/\/mueble4you.com\/#website","url":"https:\/\/mueble4you.com\/","name":"mueble4you","description":"Meubles \u00e0 Tenerife","potentialAction":[{"@type":"SearchAction","target":{"@type":"EntryPoint","urlTemplate":"https:\/\/mueble4you.com\/?s={search_term_string}"},"query-input":{"@type":"PropertyValueSpecification","valueRequired":true,"valueName":"search_term_string"}}],"inLanguage":"fr-FR"}]}},"_links":{"self":[{"href":"https:\/\/mueble4you.com\/fr\/wp-json\/wp\/v2\/product\/39762","targetHints":{"allow":["GET"]}}],"collection":[{"href":"https:\/\/mueble4you.com\/fr\/wp-json\/wp\/v2\/product"}],"about":[{"href":"https:\/\/mueble4you.com\/fr\/wp-json\/wp\/v2\/types\/product"}],"wp:featuredmedia":[{"embeddable":true,"href":"https:\/\/mueble4you.com\/fr\/wp-json\/wp\/v2\/media\/39767"}],"wp:attachment":[{"href":"https:\/\/mueble4you.com\/fr\/wp-json\/wp\/v2\/media?parent=39762"}],"wp:term":[{"taxonomy":"product_brand","embeddable":true,"href":"https:\/\/mueble4you.com\/fr\/wp-json\/wp\/v2\/product_brand?post=39762"},{"taxonomy":"product_cat","embeddable":true,"href":"https:\/\/mueble4you.com\/fr\/wp-json\/wp\/v2\/product_cat?post=39762"},{"taxonomy":"product_tag","embeddable":true,"href":"https:\/\/mueble4you.com\/fr\/wp-json\/wp\/v2\/product_tag?post=39762"}],"curies":[{"name":"wp","href":"https:\/\/api.w.org\/{rel}","templated":true}]}}