{"id":39697,"date":"2020-05-21T16:56:18","date_gmt":"2020-05-21T16:56:18","guid":{"rendered":"https:\/\/mueble4you.com\/productos\/leo-sofa-2-plazas\/"},"modified":"2022-11-22T09:56:28","modified_gmt":"2022-11-22T09:56:28","slug":"leo-sofa-2-places","status":"publish","type":"product","link":"https:\/\/mueble4you.com\/fr\/productos\/leo-sofa-2-places\/","title":{"rendered":"L\u00e9o, sofa 2 places"},"content":{"rendered":"<ul>\n<li>Rembourr\u00e9 en cuir naturel.<\/li>\n<li>Avec d\u00e9coration chrom\u00e9e et appuis-t\u00eate r\u00e9glables.<\/li>\n<li>Disponible en blanc, gris bleut\u00e9 et gris anthracite.<\/li>\n<li>Dimensions : 171 cm de long X 111 cm de profondeur X 75\/97 cm de haut.<\/li>\n<\/ul>\n","protected":false},"excerpt":{"rendered":"<p>Rembourr\u00e9 en cuir naturel. Avec d\u00e9coration chrom\u00e9e et appuis-t\u00eate r\u00e9glables. Disponible en blanc, gris bleut\u00e9 et gris anthracite. Dimensions : 171 cm de long X 111 cm de profondeur X 75\/97 cm de haut.<\/p>\n","protected":false},"featured_media":35688,"template":"","meta":[],"product_brand":[],"product_cat":[205,204,455],"product_tag":[],"class_list":{"0":"post-39697","1":"product","2":"type-product","3":"status-publish","4":"has-post-thumbnail","6":"product_cat-canapes","7":"product_cat-salon","8":"product_cat-outlet-fr","10":"first","11":"instock","12":"shipping-taxable","13":"product-type-simple"},"yoast_head":"<!-- This site is optimized with the Yoast SEO plugin v27.3 - https:\/\/yoast.com\/product\/yoast-seo-wordpress\/ -->\n<title>L\u00e9o, sofa 2 places | mueble4you<\/title>\n<meta name=\"robots\" content=\"index, follow, max-snippet:-1, max-image-preview:large, max-video-preview:-1\" \/>\n<link rel=\"canonical\" href=\"https:\/\/mueble4you.com\/fr\/productos\/leo-sofa-2-places\/\" \/>\n<meta property=\"og:locale\" content=\"fr_FR\" \/>\n<meta property=\"og:type\" content=\"article\" \/>\n<meta property=\"og:title\" content=\"L\u00e9o, sofa 2 places | mueble4you\" \/>\n<meta property=\"og:description\" content=\"Rembourr\u00e9 en cuir naturel. Avec d\u00e9coration chrom\u00e9e et appuis-t\u00eate r\u00e9glables. Disponible en blanc, gris bleut\u00e9 et gris anthracite. Dimensions : 171 cm de long X 111 cm de profondeur X 75\/97 cm de haut.\" \/>\n<meta property=\"og:url\" content=\"https:\/\/mueble4you.com\/fr\/productos\/leo-sofa-2-places\/\" \/>\n<meta property=\"og:site_name\" content=\"mueble4you\" \/>\n<meta property=\"article:modified_time\" content=\"2022-11-22T09:56:28+00:00\" \/>\n<meta property=\"og:image\" content=\"https:\/\/mueble4you.com\/wp-content\/uploads\/2019\/07\/IMG_0562.jpg\" \/>\n\t<meta property=\"og:image:width\" content=\"3781\" \/>\n\t<meta property=\"og:image:height\" content=\"3327\" \/>\n\t<meta property=\"og:image:type\" content=\"image\/jpeg\" \/>\n<meta name=\"twitter:card\" content=\"summary_large_image\" \/>\n<script type=\"application\/ld+json\" class=\"yoast-schema-graph\">{\"@context\":\"https:\\\/\\\/schema.org\",\"@graph\":[{\"@type\":\"WebPage\",\"@id\":\"https:\\\/\\\/mueble4you.com\\\/fr\\\/productos\\\/leo-sofa-2-places\\\/\",\"url\":\"https:\\\/\\\/mueble4you.com\\\/fr\\\/productos\\\/leo-sofa-2-places\\\/\",\"name\":\"L\u00e9o, sofa 2 places | mueble4you\",\"isPartOf\":{\"@id\":\"https:\\\/\\\/mueble4you.com\\\/#website\"},\"primaryImageOfPage\":{\"@id\":\"https:\\\/\\\/mueble4you.com\\\/fr\\\/productos\\\/leo-sofa-2-places\\\/#primaryimage\"},\"image\":{\"@id\":\"https:\\\/\\\/mueble4you.com\\\/fr\\\/productos\\\/leo-sofa-2-places\\\/#primaryimage\"},\"thumbnailUrl\":\"https:\\\/\\\/mueble4you.com\\\/wp-content\\\/uploads\\\/2019\\\/07\\\/IMG_0562.jpg\",\"datePublished\":\"2020-05-21T16:56:18+00:00\",\"dateModified\":\"2022-11-22T09:56:28+00:00\",\"breadcrumb\":{\"@id\":\"https:\\\/\\\/mueble4you.com\\\/fr\\\/productos\\\/leo-sofa-2-places\\\/#breadcrumb\"},\"inLanguage\":\"fr-FR\",\"potentialAction\":[{\"@type\":\"ReadAction\",\"target\":[\"https:\\\/\\\/mueble4you.com\\\/fr\\\/productos\\\/leo-sofa-2-places\\\/\"]}]},{\"@type\":\"ImageObject\",\"inLanguage\":\"fr-FR\",\"@id\":\"https:\\\/\\\/mueble4you.com\\\/fr\\\/productos\\\/leo-sofa-2-places\\\/#primaryimage\",\"url\":\"https:\\\/\\\/mueble4you.com\\\/wp-content\\\/uploads\\\/2019\\\/07\\\/IMG_0562.jpg\",\"contentUrl\":\"https:\\\/\\\/mueble4you.com\\\/wp-content\\\/uploads\\\/2019\\\/07\\\/IMG_0562.jpg\",\"width\":3781,\"height\":3327},{\"@type\":\"BreadcrumbList\",\"@id\":\"https:\\\/\\\/mueble4you.com\\\/fr\\\/productos\\\/leo-sofa-2-places\\\/#breadcrumb\",\"itemListElement\":[{\"@type\":\"ListItem\",\"position\":1,\"name\":\"Portada\",\"item\":\"https:\\\/\\\/mueble4you.com\\\/fr\\\/\"},{\"@type\":\"ListItem\",\"position\":2,\"name\":\"Productos\",\"item\":\"https:\\\/\\\/mueble4you.com\\\/productos\\\/\"},{\"@type\":\"ListItem\",\"position\":3,\"name\":\"L\u00e9o, sofa 2 places\"}]},{\"@type\":\"WebSite\",\"@id\":\"https:\\\/\\\/mueble4you.com\\\/#website\",\"url\":\"https:\\\/\\\/mueble4you.com\\\/\",\"name\":\"mueble4you\",\"description\":\"Meubles \u00e0 Tenerife\",\"potentialAction\":[{\"@type\":\"SearchAction\",\"target\":{\"@type\":\"EntryPoint\",\"urlTemplate\":\"https:\\\/\\\/mueble4you.com\\\/?s={search_term_string}\"},\"query-input\":{\"@type\":\"PropertyValueSpecification\",\"valueRequired\":true,\"valueName\":\"search_term_string\"}}],\"inLanguage\":\"fr-FR\"}]}<\/script>\n<!-- \/ Yoast SEO plugin. -->","yoast_head_json":{"title":"L\u00e9o, sofa 2 places | mueble4you","robots":{"index":"index","follow":"follow","max-snippet":"max-snippet:-1","max-image-preview":"max-image-preview:large","max-video-preview":"max-video-preview:-1"},"canonical":"https:\/\/mueble4you.com\/fr\/productos\/leo-sofa-2-places\/","og_locale":"fr_FR","og_type":"article","og_title":"L\u00e9o, sofa 2 places | mueble4you","og_description":"Rembourr\u00e9 en cuir naturel. Avec d\u00e9coration chrom\u00e9e et appuis-t\u00eate r\u00e9glables. Disponible en blanc, gris bleut\u00e9 et gris anthracite. Dimensions : 171 cm de long X 111 cm de profondeur X 75\/97 cm de haut.","og_url":"https:\/\/mueble4you.com\/fr\/productos\/leo-sofa-2-places\/","og_site_name":"mueble4you","article_modified_time":"2022-11-22T09:56:28+00:00","og_image":[{"width":3781,"height":3327,"url":"https:\/\/mueble4you.com\/wp-content\/uploads\/2019\/07\/IMG_0562.jpg","type":"image\/jpeg"}],"twitter_card":"summary_large_image","schema":{"@context":"https:\/\/schema.org","@graph":[{"@type":"WebPage","@id":"https:\/\/mueble4you.com\/fr\/productos\/leo-sofa-2-places\/","url":"https:\/\/mueble4you.com\/fr\/productos\/leo-sofa-2-places\/","name":"L\u00e9o, sofa 2 places | mueble4you","isPartOf":{"@id":"https:\/\/mueble4you.com\/#website"},"primaryImageOfPage":{"@id":"https:\/\/mueble4you.com\/fr\/productos\/leo-sofa-2-places\/#primaryimage"},"image":{"@id":"https:\/\/mueble4you.com\/fr\/productos\/leo-sofa-2-places\/#primaryimage"},"thumbnailUrl":"https:\/\/mueble4you.com\/wp-content\/uploads\/2019\/07\/IMG_0562.jpg","datePublished":"2020-05-21T16:56:18+00:00","dateModified":"2022-11-22T09:56:28+00:00","breadcrumb":{"@id":"https:\/\/mueble4you.com\/fr\/productos\/leo-sofa-2-places\/#breadcrumb"},"inLanguage":"fr-FR","potentialAction":[{"@type":"ReadAction","target":["https:\/\/mueble4you.com\/fr\/productos\/leo-sofa-2-places\/"]}]},{"@type":"ImageObject","inLanguage":"fr-FR","@id":"https:\/\/mueble4you.com\/fr\/productos\/leo-sofa-2-places\/#primaryimage","url":"https:\/\/mueble4you.com\/wp-content\/uploads\/2019\/07\/IMG_0562.jpg","contentUrl":"https:\/\/mueble4you.com\/wp-content\/uploads\/2019\/07\/IMG_0562.jpg","width":3781,"height":3327},{"@type":"BreadcrumbList","@id":"https:\/\/mueble4you.com\/fr\/productos\/leo-sofa-2-places\/#breadcrumb","itemListElement":[{"@type":"ListItem","position":1,"name":"Portada","item":"https:\/\/mueble4you.com\/fr\/"},{"@type":"ListItem","position":2,"name":"Productos","item":"https:\/\/mueble4you.com\/productos\/"},{"@type":"ListItem","position":3,"name":"L\u00e9o, sofa 2 places"}]},{"@type":"WebSite","@id":"https:\/\/mueble4you.com\/#website","url":"https:\/\/mueble4you.com\/","name":"mueble4you","description":"Meubles \u00e0 Tenerife","potentialAction":[{"@type":"SearchAction","target":{"@type":"EntryPoint","urlTemplate":"https:\/\/mueble4you.com\/?s={search_term_string}"},"query-input":{"@type":"PropertyValueSpecification","valueRequired":true,"valueName":"search_term_string"}}],"inLanguage":"fr-FR"}]}},"_links":{"self":[{"href":"https:\/\/mueble4you.com\/fr\/wp-json\/wp\/v2\/product\/39697","targetHints":{"allow":["GET"]}}],"collection":[{"href":"https:\/\/mueble4you.com\/fr\/wp-json\/wp\/v2\/product"}],"about":[{"href":"https:\/\/mueble4you.com\/fr\/wp-json\/wp\/v2\/types\/product"}],"wp:featuredmedia":[{"embeddable":true,"href":"https:\/\/mueble4you.com\/fr\/wp-json\/wp\/v2\/media\/35688"}],"wp:attachment":[{"href":"https:\/\/mueble4you.com\/fr\/wp-json\/wp\/v2\/media?parent=39697"}],"wp:term":[{"taxonomy":"product_brand","embeddable":true,"href":"https:\/\/mueble4you.com\/fr\/wp-json\/wp\/v2\/product_brand?post=39697"},{"taxonomy":"product_cat","embeddable":true,"href":"https:\/\/mueble4you.com\/fr\/wp-json\/wp\/v2\/product_cat?post=39697"},{"taxonomy":"product_tag","embeddable":true,"href":"https:\/\/mueble4you.com\/fr\/wp-json\/wp\/v2\/product_tag?post=39697"}],"curies":[{"name":"wp","href":"https:\/\/api.w.org\/{rel}","templated":true}]}}