{"id":39686,"date":"2020-05-21T15:47:52","date_gmt":"2020-05-21T15:47:52","guid":{"rendered":"https:\/\/mueble4you.com\/productos\/new-lancer-sofa-2-plazas\/"},"modified":"2020-05-21T16:09:30","modified_gmt":"2020-05-21T16:09:30","slug":"nouveau-lancer-sofa-2-sieges","status":"publish","type":"product","link":"https:\/\/mueble4you.com\/fr\/productos\/nouveau-lancer-sofa-2-sieges\/","title":{"rendered":"Nouveau Lancer, Sofa 2 Si\u00e8ges.\u00a0"},"content":{"rendered":"<div>Canap\u00e9 reclining manuellement, rembourr\u00e9 en microfibre, disponible en beige, brun et gris fonc\u00e9.<\/div>\n<div><\/div>\n<div>Canap\u00e9 \u00e9galement disponible avec 3 si\u00e8ges et 1 si\u00e8ge.<\/div>\n","protected":false},"excerpt":{"rendered":"<p>Canap\u00e9 reclining manuellement, rembourr\u00e9 en microfibre, disponible en beige, brun et gris fonc\u00e9. Canap\u00e9 \u00e9galement disponible avec 3 si\u00e8ges et 1 si\u00e8ge.<\/p>\n","protected":false},"featured_media":38500,"template":"","meta":[],"product_brand":[],"product_cat":[205,204],"product_tag":[],"class_list":{"0":"post-39686","1":"product","2":"type-product","3":"status-publish","4":"has-post-thumbnail","6":"product_cat-canapes","7":"product_cat-salon","9":"first","10":"instock","11":"shipping-taxable","12":"product-type-simple"},"yoast_head":"<!-- This site is optimized with the Yoast SEO plugin v27.3 - https:\/\/yoast.com\/product\/yoast-seo-wordpress\/ -->\n<title>Nouveau Lancer, Sofa 2 Si\u00e8ges.\u00a0 | mueble4you<\/title>\n<meta name=\"robots\" content=\"index, follow, max-snippet:-1, max-image-preview:large, max-video-preview:-1\" \/>\n<link rel=\"canonical\" href=\"https:\/\/mueble4you.com\/fr\/productos\/nouveau-lancer-sofa-2-sieges\/\" \/>\n<meta property=\"og:locale\" content=\"fr_FR\" \/>\n<meta property=\"og:type\" content=\"article\" \/>\n<meta property=\"og:title\" content=\"Nouveau Lancer, Sofa 2 Si\u00e8ges.\u00a0 | mueble4you\" \/>\n<meta property=\"og:description\" content=\"Canap\u00e9 reclining manuellement, rembourr\u00e9 en microfibre, disponible en beige, brun et gris fonc\u00e9. Canap\u00e9 \u00e9galement disponible avec 3 si\u00e8ges et 1 si\u00e8ge.\" \/>\n<meta property=\"og:url\" content=\"https:\/\/mueble4you.com\/fr\/productos\/nouveau-lancer-sofa-2-sieges\/\" \/>\n<meta property=\"og:site_name\" content=\"mueble4you\" \/>\n<meta property=\"article:modified_time\" content=\"2020-05-21T16:09:30+00:00\" \/>\n<meta property=\"og:image\" content=\"https:\/\/mueble4you.com\/wp-content\/uploads\/2018\/01\/IMG_20180126_121758-Copy.jpg\" \/>\n\t<meta property=\"og:image:width\" content=\"576\" \/>\n\t<meta property=\"og:image:height\" content=\"768\" \/>\n\t<meta property=\"og:image:type\" content=\"image\/jpeg\" \/>\n<meta name=\"twitter:card\" content=\"summary_large_image\" \/>\n<script type=\"application\/ld+json\" class=\"yoast-schema-graph\">{\"@context\":\"https:\\\/\\\/schema.org\",\"@graph\":[{\"@type\":\"WebPage\",\"@id\":\"https:\\\/\\\/mueble4you.com\\\/fr\\\/productos\\\/nouveau-lancer-sofa-2-sieges\\\/\",\"url\":\"https:\\\/\\\/mueble4you.com\\\/fr\\\/productos\\\/nouveau-lancer-sofa-2-sieges\\\/\",\"name\":\"Nouveau Lancer, Sofa 2 Si\u00e8ges.\u00a0 | mueble4you\",\"isPartOf\":{\"@id\":\"https:\\\/\\\/mueble4you.com\\\/#website\"},\"primaryImageOfPage\":{\"@id\":\"https:\\\/\\\/mueble4you.com\\\/fr\\\/productos\\\/nouveau-lancer-sofa-2-sieges\\\/#primaryimage\"},\"image\":{\"@id\":\"https:\\\/\\\/mueble4you.com\\\/fr\\\/productos\\\/nouveau-lancer-sofa-2-sieges\\\/#primaryimage\"},\"thumbnailUrl\":\"https:\\\/\\\/mueble4you.com\\\/wp-content\\\/uploads\\\/2018\\\/01\\\/IMG_20180126_121758-Copy.jpg\",\"datePublished\":\"2020-05-21T15:47:52+00:00\",\"dateModified\":\"2020-05-21T16:09:30+00:00\",\"breadcrumb\":{\"@id\":\"https:\\\/\\\/mueble4you.com\\\/fr\\\/productos\\\/nouveau-lancer-sofa-2-sieges\\\/#breadcrumb\"},\"inLanguage\":\"fr-FR\",\"potentialAction\":[{\"@type\":\"ReadAction\",\"target\":[\"https:\\\/\\\/mueble4you.com\\\/fr\\\/productos\\\/nouveau-lancer-sofa-2-sieges\\\/\"]}]},{\"@type\":\"ImageObject\",\"inLanguage\":\"fr-FR\",\"@id\":\"https:\\\/\\\/mueble4you.com\\\/fr\\\/productos\\\/nouveau-lancer-sofa-2-sieges\\\/#primaryimage\",\"url\":\"https:\\\/\\\/mueble4you.com\\\/wp-content\\\/uploads\\\/2018\\\/01\\\/IMG_20180126_121758-Copy.jpg\",\"contentUrl\":\"https:\\\/\\\/mueble4you.com\\\/wp-content\\\/uploads\\\/2018\\\/01\\\/IMG_20180126_121758-Copy.jpg\",\"width\":576,\"height\":768},{\"@type\":\"BreadcrumbList\",\"@id\":\"https:\\\/\\\/mueble4you.com\\\/fr\\\/productos\\\/nouveau-lancer-sofa-2-sieges\\\/#breadcrumb\",\"itemListElement\":[{\"@type\":\"ListItem\",\"position\":1,\"name\":\"Portada\",\"item\":\"https:\\\/\\\/mueble4you.com\\\/fr\\\/\"},{\"@type\":\"ListItem\",\"position\":2,\"name\":\"Productos\",\"item\":\"https:\\\/\\\/mueble4you.com\\\/productos\\\/\"},{\"@type\":\"ListItem\",\"position\":3,\"name\":\"Nouveau Lancer, Sofa 2 Si\u00e8ges.\u00a0\"}]},{\"@type\":\"WebSite\",\"@id\":\"https:\\\/\\\/mueble4you.com\\\/#website\",\"url\":\"https:\\\/\\\/mueble4you.com\\\/\",\"name\":\"mueble4you\",\"description\":\"Meubles \u00e0 Tenerife\",\"potentialAction\":[{\"@type\":\"SearchAction\",\"target\":{\"@type\":\"EntryPoint\",\"urlTemplate\":\"https:\\\/\\\/mueble4you.com\\\/?s={search_term_string}\"},\"query-input\":{\"@type\":\"PropertyValueSpecification\",\"valueRequired\":true,\"valueName\":\"search_term_string\"}}],\"inLanguage\":\"fr-FR\"}]}<\/script>\n<!-- \/ Yoast SEO plugin. -->","yoast_head_json":{"title":"Nouveau Lancer, Sofa 2 Si\u00e8ges.\u00a0 | mueble4you","robots":{"index":"index","follow":"follow","max-snippet":"max-snippet:-1","max-image-preview":"max-image-preview:large","max-video-preview":"max-video-preview:-1"},"canonical":"https:\/\/mueble4you.com\/fr\/productos\/nouveau-lancer-sofa-2-sieges\/","og_locale":"fr_FR","og_type":"article","og_title":"Nouveau Lancer, Sofa 2 Si\u00e8ges.\u00a0 | mueble4you","og_description":"Canap\u00e9 reclining manuellement, rembourr\u00e9 en microfibre, disponible en beige, brun et gris fonc\u00e9. Canap\u00e9 \u00e9galement disponible avec 3 si\u00e8ges et 1 si\u00e8ge.","og_url":"https:\/\/mueble4you.com\/fr\/productos\/nouveau-lancer-sofa-2-sieges\/","og_site_name":"mueble4you","article_modified_time":"2020-05-21T16:09:30+00:00","og_image":[{"width":576,"height":768,"url":"https:\/\/mueble4you.com\/wp-content\/uploads\/2018\/01\/IMG_20180126_121758-Copy.jpg","type":"image\/jpeg"}],"twitter_card":"summary_large_image","schema":{"@context":"https:\/\/schema.org","@graph":[{"@type":"WebPage","@id":"https:\/\/mueble4you.com\/fr\/productos\/nouveau-lancer-sofa-2-sieges\/","url":"https:\/\/mueble4you.com\/fr\/productos\/nouveau-lancer-sofa-2-sieges\/","name":"Nouveau Lancer, Sofa 2 Si\u00e8ges.\u00a0 | mueble4you","isPartOf":{"@id":"https:\/\/mueble4you.com\/#website"},"primaryImageOfPage":{"@id":"https:\/\/mueble4you.com\/fr\/productos\/nouveau-lancer-sofa-2-sieges\/#primaryimage"},"image":{"@id":"https:\/\/mueble4you.com\/fr\/productos\/nouveau-lancer-sofa-2-sieges\/#primaryimage"},"thumbnailUrl":"https:\/\/mueble4you.com\/wp-content\/uploads\/2018\/01\/IMG_20180126_121758-Copy.jpg","datePublished":"2020-05-21T15:47:52+00:00","dateModified":"2020-05-21T16:09:30+00:00","breadcrumb":{"@id":"https:\/\/mueble4you.com\/fr\/productos\/nouveau-lancer-sofa-2-sieges\/#breadcrumb"},"inLanguage":"fr-FR","potentialAction":[{"@type":"ReadAction","target":["https:\/\/mueble4you.com\/fr\/productos\/nouveau-lancer-sofa-2-sieges\/"]}]},{"@type":"ImageObject","inLanguage":"fr-FR","@id":"https:\/\/mueble4you.com\/fr\/productos\/nouveau-lancer-sofa-2-sieges\/#primaryimage","url":"https:\/\/mueble4you.com\/wp-content\/uploads\/2018\/01\/IMG_20180126_121758-Copy.jpg","contentUrl":"https:\/\/mueble4you.com\/wp-content\/uploads\/2018\/01\/IMG_20180126_121758-Copy.jpg","width":576,"height":768},{"@type":"BreadcrumbList","@id":"https:\/\/mueble4you.com\/fr\/productos\/nouveau-lancer-sofa-2-sieges\/#breadcrumb","itemListElement":[{"@type":"ListItem","position":1,"name":"Portada","item":"https:\/\/mueble4you.com\/fr\/"},{"@type":"ListItem","position":2,"name":"Productos","item":"https:\/\/mueble4you.com\/productos\/"},{"@type":"ListItem","position":3,"name":"Nouveau Lancer, Sofa 2 Si\u00e8ges.\u00a0"}]},{"@type":"WebSite","@id":"https:\/\/mueble4you.com\/#website","url":"https:\/\/mueble4you.com\/","name":"mueble4you","description":"Meubles \u00e0 Tenerife","potentialAction":[{"@type":"SearchAction","target":{"@type":"EntryPoint","urlTemplate":"https:\/\/mueble4you.com\/?s={search_term_string}"},"query-input":{"@type":"PropertyValueSpecification","valueRequired":true,"valueName":"search_term_string"}}],"inLanguage":"fr-FR"}]}},"_links":{"self":[{"href":"https:\/\/mueble4you.com\/fr\/wp-json\/wp\/v2\/product\/39686","targetHints":{"allow":["GET"]}}],"collection":[{"href":"https:\/\/mueble4you.com\/fr\/wp-json\/wp\/v2\/product"}],"about":[{"href":"https:\/\/mueble4you.com\/fr\/wp-json\/wp\/v2\/types\/product"}],"wp:featuredmedia":[{"embeddable":true,"href":"https:\/\/mueble4you.com\/fr\/wp-json\/wp\/v2\/media\/38500"}],"wp:attachment":[{"href":"https:\/\/mueble4you.com\/fr\/wp-json\/wp\/v2\/media?parent=39686"}],"wp:term":[{"taxonomy":"product_brand","embeddable":true,"href":"https:\/\/mueble4you.com\/fr\/wp-json\/wp\/v2\/product_brand?post=39686"},{"taxonomy":"product_cat","embeddable":true,"href":"https:\/\/mueble4you.com\/fr\/wp-json\/wp\/v2\/product_cat?post=39686"},{"taxonomy":"product_tag","embeddable":true,"href":"https:\/\/mueble4you.com\/fr\/wp-json\/wp\/v2\/product_tag?post=39686"}],"curies":[{"name":"wp","href":"https:\/\/api.w.org\/{rel}","templated":true}]}}