{"id":39087,"date":"2020-05-05T23:51:51","date_gmt":"2020-05-05T23:51:51","guid":{"rendered":"https:\/\/mueble4you.com\/productos\/warm-conjunto-de-mesa-y-sillas\/"},"modified":"2020-05-20T15:22:16","modified_gmt":"2020-05-20T15:22:16","slug":"warm-ensemble-de-table-et-de-chaises","status":"publish","type":"product","link":"https:\/\/mueble4you.com\/fr\/productos\/warm-ensemble-de-table-et-de-chaises\/","title":{"rendered":"Warm, Ensemble de table et de chaises."},"content":{"rendered":"<p>Ensemble de table et de chaises. Ensemble ext\u00e9rieur, rotin plat, couleur blanche, mesure de la table : 90-75 cm de haut diam\u00e8tre, mesure de 4 chaises 66-61-88, coussins rembourr\u00e9s dans le tissu blanc, et dessus de table avec du verre tremp\u00e9.<\/p>\n","protected":false},"excerpt":{"rendered":"<p>Ensemble de table et de chaises. Ensemble ext\u00e9rieur, rotin plat, couleur blanche, mesure de la table : 90-75 cm de haut diam\u00e8tre, mesure de 4 chaises 66-61-88, coussins rembourr\u00e9s dans le tissu blanc, et dessus de table avec du verre tremp\u00e9.<\/p>\n","protected":false},"featured_media":39083,"template":"","meta":[],"product_brand":[],"product_cat":[308,304],"product_tag":[],"class_list":{"0":"post-39087","1":"product","2":"type-product","3":"status-publish","4":"has-post-thumbnail","6":"product_cat-ensemble-de-tables-et-de-chaises","7":"product_cat-jardin-et-exterieur","9":"first","10":"instock","11":"shipping-taxable","12":"product-type-simple"},"yoast_head":"<!-- This site is optimized with the Yoast SEO plugin v27.2 - https:\/\/yoast.com\/product\/yoast-seo-wordpress\/ -->\n<title>Warm, Ensemble de table et de chaises. | mueble4you<\/title>\n<meta name=\"robots\" content=\"index, follow, max-snippet:-1, max-image-preview:large, max-video-preview:-1\" \/>\n<link rel=\"canonical\" href=\"https:\/\/mueble4you.com\/fr\/productos\/warm-ensemble-de-table-et-de-chaises\/\" \/>\n<meta property=\"og:locale\" content=\"fr_FR\" \/>\n<meta property=\"og:type\" content=\"article\" \/>\n<meta property=\"og:title\" content=\"Warm, Ensemble de table et de chaises. | mueble4you\" \/>\n<meta property=\"og:description\" content=\"Ensemble de table et de chaises. Ensemble ext\u00e9rieur, rotin plat, couleur blanche, mesure de la table : 90-75 cm de haut diam\u00e8tre, mesure de 4 chaises 66-61-88, coussins rembourr\u00e9s dans le tissu blanc, et dessus de table avec du verre tremp\u00e9.\" \/>\n<meta property=\"og:url\" content=\"https:\/\/mueble4you.com\/fr\/productos\/warm-ensemble-de-table-et-de-chaises\/\" \/>\n<meta property=\"og:site_name\" content=\"mueble4you\" \/>\n<meta property=\"article:modified_time\" content=\"2020-05-20T15:22:16+00:00\" \/>\n<meta property=\"og:image\" content=\"https:\/\/mueble4you.com\/wp-content\/uploads\/2020\/05\/warm.jpg\" \/>\n\t<meta property=\"og:image:width\" content=\"640\" \/>\n\t<meta property=\"og:image:height\" content=\"480\" \/>\n\t<meta property=\"og:image:type\" content=\"image\/jpeg\" \/>\n<meta name=\"twitter:card\" content=\"summary_large_image\" \/>\n<script type=\"application\/ld+json\" class=\"yoast-schema-graph\">{\"@context\":\"https:\/\/schema.org\",\"@graph\":[{\"@type\":\"WebPage\",\"@id\":\"https:\/\/mueble4you.com\/fr\/productos\/warm-ensemble-de-table-et-de-chaises\/\",\"url\":\"https:\/\/mueble4you.com\/fr\/productos\/warm-ensemble-de-table-et-de-chaises\/\",\"name\":\"Warm, Ensemble de table et de chaises. | mueble4you\",\"isPartOf\":{\"@id\":\"https:\/\/mueble4you.com\/#website\"},\"primaryImageOfPage\":{\"@id\":\"https:\/\/mueble4you.com\/fr\/productos\/warm-ensemble-de-table-et-de-chaises\/#primaryimage\"},\"image\":{\"@id\":\"https:\/\/mueble4you.com\/fr\/productos\/warm-ensemble-de-table-et-de-chaises\/#primaryimage\"},\"thumbnailUrl\":\"https:\/\/mueble4you.com\/wp-content\/uploads\/2020\/05\/warm.jpg\",\"datePublished\":\"2020-05-05T23:51:51+00:00\",\"dateModified\":\"2020-05-20T15:22:16+00:00\",\"breadcrumb\":{\"@id\":\"https:\/\/mueble4you.com\/fr\/productos\/warm-ensemble-de-table-et-de-chaises\/#breadcrumb\"},\"inLanguage\":\"fr-FR\",\"potentialAction\":[{\"@type\":\"ReadAction\",\"target\":[\"https:\/\/mueble4you.com\/fr\/productos\/warm-ensemble-de-table-et-de-chaises\/\"]}]},{\"@type\":\"ImageObject\",\"inLanguage\":\"fr-FR\",\"@id\":\"https:\/\/mueble4you.com\/fr\/productos\/warm-ensemble-de-table-et-de-chaises\/#primaryimage\",\"url\":\"https:\/\/mueble4you.com\/wp-content\/uploads\/2020\/05\/warm.jpg\",\"contentUrl\":\"https:\/\/mueble4you.com\/wp-content\/uploads\/2020\/05\/warm.jpg\",\"width\":640,\"height\":480},{\"@type\":\"BreadcrumbList\",\"@id\":\"https:\/\/mueble4you.com\/fr\/productos\/warm-ensemble-de-table-et-de-chaises\/#breadcrumb\",\"itemListElement\":[{\"@type\":\"ListItem\",\"position\":1,\"name\":\"Portada\",\"item\":\"https:\/\/mueble4you.com\/fr\/\"},{\"@type\":\"ListItem\",\"position\":2,\"name\":\"Productos\",\"item\":\"https:\/\/mueble4you.com\/productos\/\"},{\"@type\":\"ListItem\",\"position\":3,\"name\":\"Warm, Ensemble de table et de chaises.\"}]},{\"@type\":\"WebSite\",\"@id\":\"https:\/\/mueble4you.com\/#website\",\"url\":\"https:\/\/mueble4you.com\/\",\"name\":\"mueble4you\",\"description\":\"Meubles \u00e0 Tenerife\",\"potentialAction\":[{\"@type\":\"SearchAction\",\"target\":{\"@type\":\"EntryPoint\",\"urlTemplate\":\"https:\/\/mueble4you.com\/?s={search_term_string}\"},\"query-input\":{\"@type\":\"PropertyValueSpecification\",\"valueRequired\":true,\"valueName\":\"search_term_string\"}}],\"inLanguage\":\"fr-FR\"}]}<\/script>\n<!-- \/ Yoast SEO plugin. -->","yoast_head_json":{"title":"Warm, Ensemble de table et de chaises. | mueble4you","robots":{"index":"index","follow":"follow","max-snippet":"max-snippet:-1","max-image-preview":"max-image-preview:large","max-video-preview":"max-video-preview:-1"},"canonical":"https:\/\/mueble4you.com\/fr\/productos\/warm-ensemble-de-table-et-de-chaises\/","og_locale":"fr_FR","og_type":"article","og_title":"Warm, Ensemble de table et de chaises. | mueble4you","og_description":"Ensemble de table et de chaises. Ensemble ext\u00e9rieur, rotin plat, couleur blanche, mesure de la table : 90-75 cm de haut diam\u00e8tre, mesure de 4 chaises 66-61-88, coussins rembourr\u00e9s dans le tissu blanc, et dessus de table avec du verre tremp\u00e9.","og_url":"https:\/\/mueble4you.com\/fr\/productos\/warm-ensemble-de-table-et-de-chaises\/","og_site_name":"mueble4you","article_modified_time":"2020-05-20T15:22:16+00:00","og_image":[{"width":640,"height":480,"url":"https:\/\/mueble4you.com\/wp-content\/uploads\/2020\/05\/warm.jpg","type":"image\/jpeg"}],"twitter_card":"summary_large_image","schema":{"@context":"https:\/\/schema.org","@graph":[{"@type":"WebPage","@id":"https:\/\/mueble4you.com\/fr\/productos\/warm-ensemble-de-table-et-de-chaises\/","url":"https:\/\/mueble4you.com\/fr\/productos\/warm-ensemble-de-table-et-de-chaises\/","name":"Warm, Ensemble de table et de chaises. | mueble4you","isPartOf":{"@id":"https:\/\/mueble4you.com\/#website"},"primaryImageOfPage":{"@id":"https:\/\/mueble4you.com\/fr\/productos\/warm-ensemble-de-table-et-de-chaises\/#primaryimage"},"image":{"@id":"https:\/\/mueble4you.com\/fr\/productos\/warm-ensemble-de-table-et-de-chaises\/#primaryimage"},"thumbnailUrl":"https:\/\/mueble4you.com\/wp-content\/uploads\/2020\/05\/warm.jpg","datePublished":"2020-05-05T23:51:51+00:00","dateModified":"2020-05-20T15:22:16+00:00","breadcrumb":{"@id":"https:\/\/mueble4you.com\/fr\/productos\/warm-ensemble-de-table-et-de-chaises\/#breadcrumb"},"inLanguage":"fr-FR","potentialAction":[{"@type":"ReadAction","target":["https:\/\/mueble4you.com\/fr\/productos\/warm-ensemble-de-table-et-de-chaises\/"]}]},{"@type":"ImageObject","inLanguage":"fr-FR","@id":"https:\/\/mueble4you.com\/fr\/productos\/warm-ensemble-de-table-et-de-chaises\/#primaryimage","url":"https:\/\/mueble4you.com\/wp-content\/uploads\/2020\/05\/warm.jpg","contentUrl":"https:\/\/mueble4you.com\/wp-content\/uploads\/2020\/05\/warm.jpg","width":640,"height":480},{"@type":"BreadcrumbList","@id":"https:\/\/mueble4you.com\/fr\/productos\/warm-ensemble-de-table-et-de-chaises\/#breadcrumb","itemListElement":[{"@type":"ListItem","position":1,"name":"Portada","item":"https:\/\/mueble4you.com\/fr\/"},{"@type":"ListItem","position":2,"name":"Productos","item":"https:\/\/mueble4you.com\/productos\/"},{"@type":"ListItem","position":3,"name":"Warm, Ensemble de table et de chaises."}]},{"@type":"WebSite","@id":"https:\/\/mueble4you.com\/#website","url":"https:\/\/mueble4you.com\/","name":"mueble4you","description":"Meubles \u00e0 Tenerife","potentialAction":[{"@type":"SearchAction","target":{"@type":"EntryPoint","urlTemplate":"https:\/\/mueble4you.com\/?s={search_term_string}"},"query-input":{"@type":"PropertyValueSpecification","valueRequired":true,"valueName":"search_term_string"}}],"inLanguage":"fr-FR"}]}},"_links":{"self":[{"href":"https:\/\/mueble4you.com\/fr\/wp-json\/wp\/v2\/product\/39087","targetHints":{"allow":["GET"]}}],"collection":[{"href":"https:\/\/mueble4you.com\/fr\/wp-json\/wp\/v2\/product"}],"about":[{"href":"https:\/\/mueble4you.com\/fr\/wp-json\/wp\/v2\/types\/product"}],"wp:featuredmedia":[{"embeddable":true,"href":"https:\/\/mueble4you.com\/fr\/wp-json\/wp\/v2\/media\/39083"}],"wp:attachment":[{"href":"https:\/\/mueble4you.com\/fr\/wp-json\/wp\/v2\/media?parent=39087"}],"wp:term":[{"taxonomy":"product_brand","embeddable":true,"href":"https:\/\/mueble4you.com\/fr\/wp-json\/wp\/v2\/product_brand?post=39087"},{"taxonomy":"product_cat","embeddable":true,"href":"https:\/\/mueble4you.com\/fr\/wp-json\/wp\/v2\/product_cat?post=39087"},{"taxonomy":"product_tag","embeddable":true,"href":"https:\/\/mueble4you.com\/fr\/wp-json\/wp\/v2\/product_tag?post=39087"}],"curies":[{"name":"wp","href":"https:\/\/api.w.org\/{rel}","templated":true}]}}