{"id":38542,"date":"2020-04-23T12:29:38","date_gmt":"2020-04-23T12:29:38","guid":{"rendered":"https:\/\/mueble4you.com\/productos\/baltimore-conjunto-de-exterior\/"},"modified":"2020-05-21T11:26:29","modified_gmt":"2020-05-21T11:26:29","slug":"baltimore-ensemble-dexterieur","status":"publish","type":"product","link":"https:\/\/mueble4you.com\/fr\/productos\/baltimore-ensemble-dexterieur\/","title":{"rendered":"Baltimore, Ensemble d&rsquo;ext\u00e9rieur"},"content":{"rendered":"<p>Ensemble d&rsquo;ext\u00e9rieur en rotin plat et semi-circulaire, en structure grise en aluminium, compos\u00e9 d&rsquo;un canap\u00e9 trois places avec coussins d&rsquo;assise et de dossier de 12 cm, et recouvert de tissu, mesure 200 cm de long * 97 cm de profondeur * 94 cm de hauteur, aussi un canap\u00e9 monoplace avec les m\u00eames caract\u00e9ristiques et ses dimensions 84 cm de long * 97 cm de profondeur * 94 cm de hauteur, un canap\u00e9 monoplace, style rocking, ses mesures 84 cm de long * 97 cm de profondeur * 97 cm haute, une table basse avec un verre central tremp\u00e9, mesure 112cm de long * 61 cm de profondeur * 43 cm de haut, et un pouf assorti de 50 * 50cm.<\/p>\n","protected":false},"excerpt":{"rendered":"<p>Ensemble d&rsquo;ext\u00e9rieur en rotin plat et semi-circulaire, en structure grise en aluminium, compos\u00e9 d&rsquo;un canap\u00e9 trois places avec coussins d&rsquo;assise et de dossier de 12 cm, et recouvert de tissu, mesure 200 cm de long * 97 cm de profondeur * 94 cm de hauteur, aussi un canap\u00e9 monoplace avec les m\u00eames caract\u00e9ristiques et ses [&#8230;]\n","protected":false},"featured_media":38538,"template":"","meta":[],"product_brand":[],"product_cat":[312,304],"product_tag":[],"class_list":{"0":"post-38542","1":"product","2":"type-product","3":"status-publish","4":"has-post-thumbnail","6":"product_cat-ensemble-de-sofas-et-de-tables","7":"product_cat-jardin-et-exterieur","9":"first","10":"outofstock","11":"shipping-taxable","12":"product-type-simple"},"yoast_head":"<!-- This site is optimized with the Yoast SEO plugin v27.2 - https:\/\/yoast.com\/product\/yoast-seo-wordpress\/ -->\n<title>Baltimore, Ensemble d&#039;ext\u00e9rieur | mueble4you<\/title>\n<meta name=\"robots\" content=\"index, follow, max-snippet:-1, max-image-preview:large, max-video-preview:-1\" \/>\n<link rel=\"canonical\" href=\"https:\/\/mueble4you.com\/fr\/productos\/baltimore-ensemble-dexterieur\/\" \/>\n<meta property=\"og:locale\" content=\"fr_FR\" \/>\n<meta property=\"og:type\" content=\"article\" \/>\n<meta property=\"og:title\" content=\"Baltimore, Ensemble d&#039;ext\u00e9rieur | mueble4you\" \/>\n<meta property=\"og:description\" content=\"Ensemble d&rsquo;ext\u00e9rieur en rotin plat et semi-circulaire, en structure grise en aluminium, compos\u00e9 d&rsquo;un canap\u00e9 trois places avec coussins d&rsquo;assise et de dossier de 12 cm, et recouvert de tissu, mesure 200 cm de long * 97 cm de profondeur * 94 cm de hauteur, aussi un canap\u00e9 monoplace avec les m\u00eames caract\u00e9ristiques et ses [...]\" \/>\n<meta property=\"og:url\" content=\"https:\/\/mueble4you.com\/fr\/productos\/baltimore-ensemble-dexterieur\/\" \/>\n<meta property=\"og:site_name\" content=\"mueble4you\" \/>\n<meta property=\"article:modified_time\" content=\"2020-05-21T11:26:29+00:00\" \/>\n<meta property=\"og:image\" content=\"https:\/\/mueble4you.com\/wp-content\/uploads\/2020\/04\/DW-SF135-Batlimore.jpg\" \/>\n\t<meta property=\"og:image:width\" content=\"480\" \/>\n\t<meta property=\"og:image:height\" content=\"306\" \/>\n\t<meta property=\"og:image:type\" content=\"image\/jpeg\" \/>\n<meta name=\"twitter:card\" content=\"summary_large_image\" \/>\n<meta name=\"twitter:label1\" content=\"Dur\u00e9e de lecture estim\u00e9e\" \/>\n\t<meta name=\"twitter:data1\" content=\"1 minute\" \/>\n<script type=\"application\/ld+json\" class=\"yoast-schema-graph\">{\"@context\":\"https:\/\/schema.org\",\"@graph\":[{\"@type\":\"WebPage\",\"@id\":\"https:\/\/mueble4you.com\/fr\/productos\/baltimore-ensemble-dexterieur\/\",\"url\":\"https:\/\/mueble4you.com\/fr\/productos\/baltimore-ensemble-dexterieur\/\",\"name\":\"Baltimore, Ensemble d'ext\u00e9rieur | mueble4you\",\"isPartOf\":{\"@id\":\"https:\/\/mueble4you.com\/#website\"},\"primaryImageOfPage\":{\"@id\":\"https:\/\/mueble4you.com\/fr\/productos\/baltimore-ensemble-dexterieur\/#primaryimage\"},\"image\":{\"@id\":\"https:\/\/mueble4you.com\/fr\/productos\/baltimore-ensemble-dexterieur\/#primaryimage\"},\"thumbnailUrl\":\"https:\/\/mueble4you.com\/wp-content\/uploads\/2020\/04\/DW-SF135-Batlimore.jpg\",\"datePublished\":\"2020-04-23T12:29:38+00:00\",\"dateModified\":\"2020-05-21T11:26:29+00:00\",\"breadcrumb\":{\"@id\":\"https:\/\/mueble4you.com\/fr\/productos\/baltimore-ensemble-dexterieur\/#breadcrumb\"},\"inLanguage\":\"fr-FR\",\"potentialAction\":[{\"@type\":\"ReadAction\",\"target\":[\"https:\/\/mueble4you.com\/fr\/productos\/baltimore-ensemble-dexterieur\/\"]}]},{\"@type\":\"ImageObject\",\"inLanguage\":\"fr-FR\",\"@id\":\"https:\/\/mueble4you.com\/fr\/productos\/baltimore-ensemble-dexterieur\/#primaryimage\",\"url\":\"https:\/\/mueble4you.com\/wp-content\/uploads\/2020\/04\/DW-SF135-Batlimore.jpg\",\"contentUrl\":\"https:\/\/mueble4you.com\/wp-content\/uploads\/2020\/04\/DW-SF135-Batlimore.jpg\",\"width\":480,\"height\":306},{\"@type\":\"BreadcrumbList\",\"@id\":\"https:\/\/mueble4you.com\/fr\/productos\/baltimore-ensemble-dexterieur\/#breadcrumb\",\"itemListElement\":[{\"@type\":\"ListItem\",\"position\":1,\"name\":\"Portada\",\"item\":\"https:\/\/mueble4you.com\/fr\/\"},{\"@type\":\"ListItem\",\"position\":2,\"name\":\"Productos\",\"item\":\"https:\/\/mueble4you.com\/productos\/\"},{\"@type\":\"ListItem\",\"position\":3,\"name\":\"Baltimore, Ensemble d&rsquo;ext\u00e9rieur\"}]},{\"@type\":\"WebSite\",\"@id\":\"https:\/\/mueble4you.com\/#website\",\"url\":\"https:\/\/mueble4you.com\/\",\"name\":\"mueble4you\",\"description\":\"Meubles \u00e0 Tenerife\",\"potentialAction\":[{\"@type\":\"SearchAction\",\"target\":{\"@type\":\"EntryPoint\",\"urlTemplate\":\"https:\/\/mueble4you.com\/?s={search_term_string}\"},\"query-input\":{\"@type\":\"PropertyValueSpecification\",\"valueRequired\":true,\"valueName\":\"search_term_string\"}}],\"inLanguage\":\"fr-FR\"}]}<\/script>\n<!-- \/ Yoast SEO plugin. -->","yoast_head_json":{"title":"Baltimore, Ensemble d'ext\u00e9rieur | mueble4you","robots":{"index":"index","follow":"follow","max-snippet":"max-snippet:-1","max-image-preview":"max-image-preview:large","max-video-preview":"max-video-preview:-1"},"canonical":"https:\/\/mueble4you.com\/fr\/productos\/baltimore-ensemble-dexterieur\/","og_locale":"fr_FR","og_type":"article","og_title":"Baltimore, Ensemble d'ext\u00e9rieur | mueble4you","og_description":"Ensemble d&rsquo;ext\u00e9rieur en rotin plat et semi-circulaire, en structure grise en aluminium, compos\u00e9 d&rsquo;un canap\u00e9 trois places avec coussins d&rsquo;assise et de dossier de 12 cm, et recouvert de tissu, mesure 200 cm de long * 97 cm de profondeur * 94 cm de hauteur, aussi un canap\u00e9 monoplace avec les m\u00eames caract\u00e9ristiques et ses [...]","og_url":"https:\/\/mueble4you.com\/fr\/productos\/baltimore-ensemble-dexterieur\/","og_site_name":"mueble4you","article_modified_time":"2020-05-21T11:26:29+00:00","og_image":[{"width":480,"height":306,"url":"https:\/\/mueble4you.com\/wp-content\/uploads\/2020\/04\/DW-SF135-Batlimore.jpg","type":"image\/jpeg"}],"twitter_card":"summary_large_image","twitter_misc":{"Dur\u00e9e de lecture estim\u00e9e":"1 minute"},"schema":{"@context":"https:\/\/schema.org","@graph":[{"@type":"WebPage","@id":"https:\/\/mueble4you.com\/fr\/productos\/baltimore-ensemble-dexterieur\/","url":"https:\/\/mueble4you.com\/fr\/productos\/baltimore-ensemble-dexterieur\/","name":"Baltimore, Ensemble d'ext\u00e9rieur | mueble4you","isPartOf":{"@id":"https:\/\/mueble4you.com\/#website"},"primaryImageOfPage":{"@id":"https:\/\/mueble4you.com\/fr\/productos\/baltimore-ensemble-dexterieur\/#primaryimage"},"image":{"@id":"https:\/\/mueble4you.com\/fr\/productos\/baltimore-ensemble-dexterieur\/#primaryimage"},"thumbnailUrl":"https:\/\/mueble4you.com\/wp-content\/uploads\/2020\/04\/DW-SF135-Batlimore.jpg","datePublished":"2020-04-23T12:29:38+00:00","dateModified":"2020-05-21T11:26:29+00:00","breadcrumb":{"@id":"https:\/\/mueble4you.com\/fr\/productos\/baltimore-ensemble-dexterieur\/#breadcrumb"},"inLanguage":"fr-FR","potentialAction":[{"@type":"ReadAction","target":["https:\/\/mueble4you.com\/fr\/productos\/baltimore-ensemble-dexterieur\/"]}]},{"@type":"ImageObject","inLanguage":"fr-FR","@id":"https:\/\/mueble4you.com\/fr\/productos\/baltimore-ensemble-dexterieur\/#primaryimage","url":"https:\/\/mueble4you.com\/wp-content\/uploads\/2020\/04\/DW-SF135-Batlimore.jpg","contentUrl":"https:\/\/mueble4you.com\/wp-content\/uploads\/2020\/04\/DW-SF135-Batlimore.jpg","width":480,"height":306},{"@type":"BreadcrumbList","@id":"https:\/\/mueble4you.com\/fr\/productos\/baltimore-ensemble-dexterieur\/#breadcrumb","itemListElement":[{"@type":"ListItem","position":1,"name":"Portada","item":"https:\/\/mueble4you.com\/fr\/"},{"@type":"ListItem","position":2,"name":"Productos","item":"https:\/\/mueble4you.com\/productos\/"},{"@type":"ListItem","position":3,"name":"Baltimore, Ensemble d&rsquo;ext\u00e9rieur"}]},{"@type":"WebSite","@id":"https:\/\/mueble4you.com\/#website","url":"https:\/\/mueble4you.com\/","name":"mueble4you","description":"Meubles \u00e0 Tenerife","potentialAction":[{"@type":"SearchAction","target":{"@type":"EntryPoint","urlTemplate":"https:\/\/mueble4you.com\/?s={search_term_string}"},"query-input":{"@type":"PropertyValueSpecification","valueRequired":true,"valueName":"search_term_string"}}],"inLanguage":"fr-FR"}]}},"_links":{"self":[{"href":"https:\/\/mueble4you.com\/fr\/wp-json\/wp\/v2\/product\/38542","targetHints":{"allow":["GET"]}}],"collection":[{"href":"https:\/\/mueble4you.com\/fr\/wp-json\/wp\/v2\/product"}],"about":[{"href":"https:\/\/mueble4you.com\/fr\/wp-json\/wp\/v2\/types\/product"}],"wp:featuredmedia":[{"embeddable":true,"href":"https:\/\/mueble4you.com\/fr\/wp-json\/wp\/v2\/media\/38538"}],"wp:attachment":[{"href":"https:\/\/mueble4you.com\/fr\/wp-json\/wp\/v2\/media?parent=38542"}],"wp:term":[{"taxonomy":"product_brand","embeddable":true,"href":"https:\/\/mueble4you.com\/fr\/wp-json\/wp\/v2\/product_brand?post=38542"},{"taxonomy":"product_cat","embeddable":true,"href":"https:\/\/mueble4you.com\/fr\/wp-json\/wp\/v2\/product_cat?post=38542"},{"taxonomy":"product_tag","embeddable":true,"href":"https:\/\/mueble4you.com\/fr\/wp-json\/wp\/v2\/product_tag?post=38542"}],"curies":[{"name":"wp","href":"https:\/\/api.w.org\/{rel}","templated":true}]}}