{"id":37605,"date":"2020-01-02T18:49:15","date_gmt":"2020-01-02T18:49:15","guid":{"rendered":"https:\/\/mueble4you.com\/productos\/dama\/"},"modified":"2020-05-15T12:28:44","modified_gmt":"2020-05-15T12:28:44","slug":"dama-mobilier-tele","status":"publish","type":"product","link":"https:\/\/mueble4you.com\/fr\/productos\/dama-mobilier-tele\/","title":{"rendered":"Dama, mobilier t\u00e9l\u00e9."},"content":{"rendered":"<div>Meubles de t\u00e9l\u00e9vision, laqu\u00e9s en gris anthracite brillant, deux portes, une \u00e9tag\u00e8re en verre et un tiroir, ses mesures 181X57X43.<\/div>\n<div><\/div>\n<div>Il offre: vitrine, table \u00e0 manger et table basse.<\/div>\n","protected":false},"excerpt":{"rendered":"<p>Meubles de t\u00e9l\u00e9vision, laqu\u00e9s en gris anthracite brillant, deux portes, une \u00e9tag\u00e8re en verre et un tiroir, ses mesures 181X57X43. Il offre: vitrine, table \u00e0 manger et table basse.<\/p>\n","protected":false},"featured_media":39457,"template":"","meta":[],"product_brand":[],"product_cat":[204,509],"product_tag":[],"class_list":{"0":"post-37605","1":"product","2":"type-product","3":"status-publish","4":"has-post-thumbnail","6":"product_cat-salon","7":"product_cat-meuble-tv","9":"first","10":"instock","11":"shipping-taxable","12":"product-type-simple"},"yoast_head":"<!-- This site is optimized with the Yoast SEO plugin v27.3 - https:\/\/yoast.com\/product\/yoast-seo-wordpress\/ -->\n<title>Dama, mobilier t\u00e9l\u00e9. | mueble4you<\/title>\n<meta name=\"robots\" content=\"index, follow, max-snippet:-1, max-image-preview:large, max-video-preview:-1\" \/>\n<link rel=\"canonical\" href=\"https:\/\/mueble4you.com\/fr\/productos\/dama-mobilier-tele\/\" \/>\n<meta property=\"og:locale\" content=\"fr_FR\" \/>\n<meta property=\"og:type\" content=\"article\" \/>\n<meta property=\"og:title\" content=\"Dama, mobilier t\u00e9l\u00e9. | mueble4you\" \/>\n<meta property=\"og:description\" content=\"Meubles de t\u00e9l\u00e9vision, laqu\u00e9s en gris anthracite brillant, deux portes, une \u00e9tag\u00e8re en verre et un tiroir, ses mesures 181X57X43. Il offre: vitrine, table \u00e0 manger et table basse.\" \/>\n<meta property=\"og:url\" content=\"https:\/\/mueble4you.com\/fr\/productos\/dama-mobilier-tele\/\" \/>\n<meta property=\"og:site_name\" content=\"mueble4you\" \/>\n<meta property=\"article:modified_time\" content=\"2020-05-15T12:28:44+00:00\" \/>\n<meta property=\"og:image\" content=\"https:\/\/mueble4you.com\/wp-content\/uploads\/2020\/01\/mueble-de-tv-dama.jpg\" \/>\n\t<meta property=\"og:image:width\" content=\"650\" \/>\n\t<meta property=\"og:image:height\" content=\"439\" \/>\n\t<meta property=\"og:image:type\" content=\"image\/jpeg\" \/>\n<meta name=\"twitter:card\" content=\"summary_large_image\" \/>\n<script type=\"application\/ld+json\" class=\"yoast-schema-graph\">{\"@context\":\"https:\\\/\\\/schema.org\",\"@graph\":[{\"@type\":\"WebPage\",\"@id\":\"https:\\\/\\\/mueble4you.com\\\/fr\\\/productos\\\/dama-mobilier-tele\\\/\",\"url\":\"https:\\\/\\\/mueble4you.com\\\/fr\\\/productos\\\/dama-mobilier-tele\\\/\",\"name\":\"Dama, mobilier t\u00e9l\u00e9. | mueble4you\",\"isPartOf\":{\"@id\":\"https:\\\/\\\/mueble4you.com\\\/#website\"},\"primaryImageOfPage\":{\"@id\":\"https:\\\/\\\/mueble4you.com\\\/fr\\\/productos\\\/dama-mobilier-tele\\\/#primaryimage\"},\"image\":{\"@id\":\"https:\\\/\\\/mueble4you.com\\\/fr\\\/productos\\\/dama-mobilier-tele\\\/#primaryimage\"},\"thumbnailUrl\":\"https:\\\/\\\/mueble4you.com\\\/wp-content\\\/uploads\\\/2020\\\/01\\\/mueble-de-tv-dama.jpg\",\"datePublished\":\"2020-01-02T18:49:15+00:00\",\"dateModified\":\"2020-05-15T12:28:44+00:00\",\"breadcrumb\":{\"@id\":\"https:\\\/\\\/mueble4you.com\\\/fr\\\/productos\\\/dama-mobilier-tele\\\/#breadcrumb\"},\"inLanguage\":\"fr-FR\",\"potentialAction\":[{\"@type\":\"ReadAction\",\"target\":[\"https:\\\/\\\/mueble4you.com\\\/fr\\\/productos\\\/dama-mobilier-tele\\\/\"]}]},{\"@type\":\"ImageObject\",\"inLanguage\":\"fr-FR\",\"@id\":\"https:\\\/\\\/mueble4you.com\\\/fr\\\/productos\\\/dama-mobilier-tele\\\/#primaryimage\",\"url\":\"https:\\\/\\\/mueble4you.com\\\/wp-content\\\/uploads\\\/2020\\\/01\\\/mueble-de-tv-dama.jpg\",\"contentUrl\":\"https:\\\/\\\/mueble4you.com\\\/wp-content\\\/uploads\\\/2020\\\/01\\\/mueble-de-tv-dama.jpg\",\"width\":650,\"height\":439},{\"@type\":\"BreadcrumbList\",\"@id\":\"https:\\\/\\\/mueble4you.com\\\/fr\\\/productos\\\/dama-mobilier-tele\\\/#breadcrumb\",\"itemListElement\":[{\"@type\":\"ListItem\",\"position\":1,\"name\":\"Portada\",\"item\":\"https:\\\/\\\/mueble4you.com\\\/fr\\\/\"},{\"@type\":\"ListItem\",\"position\":2,\"name\":\"Productos\",\"item\":\"https:\\\/\\\/mueble4you.com\\\/productos\\\/\"},{\"@type\":\"ListItem\",\"position\":3,\"name\":\"Dama, mobilier t\u00e9l\u00e9.\"}]},{\"@type\":\"WebSite\",\"@id\":\"https:\\\/\\\/mueble4you.com\\\/#website\",\"url\":\"https:\\\/\\\/mueble4you.com\\\/\",\"name\":\"mueble4you\",\"description\":\"Meubles \u00e0 Tenerife\",\"potentialAction\":[{\"@type\":\"SearchAction\",\"target\":{\"@type\":\"EntryPoint\",\"urlTemplate\":\"https:\\\/\\\/mueble4you.com\\\/?s={search_term_string}\"},\"query-input\":{\"@type\":\"PropertyValueSpecification\",\"valueRequired\":true,\"valueName\":\"search_term_string\"}}],\"inLanguage\":\"fr-FR\"}]}<\/script>\n<!-- \/ Yoast SEO plugin. -->","yoast_head_json":{"title":"Dama, mobilier t\u00e9l\u00e9. | mueble4you","robots":{"index":"index","follow":"follow","max-snippet":"max-snippet:-1","max-image-preview":"max-image-preview:large","max-video-preview":"max-video-preview:-1"},"canonical":"https:\/\/mueble4you.com\/fr\/productos\/dama-mobilier-tele\/","og_locale":"fr_FR","og_type":"article","og_title":"Dama, mobilier t\u00e9l\u00e9. | mueble4you","og_description":"Meubles de t\u00e9l\u00e9vision, laqu\u00e9s en gris anthracite brillant, deux portes, une \u00e9tag\u00e8re en verre et un tiroir, ses mesures 181X57X43. Il offre: vitrine, table \u00e0 manger et table basse.","og_url":"https:\/\/mueble4you.com\/fr\/productos\/dama-mobilier-tele\/","og_site_name":"mueble4you","article_modified_time":"2020-05-15T12:28:44+00:00","og_image":[{"width":650,"height":439,"url":"https:\/\/mueble4you.com\/wp-content\/uploads\/2020\/01\/mueble-de-tv-dama.jpg","type":"image\/jpeg"}],"twitter_card":"summary_large_image","schema":{"@context":"https:\/\/schema.org","@graph":[{"@type":"WebPage","@id":"https:\/\/mueble4you.com\/fr\/productos\/dama-mobilier-tele\/","url":"https:\/\/mueble4you.com\/fr\/productos\/dama-mobilier-tele\/","name":"Dama, mobilier t\u00e9l\u00e9. | mueble4you","isPartOf":{"@id":"https:\/\/mueble4you.com\/#website"},"primaryImageOfPage":{"@id":"https:\/\/mueble4you.com\/fr\/productos\/dama-mobilier-tele\/#primaryimage"},"image":{"@id":"https:\/\/mueble4you.com\/fr\/productos\/dama-mobilier-tele\/#primaryimage"},"thumbnailUrl":"https:\/\/mueble4you.com\/wp-content\/uploads\/2020\/01\/mueble-de-tv-dama.jpg","datePublished":"2020-01-02T18:49:15+00:00","dateModified":"2020-05-15T12:28:44+00:00","breadcrumb":{"@id":"https:\/\/mueble4you.com\/fr\/productos\/dama-mobilier-tele\/#breadcrumb"},"inLanguage":"fr-FR","potentialAction":[{"@type":"ReadAction","target":["https:\/\/mueble4you.com\/fr\/productos\/dama-mobilier-tele\/"]}]},{"@type":"ImageObject","inLanguage":"fr-FR","@id":"https:\/\/mueble4you.com\/fr\/productos\/dama-mobilier-tele\/#primaryimage","url":"https:\/\/mueble4you.com\/wp-content\/uploads\/2020\/01\/mueble-de-tv-dama.jpg","contentUrl":"https:\/\/mueble4you.com\/wp-content\/uploads\/2020\/01\/mueble-de-tv-dama.jpg","width":650,"height":439},{"@type":"BreadcrumbList","@id":"https:\/\/mueble4you.com\/fr\/productos\/dama-mobilier-tele\/#breadcrumb","itemListElement":[{"@type":"ListItem","position":1,"name":"Portada","item":"https:\/\/mueble4you.com\/fr\/"},{"@type":"ListItem","position":2,"name":"Productos","item":"https:\/\/mueble4you.com\/productos\/"},{"@type":"ListItem","position":3,"name":"Dama, mobilier t\u00e9l\u00e9."}]},{"@type":"WebSite","@id":"https:\/\/mueble4you.com\/#website","url":"https:\/\/mueble4you.com\/","name":"mueble4you","description":"Meubles \u00e0 Tenerife","potentialAction":[{"@type":"SearchAction","target":{"@type":"EntryPoint","urlTemplate":"https:\/\/mueble4you.com\/?s={search_term_string}"},"query-input":{"@type":"PropertyValueSpecification","valueRequired":true,"valueName":"search_term_string"}}],"inLanguage":"fr-FR"}]}},"_links":{"self":[{"href":"https:\/\/mueble4you.com\/fr\/wp-json\/wp\/v2\/product\/37605","targetHints":{"allow":["GET"]}}],"collection":[{"href":"https:\/\/mueble4you.com\/fr\/wp-json\/wp\/v2\/product"}],"about":[{"href":"https:\/\/mueble4you.com\/fr\/wp-json\/wp\/v2\/types\/product"}],"wp:featuredmedia":[{"embeddable":true,"href":"https:\/\/mueble4you.com\/fr\/wp-json\/wp\/v2\/media\/39457"}],"wp:attachment":[{"href":"https:\/\/mueble4you.com\/fr\/wp-json\/wp\/v2\/media?parent=37605"}],"wp:term":[{"taxonomy":"product_brand","embeddable":true,"href":"https:\/\/mueble4you.com\/fr\/wp-json\/wp\/v2\/product_brand?post=37605"},{"taxonomy":"product_cat","embeddable":true,"href":"https:\/\/mueble4you.com\/fr\/wp-json\/wp\/v2\/product_cat?post=37605"},{"taxonomy":"product_tag","embeddable":true,"href":"https:\/\/mueble4you.com\/fr\/wp-json\/wp\/v2\/product_tag?post=37605"}],"curies":[{"name":"wp","href":"https:\/\/api.w.org\/{rel}","templated":true}]}}