{"id":36311,"date":"2019-09-17T14:17:39","date_gmt":"2019-09-17T14:17:39","guid":{"rendered":"https:\/\/mueble4you.com\/productos\/cocoon\/"},"modified":"2020-06-15T10:46:28","modified_gmt":"2020-06-15T10:46:28","slug":"cocoon","status":"publish","type":"product","link":"https:\/\/mueble4you.com\/fr\/productos\/cocoon\/","title":{"rendered":"Cocoon, Sillon de 1 Plaza"},"content":{"rendered":"<pre id=\"tw-target-text\" class=\"tw-data-text tw-text-large XcVN5d tw-ta\" dir=\"ltr\" data-placeholder=\"Traducci\u00f3n\"><span lang=\"fr\">Canap\u00e9 1 place, avec structure en aluminium et ext\u00e9rieur rond en rotin tress\u00e9.\r\n\r\nDisponible en marron, avec assise et dossier verts.\r\n\r\nCoussin d'assise de 12 cm d'\u00e9paisseur.\r\n\r\nAutres coussins d\u00e9cor\u00e9s \u00e0 rayures,\r\n\r\nMesures (en cm):\r\n\r\n130 Largeur X 130 Profondeur X 76 Hauteur.<\/span><\/pre>\n<p>&nbsp;<\/p>\n","protected":false},"excerpt":{"rendered":"<p>Canap\u00e9 1 place, avec structure en aluminium et ext\u00e9rieur rond en rotin tress\u00e9. Disponible en marron, avec assise et dossier verts. Coussin d&rsquo;assise de 12 cm d&rsquo;\u00e9paisseur. Autres coussins d\u00e9cor\u00e9s \u00e0 rayures, Mesures (en cm): 130 Largeur X 130 Profondeur X 76 Hauteur. &nbsp;<\/p>\n","protected":false},"featured_media":36302,"template":"","meta":[],"product_brand":[],"product_cat":[312,304],"product_tag":[],"class_list":{"0":"post-36311","1":"product","2":"type-product","3":"status-publish","4":"has-post-thumbnail","6":"product_cat-ensemble-de-sofas-et-de-tables","7":"product_cat-jardin-et-exterieur","9":"first","10":"instock","11":"shipping-taxable","12":"product-type-simple"},"yoast_head":"<!-- This site is optimized with the Yoast SEO plugin v27.3 - https:\/\/yoast.com\/product\/yoast-seo-wordpress\/ -->\n<title>Cocoon, Sillon de 1 Plaza | mueble4you<\/title>\n<meta name=\"robots\" content=\"index, follow, max-snippet:-1, max-image-preview:large, max-video-preview:-1\" \/>\n<link rel=\"canonical\" href=\"https:\/\/mueble4you.com\/fr\/productos\/cocoon\/\" \/>\n<meta property=\"og:locale\" content=\"fr_FR\" \/>\n<meta property=\"og:type\" content=\"article\" \/>\n<meta property=\"og:title\" content=\"Cocoon, Sillon de 1 Plaza | mueble4you\" \/>\n<meta property=\"og:description\" content=\"Canap\u00e9 1 place, avec structure en aluminium et ext\u00e9rieur rond en rotin tress\u00e9. Disponible en marron, avec assise et dossier verts. Coussin d&#039;assise de 12 cm d&#039;\u00e9paisseur. Autres coussins d\u00e9cor\u00e9s \u00e0 rayures, Mesures (en cm): 130 Largeur X 130 Profondeur X 76 Hauteur. &nbsp;\" \/>\n<meta property=\"og:url\" content=\"https:\/\/mueble4you.com\/fr\/productos\/cocoon\/\" \/>\n<meta property=\"og:site_name\" content=\"mueble4you\" \/>\n<meta property=\"article:modified_time\" content=\"2020-06-15T10:46:28+00:00\" \/>\n<meta property=\"og:image\" content=\"https:\/\/mueble4you.com\/wp-content\/uploads\/2019\/09\/Cocoon-sfeer-02-1024x690.jpg\" \/>\n\t<meta property=\"og:image:width\" content=\"1024\" \/>\n\t<meta property=\"og:image:height\" content=\"690\" \/>\n\t<meta property=\"og:image:type\" content=\"image\/jpeg\" \/>\n<meta name=\"twitter:card\" content=\"summary_large_image\" \/>\n<script type=\"application\/ld+json\" class=\"yoast-schema-graph\">{\"@context\":\"https:\\\/\\\/schema.org\",\"@graph\":[{\"@type\":\"WebPage\",\"@id\":\"https:\\\/\\\/mueble4you.com\\\/fr\\\/productos\\\/cocoon\\\/\",\"url\":\"https:\\\/\\\/mueble4you.com\\\/fr\\\/productos\\\/cocoon\\\/\",\"name\":\"Cocoon, Sillon de 1 Plaza | mueble4you\",\"isPartOf\":{\"@id\":\"https:\\\/\\\/mueble4you.com\\\/#website\"},\"primaryImageOfPage\":{\"@id\":\"https:\\\/\\\/mueble4you.com\\\/fr\\\/productos\\\/cocoon\\\/#primaryimage\"},\"image\":{\"@id\":\"https:\\\/\\\/mueble4you.com\\\/fr\\\/productos\\\/cocoon\\\/#primaryimage\"},\"thumbnailUrl\":\"https:\\\/\\\/mueble4you.com\\\/wp-content\\\/uploads\\\/2019\\\/09\\\/Cocoon-sfeer-02-1024x690.jpg\",\"datePublished\":\"2019-09-17T14:17:39+00:00\",\"dateModified\":\"2020-06-15T10:46:28+00:00\",\"breadcrumb\":{\"@id\":\"https:\\\/\\\/mueble4you.com\\\/fr\\\/productos\\\/cocoon\\\/#breadcrumb\"},\"inLanguage\":\"fr-FR\",\"potentialAction\":[{\"@type\":\"ReadAction\",\"target\":[\"https:\\\/\\\/mueble4you.com\\\/fr\\\/productos\\\/cocoon\\\/\"]}]},{\"@type\":\"ImageObject\",\"inLanguage\":\"fr-FR\",\"@id\":\"https:\\\/\\\/mueble4you.com\\\/fr\\\/productos\\\/cocoon\\\/#primaryimage\",\"url\":\"https:\\\/\\\/mueble4you.com\\\/wp-content\\\/uploads\\\/2019\\\/09\\\/Cocoon-sfeer-02-1024x690.jpg\",\"contentUrl\":\"https:\\\/\\\/mueble4you.com\\\/wp-content\\\/uploads\\\/2019\\\/09\\\/Cocoon-sfeer-02-1024x690.jpg\",\"width\":1024,\"height\":690},{\"@type\":\"BreadcrumbList\",\"@id\":\"https:\\\/\\\/mueble4you.com\\\/fr\\\/productos\\\/cocoon\\\/#breadcrumb\",\"itemListElement\":[{\"@type\":\"ListItem\",\"position\":1,\"name\":\"Portada\",\"item\":\"https:\\\/\\\/mueble4you.com\\\/fr\\\/\"},{\"@type\":\"ListItem\",\"position\":2,\"name\":\"Productos\",\"item\":\"https:\\\/\\\/mueble4you.com\\\/productos\\\/\"},{\"@type\":\"ListItem\",\"position\":3,\"name\":\"Cocoon, Sillon de 1 Plaza\"}]},{\"@type\":\"WebSite\",\"@id\":\"https:\\\/\\\/mueble4you.com\\\/#website\",\"url\":\"https:\\\/\\\/mueble4you.com\\\/\",\"name\":\"mueble4you\",\"description\":\"Meubles \u00e0 Tenerife\",\"potentialAction\":[{\"@type\":\"SearchAction\",\"target\":{\"@type\":\"EntryPoint\",\"urlTemplate\":\"https:\\\/\\\/mueble4you.com\\\/?s={search_term_string}\"},\"query-input\":{\"@type\":\"PropertyValueSpecification\",\"valueRequired\":true,\"valueName\":\"search_term_string\"}}],\"inLanguage\":\"fr-FR\"}]}<\/script>\n<!-- \/ Yoast SEO plugin. -->","yoast_head_json":{"title":"Cocoon, Sillon de 1 Plaza | mueble4you","robots":{"index":"index","follow":"follow","max-snippet":"max-snippet:-1","max-image-preview":"max-image-preview:large","max-video-preview":"max-video-preview:-1"},"canonical":"https:\/\/mueble4you.com\/fr\/productos\/cocoon\/","og_locale":"fr_FR","og_type":"article","og_title":"Cocoon, Sillon de 1 Plaza | mueble4you","og_description":"Canap\u00e9 1 place, avec structure en aluminium et ext\u00e9rieur rond en rotin tress\u00e9. Disponible en marron, avec assise et dossier verts. Coussin d'assise de 12 cm d'\u00e9paisseur. Autres coussins d\u00e9cor\u00e9s \u00e0 rayures, Mesures (en cm): 130 Largeur X 130 Profondeur X 76 Hauteur. &nbsp;","og_url":"https:\/\/mueble4you.com\/fr\/productos\/cocoon\/","og_site_name":"mueble4you","article_modified_time":"2020-06-15T10:46:28+00:00","og_image":[{"width":1024,"height":690,"url":"https:\/\/mueble4you.com\/wp-content\/uploads\/2019\/09\/Cocoon-sfeer-02-1024x690.jpg","type":"image\/jpeg"}],"twitter_card":"summary_large_image","schema":{"@context":"https:\/\/schema.org","@graph":[{"@type":"WebPage","@id":"https:\/\/mueble4you.com\/fr\/productos\/cocoon\/","url":"https:\/\/mueble4you.com\/fr\/productos\/cocoon\/","name":"Cocoon, Sillon de 1 Plaza | mueble4you","isPartOf":{"@id":"https:\/\/mueble4you.com\/#website"},"primaryImageOfPage":{"@id":"https:\/\/mueble4you.com\/fr\/productos\/cocoon\/#primaryimage"},"image":{"@id":"https:\/\/mueble4you.com\/fr\/productos\/cocoon\/#primaryimage"},"thumbnailUrl":"https:\/\/mueble4you.com\/wp-content\/uploads\/2019\/09\/Cocoon-sfeer-02-1024x690.jpg","datePublished":"2019-09-17T14:17:39+00:00","dateModified":"2020-06-15T10:46:28+00:00","breadcrumb":{"@id":"https:\/\/mueble4you.com\/fr\/productos\/cocoon\/#breadcrumb"},"inLanguage":"fr-FR","potentialAction":[{"@type":"ReadAction","target":["https:\/\/mueble4you.com\/fr\/productos\/cocoon\/"]}]},{"@type":"ImageObject","inLanguage":"fr-FR","@id":"https:\/\/mueble4you.com\/fr\/productos\/cocoon\/#primaryimage","url":"https:\/\/mueble4you.com\/wp-content\/uploads\/2019\/09\/Cocoon-sfeer-02-1024x690.jpg","contentUrl":"https:\/\/mueble4you.com\/wp-content\/uploads\/2019\/09\/Cocoon-sfeer-02-1024x690.jpg","width":1024,"height":690},{"@type":"BreadcrumbList","@id":"https:\/\/mueble4you.com\/fr\/productos\/cocoon\/#breadcrumb","itemListElement":[{"@type":"ListItem","position":1,"name":"Portada","item":"https:\/\/mueble4you.com\/fr\/"},{"@type":"ListItem","position":2,"name":"Productos","item":"https:\/\/mueble4you.com\/productos\/"},{"@type":"ListItem","position":3,"name":"Cocoon, Sillon de 1 Plaza"}]},{"@type":"WebSite","@id":"https:\/\/mueble4you.com\/#website","url":"https:\/\/mueble4you.com\/","name":"mueble4you","description":"Meubles \u00e0 Tenerife","potentialAction":[{"@type":"SearchAction","target":{"@type":"EntryPoint","urlTemplate":"https:\/\/mueble4you.com\/?s={search_term_string}"},"query-input":{"@type":"PropertyValueSpecification","valueRequired":true,"valueName":"search_term_string"}}],"inLanguage":"fr-FR"}]}},"_links":{"self":[{"href":"https:\/\/mueble4you.com\/fr\/wp-json\/wp\/v2\/product\/36311","targetHints":{"allow":["GET"]}}],"collection":[{"href":"https:\/\/mueble4you.com\/fr\/wp-json\/wp\/v2\/product"}],"about":[{"href":"https:\/\/mueble4you.com\/fr\/wp-json\/wp\/v2\/types\/product"}],"wp:featuredmedia":[{"embeddable":true,"href":"https:\/\/mueble4you.com\/fr\/wp-json\/wp\/v2\/media\/36302"}],"wp:attachment":[{"href":"https:\/\/mueble4you.com\/fr\/wp-json\/wp\/v2\/media?parent=36311"}],"wp:term":[{"taxonomy":"product_brand","embeddable":true,"href":"https:\/\/mueble4you.com\/fr\/wp-json\/wp\/v2\/product_brand?post=36311"},{"taxonomy":"product_cat","embeddable":true,"href":"https:\/\/mueble4you.com\/fr\/wp-json\/wp\/v2\/product_cat?post=36311"},{"taxonomy":"product_tag","embeddable":true,"href":"https:\/\/mueble4you.com\/fr\/wp-json\/wp\/v2\/product_tag?post=36311"}],"curies":[{"name":"wp","href":"https:\/\/api.w.org\/{rel}","templated":true}]}}